{"id":10512,"date":"2025-08-28T11:44:26","date_gmt":"2025-08-28T09:44:26","guid":{"rendered":"https:\/\/buod.de\/?page_id=10512"},"modified":"2025-10-01T08:17:58","modified_gmt":"2025-10-01T06:17:58","slug":"buod-naptar-2026","status":"publish","type":"page","link":"https:\/\/buod.de\/de\/buod-naptar-2026\/","title":{"rendered":"BUOD napt\u00e1r 2026"},"content":{"rendered":"<h3 class=\"wp-block-heading\">BUOD napt\u00e1r &#8211; 2026.<\/h3>\n\n\n\n<h3 class=\"wp-block-heading\">Magyar zeneszerz\u0151k<\/h3>\n\n\n\n<p>A N\u00e9metorsz\u00e1gi Magyar Szervezetek Sz\u00f6vets\u00e9ge (BUOD) minden \u00e9vben kiad egy saj\u00e1t k\u00e9sz\u00edt\u00e9s\u0171 falinapt\u00e1rt, melynek idei t\u00e9m\u00e1ja a magyar zeneszerz\u0151k bemutat\u00e1sa. A t\u00e9mav\u00e1laszt\u00e1s oka Liszt Ferenc hal\u00e1l\u00e1nak 140 \u00e9ves \u00e9vfordul\u00f3ja, aki maga is \u00e9veken kereszt\u00fcl \u00e9lt N\u00e9metorsz\u00e1gban.<\/p>\n\n\n\n<p>Magyarorsz\u00e1g sz\u00e1mos kiemelked\u0151 zeneszerz\u0151vel b\u00fcszk\u00e9lkedhet, akik k\u00f6z\u00fcl id\u00e9n 12-t v\u00e1lasztottunk ki. A napt\u00e1r minden oldal\u00e1n tal\u00e1lhat\u00f3 k\u00e9t-k\u00e9t QR-k\u00f3d, melyeket mobiltelefonnal beolvasva tov\u00e1bbi \u00e9letrajzi adatokat, \u00e9rdekess\u00e9geket olvashatnak, valamint minden zeneszerz\u0151t\u0151l egy-egy h\u00edresebb zenem\u0171 meghallgathat\u00f3. <br>A napt\u00e1r bor\u00edt\u00f3k\u00e9pen Magyarorsz\u00e1g Himnusz\u00e1nak eredeti kott\u00e1ja l\u00e1that\u00f3 Erkel Ferenc k\u00e9z\u00edr\u00e1s\u00e1val.<\/p>\n\n\n\n<figure class=\"wp-block-image size-full is-resized\"><img loading=\"lazy\" decoding=\"async\" width=\"811\" height=\"1024\" src=\"https:\/\/buod.de\/wp-content\/uploads\/2025\/08\/himnusz-c159d4-1024.jpg\" alt=\"\" class=\"wp-image-10566\" style=\"width:290px;height:auto\" srcset=\"https:\/\/buod.de\/wp-content\/uploads\/2025\/08\/himnusz-c159d4-1024.jpg 811w, https:\/\/buod.de\/wp-content\/uploads\/2025\/08\/himnusz-c159d4-1024-238x300.jpg 238w, https:\/\/buod.de\/wp-content\/uploads\/2025\/08\/himnusz-c159d4-1024-768x970.jpg 768w, https:\/\/buod.de\/wp-content\/uploads\/2025\/08\/himnusz-c159d4-1024-10x12.jpg 10w\" sizes=\"auto, (max-width: 811px) 100vw, 811px\" \/><\/figure>\n\n\n\n<p>Els\u0151k\u00e9nt hallgass\u00e1k meg Magyarorsz\u00e1g himnusz\u00e1t, nemzeti im\u00e1ds\u00e1gunkat a Budapesti Filharm\u00f3niai T\u00e1rsas\u00e1g el\u0151ad\u00e1s\u00e1ban, mely 1853-os alap\u00edt\u00e1sa \u00f3ta az orsz\u00e1g els\u0151 szimfonikus zenekara. Egyik els\u0151 karnagya maga Erkel Ferenc volt, a himnusz zeneszerz\u0151je. A himnusz sz\u00f6veg\u00e9t K\u00f6lcsey Ferenc \u00edrta.<\/p>\n\n\n\n<figure class=\"wp-block-embed aligncenter is-type-video is-provider-youtube wp-block-embed-youtube wp-embed-aspect-16-9 wp-has-aspect-ratio\"><div class=\"wp-block-embed__wrapper\">\n<iframe loading=\"lazy\" title=\"ERKEL FERENC: HIMNUSZ a Budapesti Filharm\u00f3niai T\u00e1rsas\u00e1g el\u0151ad\u00e1s\u00e1ban\" width=\"500\" height=\"281\" src=\"https:\/\/www.youtube.com\/embed\/Iypr_XM9q28?feature=oembed\" frameborder=\"0\" allow=\"accelerometer; autoplay; clipboard-write; encrypted-media; gyroscope; picture-in-picture; web-share\" referrerpolicy=\"strict-origin-when-cross-origin\" allowfullscreen><\/iframe>\n<\/div><\/figure>\n\n\n\n<h3 class=\"wp-block-heading\">Tov\u00e1bbi inform\u00e1ci\u00f3 a himnuszr\u00f3l <a href=\"https:\/\/hu.m.wikipedia.org\/wiki\/Magyarorsz%C3%A1g_himnusza\" data-type=\"link\" data-id=\"https:\/\/hu.m.wikipedia.org\/wiki\/Magyarorsz%C3%A1g_himnusza\">ide kattintva<\/a> \u00e9rhet\u0151 el.<\/h3>\n\n\n\n<figure class=\"wp-block-image size-full is-resized\"><img loading=\"lazy\" decoding=\"async\" width=\"564\" height=\"442\" src=\"https:\/\/buod.de\/wp-content\/uploads\/2024\/11\/Lechner_odon_minta.png\" alt=\"\" class=\"wp-image-9502\" style=\"width:236px;height:auto\" srcset=\"https:\/\/buod.de\/wp-content\/uploads\/2024\/11\/Lechner_odon_minta.png 564w, https:\/\/buod.de\/wp-content\/uploads\/2024\/11\/Lechner_odon_minta-300x235.png 300w, https:\/\/buod.de\/wp-content\/uploads\/2024\/11\/Lechner_odon_minta-15x12.png 15w\" sizes=\"auto, (max-width: 564px) 100vw, 564px\" \/><\/figure>\n\n\n\n<h3 class=\"wp-block-heading\">A BUOD 2026-os napt\u00e1rj\u00e1ban szerepl\u0151 magyar zeneszerz\u0151k:<\/h3>\n\n\n\n<figure class=\"wp-block-embed is-type-wp-embed is-provider-buod wp-block-embed-buod\"><div class=\"wp-block-embed__wrapper\">\n<blockquote class=\"wp-embedded-content\" data-secret=\"ofXOKDciRV\"><a href=\"https:\/\/buod.de\/de\/buod-naptar-2026\/liszt-ferenc\/\">Liszt Ferenc &#8211; 2026. janu\u00e1r<\/a><\/blockquote><iframe loading=\"lazy\" class=\"wp-embedded-content\" sandbox=\"allow-scripts\" security=\"restricted\" style=\"position: absolute; visibility: hidden;\" title=\"&#8220;Liszt Ferenc &#8211; 2026. janu\u00e1r&#8221; &#8212; BUOD\" src=\"https:\/\/buod.de\/buod-naptar-2026\/liszt-ferenc\/embed\/#?secret=6hz7Ih2L08#?secret=ofXOKDciRV\" data-secret=\"ofXOKDciRV\" width=\"500\" height=\"282\" frameborder=\"0\" marginwidth=\"0\" marginheight=\"0\" scrolling=\"no\"><\/iframe>\n<\/div><\/figure>\n\n\n\n<figure class=\"wp-block-embed is-type-wp-embed is-provider-buod wp-block-embed-buod\"><div class=\"wp-block-embed__wrapper\">\n<blockquote class=\"wp-embedded-content\" data-secret=\"ocwYvXOOYA\"><a href=\"https:\/\/buod.de\/de\/buod-naptar-2026\/bartok-bela\/\">Bart\u00f3k B\u00e9la &#8211; 2026. febru\u00e1r<\/a><\/blockquote><iframe loading=\"lazy\" class=\"wp-embedded-content\" sandbox=\"allow-scripts\" security=\"restricted\" style=\"position: absolute; visibility: hidden;\" title=\"&#8220;Bart\u00f3k B\u00e9la &#8211; 2026. febru\u00e1r&#8221; &#8212; BUOD\" src=\"https:\/\/buod.de\/buod-naptar-2026\/bartok-bela\/embed\/#?secret=2Jt1RQAeH8#?secret=ocwYvXOOYA\" data-secret=\"ocwYvXOOYA\" width=\"500\" height=\"282\" frameborder=\"0\" marginwidth=\"0\" marginheight=\"0\" scrolling=\"no\"><\/iframe>\n<\/div><\/figure>\n\n\n\n<figure class=\"wp-block-embed is-type-wp-embed is-provider-buod wp-block-embed-buod\"><div class=\"wp-block-embed__wrapper\">\n<blockquote class=\"wp-embedded-content\" data-secret=\"sT1E5SFiEp\"><a href=\"https:\/\/buod.de\/de\/buod-naptar-2026\/erkel-ferenc\/\">Erkel Ferenc &#8211; 2026. m\u00e1rcius<\/a><\/blockquote><iframe loading=\"lazy\" class=\"wp-embedded-content\" sandbox=\"allow-scripts\" security=\"restricted\" style=\"position: absolute; visibility: hidden;\" title=\"&#8220;Erkel Ferenc &#8211; 2026. m\u00e1rcius&#8221; &#8212; BUOD\" src=\"https:\/\/buod.de\/buod-naptar-2026\/erkel-ferenc\/embed\/#?secret=b7WQQSBHQH#?secret=sT1E5SFiEp\" data-secret=\"sT1E5SFiEp\" width=\"500\" height=\"282\" frameborder=\"0\" marginwidth=\"0\" marginheight=\"0\" scrolling=\"no\"><\/iframe>\n<\/div><\/figure>\n\n\n\n<figure class=\"wp-block-embed is-type-wp-embed is-provider-buod wp-block-embed-buod\"><div class=\"wp-block-embed__wrapper\">\n<blockquote class=\"wp-embedded-content\" data-secret=\"5Z9LCJXxVQ\"><a href=\"https:\/\/buod.de\/de\/buod-naptar-2026\/esterhazy-pal\/\">Esterh\u00e1zy P\u00e1l &#8211; 2026. \u00e1prilis<\/a><\/blockquote><iframe loading=\"lazy\" class=\"wp-embedded-content\" sandbox=\"allow-scripts\" security=\"restricted\" style=\"position: absolute; visibility: hidden;\" title=\"&#8220;Esterh\u00e1zy P\u00e1l &#8211; 2026. \u00e1prilis&#8221; &#8212; BUOD\" src=\"https:\/\/buod.de\/buod-naptar-2026\/esterhazy-pal\/embed\/#?secret=cXY9bLh7Dq#?secret=5Z9LCJXxVQ\" data-secret=\"5Z9LCJXxVQ\" width=\"500\" height=\"282\" frameborder=\"0\" marginwidth=\"0\" marginheight=\"0\" scrolling=\"no\"><\/iframe>\n<\/div><\/figure>\n\n\n\n<figure class=\"wp-block-embed is-type-wp-embed is-provider-buod wp-block-embed-buod\"><div class=\"wp-block-embed__wrapper\">\n<blockquote class=\"wp-embedded-content\" data-secret=\"4zxeDOLyzy\"><a href=\"https:\/\/buod.de\/de\/buod-naptar-2026\/szonyi-erzsebet\/\">Sz\u0151nyi Erzs\u00e9bet &#8211; 2026. m\u00e1jus<\/a><\/blockquote><iframe loading=\"lazy\" class=\"wp-embedded-content\" sandbox=\"allow-scripts\" security=\"restricted\" style=\"position: absolute; visibility: hidden;\" title=\"&#8220;Sz\u0151nyi Erzs\u00e9bet &#8211; 2026. m\u00e1jus&#8221; &#8212; BUOD\" src=\"https:\/\/buod.de\/buod-naptar-2026\/szonyi-erzsebet\/embed\/#?secret=e5w8aSrfYZ#?secret=4zxeDOLyzy\" data-secret=\"4zxeDOLyzy\" width=\"500\" height=\"282\" frameborder=\"0\" marginwidth=\"0\" marginheight=\"0\" scrolling=\"no\"><\/iframe>\n<\/div><\/figure>\n\n\n\n<figure class=\"wp-block-embed is-type-wp-embed is-provider-buod wp-block-embed-buod\"><div class=\"wp-block-embed__wrapper\">\n<blockquote class=\"wp-embedded-content\" data-secret=\"ImHgqzHW7O\"><a href=\"https:\/\/buod.de\/de\/buod-naptar-2026\/kodaly-zoltan\/\">Kod\u00e1ly Zolt\u00e1n &#8211; 2026. j\u00fanius<\/a><\/blockquote><iframe loading=\"lazy\" class=\"wp-embedded-content\" sandbox=\"allow-scripts\" security=\"restricted\" style=\"position: absolute; visibility: hidden;\" title=\"&#8220;Kod\u00e1ly Zolt\u00e1n &#8211; 2026. j\u00fanius&#8221; &#8212; BUOD\" src=\"https:\/\/buod.de\/buod-naptar-2026\/kodaly-zoltan\/embed\/#?secret=E1MbnN12DU#?secret=ImHgqzHW7O\" data-secret=\"ImHgqzHW7O\" width=\"500\" height=\"282\" frameborder=\"0\" marginwidth=\"0\" marginheight=\"0\" scrolling=\"no\"><\/iframe>\n<\/div><\/figure>\n\n\n\n<figure class=\"wp-block-embed is-type-wp-embed is-provider-buod wp-block-embed-buod\"><div class=\"wp-block-embed__wrapper\">\n<blockquote class=\"wp-embedded-content\" data-secret=\"tPWYW0X47I\"><a href=\"https:\/\/buod.de\/de\/buod-naptar-2026\/szechenyi-franciska\/\">Sz\u00e9ch\u00e9nyi Franciska &#8211; 2026. j\u00falius<\/a><\/blockquote><iframe loading=\"lazy\" class=\"wp-embedded-content\" sandbox=\"allow-scripts\" security=\"restricted\" style=\"position: absolute; visibility: hidden;\" title=\"&#8220;Sz\u00e9ch\u00e9nyi Franciska &#8211; 2026. j\u00falius&#8221; &#8212; BUOD\" src=\"https:\/\/buod.de\/buod-naptar-2026\/szechenyi-franciska\/embed\/#?secret=G3muM5tpYf#?secret=tPWYW0X47I\" data-secret=\"tPWYW0X47I\" width=\"500\" height=\"282\" frameborder=\"0\" marginwidth=\"0\" marginheight=\"0\" scrolling=\"no\"><\/iframe>\n<\/div><\/figure>\n\n\n\n<figure class=\"wp-block-embed is-type-wp-embed is-provider-buod wp-block-embed-buod\"><div class=\"wp-block-embed__wrapper\">\n<blockquote class=\"wp-embedded-content\" data-secret=\"Oarn6LZA3r\"><a href=\"https:\/\/buod.de\/de\/buod-naptar-2026\/kalman-imre\/\">K\u00e1lm\u00e1n Imre &#8211; 2026. augusztus<\/a><\/blockquote><iframe loading=\"lazy\" class=\"wp-embedded-content\" sandbox=\"allow-scripts\" security=\"restricted\" style=\"position: absolute; visibility: hidden;\" title=\"&#8220;K\u00e1lm\u00e1n Imre &#8211; 2026. augusztus&#8221; &#8212; BUOD\" src=\"https:\/\/buod.de\/buod-naptar-2026\/kalman-imre\/embed\/#?secret=TLylwfJMw4#?secret=Oarn6LZA3r\" data-secret=\"Oarn6LZA3r\" width=\"500\" height=\"282\" frameborder=\"0\" marginwidth=\"0\" marginheight=\"0\" scrolling=\"no\"><\/iframe>\n<\/div><\/figure>\n\n\n\n<figure class=\"wp-block-embed is-type-wp-embed is-provider-buod wp-block-embed-buod\"><div class=\"wp-block-embed__wrapper\">\n<blockquote class=\"wp-embedded-content\" data-secret=\"Nz9fPKfrUg\"><a href=\"https:\/\/buod.de\/de\/buod-naptar-2026\/tinodi-lantos-sebestyen\/\">Tin\u00f3di Lantos Sebesty\u00e9n &#8211; 2026. szeptember<\/a><\/blockquote><iframe loading=\"lazy\" class=\"wp-embedded-content\" sandbox=\"allow-scripts\" security=\"restricted\" style=\"position: absolute; visibility: hidden;\" title=\"&#8220;Tin\u00f3di Lantos Sebesty\u00e9n &#8211; 2026. szeptember&#8221; &#8212; BUOD\" src=\"https:\/\/buod.de\/buod-naptar-2026\/tinodi-lantos-sebestyen\/embed\/#?secret=EDAmdYxUxt#?secret=Nz9fPKfrUg\" data-secret=\"Nz9fPKfrUg\" width=\"500\" height=\"282\" frameborder=\"0\" marginwidth=\"0\" marginheight=\"0\" scrolling=\"no\"><\/iframe>\n<\/div><\/figure>\n\n\n\n<figure class=\"wp-block-embed is-type-wp-embed is-provider-buod wp-block-embed-buod\"><div class=\"wp-block-embed__wrapper\">\n<blockquote class=\"wp-embedded-content\" data-secret=\"pIB1hsGH5l\"><a href=\"https:\/\/buod.de\/de\/buod-naptar-2026\/ligeti-gyorgy\/\">Ligeti Gy\u00f6rgy &#8211; 2026. okt\u00f3ber<\/a><\/blockquote><iframe loading=\"lazy\" class=\"wp-embedded-content\" sandbox=\"allow-scripts\" security=\"restricted\" style=\"position: absolute; visibility: hidden;\" title=\"&#8220;Ligeti Gy\u00f6rgy &#8211; 2026. okt\u00f3ber&#8221; &#8212; BUOD\" src=\"https:\/\/buod.de\/buod-naptar-2026\/ligeti-gyorgy\/embed\/#?secret=t9d3sFGQAq#?secret=pIB1hsGH5l\" data-secret=\"pIB1hsGH5l\" width=\"500\" height=\"282\" frameborder=\"0\" marginwidth=\"0\" marginheight=\"0\" scrolling=\"no\"><\/iframe>\n<\/div><\/figure>\n\n\n\n<figure class=\"wp-block-embed is-type-wp-embed is-provider-buod wp-block-embed-buod\"><div class=\"wp-block-embed__wrapper\">\n<blockquote class=\"wp-embedded-content\" data-secret=\"OrwMl06Uoq\"><a href=\"https:\/\/buod.de\/de\/buod-naptar-2026\/kacsoh-pongrac\/\">Kacs\u00f3h Pongr\u00e1c &#8211; 2026. november<\/a><\/blockquote><iframe loading=\"lazy\" class=\"wp-embedded-content\" sandbox=\"allow-scripts\" security=\"restricted\" style=\"position: absolute; visibility: hidden;\" title=\"&#8220;Kacs\u00f3h Pongr\u00e1c &#8211; 2026. november&#8221; &#8212; BUOD\" src=\"https:\/\/buod.de\/buod-naptar-2026\/kacsoh-pongrac\/embed\/#?secret=sHChptNvr3#?secret=OrwMl06Uoq\" data-secret=\"OrwMl06Uoq\" width=\"500\" height=\"282\" frameborder=\"0\" marginwidth=\"0\" marginheight=\"0\" scrolling=\"no\"><\/iframe>\n<\/div><\/figure>\n\n\n\n<figure class=\"wp-block-embed is-type-wp-embed is-provider-buod wp-block-embed-buod\"><div class=\"wp-block-embed__wrapper\">\n<blockquote class=\"wp-embedded-content\" data-secret=\"TTXgCBDghx\"><a href=\"https:\/\/buod.de\/de\/buod-naptar-2026\/bardos-lajos\/\">B\u00e1rdos Lajos &#8211; 2026. december<\/a><\/blockquote><iframe loading=\"lazy\" class=\"wp-embedded-content\" sandbox=\"allow-scripts\" security=\"restricted\" style=\"position: absolute; visibility: hidden;\" title=\"&#8220;B\u00e1rdos Lajos &#8211; 2026. december&#8221; &#8212; BUOD\" src=\"https:\/\/buod.de\/buod-naptar-2026\/bardos-lajos\/embed\/#?secret=ia5omHCkkC#?secret=TTXgCBDghx\" data-secret=\"TTXgCBDghx\" width=\"500\" height=\"282\" frameborder=\"0\" marginwidth=\"0\" marginheight=\"0\" scrolling=\"no\"><\/iframe>\n<\/div><\/figure>\n\n\n\n<h2 class=\"wp-block-heading\"><strong>K\u00f6sz\u00f6net \/ Danksagung<\/strong><\/h2>\n\n\n\n<p>Szerkeszt\u00e9s: V. Zombory Anik\u00f3<\/p>\n\n\n\n<h2 class=\"wp-block-heading\"><strong>T\u00e1mogat\u00f3:<\/strong><\/h2>\n\n\n\n<figure class=\"wp-block-image size-large is-resized\"><img loading=\"lazy\" decoding=\"async\" width=\"1024\" height=\"461\" src=\"https:\/\/buod.de\/wp-content\/uploads\/2024\/11\/Screenshot_20241115_131835_Drive-1024x461.jpg\" alt=\"\" class=\"wp-image-9575\" style=\"width:434px;height:auto\" srcset=\"https:\/\/buod.de\/wp-content\/uploads\/2024\/11\/Screenshot_20241115_131835_Drive-1024x461.jpg 1024w, https:\/\/buod.de\/wp-content\/uploads\/2024\/11\/Screenshot_20241115_131835_Drive-300x135.jpg 300w, https:\/\/buod.de\/wp-content\/uploads\/2024\/11\/Screenshot_20241115_131835_Drive-768x346.jpg 768w, https:\/\/buod.de\/wp-content\/uploads\/2024\/11\/Screenshot_20241115_131835_Drive-1536x691.jpg 1536w, https:\/\/buod.de\/wp-content\/uploads\/2024\/11\/Screenshot_20241115_131835_Drive-2048x922.jpg 2048w, https:\/\/buod.de\/wp-content\/uploads\/2024\/11\/Screenshot_20241115_131835_Drive-18x8.jpg 18w\" sizes=\"auto, (max-width: 1024px) 100vw, 1024px\" \/><\/figure>","protected":false},"excerpt":{"rendered":"<p>BUOD napt\u00e1r &#8211; 2026. Magyar zeneszerz\u0151k A N\u00e9metorsz\u00e1gi Magyar Szervezetek Sz\u00f6vets\u00e9ge (BUOD) minden \u00e9vben kiad egy saj\u00e1t k\u00e9sz\u00edt\u00e9s\u0171 falinapt\u00e1rt, melynek idei t\u00e9m\u00e1ja a magyar zeneszerz\u0151k bemutat\u00e1sa. A t\u00e9mav\u00e1laszt\u00e1s oka Liszt Ferenc hal\u00e1l\u00e1nak 140 \u00e9ves \u00e9vfordul\u00f3ja, aki maga is \u00e9veken kereszt\u00fcl \u00e9lt N\u00e9metorsz\u00e1gban. Magyarorsz\u00e1g sz\u00e1mos kiemelked\u0151 zeneszerz\u0151vel b\u00fcszk\u00e9lkedhet, akik k\u00f6z\u00fcl id\u00e9n 12-t v\u00e1lasztottunk ki. A napt\u00e1r [&hellip;]<\/p>\n","protected":false},"author":7,"featured_media":0,"parent":0,"menu_order":0,"comment_status":"closed","ping_status":"closed","template":"","meta":{"footnotes":""},"class_list":["post-10512","page","type-page","status-publish","hentry"],"yoast_head":"<!-- This site is optimized with the Yoast SEO plugin v27.4 - https:\/\/yoast.com\/product\/yoast-seo-wordpress\/ -->\n<title>BUOD napt\u00e1r 2026 - BUOD<\/title>\n<meta name=\"robots\" content=\"index, follow, max-snippet:-1, max-image-preview:large, max-video-preview:-1\" \/>\n<link rel=\"canonical\" href=\"https:\/\/buod.de\/de\/buod-naptar-2026\/\" \/>\n<meta property=\"og:locale\" content=\"de_DE\" \/>\n<meta property=\"og:type\" content=\"article\" \/>\n<meta property=\"og:title\" content=\"BUOD napt\u00e1r 2026 - BUOD\" \/>\n<meta property=\"og:description\" content=\"BUOD napt\u00e1r &#8211; 2026. Magyar zeneszerz\u0151k A N\u00e9metorsz\u00e1gi Magyar Szervezetek Sz\u00f6vets\u00e9ge (BUOD) minden \u00e9vben kiad egy saj\u00e1t k\u00e9sz\u00edt\u00e9s\u0171 falinapt\u00e1rt, melynek idei t\u00e9m\u00e1ja a magyar zeneszerz\u0151k bemutat\u00e1sa. A t\u00e9mav\u00e1laszt\u00e1s oka Liszt Ferenc hal\u00e1l\u00e1nak 140 \u00e9ves \u00e9vfordul\u00f3ja, aki maga is \u00e9veken kereszt\u00fcl \u00e9lt N\u00e9metorsz\u00e1gban. Magyarorsz\u00e1g sz\u00e1mos kiemelked\u0151 zeneszerz\u0151vel b\u00fcszk\u00e9lkedhet, akik k\u00f6z\u00fcl id\u00e9n 12-t v\u00e1lasztottunk ki. A napt\u00e1r [&hellip;]\" \/>\n<meta property=\"og:url\" content=\"https:\/\/buod.de\/de\/buod-naptar-2026\/\" \/>\n<meta property=\"og:site_name\" content=\"BUOD\" \/>\n<meta property=\"article:publisher\" content=\"https:\/\/www.facebook.com\/profile.php?id=100082185652397\" \/>\n<meta property=\"article:modified_time\" content=\"2025-10-01T06:17:58+00:00\" \/>\n<meta property=\"og:image\" content=\"https:\/\/buod.de\/wp-content\/uploads\/2025\/08\/himnusz-c159d4-1024.jpg\" \/>\n\t<meta property=\"og:image:width\" content=\"811\" \/>\n\t<meta property=\"og:image:height\" content=\"1024\" \/>\n\t<meta property=\"og:image:type\" content=\"image\/jpeg\" \/>\n<meta name=\"twitter:card\" content=\"summary_large_image\" \/>\n<meta name=\"twitter:label1\" content=\"Est. reading time\" \/>\n\t<meta name=\"twitter:data1\" content=\"1 minute\" \/>\n<script type=\"application\/ld+json\" class=\"yoast-schema-graph\">{\"@context\":\"https:\\\/\\\/schema.org\",\"@graph\":[{\"@type\":\"WebPage\",\"@id\":\"https:\\\/\\\/buod.de\\\/buod-naptar-2026\\\/\",\"url\":\"https:\\\/\\\/buod.de\\\/buod-naptar-2026\\\/\",\"name\":\"BUOD napt\u00e1r 2026 - BUOD\",\"isPartOf\":{\"@id\":\"https:\\\/\\\/buod.de\\\/#website\"},\"primaryImageOfPage\":{\"@id\":\"https:\\\/\\\/buod.de\\\/buod-naptar-2026\\\/#primaryimage\"},\"image\":{\"@id\":\"https:\\\/\\\/buod.de\\\/buod-naptar-2026\\\/#primaryimage\"},\"thumbnailUrl\":\"https:\\\/\\\/buod.de\\\/wp-content\\\/uploads\\\/2025\\\/08\\\/himnusz-c159d4-1024.jpg\",\"datePublished\":\"2025-08-28T09:44:26+00:00\",\"dateModified\":\"2025-10-01T06:17:58+00:00\",\"breadcrumb\":{\"@id\":\"https:\\\/\\\/buod.de\\\/buod-naptar-2026\\\/#breadcrumb\"},\"inLanguage\":\"de-DE\",\"potentialAction\":[{\"@type\":\"ReadAction\",\"target\":[\"https:\\\/\\\/buod.de\\\/buod-naptar-2026\\\/\"]}]},{\"@type\":\"ImageObject\",\"inLanguage\":\"de-DE\",\"@id\":\"https:\\\/\\\/buod.de\\\/buod-naptar-2026\\\/#primaryimage\",\"url\":\"https:\\\/\\\/buod.de\\\/wp-content\\\/uploads\\\/2025\\\/08\\\/himnusz-c159d4-1024.jpg\",\"contentUrl\":\"https:\\\/\\\/buod.de\\\/wp-content\\\/uploads\\\/2025\\\/08\\\/himnusz-c159d4-1024.jpg\"},{\"@type\":\"BreadcrumbList\",\"@id\":\"https:\\\/\\\/buod.de\\\/buod-naptar-2026\\\/#breadcrumb\",\"itemListElement\":[{\"@type\":\"ListItem\",\"position\":1,\"name\":\"Kezd\u0151lap\",\"item\":\"https:\\\/\\\/buod.de\\\/\"},{\"@type\":\"ListItem\",\"position\":2,\"name\":\"BUOD napt\u00e1r 2026\"}]},{\"@type\":\"WebSite\",\"@id\":\"https:\\\/\\\/buod.de\\\/#website\",\"url\":\"https:\\\/\\\/buod.de\\\/\",\"name\":\"BUOD\",\"description\":\"Bund Ungarischer Organisationen in Deutschland\",\"publisher\":{\"@id\":\"https:\\\/\\\/buod.de\\\/#organization\"},\"potentialAction\":[{\"@type\":\"SearchAction\",\"target\":{\"@type\":\"EntryPoint\",\"urlTemplate\":\"https:\\\/\\\/buod.de\\\/?s={search_term_string}\"},\"query-input\":{\"@type\":\"PropertyValueSpecification\",\"valueRequired\":true,\"valueName\":\"search_term_string\"}}],\"inLanguage\":\"de-DE\"},{\"@type\":\"Organization\",\"@id\":\"https:\\\/\\\/buod.de\\\/#organization\",\"name\":\"BUOD\",\"url\":\"https:\\\/\\\/buod.de\\\/\",\"logo\":{\"@type\":\"ImageObject\",\"inLanguage\":\"de-DE\",\"@id\":\"https:\\\/\\\/buod.de\\\/#\\\/schema\\\/logo\\\/image\\\/\",\"url\":\"https:\\\/\\\/buod.de\\\/wp-content\\\/uploads\\\/2024\\\/03\\\/BUOD-logo.png\",\"contentUrl\":\"https:\\\/\\\/buod.de\\\/wp-content\\\/uploads\\\/2024\\\/03\\\/BUOD-logo.png\",\"width\":586,\"height\":490,\"caption\":\"BUOD\"},\"image\":{\"@id\":\"https:\\\/\\\/buod.de\\\/#\\\/schema\\\/logo\\\/image\\\/\"},\"sameAs\":[\"https:\\\/\\\/www.facebook.com\\\/profile.php?id=100082185652397\"]}]}<\/script>\n<!-- \/ Yoast SEO plugin. -->","yoast_head_json":{"title":"BUOD napt\u00e1r 2026 - BUOD","robots":{"index":"index","follow":"follow","max-snippet":"max-snippet:-1","max-image-preview":"max-image-preview:large","max-video-preview":"max-video-preview:-1"},"canonical":"https:\/\/buod.de\/de\/buod-naptar-2026\/","og_locale":"de_DE","og_type":"article","og_title":"BUOD napt\u00e1r 2026 - BUOD","og_description":"BUOD napt\u00e1r &#8211; 2026. Magyar zeneszerz\u0151k A N\u00e9metorsz\u00e1gi Magyar Szervezetek Sz\u00f6vets\u00e9ge (BUOD) minden \u00e9vben kiad egy saj\u00e1t k\u00e9sz\u00edt\u00e9s\u0171 falinapt\u00e1rt, melynek idei t\u00e9m\u00e1ja a magyar zeneszerz\u0151k bemutat\u00e1sa. A t\u00e9mav\u00e1laszt\u00e1s oka Liszt Ferenc hal\u00e1l\u00e1nak 140 \u00e9ves \u00e9vfordul\u00f3ja, aki maga is \u00e9veken kereszt\u00fcl \u00e9lt N\u00e9metorsz\u00e1gban. Magyarorsz\u00e1g sz\u00e1mos kiemelked\u0151 zeneszerz\u0151vel b\u00fcszk\u00e9lkedhet, akik k\u00f6z\u00fcl id\u00e9n 12-t v\u00e1lasztottunk ki. A napt\u00e1r [&hellip;]","og_url":"https:\/\/buod.de\/de\/buod-naptar-2026\/","og_site_name":"BUOD","article_publisher":"https:\/\/www.facebook.com\/profile.php?id=100082185652397","article_modified_time":"2025-10-01T06:17:58+00:00","og_image":[{"width":811,"height":1024,"url":"https:\/\/buod.de\/wp-content\/uploads\/2025\/08\/himnusz-c159d4-1024.jpg","type":"image\/jpeg"}],"twitter_card":"summary_large_image","twitter_misc":{"Est. reading time":"1 minute"},"schema":{"@context":"https:\/\/schema.org","@graph":[{"@type":"WebPage","@id":"https:\/\/buod.de\/buod-naptar-2026\/","url":"https:\/\/buod.de\/buod-naptar-2026\/","name":"BUOD napt\u00e1r 2026 - BUOD","isPartOf":{"@id":"https:\/\/buod.de\/#website"},"primaryImageOfPage":{"@id":"https:\/\/buod.de\/buod-naptar-2026\/#primaryimage"},"image":{"@id":"https:\/\/buod.de\/buod-naptar-2026\/#primaryimage"},"thumbnailUrl":"https:\/\/buod.de\/wp-content\/uploads\/2025\/08\/himnusz-c159d4-1024.jpg","datePublished":"2025-08-28T09:44:26+00:00","dateModified":"2025-10-01T06:17:58+00:00","breadcrumb":{"@id":"https:\/\/buod.de\/buod-naptar-2026\/#breadcrumb"},"inLanguage":"de-DE","potentialAction":[{"@type":"ReadAction","target":["https:\/\/buod.de\/buod-naptar-2026\/"]}]},{"@type":"ImageObject","inLanguage":"de-DE","@id":"https:\/\/buod.de\/buod-naptar-2026\/#primaryimage","url":"https:\/\/buod.de\/wp-content\/uploads\/2025\/08\/himnusz-c159d4-1024.jpg","contentUrl":"https:\/\/buod.de\/wp-content\/uploads\/2025\/08\/himnusz-c159d4-1024.jpg"},{"@type":"BreadcrumbList","@id":"https:\/\/buod.de\/buod-naptar-2026\/#breadcrumb","itemListElement":[{"@type":"ListItem","position":1,"name":"Kezd\u0151lap","item":"https:\/\/buod.de\/"},{"@type":"ListItem","position":2,"name":"BUOD napt\u00e1r 2026"}]},{"@type":"WebSite","@id":"https:\/\/buod.de\/#website","url":"https:\/\/buod.de\/","name":"BUOD","description":"Bund Ungarischer Organisationen in Deutschland","publisher":{"@id":"https:\/\/buod.de\/#organization"},"potentialAction":[{"@type":"SearchAction","target":{"@type":"EntryPoint","urlTemplate":"https:\/\/buod.de\/?s={search_term_string}"},"query-input":{"@type":"PropertyValueSpecification","valueRequired":true,"valueName":"search_term_string"}}],"inLanguage":"de-DE"},{"@type":"Organization","@id":"https:\/\/buod.de\/#organization","name":"BUOD","url":"https:\/\/buod.de\/","logo":{"@type":"ImageObject","inLanguage":"de-DE","@id":"https:\/\/buod.de\/#\/schema\/logo\/image\/","url":"https:\/\/buod.de\/wp-content\/uploads\/2024\/03\/BUOD-logo.png","contentUrl":"https:\/\/buod.de\/wp-content\/uploads\/2024\/03\/BUOD-logo.png","width":586,"height":490,"caption":"BUOD"},"image":{"@id":"https:\/\/buod.de\/#\/schema\/logo\/image\/"},"sameAs":["https:\/\/www.facebook.com\/profile.php?id=100082185652397"]}]}},"_links":{"self":[{"href":"https:\/\/buod.de\/de\/wp-json\/wp\/v2\/pages\/10512","targetHints":{"allow":["GET"]}}],"collection":[{"href":"https:\/\/buod.de\/de\/wp-json\/wp\/v2\/pages"}],"about":[{"href":"https:\/\/buod.de\/de\/wp-json\/wp\/v2\/types\/page"}],"author":[{"embeddable":true,"href":"https:\/\/buod.de\/de\/wp-json\/wp\/v2\/users\/7"}],"replies":[{"embeddable":true,"href":"https:\/\/buod.de\/de\/wp-json\/wp\/v2\/comments?post=10512"}],"version-history":[{"count":28,"href":"https:\/\/buod.de\/de\/wp-json\/wp\/v2\/pages\/10512\/revisions"}],"predecessor-version":[{"id":11295,"href":"https:\/\/buod.de\/de\/wp-json\/wp\/v2\/pages\/10512\/revisions\/11295"}],"wp:attachment":[{"href":"https:\/\/buod.de\/de\/wp-json\/wp\/v2\/media?parent=10512"}],"curies":[{"name":"wp","href":"https:\/\/api.w.org\/{rel}","templated":true}]}}