{"id":10522,"date":"2025-08-28T14:49:08","date_gmt":"2025-08-28T12:49:08","guid":{"rendered":"https:\/\/buod.de\/?page_id=10522"},"modified":"2025-10-01T07:54:57","modified_gmt":"2025-10-01T05:54:57","slug":"liszt-ferenc","status":"publish","type":"page","link":"https:\/\/buod.de\/de\/buod-naptar-2026\/liszt-ferenc\/","title":{"rendered":"Liszt Ferenc &#8211; 2026. janu\u00e1r"},"content":{"rendered":"<h3 class=\"wp-block-heading\">Liszt Ferenc (1811-1886)<\/h3>\n\n\n\n<h4 class=\"wp-block-heading\">(Franz Liszt)<\/h4>\n\n\n\n<figure class=\"wp-block-image is-resized\"><img loading=\"lazy\" decoding=\"async\" width=\"1419\" height=\"2560\" src=\"https:\/\/buod.de\/wp-content\/uploads\/2025\/09\/fortepan_217660-scaled.jpg\" alt=\"\" class=\"wp-image-11229\" style=\"width:233px;height:auto\" srcset=\"https:\/\/buod.de\/wp-content\/uploads\/2025\/09\/fortepan_217660-scaled.jpg 1419w, https:\/\/buod.de\/wp-content\/uploads\/2025\/09\/fortepan_217660-166x300.jpg 166w, https:\/\/buod.de\/wp-content\/uploads\/2025\/09\/fortepan_217660-568x1024.jpg 568w, https:\/\/buod.de\/wp-content\/uploads\/2025\/09\/fortepan_217660-768x1386.jpg 768w, https:\/\/buod.de\/wp-content\/uploads\/2025\/09\/fortepan_217660-851x1536.jpg 851w, https:\/\/buod.de\/wp-content\/uploads\/2025\/09\/fortepan_217660-1135x2048.jpg 1135w, https:\/\/buod.de\/wp-content\/uploads\/2025\/09\/fortepan_217660-7x12.jpg 7w\" sizes=\"auto, (max-width: 1419px) 100vw, 1419px\" \/><\/figure>\n\n\n\n<p>Liszt Ferenc magyar sz\u00e1rmaz\u00e1s\u00fa, vil\u00e1gh\u00edr\u0171 zeneszerz\u0151, zongoram\u0171v\u00e9sz \u00e9s karmester volt, akit a romantikus zene egyik legnagyobb alakjak\u00e9nt tartanak sz\u00e1mon. Forradalmas\u00edtotta a zongoraj\u00e1t\u00e9kot \u00e9s m\u00e1ig meghat\u00e1roz\u00f3 a zenet\u00f6rt\u00e9netben. M\u00e1r gyermekk\u00e9nt kiv\u00e9teles tehets\u00e9get mutatott \u00e9s hamarosan Eur\u00f3pa-szerte \u00fcnnepelt virtu\u00f3zz\u00e1 v\u00e1lt. Ezt k\u00f6vet\u0151en a n\u00e9metorsz\u00e1gi Weimarban dolgozott. \u00c9lete utols\u00f3 \u00e9veit viszont Budapesten t\u00f6lt\u00f6tte.<\/p>\n\n\n\n<figure class=\"wp-block-image size-full is-resized\"><img loading=\"lazy\" decoding=\"async\" width=\"564\" height=\"442\" src=\"https:\/\/buod.de\/wp-content\/uploads\/2024\/11\/Lechner_odon_minta.png\" alt=\"\" class=\"wp-image-9502\" style=\"width:207px;height:auto\" srcset=\"https:\/\/buod.de\/wp-content\/uploads\/2024\/11\/Lechner_odon_minta.png 564w, https:\/\/buod.de\/wp-content\/uploads\/2024\/11\/Lechner_odon_minta-300x235.png 300w, https:\/\/buod.de\/wp-content\/uploads\/2024\/11\/Lechner_odon_minta-15x12.png 15w\" sizes=\"auto, (max-width: 564px) 100vw, 564px\" \/><\/figure>\n\n\n\n<h3 class=\"wp-block-heading\">Hallgassa meg egy zenem\u0171v\u00e9t:<\/h3>\n\n\n\n<p>II. Magyar Rapsz\u00f3dia, Op. S. 359 zenekari v\u00e1ltozat<\/p>\n\n\n\n<p>Ungarische Rhapsodie Nr. 2, Op. S. 359 f\u00fcr Orchester<\/p>\n\n\n\n<figure class=\"wp-block-embed is-type-video is-provider-youtube wp-block-embed-youtube wp-embed-aspect-16-9 wp-has-aspect-ratio\"><div class=\"wp-block-embed__wrapper\">\n<iframe loading=\"lazy\" title=\"Liszt Ferenc: II. Magyar rapsz\u00f3dia \u2013 Vass Andr\u00e1s \u2013 Pannon Philharmonic Orchestra\" width=\"500\" height=\"281\" src=\"https:\/\/www.youtube.com\/embed\/aNQqMW17dQo?feature=oembed\" frameborder=\"0\" allow=\"accelerometer; autoplay; clipboard-write; encrypted-media; gyroscope; picture-in-picture; web-share\" referrerpolicy=\"strict-origin-when-cross-origin\" allowfullscreen><\/iframe>\n<\/div><\/figure>\n\n\n\n<h3 class=\"wp-block-heading\">Deutsch:<\/h3>\n\n\n\n<p>Franz Liszt war ein weltber\u00fchmter Komponist, Pianist und Dirigent ungarischer Herkunft, der als einer der gr\u00f6\u00dften Vertreter der romantischen Musik gilt. Er revolutionierte das Klavierspiel und ist bis heute eine pr\u00e4gende Figur der Musikgeschichte. Bereits als Kind zeigte er au\u00dfergew\u00f6hnliches Talent und wurde bald zu einem in ganz Europa gefeierten Virtuosen. Anschlie\u00dfend arbeitete er in Weimar, Deutschland. Die letzten Jahre seines Lebens verbrachte er jedoch in Budapest.<\/p>\n\n\n\n<h3 class=\"wp-block-heading\">A BUOD 2026-os falinapt\u00e1rj\u00e1ban szerepl\u0151 tov\u00e1bbi magyar zeneszerz\u0151k:<\/h3>\n\n\n\n<figure class=\"wp-block-embed is-type-wp-embed is-provider-buod wp-block-embed-buod\"><div class=\"wp-block-embed__wrapper\">\n<blockquote class=\"wp-embedded-content\" data-secret=\"ivFnGq8Glv\"><a href=\"https:\/\/buod.de\/de\/buod-naptar-2026\/\">BUOD napt\u00e1r 2026<\/a><\/blockquote><iframe loading=\"lazy\" class=\"wp-embedded-content\" sandbox=\"allow-scripts\" security=\"restricted\" style=\"position: absolute; visibility: hidden;\" title=\"&#8220;BUOD napt\u00e1r 2026&#8221; &#8212; BUOD\" src=\"https:\/\/buod.de\/buod-naptar-2026\/embed\/#?secret=q7YIIF60HL#?secret=ivFnGq8Glv\" data-secret=\"ivFnGq8Glv\" width=\"500\" height=\"282\" frameborder=\"0\" marginwidth=\"0\" marginheight=\"0\" scrolling=\"no\"><\/iframe>\n<\/div><\/figure>","protected":false},"excerpt":{"rendered":"<p>Liszt Ferenc (1811-1886) (Franz Liszt) Liszt Ferenc magyar sz\u00e1rmaz\u00e1s\u00fa, vil\u00e1gh\u00edr\u0171 zeneszerz\u0151, zongoram\u0171v\u00e9sz \u00e9s karmester volt, akit a romantikus zene egyik legnagyobb alakjak\u00e9nt tartanak sz\u00e1mon. Forradalmas\u00edtotta a zongoraj\u00e1t\u00e9kot \u00e9s m\u00e1ig meghat\u00e1roz\u00f3 a zenet\u00f6rt\u00e9netben. M\u00e1r gyermekk\u00e9nt kiv\u00e9teles tehets\u00e9get mutatott \u00e9s hamarosan Eur\u00f3pa-szerte \u00fcnnepelt virtu\u00f3zz\u00e1 v\u00e1lt. Ezt k\u00f6vet\u0151en a n\u00e9metorsz\u00e1gi Weimarban dolgozott. \u00c9lete utols\u00f3 \u00e9veit viszont Budapesten t\u00f6lt\u00f6tte. [&hellip;]<\/p>\n","protected":false},"author":7,"featured_media":0,"parent":10512,"menu_order":1,"comment_status":"closed","ping_status":"closed","template":"","meta":{"footnotes":""},"class_list":["post-10522","page","type-page","status-publish","hentry"],"yoast_head":"<!-- This site is optimized with the Yoast SEO plugin v27.4 - https:\/\/yoast.com\/product\/yoast-seo-wordpress\/ -->\n<title>Liszt Ferenc - 2026. janu\u00e1r - BUOD<\/title>\n<meta name=\"robots\" content=\"index, follow, max-snippet:-1, max-image-preview:large, max-video-preview:-1\" \/>\n<link rel=\"canonical\" href=\"https:\/\/buod.de\/de\/buod-naptar-2026\/liszt-ferenc\/\" \/>\n<meta property=\"og:locale\" content=\"de_DE\" \/>\n<meta property=\"og:type\" content=\"article\" \/>\n<meta property=\"og:title\" content=\"Liszt Ferenc - 2026. janu\u00e1r - BUOD\" \/>\n<meta property=\"og:description\" content=\"Liszt Ferenc (1811-1886) (Franz Liszt) Liszt Ferenc magyar sz\u00e1rmaz\u00e1s\u00fa, vil\u00e1gh\u00edr\u0171 zeneszerz\u0151, zongoram\u0171v\u00e9sz \u00e9s karmester volt, akit a romantikus zene egyik legnagyobb alakjak\u00e9nt tartanak sz\u00e1mon. Forradalmas\u00edtotta a zongoraj\u00e1t\u00e9kot \u00e9s m\u00e1ig meghat\u00e1roz\u00f3 a zenet\u00f6rt\u00e9netben. M\u00e1r gyermekk\u00e9nt kiv\u00e9teles tehets\u00e9get mutatott \u00e9s hamarosan Eur\u00f3pa-szerte \u00fcnnepelt virtu\u00f3zz\u00e1 v\u00e1lt. Ezt k\u00f6vet\u0151en a n\u00e9metorsz\u00e1gi Weimarban dolgozott. \u00c9lete utols\u00f3 \u00e9veit viszont Budapesten t\u00f6lt\u00f6tte. [&hellip;]\" \/>\n<meta property=\"og:url\" content=\"https:\/\/buod.de\/de\/buod-naptar-2026\/liszt-ferenc\/\" \/>\n<meta property=\"og:site_name\" content=\"BUOD\" \/>\n<meta property=\"article:publisher\" content=\"https:\/\/www.facebook.com\/profile.php?id=100082185652397\" \/>\n<meta property=\"article:modified_time\" content=\"2025-10-01T05:54:57+00:00\" \/>\n<meta property=\"og:image\" content=\"https:\/\/buod.de\/wp-content\/uploads\/2025\/09\/fortepan_217660-scaled.jpg\" \/>\n\t<meta property=\"og:image:width\" content=\"1419\" \/>\n\t<meta property=\"og:image:height\" content=\"2560\" \/>\n\t<meta property=\"og:image:type\" content=\"image\/jpeg\" \/>\n<meta name=\"twitter:card\" content=\"summary_large_image\" \/>\n<meta name=\"twitter:label1\" content=\"Est. reading time\" \/>\n\t<meta name=\"twitter:data1\" content=\"1 minute\" \/>\n<script type=\"application\/ld+json\" class=\"yoast-schema-graph\">{\"@context\":\"https:\\\/\\\/schema.org\",\"@graph\":[{\"@type\":\"WebPage\",\"@id\":\"https:\\\/\\\/buod.de\\\/buod-naptar-2026\\\/liszt-ferenc\\\/\",\"url\":\"https:\\\/\\\/buod.de\\\/buod-naptar-2026\\\/liszt-ferenc\\\/\",\"name\":\"Liszt Ferenc - 2026. janu\u00e1r - BUOD\",\"isPartOf\":{\"@id\":\"https:\\\/\\\/buod.de\\\/#website\"},\"primaryImageOfPage\":{\"@id\":\"https:\\\/\\\/buod.de\\\/buod-naptar-2026\\\/liszt-ferenc\\\/#primaryimage\"},\"image\":{\"@id\":\"https:\\\/\\\/buod.de\\\/buod-naptar-2026\\\/liszt-ferenc\\\/#primaryimage\"},\"thumbnailUrl\":\"https:\\\/\\\/buod.de\\\/wp-content\\\/uploads\\\/2025\\\/09\\\/fortepan_217660-scaled.jpg\",\"datePublished\":\"2025-08-28T12:49:08+00:00\",\"dateModified\":\"2025-10-01T05:54:57+00:00\",\"breadcrumb\":{\"@id\":\"https:\\\/\\\/buod.de\\\/buod-naptar-2026\\\/liszt-ferenc\\\/#breadcrumb\"},\"inLanguage\":\"de-DE\",\"potentialAction\":[{\"@type\":\"ReadAction\",\"target\":[\"https:\\\/\\\/buod.de\\\/buod-naptar-2026\\\/liszt-ferenc\\\/\"]}]},{\"@type\":\"ImageObject\",\"inLanguage\":\"de-DE\",\"@id\":\"https:\\\/\\\/buod.de\\\/buod-naptar-2026\\\/liszt-ferenc\\\/#primaryimage\",\"url\":\"https:\\\/\\\/buod.de\\\/wp-content\\\/uploads\\\/2025\\\/09\\\/fortepan_217660-scaled.jpg\",\"contentUrl\":\"https:\\\/\\\/buod.de\\\/wp-content\\\/uploads\\\/2025\\\/09\\\/fortepan_217660-scaled.jpg\"},{\"@type\":\"BreadcrumbList\",\"@id\":\"https:\\\/\\\/buod.de\\\/buod-naptar-2026\\\/liszt-ferenc\\\/#breadcrumb\",\"itemListElement\":[{\"@type\":\"ListItem\",\"position\":1,\"name\":\"Kezd\u0151lap\",\"item\":\"https:\\\/\\\/buod.de\\\/\"},{\"@type\":\"ListItem\",\"position\":2,\"name\":\"BUOD napt\u00e1r 2026\",\"item\":\"https:\\\/\\\/buod.de\\\/buod-naptar-2026\\\/\"},{\"@type\":\"ListItem\",\"position\":3,\"name\":\"Liszt Ferenc &#8211; 2026. janu\u00e1r\"}]},{\"@type\":\"WebSite\",\"@id\":\"https:\\\/\\\/buod.de\\\/#website\",\"url\":\"https:\\\/\\\/buod.de\\\/\",\"name\":\"BUOD\",\"description\":\"Bund Ungarischer Organisationen in Deutschland\",\"publisher\":{\"@id\":\"https:\\\/\\\/buod.de\\\/#organization\"},\"potentialAction\":[{\"@type\":\"SearchAction\",\"target\":{\"@type\":\"EntryPoint\",\"urlTemplate\":\"https:\\\/\\\/buod.de\\\/?s={search_term_string}\"},\"query-input\":{\"@type\":\"PropertyValueSpecification\",\"valueRequired\":true,\"valueName\":\"search_term_string\"}}],\"inLanguage\":\"de-DE\"},{\"@type\":\"Organization\",\"@id\":\"https:\\\/\\\/buod.de\\\/#organization\",\"name\":\"BUOD\",\"url\":\"https:\\\/\\\/buod.de\\\/\",\"logo\":{\"@type\":\"ImageObject\",\"inLanguage\":\"de-DE\",\"@id\":\"https:\\\/\\\/buod.de\\\/#\\\/schema\\\/logo\\\/image\\\/\",\"url\":\"https:\\\/\\\/buod.de\\\/wp-content\\\/uploads\\\/2024\\\/03\\\/BUOD-logo.png\",\"contentUrl\":\"https:\\\/\\\/buod.de\\\/wp-content\\\/uploads\\\/2024\\\/03\\\/BUOD-logo.png\",\"width\":586,\"height\":490,\"caption\":\"BUOD\"},\"image\":{\"@id\":\"https:\\\/\\\/buod.de\\\/#\\\/schema\\\/logo\\\/image\\\/\"},\"sameAs\":[\"https:\\\/\\\/www.facebook.com\\\/profile.php?id=100082185652397\"]}]}<\/script>\n<!-- \/ Yoast SEO plugin. -->","yoast_head_json":{"title":"Liszt Ferenc - 2026. janu\u00e1r - BUOD","robots":{"index":"index","follow":"follow","max-snippet":"max-snippet:-1","max-image-preview":"max-image-preview:large","max-video-preview":"max-video-preview:-1"},"canonical":"https:\/\/buod.de\/de\/buod-naptar-2026\/liszt-ferenc\/","og_locale":"de_DE","og_type":"article","og_title":"Liszt Ferenc - 2026. janu\u00e1r - BUOD","og_description":"Liszt Ferenc (1811-1886) (Franz Liszt) Liszt Ferenc magyar sz\u00e1rmaz\u00e1s\u00fa, vil\u00e1gh\u00edr\u0171 zeneszerz\u0151, zongoram\u0171v\u00e9sz \u00e9s karmester volt, akit a romantikus zene egyik legnagyobb alakjak\u00e9nt tartanak sz\u00e1mon. Forradalmas\u00edtotta a zongoraj\u00e1t\u00e9kot \u00e9s m\u00e1ig meghat\u00e1roz\u00f3 a zenet\u00f6rt\u00e9netben. M\u00e1r gyermekk\u00e9nt kiv\u00e9teles tehets\u00e9get mutatott \u00e9s hamarosan Eur\u00f3pa-szerte \u00fcnnepelt virtu\u00f3zz\u00e1 v\u00e1lt. Ezt k\u00f6vet\u0151en a n\u00e9metorsz\u00e1gi Weimarban dolgozott. \u00c9lete utols\u00f3 \u00e9veit viszont Budapesten t\u00f6lt\u00f6tte. [&hellip;]","og_url":"https:\/\/buod.de\/de\/buod-naptar-2026\/liszt-ferenc\/","og_site_name":"BUOD","article_publisher":"https:\/\/www.facebook.com\/profile.php?id=100082185652397","article_modified_time":"2025-10-01T05:54:57+00:00","og_image":[{"width":1419,"height":2560,"url":"https:\/\/buod.de\/wp-content\/uploads\/2025\/09\/fortepan_217660-scaled.jpg","type":"image\/jpeg"}],"twitter_card":"summary_large_image","twitter_misc":{"Est. reading time":"1 minute"},"schema":{"@context":"https:\/\/schema.org","@graph":[{"@type":"WebPage","@id":"https:\/\/buod.de\/buod-naptar-2026\/liszt-ferenc\/","url":"https:\/\/buod.de\/buod-naptar-2026\/liszt-ferenc\/","name":"Liszt Ferenc - 2026. janu\u00e1r - BUOD","isPartOf":{"@id":"https:\/\/buod.de\/#website"},"primaryImageOfPage":{"@id":"https:\/\/buod.de\/buod-naptar-2026\/liszt-ferenc\/#primaryimage"},"image":{"@id":"https:\/\/buod.de\/buod-naptar-2026\/liszt-ferenc\/#primaryimage"},"thumbnailUrl":"https:\/\/buod.de\/wp-content\/uploads\/2025\/09\/fortepan_217660-scaled.jpg","datePublished":"2025-08-28T12:49:08+00:00","dateModified":"2025-10-01T05:54:57+00:00","breadcrumb":{"@id":"https:\/\/buod.de\/buod-naptar-2026\/liszt-ferenc\/#breadcrumb"},"inLanguage":"de-DE","potentialAction":[{"@type":"ReadAction","target":["https:\/\/buod.de\/buod-naptar-2026\/liszt-ferenc\/"]}]},{"@type":"ImageObject","inLanguage":"de-DE","@id":"https:\/\/buod.de\/buod-naptar-2026\/liszt-ferenc\/#primaryimage","url":"https:\/\/buod.de\/wp-content\/uploads\/2025\/09\/fortepan_217660-scaled.jpg","contentUrl":"https:\/\/buod.de\/wp-content\/uploads\/2025\/09\/fortepan_217660-scaled.jpg"},{"@type":"BreadcrumbList","@id":"https:\/\/buod.de\/buod-naptar-2026\/liszt-ferenc\/#breadcrumb","itemListElement":[{"@type":"ListItem","position":1,"name":"Kezd\u0151lap","item":"https:\/\/buod.de\/"},{"@type":"ListItem","position":2,"name":"BUOD napt\u00e1r 2026","item":"https:\/\/buod.de\/buod-naptar-2026\/"},{"@type":"ListItem","position":3,"name":"Liszt Ferenc &#8211; 2026. janu\u00e1r"}]},{"@type":"WebSite","@id":"https:\/\/buod.de\/#website","url":"https:\/\/buod.de\/","name":"BUOD","description":"Bund Ungarischer Organisationen in Deutschland","publisher":{"@id":"https:\/\/buod.de\/#organization"},"potentialAction":[{"@type":"SearchAction","target":{"@type":"EntryPoint","urlTemplate":"https:\/\/buod.de\/?s={search_term_string}"},"query-input":{"@type":"PropertyValueSpecification","valueRequired":true,"valueName":"search_term_string"}}],"inLanguage":"de-DE"},{"@type":"Organization","@id":"https:\/\/buod.de\/#organization","name":"BUOD","url":"https:\/\/buod.de\/","logo":{"@type":"ImageObject","inLanguage":"de-DE","@id":"https:\/\/buod.de\/#\/schema\/logo\/image\/","url":"https:\/\/buod.de\/wp-content\/uploads\/2024\/03\/BUOD-logo.png","contentUrl":"https:\/\/buod.de\/wp-content\/uploads\/2024\/03\/BUOD-logo.png","width":586,"height":490,"caption":"BUOD"},"image":{"@id":"https:\/\/buod.de\/#\/schema\/logo\/image\/"},"sameAs":["https:\/\/www.facebook.com\/profile.php?id=100082185652397"]}]}},"_links":{"self":[{"href":"https:\/\/buod.de\/de\/wp-json\/wp\/v2\/pages\/10522","targetHints":{"allow":["GET"]}}],"collection":[{"href":"https:\/\/buod.de\/de\/wp-json\/wp\/v2\/pages"}],"about":[{"href":"https:\/\/buod.de\/de\/wp-json\/wp\/v2\/types\/page"}],"author":[{"embeddable":true,"href":"https:\/\/buod.de\/de\/wp-json\/wp\/v2\/users\/7"}],"replies":[{"embeddable":true,"href":"https:\/\/buod.de\/de\/wp-json\/wp\/v2\/comments?post=10522"}],"version-history":[{"count":26,"href":"https:\/\/buod.de\/de\/wp-json\/wp\/v2\/pages\/10522\/revisions"}],"predecessor-version":[{"id":11275,"href":"https:\/\/buod.de\/de\/wp-json\/wp\/v2\/pages\/10522\/revisions\/11275"}],"up":[{"embeddable":true,"href":"https:\/\/buod.de\/de\/wp-json\/wp\/v2\/pages\/10512"}],"wp:attachment":[{"href":"https:\/\/buod.de\/de\/wp-json\/wp\/v2\/media?parent=10522"}],"curies":[{"name":"wp","href":"https:\/\/api.w.org\/{rel}","templated":true}]}}