{"id":10524,"date":"2025-08-28T17:11:22","date_gmt":"2025-08-28T15:11:22","guid":{"rendered":"https:\/\/buod.de\/?page_id=10524"},"modified":"2025-10-01T07:58:05","modified_gmt":"2025-10-01T05:58:05","slug":"bartok-bela","status":"publish","type":"page","link":"https:\/\/buod.de\/de\/buod-naptar-2026\/bartok-bela\/","title":{"rendered":"Bart\u00f3k B\u00e9la &#8211; 2026. febru\u00e1r"},"content":{"rendered":"<h3 class=\"wp-block-heading\">Bart\u00f3k B\u00e9la (1881-1945)<\/h3>\n\n\n\n<h4 class=\"wp-block-heading\">(Bela Bartok)<\/h4>\n\n\n\n<figure class=\"wp-block-image size-full is-resized\"><img loading=\"lazy\" decoding=\"async\" width=\"746\" height=\"1000\" src=\"https:\/\/buod.de\/wp-content\/uploads\/2025\/10\/Bela_Bartok_1943.jpg\" alt=\"\" class=\"wp-image-11242\" style=\"width:312px;height:auto\" srcset=\"https:\/\/buod.de\/wp-content\/uploads\/2025\/10\/Bela_Bartok_1943.jpg 746w, https:\/\/buod.de\/wp-content\/uploads\/2025\/10\/Bela_Bartok_1943-224x300.jpg 224w, https:\/\/buod.de\/wp-content\/uploads\/2025\/10\/Bela_Bartok_1943-9x12.jpg 9w\" sizes=\"auto, (max-width: 746px) 100vw, 746px\" \/><\/figure>\n\n\n\n<p>Bart\u00f3k B\u00e9la vil\u00e1gh\u00edr\u0171 magyar zeneszerz\u0151, zongoram\u0171v\u00e9sz \u00e9s n\u00e9pzenekutat\u00f3 volt. Munk\u00e1ss\u00e1g\u00e1val \u00f6tv\u00f6zte a magyar \u00e9s m\u00e1s kelet-eur\u00f3pai n\u00e9pzene mot\u00edvumait a klasszikus zenei form\u00e1kkal, \u00edgy teremtve egyed\u00fcl\u00e1ll\u00f3 st\u00edlust. \u00c9letm\u0171ve meghat\u00e1roz\u00f3 hat\u00e1ssal volt a 20. sz\u00e1zadi zen\u00e9re, \u00e9s a mai napig a magyar kult\u00fara egyik legnagyobb alakjak\u00e9nt tisztelik.<\/p>\n\n\n\n<figure class=\"wp-block-image size-full is-resized\"><img loading=\"lazy\" decoding=\"async\" width=\"564\" height=\"442\" src=\"https:\/\/buod.de\/wp-content\/uploads\/2024\/11\/Lechner_odon_minta.png\" alt=\"\" class=\"wp-image-9502\" style=\"width:242px;height:auto\" srcset=\"https:\/\/buod.de\/wp-content\/uploads\/2024\/11\/Lechner_odon_minta.png 564w, https:\/\/buod.de\/wp-content\/uploads\/2024\/11\/Lechner_odon_minta-300x235.png 300w, https:\/\/buod.de\/wp-content\/uploads\/2024\/11\/Lechner_odon_minta-15x12.png 15w\" sizes=\"auto, (max-width: 564px) 100vw, 564px\" \/><\/figure>\n\n\n\n<h3 class=\"wp-block-heading\">Hallgassa meg egy zenem\u0171v\u00e9t:<\/h3>\n\n\n\n<p>Magyar k\u00e9pek- Este a sz\u00e9kelyekn\u00e9l<\/p>\n\n\n\n<figure class=\"wp-block-embed is-type-video is-provider-youtube wp-block-embed-youtube wp-embed-aspect-16-9 wp-has-aspect-ratio\"><div class=\"wp-block-embed__wrapper\">\n<iframe loading=\"lazy\" title=\"Bart\u00f3k B\u00e9la - Magyar k\u00e9pek - Este a sz\u00e9kelyekn\u00e9l - Art&#039;s Phil-Harmony\" width=\"500\" height=\"281\" src=\"https:\/\/www.youtube.com\/embed\/-PT-2fBLMOc?feature=oembed\" frameborder=\"0\" allow=\"accelerometer; autoplay; clipboard-write; encrypted-media; gyroscope; picture-in-picture; web-share\" referrerpolicy=\"strict-origin-when-cross-origin\" allowfullscreen><\/iframe>\n<\/div><\/figure>\n\n\n\n<h3 class=\"wp-block-heading\">Deutsch:<\/h3>\n\n\n\n<p>B\u00e9la Bart\u00f3k war ein weltber\u00fchmter ungarischer Komponist, Pianist und Volksmusikkundler. In seinem Werk verband er Motive der ungarischen und anderer osteurop\u00e4ischer Volksmusik mit klassischen Musikformen und schuf so einen einzigartigen Stil. Sein Lebenswerk hatte einen entscheidenden Einfluss auf die Musik des 20. Jahrhunderts, und bis heute wird er als eine der gr\u00f6\u00dften Pers\u00f6nlichkeiten der ungarischen Kultur verehrt.<\/p>\n\n\n\n<h3 class=\"wp-block-heading\">A BUOD 2026-os falinapt\u00e1rj\u00e1ban szerepl\u0151 tov\u00e1bbi magyar zeneszerz\u0151k:<\/h3>\n\n\n\n<figure class=\"wp-block-embed is-type-wp-embed is-provider-buod wp-block-embed-buod\"><div class=\"wp-block-embed__wrapper\">\n<blockquote class=\"wp-embedded-content\" data-secret=\"kwMwynKfCU\"><a href=\"https:\/\/buod.de\/de\/buod-naptar-2026\/\">BUOD napt\u00e1r 2026<\/a><\/blockquote><iframe loading=\"lazy\" class=\"wp-embedded-content\" sandbox=\"allow-scripts\" security=\"restricted\" style=\"position: absolute; visibility: hidden;\" title=\"&#8220;BUOD napt\u00e1r 2026&#8221; &#8212; BUOD\" src=\"https:\/\/buod.de\/buod-naptar-2026\/embed\/#?secret=i4GFkKakk6#?secret=kwMwynKfCU\" data-secret=\"kwMwynKfCU\" width=\"500\" height=\"282\" frameborder=\"0\" marginwidth=\"0\" marginheight=\"0\" scrolling=\"no\"><\/iframe>\n<\/div><\/figure>","protected":false},"excerpt":{"rendered":"<p>Bart\u00f3k B\u00e9la (1881-1945) (Bela Bartok) Bart\u00f3k B\u00e9la vil\u00e1gh\u00edr\u0171 magyar zeneszerz\u0151, zongoram\u0171v\u00e9sz \u00e9s n\u00e9pzenekutat\u00f3 volt. Munk\u00e1ss\u00e1g\u00e1val \u00f6tv\u00f6zte a magyar \u00e9s m\u00e1s kelet-eur\u00f3pai n\u00e9pzene mot\u00edvumait a klasszikus zenei form\u00e1kkal, \u00edgy teremtve egyed\u00fcl\u00e1ll\u00f3 st\u00edlust. \u00c9letm\u0171ve meghat\u00e1roz\u00f3 hat\u00e1ssal volt a 20. sz\u00e1zadi zen\u00e9re, \u00e9s a mai napig a magyar kult\u00fara egyik legnagyobb alakjak\u00e9nt tisztelik. Hallgassa meg egy zenem\u0171v\u00e9t: Magyar [&hellip;]<\/p>\n","protected":false},"author":7,"featured_media":0,"parent":10512,"menu_order":2,"comment_status":"closed","ping_status":"closed","template":"","meta":{"footnotes":""},"class_list":["post-10524","page","type-page","status-publish","hentry"],"yoast_head":"<!-- This site is optimized with the Yoast SEO plugin v27.4 - https:\/\/yoast.com\/product\/yoast-seo-wordpress\/ -->\n<title>Bart\u00f3k B\u00e9la - 2026. febru\u00e1r - BUOD<\/title>\n<meta name=\"robots\" content=\"index, follow, max-snippet:-1, max-image-preview:large, max-video-preview:-1\" \/>\n<link rel=\"canonical\" href=\"https:\/\/buod.de\/de\/buod-naptar-2026\/bartok-bela\/\" \/>\n<meta property=\"og:locale\" content=\"de_DE\" \/>\n<meta property=\"og:type\" content=\"article\" \/>\n<meta property=\"og:title\" content=\"Bart\u00f3k B\u00e9la - 2026. febru\u00e1r - BUOD\" \/>\n<meta property=\"og:description\" content=\"Bart\u00f3k B\u00e9la (1881-1945) (Bela Bartok) Bart\u00f3k B\u00e9la vil\u00e1gh\u00edr\u0171 magyar zeneszerz\u0151, zongoram\u0171v\u00e9sz \u00e9s n\u00e9pzenekutat\u00f3 volt. Munk\u00e1ss\u00e1g\u00e1val \u00f6tv\u00f6zte a magyar \u00e9s m\u00e1s kelet-eur\u00f3pai n\u00e9pzene mot\u00edvumait a klasszikus zenei form\u00e1kkal, \u00edgy teremtve egyed\u00fcl\u00e1ll\u00f3 st\u00edlust. \u00c9letm\u0171ve meghat\u00e1roz\u00f3 hat\u00e1ssal volt a 20. sz\u00e1zadi zen\u00e9re, \u00e9s a mai napig a magyar kult\u00fara egyik legnagyobb alakjak\u00e9nt tisztelik. Hallgassa meg egy zenem\u0171v\u00e9t: Magyar [&hellip;]\" \/>\n<meta property=\"og:url\" content=\"https:\/\/buod.de\/de\/buod-naptar-2026\/bartok-bela\/\" \/>\n<meta property=\"og:site_name\" content=\"BUOD\" \/>\n<meta property=\"article:publisher\" content=\"https:\/\/www.facebook.com\/profile.php?id=100082185652397\" \/>\n<meta property=\"article:modified_time\" content=\"2025-10-01T05:58:05+00:00\" \/>\n<meta property=\"og:image\" content=\"https:\/\/buod.de\/wp-content\/uploads\/2025\/10\/Bela_Bartok_1943.jpg\" \/>\n\t<meta property=\"og:image:width\" content=\"746\" \/>\n\t<meta property=\"og:image:height\" content=\"1000\" \/>\n\t<meta property=\"og:image:type\" content=\"image\/jpeg\" \/>\n<meta name=\"twitter:card\" content=\"summary_large_image\" \/>\n<meta name=\"twitter:label1\" content=\"Est. reading time\" \/>\n\t<meta name=\"twitter:data1\" content=\"1 minute\" \/>\n<script type=\"application\/ld+json\" class=\"yoast-schema-graph\">{\"@context\":\"https:\\\/\\\/schema.org\",\"@graph\":[{\"@type\":\"WebPage\",\"@id\":\"https:\\\/\\\/buod.de\\\/buod-naptar-2026\\\/bartok-bela\\\/\",\"url\":\"https:\\\/\\\/buod.de\\\/buod-naptar-2026\\\/bartok-bela\\\/\",\"name\":\"Bart\u00f3k B\u00e9la - 2026. febru\u00e1r - BUOD\",\"isPartOf\":{\"@id\":\"https:\\\/\\\/buod.de\\\/#website\"},\"primaryImageOfPage\":{\"@id\":\"https:\\\/\\\/buod.de\\\/buod-naptar-2026\\\/bartok-bela\\\/#primaryimage\"},\"image\":{\"@id\":\"https:\\\/\\\/buod.de\\\/buod-naptar-2026\\\/bartok-bela\\\/#primaryimage\"},\"thumbnailUrl\":\"https:\\\/\\\/buod.de\\\/wp-content\\\/uploads\\\/2025\\\/10\\\/Bela_Bartok_1943.jpg\",\"datePublished\":\"2025-08-28T15:11:22+00:00\",\"dateModified\":\"2025-10-01T05:58:05+00:00\",\"breadcrumb\":{\"@id\":\"https:\\\/\\\/buod.de\\\/buod-naptar-2026\\\/bartok-bela\\\/#breadcrumb\"},\"inLanguage\":\"de-DE\",\"potentialAction\":[{\"@type\":\"ReadAction\",\"target\":[\"https:\\\/\\\/buod.de\\\/buod-naptar-2026\\\/bartok-bela\\\/\"]}]},{\"@type\":\"ImageObject\",\"inLanguage\":\"de-DE\",\"@id\":\"https:\\\/\\\/buod.de\\\/buod-naptar-2026\\\/bartok-bela\\\/#primaryimage\",\"url\":\"https:\\\/\\\/buod.de\\\/wp-content\\\/uploads\\\/2025\\\/10\\\/Bela_Bartok_1943.jpg\",\"contentUrl\":\"https:\\\/\\\/buod.de\\\/wp-content\\\/uploads\\\/2025\\\/10\\\/Bela_Bartok_1943.jpg\"},{\"@type\":\"BreadcrumbList\",\"@id\":\"https:\\\/\\\/buod.de\\\/buod-naptar-2026\\\/bartok-bela\\\/#breadcrumb\",\"itemListElement\":[{\"@type\":\"ListItem\",\"position\":1,\"name\":\"Kezd\u0151lap\",\"item\":\"https:\\\/\\\/buod.de\\\/\"},{\"@type\":\"ListItem\",\"position\":2,\"name\":\"BUOD napt\u00e1r 2026\",\"item\":\"https:\\\/\\\/buod.de\\\/buod-naptar-2026\\\/\"},{\"@type\":\"ListItem\",\"position\":3,\"name\":\"Bart\u00f3k B\u00e9la &#8211; 2026. febru\u00e1r\"}]},{\"@type\":\"WebSite\",\"@id\":\"https:\\\/\\\/buod.de\\\/#website\",\"url\":\"https:\\\/\\\/buod.de\\\/\",\"name\":\"BUOD\",\"description\":\"Bund Ungarischer Organisationen in Deutschland\",\"publisher\":{\"@id\":\"https:\\\/\\\/buod.de\\\/#organization\"},\"potentialAction\":[{\"@type\":\"SearchAction\",\"target\":{\"@type\":\"EntryPoint\",\"urlTemplate\":\"https:\\\/\\\/buod.de\\\/?s={search_term_string}\"},\"query-input\":{\"@type\":\"PropertyValueSpecification\",\"valueRequired\":true,\"valueName\":\"search_term_string\"}}],\"inLanguage\":\"de-DE\"},{\"@type\":\"Organization\",\"@id\":\"https:\\\/\\\/buod.de\\\/#organization\",\"name\":\"BUOD\",\"url\":\"https:\\\/\\\/buod.de\\\/\",\"logo\":{\"@type\":\"ImageObject\",\"inLanguage\":\"de-DE\",\"@id\":\"https:\\\/\\\/buod.de\\\/#\\\/schema\\\/logo\\\/image\\\/\",\"url\":\"https:\\\/\\\/buod.de\\\/wp-content\\\/uploads\\\/2024\\\/03\\\/BUOD-logo.png\",\"contentUrl\":\"https:\\\/\\\/buod.de\\\/wp-content\\\/uploads\\\/2024\\\/03\\\/BUOD-logo.png\",\"width\":586,\"height\":490,\"caption\":\"BUOD\"},\"image\":{\"@id\":\"https:\\\/\\\/buod.de\\\/#\\\/schema\\\/logo\\\/image\\\/\"},\"sameAs\":[\"https:\\\/\\\/www.facebook.com\\\/profile.php?id=100082185652397\"]}]}<\/script>\n<!-- \/ Yoast SEO plugin. -->","yoast_head_json":{"title":"Bart\u00f3k B\u00e9la - 2026. febru\u00e1r - BUOD","robots":{"index":"index","follow":"follow","max-snippet":"max-snippet:-1","max-image-preview":"max-image-preview:large","max-video-preview":"max-video-preview:-1"},"canonical":"https:\/\/buod.de\/de\/buod-naptar-2026\/bartok-bela\/","og_locale":"de_DE","og_type":"article","og_title":"Bart\u00f3k B\u00e9la - 2026. febru\u00e1r - BUOD","og_description":"Bart\u00f3k B\u00e9la (1881-1945) (Bela Bartok) Bart\u00f3k B\u00e9la vil\u00e1gh\u00edr\u0171 magyar zeneszerz\u0151, zongoram\u0171v\u00e9sz \u00e9s n\u00e9pzenekutat\u00f3 volt. Munk\u00e1ss\u00e1g\u00e1val \u00f6tv\u00f6zte a magyar \u00e9s m\u00e1s kelet-eur\u00f3pai n\u00e9pzene mot\u00edvumait a klasszikus zenei form\u00e1kkal, \u00edgy teremtve egyed\u00fcl\u00e1ll\u00f3 st\u00edlust. \u00c9letm\u0171ve meghat\u00e1roz\u00f3 hat\u00e1ssal volt a 20. sz\u00e1zadi zen\u00e9re, \u00e9s a mai napig a magyar kult\u00fara egyik legnagyobb alakjak\u00e9nt tisztelik. Hallgassa meg egy zenem\u0171v\u00e9t: Magyar [&hellip;]","og_url":"https:\/\/buod.de\/de\/buod-naptar-2026\/bartok-bela\/","og_site_name":"BUOD","article_publisher":"https:\/\/www.facebook.com\/profile.php?id=100082185652397","article_modified_time":"2025-10-01T05:58:05+00:00","og_image":[{"width":746,"height":1000,"url":"https:\/\/buod.de\/wp-content\/uploads\/2025\/10\/Bela_Bartok_1943.jpg","type":"image\/jpeg"}],"twitter_card":"summary_large_image","twitter_misc":{"Est. reading time":"1 minute"},"schema":{"@context":"https:\/\/schema.org","@graph":[{"@type":"WebPage","@id":"https:\/\/buod.de\/buod-naptar-2026\/bartok-bela\/","url":"https:\/\/buod.de\/buod-naptar-2026\/bartok-bela\/","name":"Bart\u00f3k B\u00e9la - 2026. febru\u00e1r - BUOD","isPartOf":{"@id":"https:\/\/buod.de\/#website"},"primaryImageOfPage":{"@id":"https:\/\/buod.de\/buod-naptar-2026\/bartok-bela\/#primaryimage"},"image":{"@id":"https:\/\/buod.de\/buod-naptar-2026\/bartok-bela\/#primaryimage"},"thumbnailUrl":"https:\/\/buod.de\/wp-content\/uploads\/2025\/10\/Bela_Bartok_1943.jpg","datePublished":"2025-08-28T15:11:22+00:00","dateModified":"2025-10-01T05:58:05+00:00","breadcrumb":{"@id":"https:\/\/buod.de\/buod-naptar-2026\/bartok-bela\/#breadcrumb"},"inLanguage":"de-DE","potentialAction":[{"@type":"ReadAction","target":["https:\/\/buod.de\/buod-naptar-2026\/bartok-bela\/"]}]},{"@type":"ImageObject","inLanguage":"de-DE","@id":"https:\/\/buod.de\/buod-naptar-2026\/bartok-bela\/#primaryimage","url":"https:\/\/buod.de\/wp-content\/uploads\/2025\/10\/Bela_Bartok_1943.jpg","contentUrl":"https:\/\/buod.de\/wp-content\/uploads\/2025\/10\/Bela_Bartok_1943.jpg"},{"@type":"BreadcrumbList","@id":"https:\/\/buod.de\/buod-naptar-2026\/bartok-bela\/#breadcrumb","itemListElement":[{"@type":"ListItem","position":1,"name":"Kezd\u0151lap","item":"https:\/\/buod.de\/"},{"@type":"ListItem","position":2,"name":"BUOD napt\u00e1r 2026","item":"https:\/\/buod.de\/buod-naptar-2026\/"},{"@type":"ListItem","position":3,"name":"Bart\u00f3k B\u00e9la &#8211; 2026. febru\u00e1r"}]},{"@type":"WebSite","@id":"https:\/\/buod.de\/#website","url":"https:\/\/buod.de\/","name":"BUOD","description":"Bund Ungarischer Organisationen in Deutschland","publisher":{"@id":"https:\/\/buod.de\/#organization"},"potentialAction":[{"@type":"SearchAction","target":{"@type":"EntryPoint","urlTemplate":"https:\/\/buod.de\/?s={search_term_string}"},"query-input":{"@type":"PropertyValueSpecification","valueRequired":true,"valueName":"search_term_string"}}],"inLanguage":"de-DE"},{"@type":"Organization","@id":"https:\/\/buod.de\/#organization","name":"BUOD","url":"https:\/\/buod.de\/","logo":{"@type":"ImageObject","inLanguage":"de-DE","@id":"https:\/\/buod.de\/#\/schema\/logo\/image\/","url":"https:\/\/buod.de\/wp-content\/uploads\/2024\/03\/BUOD-logo.png","contentUrl":"https:\/\/buod.de\/wp-content\/uploads\/2024\/03\/BUOD-logo.png","width":586,"height":490,"caption":"BUOD"},"image":{"@id":"https:\/\/buod.de\/#\/schema\/logo\/image\/"},"sameAs":["https:\/\/www.facebook.com\/profile.php?id=100082185652397"]}]}},"_links":{"self":[{"href":"https:\/\/buod.de\/de\/wp-json\/wp\/v2\/pages\/10524","targetHints":{"allow":["GET"]}}],"collection":[{"href":"https:\/\/buod.de\/de\/wp-json\/wp\/v2\/pages"}],"about":[{"href":"https:\/\/buod.de\/de\/wp-json\/wp\/v2\/types\/page"}],"author":[{"embeddable":true,"href":"https:\/\/buod.de\/de\/wp-json\/wp\/v2\/users\/7"}],"replies":[{"embeddable":true,"href":"https:\/\/buod.de\/de\/wp-json\/wp\/v2\/comments?post=10524"}],"version-history":[{"count":20,"href":"https:\/\/buod.de\/de\/wp-json\/wp\/v2\/pages\/10524\/revisions"}],"predecessor-version":[{"id":11277,"href":"https:\/\/buod.de\/de\/wp-json\/wp\/v2\/pages\/10524\/revisions\/11277"}],"up":[{"embeddable":true,"href":"https:\/\/buod.de\/de\/wp-json\/wp\/v2\/pages\/10512"}],"wp:attachment":[{"href":"https:\/\/buod.de\/de\/wp-json\/wp\/v2\/media?parent=10524"}],"curies":[{"name":"wp","href":"https:\/\/api.w.org\/{rel}","templated":true}]}}