{"id":10526,"date":"2025-08-28T17:16:09","date_gmt":"2025-08-28T15:16:09","guid":{"rendered":"https:\/\/buod.de\/?page_id=10526"},"modified":"2025-10-01T07:59:54","modified_gmt":"2025-10-01T05:59:54","slug":"erkel-ferenc","status":"publish","type":"page","link":"https:\/\/buod.de\/de\/buod-naptar-2026\/erkel-ferenc\/","title":{"rendered":"Erkel Ferenc &#8211; 2026. m\u00e1rcius"},"content":{"rendered":"<h3 class=\"wp-block-heading\">Erkel Ferenc (1810-1893)<\/h3>\n\n\n\n<h4 class=\"wp-block-heading\">(Ferenc Erkel)<\/h4>\n\n\n\n<figure class=\"wp-block-image size-large is-resized\"><img loading=\"lazy\" decoding=\"async\" width=\"750\" height=\"1024\" src=\"https:\/\/buod.de\/wp-content\/uploads\/2025\/10\/standard_compressed_ferenc-erkel-750x1024.jpg\" alt=\"\" class=\"wp-image-11261\" style=\"width:263px;height:auto\" srcset=\"https:\/\/buod.de\/wp-content\/uploads\/2025\/10\/standard_compressed_ferenc-erkel-750x1024.jpg 750w, https:\/\/buod.de\/wp-content\/uploads\/2025\/10\/standard_compressed_ferenc-erkel-220x300.jpg 220w, https:\/\/buod.de\/wp-content\/uploads\/2025\/10\/standard_compressed_ferenc-erkel-768x1049.jpg 768w, https:\/\/buod.de\/wp-content\/uploads\/2025\/10\/standard_compressed_ferenc-erkel-9x12.jpg 9w, https:\/\/buod.de\/wp-content\/uploads\/2025\/10\/standard_compressed_ferenc-erkel.jpg 878w\" sizes=\"auto, (max-width: 750px) 100vw, 750px\" \/><\/figure>\n\n\n\n<p>Erkel Ferenc magyar zeneszerz\u0151, karmester \u00e9s zongoram\u0171v\u00e9sz volt, akit a magyar nemzeti opera megteremt\u0151jek\u00e9nt tartanak sz\u00e1mon. Legismertebb m\u0171ve Magyarorsz\u00e1g Himnusza, valamint oper\u00e1i, k\u00f6zt\u00fck a B\u00e1nk b\u00e1n \u00e9s a Hunyadi L\u00e1szl\u00f3. P\u00e1lyafut\u00e1sa sor\u00e1n jelent\u0151s szerepet j\u00e1tszott a magyar zenei \u00e9let megszervez\u00e9s\u00e9ben, a Filharm\u00f3niai T\u00e1rsas\u00e1g \u00e9s a Zeneakad\u00e9mia alap\u00edt\u00e1s\u00e1ban vagy a budapesti Operah\u00e1z f\u0151zeneigazgat\u00f3jak\u00e9nt v\u00e9gzett munk\u00e1j\u00e1ban.<\/p>\n\n\n\n<figure class=\"wp-block-image size-full is-resized\"><img loading=\"lazy\" decoding=\"async\" width=\"564\" height=\"442\" src=\"https:\/\/buod.de\/wp-content\/uploads\/2024\/11\/Lechner_odon_minta.png\" alt=\"\" class=\"wp-image-9502\" style=\"width:234px;height:auto\" srcset=\"https:\/\/buod.de\/wp-content\/uploads\/2024\/11\/Lechner_odon_minta.png 564w, https:\/\/buod.de\/wp-content\/uploads\/2024\/11\/Lechner_odon_minta-300x235.png 300w, https:\/\/buod.de\/wp-content\/uploads\/2024\/11\/Lechner_odon_minta-15x12.png 15w\" sizes=\"auto, (max-width: 564px) 100vw, 564px\" \/><\/figure>\n\n\n\n<h3 class=\"wp-block-heading\">Hallgassa meg egy zenem\u0171v\u00e9t!<\/h3>\n\n\n\n<p>B\u00e1nk B\u00e1n: Haz\u00e1m, haz\u00e1m<\/p>\n\n\n\n<figure class=\"wp-block-embed is-type-video is-provider-youtube wp-block-embed-youtube wp-embed-aspect-16-9 wp-has-aspect-ratio\"><div class=\"wp-block-embed__wrapper\">\n<iframe loading=\"lazy\" title=\"EXTRACT | B\u00c1NK B\u00c1N &#039;Haz\u00e1m, haz\u00e1m&#039; Erkel - Hungarian State Opera\" width=\"500\" height=\"281\" src=\"https:\/\/www.youtube.com\/embed\/T1ZiK08OWX4?feature=oembed\" frameborder=\"0\" allow=\"accelerometer; autoplay; clipboard-write; encrypted-media; gyroscope; picture-in-picture; web-share\" referrerpolicy=\"strict-origin-when-cross-origin\" allowfullscreen><\/iframe>\n<\/div><\/figure>\n\n\n\n<h3 class=\"wp-block-heading\">Deutsch:<\/h3>\n\n\n\n<p>Ferenc Erkel war ein ungarischer Komponist, Dirigent und Pianist, der als Begr\u00fcnder der ungarischen Nationaloper gilt. Seine bekanntesten Werke sind die ungarische Nationalhymne sowie seine Opern, darunter B\u00e1nk b\u00e1n und Hunyadi L\u00e1szl\u00f3. Im Laufe seiner Karriere spielte er eine bedeutende Rolle bei der Organisation des ungarischen Musiklebens, gr\u00fcndete die Philharmonische Gesellschaft und die Musikakademie und war Chefmusikdirektor des Budapester Opernhauses.<\/p>\n\n\n\n<h3 class=\"wp-block-heading\">A BUOD 2026-os falinapt\u00e1rj\u00e1ban szerepl\u0151 tov\u00e1bbi zeneszerz\u0151k:<\/h3>\n\n\n\n<figure class=\"wp-block-embed is-type-wp-embed is-provider-buod wp-block-embed-buod\"><div class=\"wp-block-embed__wrapper\">\n<blockquote class=\"wp-embedded-content\" data-secret=\"6EALJoyx9L\"><a href=\"https:\/\/buod.de\/de\/buod-naptar-2026\/\">BUOD napt\u00e1r 2026<\/a><\/blockquote><iframe loading=\"lazy\" class=\"wp-embedded-content\" sandbox=\"allow-scripts\" security=\"restricted\" style=\"position: absolute; visibility: hidden;\" title=\"&#8220;BUOD napt\u00e1r 2026&#8221; &#8212; BUOD\" src=\"https:\/\/buod.de\/buod-naptar-2026\/embed\/#?secret=PppLJsIkwf#?secret=6EALJoyx9L\" data-secret=\"6EALJoyx9L\" width=\"500\" height=\"282\" frameborder=\"0\" marginwidth=\"0\" marginheight=\"0\" scrolling=\"no\"><\/iframe>\n<\/div><\/figure>","protected":false},"excerpt":{"rendered":"<p>Erkel Ferenc (1810-1893) (Ferenc Erkel) Erkel Ferenc magyar zeneszerz\u0151, karmester \u00e9s zongoram\u0171v\u00e9sz volt, akit a magyar nemzeti opera megteremt\u0151jek\u00e9nt tartanak sz\u00e1mon. Legismertebb m\u0171ve Magyarorsz\u00e1g Himnusza, valamint oper\u00e1i, k\u00f6zt\u00fck a B\u00e1nk b\u00e1n \u00e9s a Hunyadi L\u00e1szl\u00f3. P\u00e1lyafut\u00e1sa sor\u00e1n jelent\u0151s szerepet j\u00e1tszott a magyar zenei \u00e9let megszervez\u00e9s\u00e9ben, a Filharm\u00f3niai T\u00e1rsas\u00e1g \u00e9s a Zeneakad\u00e9mia alap\u00edt\u00e1s\u00e1ban vagy a budapesti [&hellip;]<\/p>\n","protected":false},"author":7,"featured_media":0,"parent":10512,"menu_order":3,"comment_status":"closed","ping_status":"closed","template":"","meta":{"footnotes":""},"class_list":["post-10526","page","type-page","status-publish","hentry"],"yoast_head":"<!-- This site is optimized with the Yoast SEO plugin v27.4 - https:\/\/yoast.com\/product\/yoast-seo-wordpress\/ -->\n<title>Erkel Ferenc - 2026. m\u00e1rcius - BUOD<\/title>\n<meta name=\"robots\" content=\"index, follow, max-snippet:-1, max-image-preview:large, max-video-preview:-1\" \/>\n<link rel=\"canonical\" href=\"https:\/\/buod.de\/de\/buod-naptar-2026\/erkel-ferenc\/\" \/>\n<meta property=\"og:locale\" content=\"de_DE\" \/>\n<meta property=\"og:type\" content=\"article\" \/>\n<meta property=\"og:title\" content=\"Erkel Ferenc - 2026. m\u00e1rcius - BUOD\" \/>\n<meta property=\"og:description\" content=\"Erkel Ferenc (1810-1893) (Ferenc Erkel) Erkel Ferenc magyar zeneszerz\u0151, karmester \u00e9s zongoram\u0171v\u00e9sz volt, akit a magyar nemzeti opera megteremt\u0151jek\u00e9nt tartanak sz\u00e1mon. Legismertebb m\u0171ve Magyarorsz\u00e1g Himnusza, valamint oper\u00e1i, k\u00f6zt\u00fck a B\u00e1nk b\u00e1n \u00e9s a Hunyadi L\u00e1szl\u00f3. P\u00e1lyafut\u00e1sa sor\u00e1n jelent\u0151s szerepet j\u00e1tszott a magyar zenei \u00e9let megszervez\u00e9s\u00e9ben, a Filharm\u00f3niai T\u00e1rsas\u00e1g \u00e9s a Zeneakad\u00e9mia alap\u00edt\u00e1s\u00e1ban vagy a budapesti [&hellip;]\" \/>\n<meta property=\"og:url\" content=\"https:\/\/buod.de\/de\/buod-naptar-2026\/erkel-ferenc\/\" \/>\n<meta property=\"og:site_name\" content=\"BUOD\" \/>\n<meta property=\"article:publisher\" content=\"https:\/\/www.facebook.com\/profile.php?id=100082185652397\" \/>\n<meta property=\"article:modified_time\" content=\"2025-10-01T05:59:54+00:00\" \/>\n<meta property=\"og:image\" content=\"https:\/\/buod.de\/wp-content\/uploads\/2025\/10\/standard_compressed_ferenc-erkel.jpg\" \/>\n\t<meta property=\"og:image:width\" content=\"878\" \/>\n\t<meta property=\"og:image:height\" content=\"1199\" \/>\n\t<meta property=\"og:image:type\" content=\"image\/jpeg\" \/>\n<meta name=\"twitter:card\" content=\"summary_large_image\" \/>\n<meta name=\"twitter:label1\" content=\"Est. reading time\" \/>\n\t<meta name=\"twitter:data1\" content=\"1 minute\" \/>\n<script type=\"application\/ld+json\" class=\"yoast-schema-graph\">{\"@context\":\"https:\\\/\\\/schema.org\",\"@graph\":[{\"@type\":\"WebPage\",\"@id\":\"https:\\\/\\\/buod.de\\\/buod-naptar-2026\\\/erkel-ferenc\\\/\",\"url\":\"https:\\\/\\\/buod.de\\\/buod-naptar-2026\\\/erkel-ferenc\\\/\",\"name\":\"Erkel Ferenc - 2026. m\u00e1rcius - BUOD\",\"isPartOf\":{\"@id\":\"https:\\\/\\\/buod.de\\\/#website\"},\"primaryImageOfPage\":{\"@id\":\"https:\\\/\\\/buod.de\\\/buod-naptar-2026\\\/erkel-ferenc\\\/#primaryimage\"},\"image\":{\"@id\":\"https:\\\/\\\/buod.de\\\/buod-naptar-2026\\\/erkel-ferenc\\\/#primaryimage\"},\"thumbnailUrl\":\"https:\\\/\\\/buod.de\\\/wp-content\\\/uploads\\\/2025\\\/10\\\/standard_compressed_ferenc-erkel-750x1024.jpg\",\"datePublished\":\"2025-08-28T15:16:09+00:00\",\"dateModified\":\"2025-10-01T05:59:54+00:00\",\"breadcrumb\":{\"@id\":\"https:\\\/\\\/buod.de\\\/buod-naptar-2026\\\/erkel-ferenc\\\/#breadcrumb\"},\"inLanguage\":\"de-DE\",\"potentialAction\":[{\"@type\":\"ReadAction\",\"target\":[\"https:\\\/\\\/buod.de\\\/buod-naptar-2026\\\/erkel-ferenc\\\/\"]}]},{\"@type\":\"ImageObject\",\"inLanguage\":\"de-DE\",\"@id\":\"https:\\\/\\\/buod.de\\\/buod-naptar-2026\\\/erkel-ferenc\\\/#primaryimage\",\"url\":\"https:\\\/\\\/buod.de\\\/wp-content\\\/uploads\\\/2025\\\/10\\\/standard_compressed_ferenc-erkel-750x1024.jpg\",\"contentUrl\":\"https:\\\/\\\/buod.de\\\/wp-content\\\/uploads\\\/2025\\\/10\\\/standard_compressed_ferenc-erkel-750x1024.jpg\"},{\"@type\":\"BreadcrumbList\",\"@id\":\"https:\\\/\\\/buod.de\\\/buod-naptar-2026\\\/erkel-ferenc\\\/#breadcrumb\",\"itemListElement\":[{\"@type\":\"ListItem\",\"position\":1,\"name\":\"Kezd\u0151lap\",\"item\":\"https:\\\/\\\/buod.de\\\/\"},{\"@type\":\"ListItem\",\"position\":2,\"name\":\"BUOD napt\u00e1r 2026\",\"item\":\"https:\\\/\\\/buod.de\\\/buod-naptar-2026\\\/\"},{\"@type\":\"ListItem\",\"position\":3,\"name\":\"Erkel Ferenc &#8211; 2026. m\u00e1rcius\"}]},{\"@type\":\"WebSite\",\"@id\":\"https:\\\/\\\/buod.de\\\/#website\",\"url\":\"https:\\\/\\\/buod.de\\\/\",\"name\":\"BUOD\",\"description\":\"Bund Ungarischer Organisationen in Deutschland\",\"publisher\":{\"@id\":\"https:\\\/\\\/buod.de\\\/#organization\"},\"potentialAction\":[{\"@type\":\"SearchAction\",\"target\":{\"@type\":\"EntryPoint\",\"urlTemplate\":\"https:\\\/\\\/buod.de\\\/?s={search_term_string}\"},\"query-input\":{\"@type\":\"PropertyValueSpecification\",\"valueRequired\":true,\"valueName\":\"search_term_string\"}}],\"inLanguage\":\"de-DE\"},{\"@type\":\"Organization\",\"@id\":\"https:\\\/\\\/buod.de\\\/#organization\",\"name\":\"BUOD\",\"url\":\"https:\\\/\\\/buod.de\\\/\",\"logo\":{\"@type\":\"ImageObject\",\"inLanguage\":\"de-DE\",\"@id\":\"https:\\\/\\\/buod.de\\\/#\\\/schema\\\/logo\\\/image\\\/\",\"url\":\"https:\\\/\\\/buod.de\\\/wp-content\\\/uploads\\\/2024\\\/03\\\/BUOD-logo.png\",\"contentUrl\":\"https:\\\/\\\/buod.de\\\/wp-content\\\/uploads\\\/2024\\\/03\\\/BUOD-logo.png\",\"width\":586,\"height\":490,\"caption\":\"BUOD\"},\"image\":{\"@id\":\"https:\\\/\\\/buod.de\\\/#\\\/schema\\\/logo\\\/image\\\/\"},\"sameAs\":[\"https:\\\/\\\/www.facebook.com\\\/profile.php?id=100082185652397\"]}]}<\/script>\n<!-- \/ Yoast SEO plugin. -->","yoast_head_json":{"title":"Erkel Ferenc - 2026. m\u00e1rcius - BUOD","robots":{"index":"index","follow":"follow","max-snippet":"max-snippet:-1","max-image-preview":"max-image-preview:large","max-video-preview":"max-video-preview:-1"},"canonical":"https:\/\/buod.de\/de\/buod-naptar-2026\/erkel-ferenc\/","og_locale":"de_DE","og_type":"article","og_title":"Erkel Ferenc - 2026. m\u00e1rcius - BUOD","og_description":"Erkel Ferenc (1810-1893) (Ferenc Erkel) Erkel Ferenc magyar zeneszerz\u0151, karmester \u00e9s zongoram\u0171v\u00e9sz volt, akit a magyar nemzeti opera megteremt\u0151jek\u00e9nt tartanak sz\u00e1mon. Legismertebb m\u0171ve Magyarorsz\u00e1g Himnusza, valamint oper\u00e1i, k\u00f6zt\u00fck a B\u00e1nk b\u00e1n \u00e9s a Hunyadi L\u00e1szl\u00f3. P\u00e1lyafut\u00e1sa sor\u00e1n jelent\u0151s szerepet j\u00e1tszott a magyar zenei \u00e9let megszervez\u00e9s\u00e9ben, a Filharm\u00f3niai T\u00e1rsas\u00e1g \u00e9s a Zeneakad\u00e9mia alap\u00edt\u00e1s\u00e1ban vagy a budapesti [&hellip;]","og_url":"https:\/\/buod.de\/de\/buod-naptar-2026\/erkel-ferenc\/","og_site_name":"BUOD","article_publisher":"https:\/\/www.facebook.com\/profile.php?id=100082185652397","article_modified_time":"2025-10-01T05:59:54+00:00","og_image":[{"width":878,"height":1199,"url":"https:\/\/buod.de\/wp-content\/uploads\/2025\/10\/standard_compressed_ferenc-erkel.jpg","type":"image\/jpeg"}],"twitter_card":"summary_large_image","twitter_misc":{"Est. reading time":"1 minute"},"schema":{"@context":"https:\/\/schema.org","@graph":[{"@type":"WebPage","@id":"https:\/\/buod.de\/buod-naptar-2026\/erkel-ferenc\/","url":"https:\/\/buod.de\/buod-naptar-2026\/erkel-ferenc\/","name":"Erkel Ferenc - 2026. m\u00e1rcius - BUOD","isPartOf":{"@id":"https:\/\/buod.de\/#website"},"primaryImageOfPage":{"@id":"https:\/\/buod.de\/buod-naptar-2026\/erkel-ferenc\/#primaryimage"},"image":{"@id":"https:\/\/buod.de\/buod-naptar-2026\/erkel-ferenc\/#primaryimage"},"thumbnailUrl":"https:\/\/buod.de\/wp-content\/uploads\/2025\/10\/standard_compressed_ferenc-erkel-750x1024.jpg","datePublished":"2025-08-28T15:16:09+00:00","dateModified":"2025-10-01T05:59:54+00:00","breadcrumb":{"@id":"https:\/\/buod.de\/buod-naptar-2026\/erkel-ferenc\/#breadcrumb"},"inLanguage":"de-DE","potentialAction":[{"@type":"ReadAction","target":["https:\/\/buod.de\/buod-naptar-2026\/erkel-ferenc\/"]}]},{"@type":"ImageObject","inLanguage":"de-DE","@id":"https:\/\/buod.de\/buod-naptar-2026\/erkel-ferenc\/#primaryimage","url":"https:\/\/buod.de\/wp-content\/uploads\/2025\/10\/standard_compressed_ferenc-erkel-750x1024.jpg","contentUrl":"https:\/\/buod.de\/wp-content\/uploads\/2025\/10\/standard_compressed_ferenc-erkel-750x1024.jpg"},{"@type":"BreadcrumbList","@id":"https:\/\/buod.de\/buod-naptar-2026\/erkel-ferenc\/#breadcrumb","itemListElement":[{"@type":"ListItem","position":1,"name":"Kezd\u0151lap","item":"https:\/\/buod.de\/"},{"@type":"ListItem","position":2,"name":"BUOD napt\u00e1r 2026","item":"https:\/\/buod.de\/buod-naptar-2026\/"},{"@type":"ListItem","position":3,"name":"Erkel Ferenc &#8211; 2026. m\u00e1rcius"}]},{"@type":"WebSite","@id":"https:\/\/buod.de\/#website","url":"https:\/\/buod.de\/","name":"BUOD","description":"Bund Ungarischer Organisationen in Deutschland","publisher":{"@id":"https:\/\/buod.de\/#organization"},"potentialAction":[{"@type":"SearchAction","target":{"@type":"EntryPoint","urlTemplate":"https:\/\/buod.de\/?s={search_term_string}"},"query-input":{"@type":"PropertyValueSpecification","valueRequired":true,"valueName":"search_term_string"}}],"inLanguage":"de-DE"},{"@type":"Organization","@id":"https:\/\/buod.de\/#organization","name":"BUOD","url":"https:\/\/buod.de\/","logo":{"@type":"ImageObject","inLanguage":"de-DE","@id":"https:\/\/buod.de\/#\/schema\/logo\/image\/","url":"https:\/\/buod.de\/wp-content\/uploads\/2024\/03\/BUOD-logo.png","contentUrl":"https:\/\/buod.de\/wp-content\/uploads\/2024\/03\/BUOD-logo.png","width":586,"height":490,"caption":"BUOD"},"image":{"@id":"https:\/\/buod.de\/#\/schema\/logo\/image\/"},"sameAs":["https:\/\/www.facebook.com\/profile.php?id=100082185652397"]}]}},"_links":{"self":[{"href":"https:\/\/buod.de\/de\/wp-json\/wp\/v2\/pages\/10526","targetHints":{"allow":["GET"]}}],"collection":[{"href":"https:\/\/buod.de\/de\/wp-json\/wp\/v2\/pages"}],"about":[{"href":"https:\/\/buod.de\/de\/wp-json\/wp\/v2\/types\/page"}],"author":[{"embeddable":true,"href":"https:\/\/buod.de\/de\/wp-json\/wp\/v2\/users\/7"}],"replies":[{"embeddable":true,"href":"https:\/\/buod.de\/de\/wp-json\/wp\/v2\/comments?post=10526"}],"version-history":[{"count":12,"href":"https:\/\/buod.de\/de\/wp-json\/wp\/v2\/pages\/10526\/revisions"}],"predecessor-version":[{"id":11280,"href":"https:\/\/buod.de\/de\/wp-json\/wp\/v2\/pages\/10526\/revisions\/11280"}],"up":[{"embeddable":true,"href":"https:\/\/buod.de\/de\/wp-json\/wp\/v2\/pages\/10512"}],"wp:attachment":[{"href":"https:\/\/buod.de\/de\/wp-json\/wp\/v2\/media?parent=10526"}],"curies":[{"name":"wp","href":"https:\/\/api.w.org\/{rel}","templated":true}]}}