{"id":10528,"date":"2025-08-28T18:33:23","date_gmt":"2025-08-28T16:33:23","guid":{"rendered":"https:\/\/buod.de\/?page_id=10528"},"modified":"2025-10-01T08:03:36","modified_gmt":"2025-10-01T06:03:36","slug":"esterhazy-pal","status":"publish","type":"page","link":"https:\/\/buod.de\/de\/buod-naptar-2026\/esterhazy-pal\/","title":{"rendered":"Esterh\u00e1zy P\u00e1l &#8211; 2026. \u00e1prilis"},"content":{"rendered":"<h3 class=\"wp-block-heading\">Esterh\u00e1zy P\u00e1l n\u00e1dor (1635-1713)<\/h3>\n\n\n\n<figure class=\"wp-block-image size-full is-resized\"><img loading=\"lazy\" decoding=\"async\" width=\"358\" height=\"701\" src=\"https:\/\/buod.de\/wp-content\/uploads\/2025\/10\/Esterhazy_Pal_8142.png\" alt=\"\" class=\"wp-image-11245\" style=\"width:300px;height:auto\" srcset=\"https:\/\/buod.de\/wp-content\/uploads\/2025\/10\/Esterhazy_Pal_8142.png 358w, https:\/\/buod.de\/wp-content\/uploads\/2025\/10\/Esterhazy_Pal_8142-153x300.png 153w, https:\/\/buod.de\/wp-content\/uploads\/2025\/10\/Esterhazy_Pal_8142-6x12.png 6w\" sizes=\"auto, (max-width: 358px) 100vw, 358px\" \/><\/figure>\n\n\n\n<p>Esterh\u00e1zy P\u00e1l herceg magyar arisztokrata, politkus, m\u0171gy\u0171jt\u0151, k\u00f6lt\u0151 \u00e9s zeneszerz\u0151 volt, aki 1681-t\u0151l hal\u00e1l\u00e1ig Magyarorsz\u00e1g n\u00e1dori tiszts\u00e9g\u00e9t t\u00f6lt\u00f6tte be. Nev\u00e9hez f\u0171z\u0151dik az 1711-ben kiadott Harmonia Caelestis c\u00edm\u0171 egyh\u00e1zi zenem\u0171-gy\u0171jtem\u00e9ny, amely a korszak egyik kiemelked\u0151 alkot\u00e1sa. Ez a kant\u00e1ta-gy\u0171jtem\u00e9ny magyar \u00e9s n\u00e9met dallamokat is felhaszn\u00e1l.<\/p>\n\n\n\n<figure class=\"wp-block-image size-full is-resized\"><img loading=\"lazy\" decoding=\"async\" width=\"564\" height=\"442\" src=\"https:\/\/buod.de\/wp-content\/uploads\/2024\/11\/Lechner_odon_minta.png\" alt=\"\" class=\"wp-image-9502\" style=\"width:247px;height:auto\" srcset=\"https:\/\/buod.de\/wp-content\/uploads\/2024\/11\/Lechner_odon_minta.png 564w, https:\/\/buod.de\/wp-content\/uploads\/2024\/11\/Lechner_odon_minta-300x235.png 300w, https:\/\/buod.de\/wp-content\/uploads\/2024\/11\/Lechner_odon_minta-15x12.png 15w\" sizes=\"auto, (max-width: 564px) 100vw, 564px\" \/><\/figure>\n\n\n\n<h3 class=\"wp-block-heading\">Hallgassa meg egy zenem\u0171v\u00e9t!<\/h3>\n\n\n\n<p>Harmonia Caelestis: Ave Maris Stella<\/p>\n\n\n\n<figure class=\"wp-block-embed is-type-video is-provider-youtube wp-block-embed-youtube wp-embed-aspect-4-3 wp-has-aspect-ratio\"><div class=\"wp-block-embed__wrapper\">\n<iframe loading=\"lazy\" title=\"P\u00e1l Esterh\u00e1zy: Ave Maris Stella (Harmonia Caelestis Baroque Orchestra)\" width=\"500\" height=\"375\" src=\"https:\/\/www.youtube.com\/embed\/EDxjHlaSN_w?feature=oembed\" frameborder=\"0\" allow=\"accelerometer; autoplay; clipboard-write; encrypted-media; gyroscope; picture-in-picture; web-share\" referrerpolicy=\"strict-origin-when-cross-origin\" allowfullscreen><\/iframe>\n<\/div><\/figure>\n\n\n\n<h3 class=\"wp-block-heading\">Deutsch:<\/h3>\n\n\n\n<p>F\u00fcrst P\u00e1l Esterh\u00e1zy war ein ungarischer Aristokrat, Politiker, Kunstsammler, Dichter und Komponist, der von 1681 bis zu seinem Tod das Amt des Palatins von Ungarn bekleidete. Sein Name ist mit der 1711 ver\u00f6ffentlichten Sammlung kirchlicher Musikwerke Harmonia Caelestis verbunden, die zu den herausragendsten Werken dieser Epoche z\u00e4hlt. Diese Kantatensammlung verwendet sowohl ungarische als auch deutsche Melodien.<\/p>\n\n\n\n<h3 class=\"wp-block-heading\">A BUOD 2026-os falinapt\u00e1rj\u00e1ban szerepl\u0151 tov\u00e1bbi magyar zeneszerz\u0151k:<\/h3>\n\n\n\n<figure class=\"wp-block-embed is-type-wp-embed is-provider-buod wp-block-embed-buod\"><div class=\"wp-block-embed__wrapper\">\n<blockquote class=\"wp-embedded-content\" data-secret=\"xE1ebPhw18\"><a href=\"https:\/\/buod.de\/de\/buod-naptar-2026\/\">BUOD napt\u00e1r 2026<\/a><\/blockquote><iframe loading=\"lazy\" class=\"wp-embedded-content\" sandbox=\"allow-scripts\" security=\"restricted\" style=\"position: absolute; visibility: hidden;\" title=\"&#8220;BUOD napt\u00e1r 2026&#8221; &#8212; BUOD\" src=\"https:\/\/buod.de\/buod-naptar-2026\/embed\/#?secret=gxEimmi0FE#?secret=xE1ebPhw18\" data-secret=\"xE1ebPhw18\" width=\"500\" height=\"282\" frameborder=\"0\" marginwidth=\"0\" marginheight=\"0\" scrolling=\"no\"><\/iframe>\n<\/div><\/figure>","protected":false},"excerpt":{"rendered":"<p>Esterh\u00e1zy P\u00e1l n\u00e1dor (1635-1713) Esterh\u00e1zy P\u00e1l herceg magyar arisztokrata, politkus, m\u0171gy\u0171jt\u0151, k\u00f6lt\u0151 \u00e9s zeneszerz\u0151 volt, aki 1681-t\u0151l hal\u00e1l\u00e1ig Magyarorsz\u00e1g n\u00e1dori tiszts\u00e9g\u00e9t t\u00f6lt\u00f6tte be. Nev\u00e9hez f\u0171z\u0151dik az 1711-ben kiadott Harmonia Caelestis c\u00edm\u0171 egyh\u00e1zi zenem\u0171-gy\u0171jtem\u00e9ny, amely a korszak egyik kiemelked\u0151 alkot\u00e1sa. Ez a kant\u00e1ta-gy\u0171jtem\u00e9ny magyar \u00e9s n\u00e9met dallamokat is felhaszn\u00e1l. Hallgassa meg egy zenem\u0171v\u00e9t! Harmonia Caelestis: Ave [&hellip;]<\/p>\n","protected":false},"author":7,"featured_media":0,"parent":10512,"menu_order":4,"comment_status":"closed","ping_status":"closed","template":"","meta":{"footnotes":""},"class_list":["post-10528","page","type-page","status-publish","hentry"],"yoast_head":"<!-- This site is optimized with the Yoast SEO plugin v27.4 - https:\/\/yoast.com\/product\/yoast-seo-wordpress\/ -->\n<title>Esterh\u00e1zy P\u00e1l - 2026. \u00e1prilis - BUOD<\/title>\n<meta name=\"robots\" content=\"index, follow, max-snippet:-1, max-image-preview:large, max-video-preview:-1\" \/>\n<link rel=\"canonical\" href=\"https:\/\/buod.de\/de\/buod-naptar-2026\/esterhazy-pal\/\" \/>\n<meta property=\"og:locale\" content=\"de_DE\" \/>\n<meta property=\"og:type\" content=\"article\" \/>\n<meta property=\"og:title\" content=\"Esterh\u00e1zy P\u00e1l - 2026. \u00e1prilis - BUOD\" \/>\n<meta property=\"og:description\" content=\"Esterh\u00e1zy P\u00e1l n\u00e1dor (1635-1713) Esterh\u00e1zy P\u00e1l herceg magyar arisztokrata, politkus, m\u0171gy\u0171jt\u0151, k\u00f6lt\u0151 \u00e9s zeneszerz\u0151 volt, aki 1681-t\u0151l hal\u00e1l\u00e1ig Magyarorsz\u00e1g n\u00e1dori tiszts\u00e9g\u00e9t t\u00f6lt\u00f6tte be. Nev\u00e9hez f\u0171z\u0151dik az 1711-ben kiadott Harmonia Caelestis c\u00edm\u0171 egyh\u00e1zi zenem\u0171-gy\u0171jtem\u00e9ny, amely a korszak egyik kiemelked\u0151 alkot\u00e1sa. Ez a kant\u00e1ta-gy\u0171jtem\u00e9ny magyar \u00e9s n\u00e9met dallamokat is felhaszn\u00e1l. Hallgassa meg egy zenem\u0171v\u00e9t! Harmonia Caelestis: Ave [&hellip;]\" \/>\n<meta property=\"og:url\" content=\"https:\/\/buod.de\/de\/buod-naptar-2026\/esterhazy-pal\/\" \/>\n<meta property=\"og:site_name\" content=\"BUOD\" \/>\n<meta property=\"article:publisher\" content=\"https:\/\/www.facebook.com\/profile.php?id=100082185652397\" \/>\n<meta property=\"article:modified_time\" content=\"2025-10-01T06:03:36+00:00\" \/>\n<meta property=\"og:image\" content=\"https:\/\/buod.de\/wp-content\/uploads\/2025\/10\/Esterhazy_Pal_8142.png\" \/>\n\t<meta property=\"og:image:width\" content=\"358\" \/>\n\t<meta property=\"og:image:height\" content=\"701\" \/>\n\t<meta property=\"og:image:type\" content=\"image\/png\" \/>\n<meta name=\"twitter:card\" content=\"summary_large_image\" \/>\n<meta name=\"twitter:label1\" content=\"Est. reading time\" \/>\n\t<meta name=\"twitter:data1\" content=\"1 minute\" \/>\n<script type=\"application\/ld+json\" class=\"yoast-schema-graph\">{\"@context\":\"https:\\\/\\\/schema.org\",\"@graph\":[{\"@type\":\"WebPage\",\"@id\":\"https:\\\/\\\/buod.de\\\/buod-naptar-2026\\\/esterhazy-pal\\\/\",\"url\":\"https:\\\/\\\/buod.de\\\/buod-naptar-2026\\\/esterhazy-pal\\\/\",\"name\":\"Esterh\u00e1zy P\u00e1l - 2026. \u00e1prilis - BUOD\",\"isPartOf\":{\"@id\":\"https:\\\/\\\/buod.de\\\/#website\"},\"primaryImageOfPage\":{\"@id\":\"https:\\\/\\\/buod.de\\\/buod-naptar-2026\\\/esterhazy-pal\\\/#primaryimage\"},\"image\":{\"@id\":\"https:\\\/\\\/buod.de\\\/buod-naptar-2026\\\/esterhazy-pal\\\/#primaryimage\"},\"thumbnailUrl\":\"https:\\\/\\\/buod.de\\\/wp-content\\\/uploads\\\/2025\\\/10\\\/Esterhazy_Pal_8142.png\",\"datePublished\":\"2025-08-28T16:33:23+00:00\",\"dateModified\":\"2025-10-01T06:03:36+00:00\",\"breadcrumb\":{\"@id\":\"https:\\\/\\\/buod.de\\\/buod-naptar-2026\\\/esterhazy-pal\\\/#breadcrumb\"},\"inLanguage\":\"de-DE\",\"potentialAction\":[{\"@type\":\"ReadAction\",\"target\":[\"https:\\\/\\\/buod.de\\\/buod-naptar-2026\\\/esterhazy-pal\\\/\"]}]},{\"@type\":\"ImageObject\",\"inLanguage\":\"de-DE\",\"@id\":\"https:\\\/\\\/buod.de\\\/buod-naptar-2026\\\/esterhazy-pal\\\/#primaryimage\",\"url\":\"https:\\\/\\\/buod.de\\\/wp-content\\\/uploads\\\/2025\\\/10\\\/Esterhazy_Pal_8142.png\",\"contentUrl\":\"https:\\\/\\\/buod.de\\\/wp-content\\\/uploads\\\/2025\\\/10\\\/Esterhazy_Pal_8142.png\"},{\"@type\":\"BreadcrumbList\",\"@id\":\"https:\\\/\\\/buod.de\\\/buod-naptar-2026\\\/esterhazy-pal\\\/#breadcrumb\",\"itemListElement\":[{\"@type\":\"ListItem\",\"position\":1,\"name\":\"Kezd\u0151lap\",\"item\":\"https:\\\/\\\/buod.de\\\/\"},{\"@type\":\"ListItem\",\"position\":2,\"name\":\"BUOD napt\u00e1r 2026\",\"item\":\"https:\\\/\\\/buod.de\\\/buod-naptar-2026\\\/\"},{\"@type\":\"ListItem\",\"position\":3,\"name\":\"Esterh\u00e1zy P\u00e1l &#8211; 2026. \u00e1prilis\"}]},{\"@type\":\"WebSite\",\"@id\":\"https:\\\/\\\/buod.de\\\/#website\",\"url\":\"https:\\\/\\\/buod.de\\\/\",\"name\":\"BUOD\",\"description\":\"Bund Ungarischer Organisationen in Deutschland\",\"publisher\":{\"@id\":\"https:\\\/\\\/buod.de\\\/#organization\"},\"potentialAction\":[{\"@type\":\"SearchAction\",\"target\":{\"@type\":\"EntryPoint\",\"urlTemplate\":\"https:\\\/\\\/buod.de\\\/?s={search_term_string}\"},\"query-input\":{\"@type\":\"PropertyValueSpecification\",\"valueRequired\":true,\"valueName\":\"search_term_string\"}}],\"inLanguage\":\"de-DE\"},{\"@type\":\"Organization\",\"@id\":\"https:\\\/\\\/buod.de\\\/#organization\",\"name\":\"BUOD\",\"url\":\"https:\\\/\\\/buod.de\\\/\",\"logo\":{\"@type\":\"ImageObject\",\"inLanguage\":\"de-DE\",\"@id\":\"https:\\\/\\\/buod.de\\\/#\\\/schema\\\/logo\\\/image\\\/\",\"url\":\"https:\\\/\\\/buod.de\\\/wp-content\\\/uploads\\\/2024\\\/03\\\/BUOD-logo.png\",\"contentUrl\":\"https:\\\/\\\/buod.de\\\/wp-content\\\/uploads\\\/2024\\\/03\\\/BUOD-logo.png\",\"width\":586,\"height\":490,\"caption\":\"BUOD\"},\"image\":{\"@id\":\"https:\\\/\\\/buod.de\\\/#\\\/schema\\\/logo\\\/image\\\/\"},\"sameAs\":[\"https:\\\/\\\/www.facebook.com\\\/profile.php?id=100082185652397\"]}]}<\/script>\n<!-- \/ Yoast SEO plugin. -->","yoast_head_json":{"title":"Esterh\u00e1zy P\u00e1l - 2026. \u00e1prilis - BUOD","robots":{"index":"index","follow":"follow","max-snippet":"max-snippet:-1","max-image-preview":"max-image-preview:large","max-video-preview":"max-video-preview:-1"},"canonical":"https:\/\/buod.de\/de\/buod-naptar-2026\/esterhazy-pal\/","og_locale":"de_DE","og_type":"article","og_title":"Esterh\u00e1zy P\u00e1l - 2026. \u00e1prilis - BUOD","og_description":"Esterh\u00e1zy P\u00e1l n\u00e1dor (1635-1713) Esterh\u00e1zy P\u00e1l herceg magyar arisztokrata, politkus, m\u0171gy\u0171jt\u0151, k\u00f6lt\u0151 \u00e9s zeneszerz\u0151 volt, aki 1681-t\u0151l hal\u00e1l\u00e1ig Magyarorsz\u00e1g n\u00e1dori tiszts\u00e9g\u00e9t t\u00f6lt\u00f6tte be. Nev\u00e9hez f\u0171z\u0151dik az 1711-ben kiadott Harmonia Caelestis c\u00edm\u0171 egyh\u00e1zi zenem\u0171-gy\u0171jtem\u00e9ny, amely a korszak egyik kiemelked\u0151 alkot\u00e1sa. Ez a kant\u00e1ta-gy\u0171jtem\u00e9ny magyar \u00e9s n\u00e9met dallamokat is felhaszn\u00e1l. Hallgassa meg egy zenem\u0171v\u00e9t! Harmonia Caelestis: Ave [&hellip;]","og_url":"https:\/\/buod.de\/de\/buod-naptar-2026\/esterhazy-pal\/","og_site_name":"BUOD","article_publisher":"https:\/\/www.facebook.com\/profile.php?id=100082185652397","article_modified_time":"2025-10-01T06:03:36+00:00","og_image":[{"width":358,"height":701,"url":"https:\/\/buod.de\/wp-content\/uploads\/2025\/10\/Esterhazy_Pal_8142.png","type":"image\/png"}],"twitter_card":"summary_large_image","twitter_misc":{"Est. reading time":"1 minute"},"schema":{"@context":"https:\/\/schema.org","@graph":[{"@type":"WebPage","@id":"https:\/\/buod.de\/buod-naptar-2026\/esterhazy-pal\/","url":"https:\/\/buod.de\/buod-naptar-2026\/esterhazy-pal\/","name":"Esterh\u00e1zy P\u00e1l - 2026. \u00e1prilis - BUOD","isPartOf":{"@id":"https:\/\/buod.de\/#website"},"primaryImageOfPage":{"@id":"https:\/\/buod.de\/buod-naptar-2026\/esterhazy-pal\/#primaryimage"},"image":{"@id":"https:\/\/buod.de\/buod-naptar-2026\/esterhazy-pal\/#primaryimage"},"thumbnailUrl":"https:\/\/buod.de\/wp-content\/uploads\/2025\/10\/Esterhazy_Pal_8142.png","datePublished":"2025-08-28T16:33:23+00:00","dateModified":"2025-10-01T06:03:36+00:00","breadcrumb":{"@id":"https:\/\/buod.de\/buod-naptar-2026\/esterhazy-pal\/#breadcrumb"},"inLanguage":"de-DE","potentialAction":[{"@type":"ReadAction","target":["https:\/\/buod.de\/buod-naptar-2026\/esterhazy-pal\/"]}]},{"@type":"ImageObject","inLanguage":"de-DE","@id":"https:\/\/buod.de\/buod-naptar-2026\/esterhazy-pal\/#primaryimage","url":"https:\/\/buod.de\/wp-content\/uploads\/2025\/10\/Esterhazy_Pal_8142.png","contentUrl":"https:\/\/buod.de\/wp-content\/uploads\/2025\/10\/Esterhazy_Pal_8142.png"},{"@type":"BreadcrumbList","@id":"https:\/\/buod.de\/buod-naptar-2026\/esterhazy-pal\/#breadcrumb","itemListElement":[{"@type":"ListItem","position":1,"name":"Kezd\u0151lap","item":"https:\/\/buod.de\/"},{"@type":"ListItem","position":2,"name":"BUOD napt\u00e1r 2026","item":"https:\/\/buod.de\/buod-naptar-2026\/"},{"@type":"ListItem","position":3,"name":"Esterh\u00e1zy P\u00e1l &#8211; 2026. \u00e1prilis"}]},{"@type":"WebSite","@id":"https:\/\/buod.de\/#website","url":"https:\/\/buod.de\/","name":"BUOD","description":"Bund Ungarischer Organisationen in Deutschland","publisher":{"@id":"https:\/\/buod.de\/#organization"},"potentialAction":[{"@type":"SearchAction","target":{"@type":"EntryPoint","urlTemplate":"https:\/\/buod.de\/?s={search_term_string}"},"query-input":{"@type":"PropertyValueSpecification","valueRequired":true,"valueName":"search_term_string"}}],"inLanguage":"de-DE"},{"@type":"Organization","@id":"https:\/\/buod.de\/#organization","name":"BUOD","url":"https:\/\/buod.de\/","logo":{"@type":"ImageObject","inLanguage":"de-DE","@id":"https:\/\/buod.de\/#\/schema\/logo\/image\/","url":"https:\/\/buod.de\/wp-content\/uploads\/2024\/03\/BUOD-logo.png","contentUrl":"https:\/\/buod.de\/wp-content\/uploads\/2024\/03\/BUOD-logo.png","width":586,"height":490,"caption":"BUOD"},"image":{"@id":"https:\/\/buod.de\/#\/schema\/logo\/image\/"},"sameAs":["https:\/\/www.facebook.com\/profile.php?id=100082185652397"]}]}},"_links":{"self":[{"href":"https:\/\/buod.de\/de\/wp-json\/wp\/v2\/pages\/10528","targetHints":{"allow":["GET"]}}],"collection":[{"href":"https:\/\/buod.de\/de\/wp-json\/wp\/v2\/pages"}],"about":[{"href":"https:\/\/buod.de\/de\/wp-json\/wp\/v2\/types\/page"}],"author":[{"embeddable":true,"href":"https:\/\/buod.de\/de\/wp-json\/wp\/v2\/users\/7"}],"replies":[{"embeddable":true,"href":"https:\/\/buod.de\/de\/wp-json\/wp\/v2\/comments?post=10528"}],"version-history":[{"count":18,"href":"https:\/\/buod.de\/de\/wp-json\/wp\/v2\/pages\/10528\/revisions"}],"predecessor-version":[{"id":11282,"href":"https:\/\/buod.de\/de\/wp-json\/wp\/v2\/pages\/10528\/revisions\/11282"}],"up":[{"embeddable":true,"href":"https:\/\/buod.de\/de\/wp-json\/wp\/v2\/pages\/10512"}],"wp:attachment":[{"href":"https:\/\/buod.de\/de\/wp-json\/wp\/v2\/media?parent=10528"}],"curies":[{"name":"wp","href":"https:\/\/api.w.org\/{rel}","templated":true}]}}