{"id":10530,"date":"2025-08-28T19:30:13","date_gmt":"2025-08-28T17:30:13","guid":{"rendered":"https:\/\/buod.de\/?page_id=10530"},"modified":"2025-10-01T08:04:55","modified_gmt":"2025-10-01T06:04:55","slug":"szonyi-erzsebet","status":"publish","type":"page","link":"https:\/\/buod.de\/de\/buod-naptar-2026\/szonyi-erzsebet\/","title":{"rendered":"Sz\u0151nyi Erzs\u00e9bet &#8211; 2026. m\u00e1jus"},"content":{"rendered":"<h3 class=\"wp-block-heading\">Sz\u0151nyi Erzs\u00e9bet (1927-2019)<\/h3>\n\n\n\n<figure class=\"wp-block-image size-full is-resized\"><img loading=\"lazy\" decoding=\"async\" width=\"640\" height=\"640\" src=\"https:\/\/buod.de\/wp-content\/uploads\/2025\/10\/MMA26371-1.jpg\" alt=\"\" class=\"wp-image-11253\" style=\"width:264px;height:auto\" srcset=\"https:\/\/buod.de\/wp-content\/uploads\/2025\/10\/MMA26371-1.jpg 640w, https:\/\/buod.de\/wp-content\/uploads\/2025\/10\/MMA26371-1-300x300.jpg 300w, https:\/\/buod.de\/wp-content\/uploads\/2025\/10\/MMA26371-1-150x150.jpg 150w, https:\/\/buod.de\/wp-content\/uploads\/2025\/10\/MMA26371-1-12x12.jpg 12w\" sizes=\"auto, (max-width: 640px) 100vw, 640px\" \/><\/figure>\n\n\n\n<p>Sz\u0151nyi Erzs\u00e9bet magyar zeneszerz\u0151, karvezet\u0151 \u00e9s zenepedag\u00f3gus volt, a Zeneakad\u00e9mia tansz\u00e9kvezet\u0151je, a 20. sz\u00e1zadi magyar zenei \u00e9let kiemelked\u0151 alakja. Kod\u00e1ly Zolt\u00e1n tan\u00edtv\u00e1nyak\u00e9nt a Kod\u00e1ly-m\u00f3dszer nemzetk\u00f6zi elismertet\u00e9s\u00e9n is sokat dolgozott, mik\u00f6zben sz\u00e1mos k\u00f3rusm\u0171vet, orat\u00f3riumot, zenekari m\u0171vet \u00e9s gyermekoper\u00e1t kompon\u00e1lt.<\/p>\n\n\n\n<figure class=\"wp-block-image size-full is-resized\"><img loading=\"lazy\" decoding=\"async\" width=\"564\" height=\"442\" src=\"https:\/\/buod.de\/wp-content\/uploads\/2024\/11\/Lechner_odon_minta.png\" alt=\"\" class=\"wp-image-9502\" style=\"width:212px;height:auto\" srcset=\"https:\/\/buod.de\/wp-content\/uploads\/2024\/11\/Lechner_odon_minta.png 564w, https:\/\/buod.de\/wp-content\/uploads\/2024\/11\/Lechner_odon_minta-300x235.png 300w, https:\/\/buod.de\/wp-content\/uploads\/2024\/11\/Lechner_odon_minta-15x12.png 15w\" sizes=\"auto, (max-width: 564px) 100vw, 564px\" \/><\/figure>\n\n\n\n<h3 class=\"wp-block-heading\">Hallgassa meg egy zenem\u0171v\u00e9t!<\/h3>\n\n\n\n<p>\u00c9n a hegyre c. k\u00f3rusm\u0171<\/p>\n\n\n\n<figure class=\"wp-block-embed is-type-video is-provider-youtube wp-block-embed-youtube wp-embed-aspect-16-9 wp-has-aspect-ratio\"><div class=\"wp-block-embed__wrapper\">\n<iframe loading=\"lazy\" title=\"Sz\u0151nyi Erzs\u00e9bet: \u00c9n  a hegyre\" width=\"500\" height=\"281\" src=\"https:\/\/www.youtube.com\/embed\/DLLbSHuZkVI?feature=oembed\" frameborder=\"0\" allow=\"accelerometer; autoplay; clipboard-write; encrypted-media; gyroscope; picture-in-picture; web-share\" referrerpolicy=\"strict-origin-when-cross-origin\" allowfullscreen><\/iframe>\n<\/div><\/figure>\n\n\n\n<h3 class=\"wp-block-heading\">Deutsch:<\/h3>\n\n\n\n<p>Erzs\u00e9bet Sz\u0151nyi war eine ungarische Komponistin, Chorleiterin und Musikp\u00e4dagogin, Lehrstuhlinhaberin an der Musikakademie und eine herausragende Pers\u00f6nlichkeit des ungarischen Musiklebens des 20. Jahrhunderts. Als Sch\u00fclerin von Zolt\u00e1n Kod\u00e1ly setzte sie sich intensiv f\u00fcr die internationale Anerkennung der Kod\u00e1ly-Methode ein und komponierte zahlreiche Chorwerke, Oratorien, Orchesterwerke und Kinderopern.<\/p>\n\n\n\n<h3 class=\"wp-block-heading\">A BUOD 2026-os falinapt\u00e1rj\u00e1ban szerepl\u0151 tov\u00e1bbi zeneszerz\u0151k:<\/h3>\n\n\n\n<figure class=\"wp-block-embed is-type-wp-embed is-provider-buod wp-block-embed-buod\"><div class=\"wp-block-embed__wrapper\">\n<blockquote class=\"wp-embedded-content\" data-secret=\"4xxCPsW3c5\"><a href=\"https:\/\/buod.de\/de\/buod-naptar-2026\/\">BUOD napt\u00e1r 2026<\/a><\/blockquote><iframe loading=\"lazy\" class=\"wp-embedded-content\" sandbox=\"allow-scripts\" security=\"restricted\" style=\"position: absolute; visibility: hidden;\" title=\"&#8220;BUOD napt\u00e1r 2026&#8221; &#8212; BUOD\" src=\"https:\/\/buod.de\/buod-naptar-2026\/embed\/#?secret=LX0bkgRkpB#?secret=4xxCPsW3c5\" data-secret=\"4xxCPsW3c5\" width=\"500\" height=\"282\" frameborder=\"0\" marginwidth=\"0\" marginheight=\"0\" scrolling=\"no\"><\/iframe>\n<\/div><\/figure>","protected":false},"excerpt":{"rendered":"<p>Sz\u0151nyi Erzs\u00e9bet (1927-2019) Sz\u0151nyi Erzs\u00e9bet magyar zeneszerz\u0151, karvezet\u0151 \u00e9s zenepedag\u00f3gus volt, a Zeneakad\u00e9mia tansz\u00e9kvezet\u0151je, a 20. sz\u00e1zadi magyar zenei \u00e9let kiemelked\u0151 alakja. Kod\u00e1ly Zolt\u00e1n tan\u00edtv\u00e1nyak\u00e9nt a Kod\u00e1ly-m\u00f3dszer nemzetk\u00f6zi elismertet\u00e9s\u00e9n is sokat dolgozott, mik\u00f6zben sz\u00e1mos k\u00f3rusm\u0171vet, orat\u00f3riumot, zenekari m\u0171vet \u00e9s gyermekoper\u00e1t kompon\u00e1lt. Hallgassa meg egy zenem\u0171v\u00e9t! \u00c9n a hegyre c. k\u00f3rusm\u0171 Deutsch: Erzs\u00e9bet Sz\u0151nyi war eine [&hellip;]<\/p>\n","protected":false},"author":7,"featured_media":0,"parent":10512,"menu_order":5,"comment_status":"closed","ping_status":"closed","template":"","meta":{"footnotes":""},"class_list":["post-10530","page","type-page","status-publish","hentry"],"yoast_head":"<!-- This site is optimized with the Yoast SEO plugin v27.4 - https:\/\/yoast.com\/product\/yoast-seo-wordpress\/ -->\n<title>Sz\u0151nyi Erzs\u00e9bet - 2026. m\u00e1jus - BUOD<\/title>\n<meta name=\"robots\" content=\"index, follow, max-snippet:-1, max-image-preview:large, max-video-preview:-1\" \/>\n<link rel=\"canonical\" href=\"https:\/\/buod.de\/de\/buod-naptar-2026\/szonyi-erzsebet\/\" \/>\n<meta property=\"og:locale\" content=\"de_DE\" \/>\n<meta property=\"og:type\" content=\"article\" \/>\n<meta property=\"og:title\" content=\"Sz\u0151nyi Erzs\u00e9bet - 2026. m\u00e1jus - BUOD\" \/>\n<meta property=\"og:description\" content=\"Sz\u0151nyi Erzs\u00e9bet (1927-2019) Sz\u0151nyi Erzs\u00e9bet magyar zeneszerz\u0151, karvezet\u0151 \u00e9s zenepedag\u00f3gus volt, a Zeneakad\u00e9mia tansz\u00e9kvezet\u0151je, a 20. sz\u00e1zadi magyar zenei \u00e9let kiemelked\u0151 alakja. Kod\u00e1ly Zolt\u00e1n tan\u00edtv\u00e1nyak\u00e9nt a Kod\u00e1ly-m\u00f3dszer nemzetk\u00f6zi elismertet\u00e9s\u00e9n is sokat dolgozott, mik\u00f6zben sz\u00e1mos k\u00f3rusm\u0171vet, orat\u00f3riumot, zenekari m\u0171vet \u00e9s gyermekoper\u00e1t kompon\u00e1lt. Hallgassa meg egy zenem\u0171v\u00e9t! \u00c9n a hegyre c. k\u00f3rusm\u0171 Deutsch: Erzs\u00e9bet Sz\u0151nyi war eine [&hellip;]\" \/>\n<meta property=\"og:url\" content=\"https:\/\/buod.de\/de\/buod-naptar-2026\/szonyi-erzsebet\/\" \/>\n<meta property=\"og:site_name\" content=\"BUOD\" \/>\n<meta property=\"article:publisher\" content=\"https:\/\/www.facebook.com\/profile.php?id=100082185652397\" \/>\n<meta property=\"article:modified_time\" content=\"2025-10-01T06:04:55+00:00\" \/>\n<meta property=\"og:image\" content=\"https:\/\/buod.de\/wp-content\/uploads\/2025\/10\/MMA26371-1.jpg\" \/>\n\t<meta property=\"og:image:width\" content=\"640\" \/>\n\t<meta property=\"og:image:height\" content=\"640\" \/>\n\t<meta property=\"og:image:type\" content=\"image\/jpeg\" \/>\n<meta name=\"twitter:card\" content=\"summary_large_image\" \/>\n<meta name=\"twitter:label1\" content=\"Est. reading time\" \/>\n\t<meta name=\"twitter:data1\" content=\"1 minute\" \/>\n<script type=\"application\/ld+json\" class=\"yoast-schema-graph\">{\"@context\":\"https:\\\/\\\/schema.org\",\"@graph\":[{\"@type\":\"WebPage\",\"@id\":\"https:\\\/\\\/buod.de\\\/buod-naptar-2026\\\/szonyi-erzsebet\\\/\",\"url\":\"https:\\\/\\\/buod.de\\\/buod-naptar-2026\\\/szonyi-erzsebet\\\/\",\"name\":\"Sz\u0151nyi Erzs\u00e9bet - 2026. m\u00e1jus - BUOD\",\"isPartOf\":{\"@id\":\"https:\\\/\\\/buod.de\\\/#website\"},\"primaryImageOfPage\":{\"@id\":\"https:\\\/\\\/buod.de\\\/buod-naptar-2026\\\/szonyi-erzsebet\\\/#primaryimage\"},\"image\":{\"@id\":\"https:\\\/\\\/buod.de\\\/buod-naptar-2026\\\/szonyi-erzsebet\\\/#primaryimage\"},\"thumbnailUrl\":\"https:\\\/\\\/buod.de\\\/wp-content\\\/uploads\\\/2025\\\/10\\\/MMA26371-1.jpg\",\"datePublished\":\"2025-08-28T17:30:13+00:00\",\"dateModified\":\"2025-10-01T06:04:55+00:00\",\"breadcrumb\":{\"@id\":\"https:\\\/\\\/buod.de\\\/buod-naptar-2026\\\/szonyi-erzsebet\\\/#breadcrumb\"},\"inLanguage\":\"de-DE\",\"potentialAction\":[{\"@type\":\"ReadAction\",\"target\":[\"https:\\\/\\\/buod.de\\\/buod-naptar-2026\\\/szonyi-erzsebet\\\/\"]}]},{\"@type\":\"ImageObject\",\"inLanguage\":\"de-DE\",\"@id\":\"https:\\\/\\\/buod.de\\\/buod-naptar-2026\\\/szonyi-erzsebet\\\/#primaryimage\",\"url\":\"https:\\\/\\\/buod.de\\\/wp-content\\\/uploads\\\/2025\\\/10\\\/MMA26371-1.jpg\",\"contentUrl\":\"https:\\\/\\\/buod.de\\\/wp-content\\\/uploads\\\/2025\\\/10\\\/MMA26371-1.jpg\"},{\"@type\":\"BreadcrumbList\",\"@id\":\"https:\\\/\\\/buod.de\\\/buod-naptar-2026\\\/szonyi-erzsebet\\\/#breadcrumb\",\"itemListElement\":[{\"@type\":\"ListItem\",\"position\":1,\"name\":\"Kezd\u0151lap\",\"item\":\"https:\\\/\\\/buod.de\\\/\"},{\"@type\":\"ListItem\",\"position\":2,\"name\":\"BUOD napt\u00e1r 2026\",\"item\":\"https:\\\/\\\/buod.de\\\/buod-naptar-2026\\\/\"},{\"@type\":\"ListItem\",\"position\":3,\"name\":\"Sz\u0151nyi Erzs\u00e9bet &#8211; 2026. m\u00e1jus\"}]},{\"@type\":\"WebSite\",\"@id\":\"https:\\\/\\\/buod.de\\\/#website\",\"url\":\"https:\\\/\\\/buod.de\\\/\",\"name\":\"BUOD\",\"description\":\"Bund Ungarischer Organisationen in Deutschland\",\"publisher\":{\"@id\":\"https:\\\/\\\/buod.de\\\/#organization\"},\"potentialAction\":[{\"@type\":\"SearchAction\",\"target\":{\"@type\":\"EntryPoint\",\"urlTemplate\":\"https:\\\/\\\/buod.de\\\/?s={search_term_string}\"},\"query-input\":{\"@type\":\"PropertyValueSpecification\",\"valueRequired\":true,\"valueName\":\"search_term_string\"}}],\"inLanguage\":\"de-DE\"},{\"@type\":\"Organization\",\"@id\":\"https:\\\/\\\/buod.de\\\/#organization\",\"name\":\"BUOD\",\"url\":\"https:\\\/\\\/buod.de\\\/\",\"logo\":{\"@type\":\"ImageObject\",\"inLanguage\":\"de-DE\",\"@id\":\"https:\\\/\\\/buod.de\\\/#\\\/schema\\\/logo\\\/image\\\/\",\"url\":\"https:\\\/\\\/buod.de\\\/wp-content\\\/uploads\\\/2024\\\/03\\\/BUOD-logo.png\",\"contentUrl\":\"https:\\\/\\\/buod.de\\\/wp-content\\\/uploads\\\/2024\\\/03\\\/BUOD-logo.png\",\"width\":586,\"height\":490,\"caption\":\"BUOD\"},\"image\":{\"@id\":\"https:\\\/\\\/buod.de\\\/#\\\/schema\\\/logo\\\/image\\\/\"},\"sameAs\":[\"https:\\\/\\\/www.facebook.com\\\/profile.php?id=100082185652397\"]}]}<\/script>\n<!-- \/ Yoast SEO plugin. -->","yoast_head_json":{"title":"Sz\u0151nyi Erzs\u00e9bet - 2026. m\u00e1jus - BUOD","robots":{"index":"index","follow":"follow","max-snippet":"max-snippet:-1","max-image-preview":"max-image-preview:large","max-video-preview":"max-video-preview:-1"},"canonical":"https:\/\/buod.de\/de\/buod-naptar-2026\/szonyi-erzsebet\/","og_locale":"de_DE","og_type":"article","og_title":"Sz\u0151nyi Erzs\u00e9bet - 2026. m\u00e1jus - BUOD","og_description":"Sz\u0151nyi Erzs\u00e9bet (1927-2019) Sz\u0151nyi Erzs\u00e9bet magyar zeneszerz\u0151, karvezet\u0151 \u00e9s zenepedag\u00f3gus volt, a Zeneakad\u00e9mia tansz\u00e9kvezet\u0151je, a 20. sz\u00e1zadi magyar zenei \u00e9let kiemelked\u0151 alakja. Kod\u00e1ly Zolt\u00e1n tan\u00edtv\u00e1nyak\u00e9nt a Kod\u00e1ly-m\u00f3dszer nemzetk\u00f6zi elismertet\u00e9s\u00e9n is sokat dolgozott, mik\u00f6zben sz\u00e1mos k\u00f3rusm\u0171vet, orat\u00f3riumot, zenekari m\u0171vet \u00e9s gyermekoper\u00e1t kompon\u00e1lt. Hallgassa meg egy zenem\u0171v\u00e9t! \u00c9n a hegyre c. k\u00f3rusm\u0171 Deutsch: Erzs\u00e9bet Sz\u0151nyi war eine [&hellip;]","og_url":"https:\/\/buod.de\/de\/buod-naptar-2026\/szonyi-erzsebet\/","og_site_name":"BUOD","article_publisher":"https:\/\/www.facebook.com\/profile.php?id=100082185652397","article_modified_time":"2025-10-01T06:04:55+00:00","og_image":[{"width":640,"height":640,"url":"https:\/\/buod.de\/wp-content\/uploads\/2025\/10\/MMA26371-1.jpg","type":"image\/jpeg"}],"twitter_card":"summary_large_image","twitter_misc":{"Est. reading time":"1 minute"},"schema":{"@context":"https:\/\/schema.org","@graph":[{"@type":"WebPage","@id":"https:\/\/buod.de\/buod-naptar-2026\/szonyi-erzsebet\/","url":"https:\/\/buod.de\/buod-naptar-2026\/szonyi-erzsebet\/","name":"Sz\u0151nyi Erzs\u00e9bet - 2026. m\u00e1jus - BUOD","isPartOf":{"@id":"https:\/\/buod.de\/#website"},"primaryImageOfPage":{"@id":"https:\/\/buod.de\/buod-naptar-2026\/szonyi-erzsebet\/#primaryimage"},"image":{"@id":"https:\/\/buod.de\/buod-naptar-2026\/szonyi-erzsebet\/#primaryimage"},"thumbnailUrl":"https:\/\/buod.de\/wp-content\/uploads\/2025\/10\/MMA26371-1.jpg","datePublished":"2025-08-28T17:30:13+00:00","dateModified":"2025-10-01T06:04:55+00:00","breadcrumb":{"@id":"https:\/\/buod.de\/buod-naptar-2026\/szonyi-erzsebet\/#breadcrumb"},"inLanguage":"de-DE","potentialAction":[{"@type":"ReadAction","target":["https:\/\/buod.de\/buod-naptar-2026\/szonyi-erzsebet\/"]}]},{"@type":"ImageObject","inLanguage":"de-DE","@id":"https:\/\/buod.de\/buod-naptar-2026\/szonyi-erzsebet\/#primaryimage","url":"https:\/\/buod.de\/wp-content\/uploads\/2025\/10\/MMA26371-1.jpg","contentUrl":"https:\/\/buod.de\/wp-content\/uploads\/2025\/10\/MMA26371-1.jpg"},{"@type":"BreadcrumbList","@id":"https:\/\/buod.de\/buod-naptar-2026\/szonyi-erzsebet\/#breadcrumb","itemListElement":[{"@type":"ListItem","position":1,"name":"Kezd\u0151lap","item":"https:\/\/buod.de\/"},{"@type":"ListItem","position":2,"name":"BUOD napt\u00e1r 2026","item":"https:\/\/buod.de\/buod-naptar-2026\/"},{"@type":"ListItem","position":3,"name":"Sz\u0151nyi Erzs\u00e9bet &#8211; 2026. m\u00e1jus"}]},{"@type":"WebSite","@id":"https:\/\/buod.de\/#website","url":"https:\/\/buod.de\/","name":"BUOD","description":"Bund Ungarischer Organisationen in Deutschland","publisher":{"@id":"https:\/\/buod.de\/#organization"},"potentialAction":[{"@type":"SearchAction","target":{"@type":"EntryPoint","urlTemplate":"https:\/\/buod.de\/?s={search_term_string}"},"query-input":{"@type":"PropertyValueSpecification","valueRequired":true,"valueName":"search_term_string"}}],"inLanguage":"de-DE"},{"@type":"Organization","@id":"https:\/\/buod.de\/#organization","name":"BUOD","url":"https:\/\/buod.de\/","logo":{"@type":"ImageObject","inLanguage":"de-DE","@id":"https:\/\/buod.de\/#\/schema\/logo\/image\/","url":"https:\/\/buod.de\/wp-content\/uploads\/2024\/03\/BUOD-logo.png","contentUrl":"https:\/\/buod.de\/wp-content\/uploads\/2024\/03\/BUOD-logo.png","width":586,"height":490,"caption":"BUOD"},"image":{"@id":"https:\/\/buod.de\/#\/schema\/logo\/image\/"},"sameAs":["https:\/\/www.facebook.com\/profile.php?id=100082185652397"]}]}},"_links":{"self":[{"href":"https:\/\/buod.de\/de\/wp-json\/wp\/v2\/pages\/10530","targetHints":{"allow":["GET"]}}],"collection":[{"href":"https:\/\/buod.de\/de\/wp-json\/wp\/v2\/pages"}],"about":[{"href":"https:\/\/buod.de\/de\/wp-json\/wp\/v2\/types\/page"}],"author":[{"embeddable":true,"href":"https:\/\/buod.de\/de\/wp-json\/wp\/v2\/users\/7"}],"replies":[{"embeddable":true,"href":"https:\/\/buod.de\/de\/wp-json\/wp\/v2\/comments?post=10530"}],"version-history":[{"count":8,"href":"https:\/\/buod.de\/de\/wp-json\/wp\/v2\/pages\/10530\/revisions"}],"predecessor-version":[{"id":11284,"href":"https:\/\/buod.de\/de\/wp-json\/wp\/v2\/pages\/10530\/revisions\/11284"}],"up":[{"embeddable":true,"href":"https:\/\/buod.de\/de\/wp-json\/wp\/v2\/pages\/10512"}],"wp:attachment":[{"href":"https:\/\/buod.de\/de\/wp-json\/wp\/v2\/media?parent=10530"}],"curies":[{"name":"wp","href":"https:\/\/api.w.org\/{rel}","templated":true}]}}