{"id":10532,"date":"2025-08-28T19:36:57","date_gmt":"2025-08-28T17:36:57","guid":{"rendered":"https:\/\/buod.de\/?page_id=10532"},"modified":"2025-10-01T09:25:49","modified_gmt":"2025-10-01T07:25:49","slug":"kodaly-zoltan","status":"publish","type":"page","link":"https:\/\/buod.de\/de\/buod-naptar-2026\/kodaly-zoltan\/","title":{"rendered":"Kod\u00e1ly Zolt\u00e1n &#8211; 2026. j\u00fanius"},"content":{"rendered":"<h3 class=\"wp-block-heading\">Kod\u00e1ly Zolt\u00e1n (1882-1967)<\/h3>\n\n\n\n<figure class=\"wp-block-image size-large is-resized\"><img loading=\"lazy\" decoding=\"async\" width=\"975\" height=\"1024\" src=\"https:\/\/buod.de\/wp-content\/uploads\/2025\/10\/fortepan_210927-975x1024.jpg\" alt=\"\" class=\"wp-image-11306\" style=\"width:235px;height:auto\" srcset=\"https:\/\/buod.de\/wp-content\/uploads\/2025\/10\/fortepan_210927-975x1024.jpg 975w, https:\/\/buod.de\/wp-content\/uploads\/2025\/10\/fortepan_210927-286x300.jpg 286w, https:\/\/buod.de\/wp-content\/uploads\/2025\/10\/fortepan_210927-768x806.jpg 768w, https:\/\/buod.de\/wp-content\/uploads\/2025\/10\/fortepan_210927-1463x1536.jpg 1463w, https:\/\/buod.de\/wp-content\/uploads\/2025\/10\/fortepan_210927-1950x2048.jpg 1950w, https:\/\/buod.de\/wp-content\/uploads\/2025\/10\/fortepan_210927-11x12.jpg 11w\" sizes=\"auto, (max-width: 975px) 100vw, 975px\" \/><\/figure>\n\n\n\n<p>Kod\u00e1ly Zolt\u00e1n vil\u00e1gh\u00edr\u0171 magyar zeneszerz\u0151, zenetud\u00f3s, n\u00e9pzenekutat\u00f3 \u00e9s pedag\u00f3gus volt. N\u00e9pzenei gy\u0171jt\u0151munk\u00e1j\u00e1val \u00e9s kompoz\u00edci\u00f3ival a magyar zenei hagyom\u00e1nyokat emelte nemzetk\u00f6zi rangra, mik\u00f6zben egyed\u00fcl\u00e1ll\u00f3 st\u00edlust teremtett. Nev\u00e9t legink\u00e1bb a Kod\u00e1ly-m\u00f3dszer tette ismertt\u00e9, amely forradalmi \u00faj\u00edt\u00e1st hozott a zeneoktat\u00e1sban vil\u00e1gszerte. 2016-ban az UNESCO a szellemi kultur\u00e1lis \u00f6r\u00f6ks\u00e9g r\u00e9sz\u00e9v\u00e9 nyilv\u00e1n\u00edtotta a Kod\u00e1ly-m\u00f3dszert.<\/p>\n\n\n\n<figure class=\"wp-block-image size-full is-resized\"><img loading=\"lazy\" decoding=\"async\" width=\"564\" height=\"442\" src=\"https:\/\/buod.de\/wp-content\/uploads\/2024\/11\/Lechner_odon_minta.png\" alt=\"\" class=\"wp-image-9502\" style=\"width:228px;height:auto\" srcset=\"https:\/\/buod.de\/wp-content\/uploads\/2024\/11\/Lechner_odon_minta.png 564w, https:\/\/buod.de\/wp-content\/uploads\/2024\/11\/Lechner_odon_minta-300x235.png 300w, https:\/\/buod.de\/wp-content\/uploads\/2024\/11\/Lechner_odon_minta-15x12.png 15w\" sizes=\"auto, (max-width: 564px) 100vw, 564px\" \/><\/figure>\n\n\n\n<h3 class=\"wp-block-heading\">Hallgassa meg egy zenem\u0171v\u00e9t!<\/h3>\n\n\n\n<p>Esti dal c. k\u00f3rusm\u0171<\/p>\n\n\n\n<figure class=\"wp-block-embed is-type-video is-provider-youtube wp-block-embed-youtube wp-embed-aspect-16-9 wp-has-aspect-ratio\"><div class=\"wp-block-embed__wrapper\">\n<iframe loading=\"lazy\" title=\"Special flash mob in Budapest, Zolt\u00e1n Kod\u00e1ly Evening song \/ Kod\u00e1ly Zolt\u00e1n: Esti dal flash mob\" width=\"500\" height=\"281\" src=\"https:\/\/www.youtube.com\/embed\/b055cHvLgtk?feature=oembed\" frameborder=\"0\" allow=\"accelerometer; autoplay; clipboard-write; encrypted-media; gyroscope; picture-in-picture; web-share\" referrerpolicy=\"strict-origin-when-cross-origin\" allowfullscreen><\/iframe>\n<\/div><\/figure>\n\n\n\n<h3 class=\"wp-block-heading\">Deutsch:<\/h3>\n\n\n\n<p>Zolt\u00e1n Kod\u00e1ly war ein weltber\u00fchmter ungarischer Komponist, Musikwissenschaftler, Volksmusikforscher und Lehrer. Mit seiner Sammlung von Volksmusik und seinen Kompositionen hob er die ungarischen Musiktraditionen auf internationales Niveau und schuf dabei einen einzigartigen Stil. Bekannt wurde er vor allem durch die Kod\u00e1ly-Methode, die weltweit eine revolution\u00e4re Neuerung im Musikunterricht darstellte. 2016 erkl\u00e4rte die UNESCO die Kod\u00e1ly-Methode zum immateriellen Kulturerbe der Menschheit.<\/p>\n\n\n\n<h3 class=\"wp-block-heading\">A BUOD 2026-os falinapt\u00e1rj\u00e1ban szerepl\u0151 tov\u00e1bbi zeneszerz\u0151k:<\/h3>\n\n\n\n<figure class=\"wp-block-embed is-type-wp-embed is-provider-buod wp-block-embed-buod\"><div class=\"wp-block-embed__wrapper\">\n<blockquote class=\"wp-embedded-content\" data-secret=\"8GQj0lIrM8\"><a href=\"https:\/\/buod.de\/de\/buod-naptar-2026\/\">BUOD napt\u00e1r 2026<\/a><\/blockquote><iframe loading=\"lazy\" class=\"wp-embedded-content\" sandbox=\"allow-scripts\" security=\"restricted\" style=\"position: absolute; visibility: hidden;\" title=\"&#8220;BUOD napt\u00e1r 2026&#8221; &#8212; BUOD\" src=\"https:\/\/buod.de\/buod-naptar-2026\/embed\/#?secret=mqDzPBhr08#?secret=8GQj0lIrM8\" data-secret=\"8GQj0lIrM8\" width=\"500\" height=\"282\" frameborder=\"0\" marginwidth=\"0\" marginheight=\"0\" scrolling=\"no\"><\/iframe>\n<\/div><\/figure>","protected":false},"excerpt":{"rendered":"<p>Kod\u00e1ly Zolt\u00e1n (1882-1967) Kod\u00e1ly Zolt\u00e1n vil\u00e1gh\u00edr\u0171 magyar zeneszerz\u0151, zenetud\u00f3s, n\u00e9pzenekutat\u00f3 \u00e9s pedag\u00f3gus volt. N\u00e9pzenei gy\u0171jt\u0151munk\u00e1j\u00e1val \u00e9s kompoz\u00edci\u00f3ival a magyar zenei hagyom\u00e1nyokat emelte nemzetk\u00f6zi rangra, mik\u00f6zben egyed\u00fcl\u00e1ll\u00f3 st\u00edlust teremtett. Nev\u00e9t legink\u00e1bb a Kod\u00e1ly-m\u00f3dszer tette ismertt\u00e9, amely forradalmi \u00faj\u00edt\u00e1st hozott a zeneoktat\u00e1sban vil\u00e1gszerte. 2016-ban az UNESCO a szellemi kultur\u00e1lis \u00f6r\u00f6ks\u00e9g r\u00e9sz\u00e9v\u00e9 nyilv\u00e1n\u00edtotta a Kod\u00e1ly-m\u00f3dszert. Hallgassa meg egy [&hellip;]<\/p>\n","protected":false},"author":7,"featured_media":0,"parent":10512,"menu_order":6,"comment_status":"closed","ping_status":"closed","template":"","meta":{"footnotes":""},"class_list":["post-10532","page","type-page","status-publish","hentry"],"yoast_head":"<!-- This site is optimized with the Yoast SEO plugin v27.4 - https:\/\/yoast.com\/product\/yoast-seo-wordpress\/ -->\n<title>Kod\u00e1ly Zolt\u00e1n - 2026. j\u00fanius - BUOD<\/title>\n<meta name=\"robots\" content=\"index, follow, max-snippet:-1, max-image-preview:large, max-video-preview:-1\" \/>\n<link rel=\"canonical\" href=\"https:\/\/buod.de\/de\/buod-naptar-2026\/kodaly-zoltan\/\" \/>\n<meta property=\"og:locale\" content=\"de_DE\" \/>\n<meta property=\"og:type\" content=\"article\" \/>\n<meta property=\"og:title\" content=\"Kod\u00e1ly Zolt\u00e1n - 2026. j\u00fanius - BUOD\" \/>\n<meta property=\"og:description\" content=\"Kod\u00e1ly Zolt\u00e1n (1882-1967) Kod\u00e1ly Zolt\u00e1n vil\u00e1gh\u00edr\u0171 magyar zeneszerz\u0151, zenetud\u00f3s, n\u00e9pzenekutat\u00f3 \u00e9s pedag\u00f3gus volt. N\u00e9pzenei gy\u0171jt\u0151munk\u00e1j\u00e1val \u00e9s kompoz\u00edci\u00f3ival a magyar zenei hagyom\u00e1nyokat emelte nemzetk\u00f6zi rangra, mik\u00f6zben egyed\u00fcl\u00e1ll\u00f3 st\u00edlust teremtett. Nev\u00e9t legink\u00e1bb a Kod\u00e1ly-m\u00f3dszer tette ismertt\u00e9, amely forradalmi \u00faj\u00edt\u00e1st hozott a zeneoktat\u00e1sban vil\u00e1gszerte. 2016-ban az UNESCO a szellemi kultur\u00e1lis \u00f6r\u00f6ks\u00e9g r\u00e9sz\u00e9v\u00e9 nyilv\u00e1n\u00edtotta a Kod\u00e1ly-m\u00f3dszert. Hallgassa meg egy [&hellip;]\" \/>\n<meta property=\"og:url\" content=\"https:\/\/buod.de\/de\/buod-naptar-2026\/kodaly-zoltan\/\" \/>\n<meta property=\"og:site_name\" content=\"BUOD\" \/>\n<meta property=\"article:publisher\" content=\"https:\/\/www.facebook.com\/profile.php?id=100082185652397\" \/>\n<meta property=\"article:modified_time\" content=\"2025-10-01T07:25:49+00:00\" \/>\n<meta property=\"og:image\" content=\"https:\/\/buod.de\/wp-content\/uploads\/2025\/10\/fortepan_210927-scaled.jpg\" \/>\n\t<meta property=\"og:image:width\" content=\"2438\" \/>\n\t<meta property=\"og:image:height\" content=\"2560\" \/>\n\t<meta property=\"og:image:type\" content=\"image\/jpeg\" \/>\n<meta name=\"twitter:card\" content=\"summary_large_image\" \/>\n<meta name=\"twitter:label1\" content=\"Est. reading time\" \/>\n\t<meta name=\"twitter:data1\" content=\"1 minute\" \/>\n<script type=\"application\/ld+json\" class=\"yoast-schema-graph\">{\"@context\":\"https:\\\/\\\/schema.org\",\"@graph\":[{\"@type\":\"WebPage\",\"@id\":\"https:\\\/\\\/buod.de\\\/buod-naptar-2026\\\/kodaly-zoltan\\\/\",\"url\":\"https:\\\/\\\/buod.de\\\/buod-naptar-2026\\\/kodaly-zoltan\\\/\",\"name\":\"Kod\u00e1ly Zolt\u00e1n - 2026. j\u00fanius - BUOD\",\"isPartOf\":{\"@id\":\"https:\\\/\\\/buod.de\\\/#website\"},\"primaryImageOfPage\":{\"@id\":\"https:\\\/\\\/buod.de\\\/buod-naptar-2026\\\/kodaly-zoltan\\\/#primaryimage\"},\"image\":{\"@id\":\"https:\\\/\\\/buod.de\\\/buod-naptar-2026\\\/kodaly-zoltan\\\/#primaryimage\"},\"thumbnailUrl\":\"https:\\\/\\\/buod.de\\\/wp-content\\\/uploads\\\/2025\\\/10\\\/fortepan_210927-975x1024.jpg\",\"datePublished\":\"2025-08-28T17:36:57+00:00\",\"dateModified\":\"2025-10-01T07:25:49+00:00\",\"breadcrumb\":{\"@id\":\"https:\\\/\\\/buod.de\\\/buod-naptar-2026\\\/kodaly-zoltan\\\/#breadcrumb\"},\"inLanguage\":\"de-DE\",\"potentialAction\":[{\"@type\":\"ReadAction\",\"target\":[\"https:\\\/\\\/buod.de\\\/buod-naptar-2026\\\/kodaly-zoltan\\\/\"]}]},{\"@type\":\"ImageObject\",\"inLanguage\":\"de-DE\",\"@id\":\"https:\\\/\\\/buod.de\\\/buod-naptar-2026\\\/kodaly-zoltan\\\/#primaryimage\",\"url\":\"https:\\\/\\\/buod.de\\\/wp-content\\\/uploads\\\/2025\\\/10\\\/fortepan_210927-975x1024.jpg\",\"contentUrl\":\"https:\\\/\\\/buod.de\\\/wp-content\\\/uploads\\\/2025\\\/10\\\/fortepan_210927-975x1024.jpg\"},{\"@type\":\"BreadcrumbList\",\"@id\":\"https:\\\/\\\/buod.de\\\/buod-naptar-2026\\\/kodaly-zoltan\\\/#breadcrumb\",\"itemListElement\":[{\"@type\":\"ListItem\",\"position\":1,\"name\":\"Kezd\u0151lap\",\"item\":\"https:\\\/\\\/buod.de\\\/\"},{\"@type\":\"ListItem\",\"position\":2,\"name\":\"BUOD napt\u00e1r 2026\",\"item\":\"https:\\\/\\\/buod.de\\\/buod-naptar-2026\\\/\"},{\"@type\":\"ListItem\",\"position\":3,\"name\":\"Kod\u00e1ly Zolt\u00e1n &#8211; 2026. j\u00fanius\"}]},{\"@type\":\"WebSite\",\"@id\":\"https:\\\/\\\/buod.de\\\/#website\",\"url\":\"https:\\\/\\\/buod.de\\\/\",\"name\":\"BUOD\",\"description\":\"Bund Ungarischer Organisationen in Deutschland\",\"publisher\":{\"@id\":\"https:\\\/\\\/buod.de\\\/#organization\"},\"potentialAction\":[{\"@type\":\"SearchAction\",\"target\":{\"@type\":\"EntryPoint\",\"urlTemplate\":\"https:\\\/\\\/buod.de\\\/?s={search_term_string}\"},\"query-input\":{\"@type\":\"PropertyValueSpecification\",\"valueRequired\":true,\"valueName\":\"search_term_string\"}}],\"inLanguage\":\"de-DE\"},{\"@type\":\"Organization\",\"@id\":\"https:\\\/\\\/buod.de\\\/#organization\",\"name\":\"BUOD\",\"url\":\"https:\\\/\\\/buod.de\\\/\",\"logo\":{\"@type\":\"ImageObject\",\"inLanguage\":\"de-DE\",\"@id\":\"https:\\\/\\\/buod.de\\\/#\\\/schema\\\/logo\\\/image\\\/\",\"url\":\"https:\\\/\\\/buod.de\\\/wp-content\\\/uploads\\\/2024\\\/03\\\/BUOD-logo.png\",\"contentUrl\":\"https:\\\/\\\/buod.de\\\/wp-content\\\/uploads\\\/2024\\\/03\\\/BUOD-logo.png\",\"width\":586,\"height\":490,\"caption\":\"BUOD\"},\"image\":{\"@id\":\"https:\\\/\\\/buod.de\\\/#\\\/schema\\\/logo\\\/image\\\/\"},\"sameAs\":[\"https:\\\/\\\/www.facebook.com\\\/profile.php?id=100082185652397\"]}]}<\/script>\n<!-- \/ Yoast SEO plugin. -->","yoast_head_json":{"title":"Kod\u00e1ly Zolt\u00e1n - 2026. j\u00fanius - BUOD","robots":{"index":"index","follow":"follow","max-snippet":"max-snippet:-1","max-image-preview":"max-image-preview:large","max-video-preview":"max-video-preview:-1"},"canonical":"https:\/\/buod.de\/de\/buod-naptar-2026\/kodaly-zoltan\/","og_locale":"de_DE","og_type":"article","og_title":"Kod\u00e1ly Zolt\u00e1n - 2026. j\u00fanius - BUOD","og_description":"Kod\u00e1ly Zolt\u00e1n (1882-1967) Kod\u00e1ly Zolt\u00e1n vil\u00e1gh\u00edr\u0171 magyar zeneszerz\u0151, zenetud\u00f3s, n\u00e9pzenekutat\u00f3 \u00e9s pedag\u00f3gus volt. N\u00e9pzenei gy\u0171jt\u0151munk\u00e1j\u00e1val \u00e9s kompoz\u00edci\u00f3ival a magyar zenei hagyom\u00e1nyokat emelte nemzetk\u00f6zi rangra, mik\u00f6zben egyed\u00fcl\u00e1ll\u00f3 st\u00edlust teremtett. Nev\u00e9t legink\u00e1bb a Kod\u00e1ly-m\u00f3dszer tette ismertt\u00e9, amely forradalmi \u00faj\u00edt\u00e1st hozott a zeneoktat\u00e1sban vil\u00e1gszerte. 2016-ban az UNESCO a szellemi kultur\u00e1lis \u00f6r\u00f6ks\u00e9g r\u00e9sz\u00e9v\u00e9 nyilv\u00e1n\u00edtotta a Kod\u00e1ly-m\u00f3dszert. Hallgassa meg egy [&hellip;]","og_url":"https:\/\/buod.de\/de\/buod-naptar-2026\/kodaly-zoltan\/","og_site_name":"BUOD","article_publisher":"https:\/\/www.facebook.com\/profile.php?id=100082185652397","article_modified_time":"2025-10-01T07:25:49+00:00","og_image":[{"width":2438,"height":2560,"url":"https:\/\/buod.de\/wp-content\/uploads\/2025\/10\/fortepan_210927-scaled.jpg","type":"image\/jpeg"}],"twitter_card":"summary_large_image","twitter_misc":{"Est. reading time":"1 minute"},"schema":{"@context":"https:\/\/schema.org","@graph":[{"@type":"WebPage","@id":"https:\/\/buod.de\/buod-naptar-2026\/kodaly-zoltan\/","url":"https:\/\/buod.de\/buod-naptar-2026\/kodaly-zoltan\/","name":"Kod\u00e1ly Zolt\u00e1n - 2026. j\u00fanius - BUOD","isPartOf":{"@id":"https:\/\/buod.de\/#website"},"primaryImageOfPage":{"@id":"https:\/\/buod.de\/buod-naptar-2026\/kodaly-zoltan\/#primaryimage"},"image":{"@id":"https:\/\/buod.de\/buod-naptar-2026\/kodaly-zoltan\/#primaryimage"},"thumbnailUrl":"https:\/\/buod.de\/wp-content\/uploads\/2025\/10\/fortepan_210927-975x1024.jpg","datePublished":"2025-08-28T17:36:57+00:00","dateModified":"2025-10-01T07:25:49+00:00","breadcrumb":{"@id":"https:\/\/buod.de\/buod-naptar-2026\/kodaly-zoltan\/#breadcrumb"},"inLanguage":"de-DE","potentialAction":[{"@type":"ReadAction","target":["https:\/\/buod.de\/buod-naptar-2026\/kodaly-zoltan\/"]}]},{"@type":"ImageObject","inLanguage":"de-DE","@id":"https:\/\/buod.de\/buod-naptar-2026\/kodaly-zoltan\/#primaryimage","url":"https:\/\/buod.de\/wp-content\/uploads\/2025\/10\/fortepan_210927-975x1024.jpg","contentUrl":"https:\/\/buod.de\/wp-content\/uploads\/2025\/10\/fortepan_210927-975x1024.jpg"},{"@type":"BreadcrumbList","@id":"https:\/\/buod.de\/buod-naptar-2026\/kodaly-zoltan\/#breadcrumb","itemListElement":[{"@type":"ListItem","position":1,"name":"Kezd\u0151lap","item":"https:\/\/buod.de\/"},{"@type":"ListItem","position":2,"name":"BUOD napt\u00e1r 2026","item":"https:\/\/buod.de\/buod-naptar-2026\/"},{"@type":"ListItem","position":3,"name":"Kod\u00e1ly Zolt\u00e1n &#8211; 2026. j\u00fanius"}]},{"@type":"WebSite","@id":"https:\/\/buod.de\/#website","url":"https:\/\/buod.de\/","name":"BUOD","description":"Bund Ungarischer Organisationen in Deutschland","publisher":{"@id":"https:\/\/buod.de\/#organization"},"potentialAction":[{"@type":"SearchAction","target":{"@type":"EntryPoint","urlTemplate":"https:\/\/buod.de\/?s={search_term_string}"},"query-input":{"@type":"PropertyValueSpecification","valueRequired":true,"valueName":"search_term_string"}}],"inLanguage":"de-DE"},{"@type":"Organization","@id":"https:\/\/buod.de\/#organization","name":"BUOD","url":"https:\/\/buod.de\/","logo":{"@type":"ImageObject","inLanguage":"de-DE","@id":"https:\/\/buod.de\/#\/schema\/logo\/image\/","url":"https:\/\/buod.de\/wp-content\/uploads\/2024\/03\/BUOD-logo.png","contentUrl":"https:\/\/buod.de\/wp-content\/uploads\/2024\/03\/BUOD-logo.png","width":586,"height":490,"caption":"BUOD"},"image":{"@id":"https:\/\/buod.de\/#\/schema\/logo\/image\/"},"sameAs":["https:\/\/www.facebook.com\/profile.php?id=100082185652397"]}]}},"_links":{"self":[{"href":"https:\/\/buod.de\/de\/wp-json\/wp\/v2\/pages\/10532","targetHints":{"allow":["GET"]}}],"collection":[{"href":"https:\/\/buod.de\/de\/wp-json\/wp\/v2\/pages"}],"about":[{"href":"https:\/\/buod.de\/de\/wp-json\/wp\/v2\/types\/page"}],"author":[{"embeddable":true,"href":"https:\/\/buod.de\/de\/wp-json\/wp\/v2\/users\/7"}],"replies":[{"embeddable":true,"href":"https:\/\/buod.de\/de\/wp-json\/wp\/v2\/comments?post=10532"}],"version-history":[{"count":7,"href":"https:\/\/buod.de\/de\/wp-json\/wp\/v2\/pages\/10532\/revisions"}],"predecessor-version":[{"id":11307,"href":"https:\/\/buod.de\/de\/wp-json\/wp\/v2\/pages\/10532\/revisions\/11307"}],"up":[{"embeddable":true,"href":"https:\/\/buod.de\/de\/wp-json\/wp\/v2\/pages\/10512"}],"wp:attachment":[{"href":"https:\/\/buod.de\/de\/wp-json\/wp\/v2\/media?parent=10532"}],"curies":[{"name":"wp","href":"https:\/\/api.w.org\/{rel}","templated":true}]}}