{"id":10534,"date":"2025-08-28T19:42:15","date_gmt":"2025-08-28T17:42:15","guid":{"rendered":"https:\/\/buod.de\/?page_id=10534"},"modified":"2025-10-01T09:26:24","modified_gmt":"2025-10-01T07:26:24","slug":"szechenyi-franciska","status":"publish","type":"page","link":"https:\/\/buod.de\/de\/buod-naptar-2026\/szechenyi-franciska\/","title":{"rendered":"Sz\u00e9ch\u00e9nyi Franciska &#8211; 2026. j\u00falius"},"content":{"rendered":"<h3 class=\"wp-block-heading\">Sz\u00e9ch\u00e9nyi Franciska (1783-1861)<\/h3>\n\n\n\n<figure class=\"wp-block-image size-large is-resized\"><img loading=\"lazy\" decoding=\"async\" width=\"704\" height=\"1024\" src=\"https:\/\/buod.de\/wp-content\/uploads\/2025\/08\/502434_0012b_nagykep-704x1024.jpg\" alt=\"\" class=\"wp-image-10659\" style=\"width:265px;height:auto\" srcset=\"https:\/\/buod.de\/wp-content\/uploads\/2025\/08\/502434_0012b_nagykep-704x1024.jpg 704w, https:\/\/buod.de\/wp-content\/uploads\/2025\/08\/502434_0012b_nagykep-206x300.jpg 206w, https:\/\/buod.de\/wp-content\/uploads\/2025\/08\/502434_0012b_nagykep-768x1117.jpg 768w, https:\/\/buod.de\/wp-content\/uploads\/2025\/08\/502434_0012b_nagykep-1056x1536.jpg 1056w, https:\/\/buod.de\/wp-content\/uploads\/2025\/08\/502434_0012b_nagykep-1409x2048.jpg 1409w, https:\/\/buod.de\/wp-content\/uploads\/2025\/08\/502434_0012b_nagykep-8x12.jpg 8w, https:\/\/buod.de\/wp-content\/uploads\/2025\/08\/502434_0012b_nagykep-scaled.jpg 1761w\" sizes=\"auto, (max-width: 704px) 100vw, 704px\" \/><\/figure>\n\n\n\n<p>Sz\u00e9ch\u00e9nyi Franciska a magyar zenet\u00f6rt\u00e9net egyik els\u0151 n\u0151i zeneszerz\u0151je volt, Sz\u00e9ch\u00e9nyi Ferenc l\u00e1nya \u00e9s Sz\u00e9chenyi Istv\u00e1n \u00e1llamf\u00e9rfi \u00e9s miniszter testv\u00e9re. Pinkaf\u0151n \u00e9lt, ahol f\u00e9rje hal\u00e1la ut\u00e1n a j\u00f3t\u00e9konykod\u00e1snak szentelte az \u00e9let\u00e9t. Templomot \u00e9p\u00edtett, k\u00f3rh\u00e1zat, \u00e1rvah\u00e1zat, le\u00e1nyiskol\u00e1t, b\u00f6lcs\u0151d\u00e9t, z\u00e1rd\u00e1t alap\u00edtott, k\u00f3rust vezetett, kompon\u00e1lt, kit\u0171n\u0151en zongor\u00e1zott \u00e9s orgon\u00e1lt. \u00c9lete v\u00e9g\u00e9n betegek \u00e9s id\u0151sek \u00e1pol\u00e1s\u00e1val t\u00f6lt\u00f6tte a napjait.<\/p>\n\n\n\n<figure class=\"wp-block-image size-full is-resized\"><img loading=\"lazy\" decoding=\"async\" width=\"564\" height=\"442\" src=\"https:\/\/buod.de\/wp-content\/uploads\/2024\/11\/Lechner_odon_minta.png\" alt=\"\" class=\"wp-image-9502\" style=\"width:193px;height:auto\" srcset=\"https:\/\/buod.de\/wp-content\/uploads\/2024\/11\/Lechner_odon_minta.png 564w, https:\/\/buod.de\/wp-content\/uploads\/2024\/11\/Lechner_odon_minta-300x235.png 300w, https:\/\/buod.de\/wp-content\/uploads\/2024\/11\/Lechner_odon_minta-15x12.png 15w\" sizes=\"auto, (max-width: 564px) 100vw, 564px\" \/><\/figure>\n\n\n\n<h3 class=\"wp-block-heading\">Hallgassa meg egy zenem\u0171v\u00e9t!<\/h3>\n\n\n\n<p>6 L\u00e4ndler<\/p>\n\n\n\n<figure class=\"wp-block-embed is-type-video is-provider-youtube wp-block-embed-youtube wp-embed-aspect-4-3 wp-has-aspect-ratio\"><div class=\"wp-block-embed__wrapper\">\n<iframe loading=\"lazy\" title=\"6 L\u00e4ndler\" width=\"500\" height=\"375\" src=\"https:\/\/www.youtube.com\/embed\/oB9hOdAujhE?feature=oembed\" frameborder=\"0\" allow=\"accelerometer; autoplay; clipboard-write; encrypted-media; gyroscope; picture-in-picture; web-share\" referrerpolicy=\"strict-origin-when-cross-origin\" allowfullscreen><\/iframe>\n<\/div><\/figure>\n\n\n\n<h3 class=\"wp-block-heading\">Deutsch:<\/h3>\n\n\n\n<p>Franciska Sz\u00e9ch\u00e9nyi war eine der ersten Komponistinnen der ungarischen Musikgeschichte, Tochter von Ferenc Sz\u00e9ch\u00e9nyi und Schwester des Staatsmannes und Ministers Istv\u00e1n Sz\u00e9chenyi. Sie lebte in Pinkafeld, wo sie sich nach dem Tod ihres Mannes der Wohlt\u00e4tigkeit widmete. Sie baute eine Kirche, gr\u00fcndete ein Krankenhaus, ein Waisenhaus, eine M\u00e4dchenschule, eine Kinderkrippe und ein Kloster, leitete einen Chor, komponierte und spielte hervorragend Klavier und Orgel. Am Ende ihres Lebens widmete sie sich der Pflege von Kranken und Alten.<\/p>\n\n\n\n<h3 class=\"wp-block-heading\">A BUOD 2026-os falinapt\u00e1rj\u00e1ban szerepl\u0151 t\u00f6bbi zeneszerz\u0151:<\/h3>\n\n\n\n<figure class=\"wp-block-embed is-type-wp-embed is-provider-buod wp-block-embed-buod\"><div class=\"wp-block-embed__wrapper\">\n<blockquote class=\"wp-embedded-content\" data-secret=\"McxRPdizvb\"><a href=\"https:\/\/buod.de\/de\/buod-naptar-2026\/\">BUOD napt\u00e1r 2026<\/a><\/blockquote><iframe loading=\"lazy\" class=\"wp-embedded-content\" sandbox=\"allow-scripts\" security=\"restricted\" style=\"position: absolute; visibility: hidden;\" title=\"&#8220;BUOD napt\u00e1r 2026&#8221; &#8212; BUOD\" src=\"https:\/\/buod.de\/buod-naptar-2026\/embed\/#?secret=vIGbGFrBM4#?secret=McxRPdizvb\" data-secret=\"McxRPdizvb\" width=\"500\" height=\"282\" frameborder=\"0\" marginwidth=\"0\" marginheight=\"0\" scrolling=\"no\"><\/iframe>\n<\/div><\/figure>","protected":false},"excerpt":{"rendered":"<p>Sz\u00e9ch\u00e9nyi Franciska (1783-1861) Sz\u00e9ch\u00e9nyi Franciska a magyar zenet\u00f6rt\u00e9net egyik els\u0151 n\u0151i zeneszerz\u0151je volt, Sz\u00e9ch\u00e9nyi Ferenc l\u00e1nya \u00e9s Sz\u00e9chenyi Istv\u00e1n \u00e1llamf\u00e9rfi \u00e9s miniszter testv\u00e9re. Pinkaf\u0151n \u00e9lt, ahol f\u00e9rje hal\u00e1la ut\u00e1n a j\u00f3t\u00e9konykod\u00e1snak szentelte az \u00e9let\u00e9t. Templomot \u00e9p\u00edtett, k\u00f3rh\u00e1zat, \u00e1rvah\u00e1zat, le\u00e1nyiskol\u00e1t, b\u00f6lcs\u0151d\u00e9t, z\u00e1rd\u00e1t alap\u00edtott, k\u00f3rust vezetett, kompon\u00e1lt, kit\u0171n\u0151en zongor\u00e1zott \u00e9s orgon\u00e1lt. \u00c9lete v\u00e9g\u00e9n betegek \u00e9s id\u0151sek \u00e1pol\u00e1s\u00e1val [&hellip;]<\/p>\n","protected":false},"author":7,"featured_media":0,"parent":10512,"menu_order":7,"comment_status":"closed","ping_status":"closed","template":"","meta":{"footnotes":""},"class_list":["post-10534","page","type-page","status-publish","hentry"],"yoast_head":"<!-- This site is optimized with the Yoast SEO plugin v27.4 - https:\/\/yoast.com\/product\/yoast-seo-wordpress\/ -->\n<title>Sz\u00e9ch\u00e9nyi Franciska - 2026. j\u00falius - BUOD<\/title>\n<meta name=\"robots\" content=\"index, follow, max-snippet:-1, max-image-preview:large, max-video-preview:-1\" \/>\n<link rel=\"canonical\" href=\"https:\/\/buod.de\/de\/buod-naptar-2026\/szechenyi-franciska\/\" \/>\n<meta property=\"og:locale\" content=\"de_DE\" \/>\n<meta property=\"og:type\" content=\"article\" \/>\n<meta property=\"og:title\" content=\"Sz\u00e9ch\u00e9nyi Franciska - 2026. j\u00falius - BUOD\" \/>\n<meta property=\"og:description\" content=\"Sz\u00e9ch\u00e9nyi Franciska (1783-1861) Sz\u00e9ch\u00e9nyi Franciska a magyar zenet\u00f6rt\u00e9net egyik els\u0151 n\u0151i zeneszerz\u0151je volt, Sz\u00e9ch\u00e9nyi Ferenc l\u00e1nya \u00e9s Sz\u00e9chenyi Istv\u00e1n \u00e1llamf\u00e9rfi \u00e9s miniszter testv\u00e9re. Pinkaf\u0151n \u00e9lt, ahol f\u00e9rje hal\u00e1la ut\u00e1n a j\u00f3t\u00e9konykod\u00e1snak szentelte az \u00e9let\u00e9t. Templomot \u00e9p\u00edtett, k\u00f3rh\u00e1zat, \u00e1rvah\u00e1zat, le\u00e1nyiskol\u00e1t, b\u00f6lcs\u0151d\u00e9t, z\u00e1rd\u00e1t alap\u00edtott, k\u00f3rust vezetett, kompon\u00e1lt, kit\u0171n\u0151en zongor\u00e1zott \u00e9s orgon\u00e1lt. \u00c9lete v\u00e9g\u00e9n betegek \u00e9s id\u0151sek \u00e1pol\u00e1s\u00e1val [&hellip;]\" \/>\n<meta property=\"og:url\" content=\"https:\/\/buod.de\/de\/buod-naptar-2026\/szechenyi-franciska\/\" \/>\n<meta property=\"og:site_name\" content=\"BUOD\" \/>\n<meta property=\"article:publisher\" content=\"https:\/\/www.facebook.com\/profile.php?id=100082185652397\" \/>\n<meta property=\"article:modified_time\" content=\"2025-10-01T07:26:24+00:00\" \/>\n<meta property=\"og:image\" content=\"https:\/\/buod.de\/wp-content\/uploads\/2025\/08\/502434_0012b_nagykep-scaled.jpg\" \/>\n\t<meta property=\"og:image:width\" content=\"1761\" \/>\n\t<meta property=\"og:image:height\" content=\"2560\" \/>\n\t<meta property=\"og:image:type\" content=\"image\/jpeg\" \/>\n<meta name=\"twitter:card\" content=\"summary_large_image\" \/>\n<meta name=\"twitter:label1\" content=\"Est. reading time\" \/>\n\t<meta name=\"twitter:data1\" content=\"1 minute\" \/>\n<script type=\"application\/ld+json\" class=\"yoast-schema-graph\">{\"@context\":\"https:\\\/\\\/schema.org\",\"@graph\":[{\"@type\":\"WebPage\",\"@id\":\"https:\\\/\\\/buod.de\\\/buod-naptar-2026\\\/szechenyi-franciska\\\/\",\"url\":\"https:\\\/\\\/buod.de\\\/buod-naptar-2026\\\/szechenyi-franciska\\\/\",\"name\":\"Sz\u00e9ch\u00e9nyi Franciska - 2026. j\u00falius - BUOD\",\"isPartOf\":{\"@id\":\"https:\\\/\\\/buod.de\\\/#website\"},\"primaryImageOfPage\":{\"@id\":\"https:\\\/\\\/buod.de\\\/buod-naptar-2026\\\/szechenyi-franciska\\\/#primaryimage\"},\"image\":{\"@id\":\"https:\\\/\\\/buod.de\\\/buod-naptar-2026\\\/szechenyi-franciska\\\/#primaryimage\"},\"thumbnailUrl\":\"https:\\\/\\\/buod.de\\\/wp-content\\\/uploads\\\/2025\\\/08\\\/502434_0012b_nagykep-704x1024.jpg\",\"datePublished\":\"2025-08-28T17:42:15+00:00\",\"dateModified\":\"2025-10-01T07:26:24+00:00\",\"breadcrumb\":{\"@id\":\"https:\\\/\\\/buod.de\\\/buod-naptar-2026\\\/szechenyi-franciska\\\/#breadcrumb\"},\"inLanguage\":\"de-DE\",\"potentialAction\":[{\"@type\":\"ReadAction\",\"target\":[\"https:\\\/\\\/buod.de\\\/buod-naptar-2026\\\/szechenyi-franciska\\\/\"]}]},{\"@type\":\"ImageObject\",\"inLanguage\":\"de-DE\",\"@id\":\"https:\\\/\\\/buod.de\\\/buod-naptar-2026\\\/szechenyi-franciska\\\/#primaryimage\",\"url\":\"https:\\\/\\\/buod.de\\\/wp-content\\\/uploads\\\/2025\\\/08\\\/502434_0012b_nagykep-704x1024.jpg\",\"contentUrl\":\"https:\\\/\\\/buod.de\\\/wp-content\\\/uploads\\\/2025\\\/08\\\/502434_0012b_nagykep-704x1024.jpg\"},{\"@type\":\"BreadcrumbList\",\"@id\":\"https:\\\/\\\/buod.de\\\/buod-naptar-2026\\\/szechenyi-franciska\\\/#breadcrumb\",\"itemListElement\":[{\"@type\":\"ListItem\",\"position\":1,\"name\":\"Kezd\u0151lap\",\"item\":\"https:\\\/\\\/buod.de\\\/\"},{\"@type\":\"ListItem\",\"position\":2,\"name\":\"BUOD napt\u00e1r 2026\",\"item\":\"https:\\\/\\\/buod.de\\\/buod-naptar-2026\\\/\"},{\"@type\":\"ListItem\",\"position\":3,\"name\":\"Sz\u00e9ch\u00e9nyi Franciska &#8211; 2026. j\u00falius\"}]},{\"@type\":\"WebSite\",\"@id\":\"https:\\\/\\\/buod.de\\\/#website\",\"url\":\"https:\\\/\\\/buod.de\\\/\",\"name\":\"BUOD\",\"description\":\"Bund Ungarischer Organisationen in Deutschland\",\"publisher\":{\"@id\":\"https:\\\/\\\/buod.de\\\/#organization\"},\"potentialAction\":[{\"@type\":\"SearchAction\",\"target\":{\"@type\":\"EntryPoint\",\"urlTemplate\":\"https:\\\/\\\/buod.de\\\/?s={search_term_string}\"},\"query-input\":{\"@type\":\"PropertyValueSpecification\",\"valueRequired\":true,\"valueName\":\"search_term_string\"}}],\"inLanguage\":\"de-DE\"},{\"@type\":\"Organization\",\"@id\":\"https:\\\/\\\/buod.de\\\/#organization\",\"name\":\"BUOD\",\"url\":\"https:\\\/\\\/buod.de\\\/\",\"logo\":{\"@type\":\"ImageObject\",\"inLanguage\":\"de-DE\",\"@id\":\"https:\\\/\\\/buod.de\\\/#\\\/schema\\\/logo\\\/image\\\/\",\"url\":\"https:\\\/\\\/buod.de\\\/wp-content\\\/uploads\\\/2024\\\/03\\\/BUOD-logo.png\",\"contentUrl\":\"https:\\\/\\\/buod.de\\\/wp-content\\\/uploads\\\/2024\\\/03\\\/BUOD-logo.png\",\"width\":586,\"height\":490,\"caption\":\"BUOD\"},\"image\":{\"@id\":\"https:\\\/\\\/buod.de\\\/#\\\/schema\\\/logo\\\/image\\\/\"},\"sameAs\":[\"https:\\\/\\\/www.facebook.com\\\/profile.php?id=100082185652397\"]}]}<\/script>\n<!-- \/ Yoast SEO plugin. -->","yoast_head_json":{"title":"Sz\u00e9ch\u00e9nyi Franciska - 2026. j\u00falius - BUOD","robots":{"index":"index","follow":"follow","max-snippet":"max-snippet:-1","max-image-preview":"max-image-preview:large","max-video-preview":"max-video-preview:-1"},"canonical":"https:\/\/buod.de\/de\/buod-naptar-2026\/szechenyi-franciska\/","og_locale":"de_DE","og_type":"article","og_title":"Sz\u00e9ch\u00e9nyi Franciska - 2026. j\u00falius - BUOD","og_description":"Sz\u00e9ch\u00e9nyi Franciska (1783-1861) Sz\u00e9ch\u00e9nyi Franciska a magyar zenet\u00f6rt\u00e9net egyik els\u0151 n\u0151i zeneszerz\u0151je volt, Sz\u00e9ch\u00e9nyi Ferenc l\u00e1nya \u00e9s Sz\u00e9chenyi Istv\u00e1n \u00e1llamf\u00e9rfi \u00e9s miniszter testv\u00e9re. Pinkaf\u0151n \u00e9lt, ahol f\u00e9rje hal\u00e1la ut\u00e1n a j\u00f3t\u00e9konykod\u00e1snak szentelte az \u00e9let\u00e9t. Templomot \u00e9p\u00edtett, k\u00f3rh\u00e1zat, \u00e1rvah\u00e1zat, le\u00e1nyiskol\u00e1t, b\u00f6lcs\u0151d\u00e9t, z\u00e1rd\u00e1t alap\u00edtott, k\u00f3rust vezetett, kompon\u00e1lt, kit\u0171n\u0151en zongor\u00e1zott \u00e9s orgon\u00e1lt. \u00c9lete v\u00e9g\u00e9n betegek \u00e9s id\u0151sek \u00e1pol\u00e1s\u00e1val [&hellip;]","og_url":"https:\/\/buod.de\/de\/buod-naptar-2026\/szechenyi-franciska\/","og_site_name":"BUOD","article_publisher":"https:\/\/www.facebook.com\/profile.php?id=100082185652397","article_modified_time":"2025-10-01T07:26:24+00:00","og_image":[{"width":1761,"height":2560,"url":"https:\/\/buod.de\/wp-content\/uploads\/2025\/08\/502434_0012b_nagykep-scaled.jpg","type":"image\/jpeg"}],"twitter_card":"summary_large_image","twitter_misc":{"Est. reading time":"1 minute"},"schema":{"@context":"https:\/\/schema.org","@graph":[{"@type":"WebPage","@id":"https:\/\/buod.de\/buod-naptar-2026\/szechenyi-franciska\/","url":"https:\/\/buod.de\/buod-naptar-2026\/szechenyi-franciska\/","name":"Sz\u00e9ch\u00e9nyi Franciska - 2026. j\u00falius - BUOD","isPartOf":{"@id":"https:\/\/buod.de\/#website"},"primaryImageOfPage":{"@id":"https:\/\/buod.de\/buod-naptar-2026\/szechenyi-franciska\/#primaryimage"},"image":{"@id":"https:\/\/buod.de\/buod-naptar-2026\/szechenyi-franciska\/#primaryimage"},"thumbnailUrl":"https:\/\/buod.de\/wp-content\/uploads\/2025\/08\/502434_0012b_nagykep-704x1024.jpg","datePublished":"2025-08-28T17:42:15+00:00","dateModified":"2025-10-01T07:26:24+00:00","breadcrumb":{"@id":"https:\/\/buod.de\/buod-naptar-2026\/szechenyi-franciska\/#breadcrumb"},"inLanguage":"de-DE","potentialAction":[{"@type":"ReadAction","target":["https:\/\/buod.de\/buod-naptar-2026\/szechenyi-franciska\/"]}]},{"@type":"ImageObject","inLanguage":"de-DE","@id":"https:\/\/buod.de\/buod-naptar-2026\/szechenyi-franciska\/#primaryimage","url":"https:\/\/buod.de\/wp-content\/uploads\/2025\/08\/502434_0012b_nagykep-704x1024.jpg","contentUrl":"https:\/\/buod.de\/wp-content\/uploads\/2025\/08\/502434_0012b_nagykep-704x1024.jpg"},{"@type":"BreadcrumbList","@id":"https:\/\/buod.de\/buod-naptar-2026\/szechenyi-franciska\/#breadcrumb","itemListElement":[{"@type":"ListItem","position":1,"name":"Kezd\u0151lap","item":"https:\/\/buod.de\/"},{"@type":"ListItem","position":2,"name":"BUOD napt\u00e1r 2026","item":"https:\/\/buod.de\/buod-naptar-2026\/"},{"@type":"ListItem","position":3,"name":"Sz\u00e9ch\u00e9nyi Franciska &#8211; 2026. j\u00falius"}]},{"@type":"WebSite","@id":"https:\/\/buod.de\/#website","url":"https:\/\/buod.de\/","name":"BUOD","description":"Bund Ungarischer Organisationen in Deutschland","publisher":{"@id":"https:\/\/buod.de\/#organization"},"potentialAction":[{"@type":"SearchAction","target":{"@type":"EntryPoint","urlTemplate":"https:\/\/buod.de\/?s={search_term_string}"},"query-input":{"@type":"PropertyValueSpecification","valueRequired":true,"valueName":"search_term_string"}}],"inLanguage":"de-DE"},{"@type":"Organization","@id":"https:\/\/buod.de\/#organization","name":"BUOD","url":"https:\/\/buod.de\/","logo":{"@type":"ImageObject","inLanguage":"de-DE","@id":"https:\/\/buod.de\/#\/schema\/logo\/image\/","url":"https:\/\/buod.de\/wp-content\/uploads\/2024\/03\/BUOD-logo.png","contentUrl":"https:\/\/buod.de\/wp-content\/uploads\/2024\/03\/BUOD-logo.png","width":586,"height":490,"caption":"BUOD"},"image":{"@id":"https:\/\/buod.de\/#\/schema\/logo\/image\/"},"sameAs":["https:\/\/www.facebook.com\/profile.php?id=100082185652397"]}]}},"_links":{"self":[{"href":"https:\/\/buod.de\/de\/wp-json\/wp\/v2\/pages\/10534","targetHints":{"allow":["GET"]}}],"collection":[{"href":"https:\/\/buod.de\/de\/wp-json\/wp\/v2\/pages"}],"about":[{"href":"https:\/\/buod.de\/de\/wp-json\/wp\/v2\/types\/page"}],"author":[{"embeddable":true,"href":"https:\/\/buod.de\/de\/wp-json\/wp\/v2\/users\/7"}],"replies":[{"embeddable":true,"href":"https:\/\/buod.de\/de\/wp-json\/wp\/v2\/comments?post=10534"}],"version-history":[{"count":14,"href":"https:\/\/buod.de\/de\/wp-json\/wp\/v2\/pages\/10534\/revisions"}],"predecessor-version":[{"id":11308,"href":"https:\/\/buod.de\/de\/wp-json\/wp\/v2\/pages\/10534\/revisions\/11308"}],"up":[{"embeddable":true,"href":"https:\/\/buod.de\/de\/wp-json\/wp\/v2\/pages\/10512"}],"wp:attachment":[{"href":"https:\/\/buod.de\/de\/wp-json\/wp\/v2\/media?parent=10534"}],"curies":[{"name":"wp","href":"https:\/\/api.w.org\/{rel}","templated":true}]}}