{"id":10536,"date":"2025-08-28T19:49:16","date_gmt":"2025-08-28T17:49:16","guid":{"rendered":"https:\/\/buod.de\/?page_id=10536"},"modified":"2025-10-01T09:27:07","modified_gmt":"2025-10-01T07:27:07","slug":"kalman-imre","status":"publish","type":"page","link":"https:\/\/buod.de\/de\/buod-naptar-2026\/kalman-imre\/","title":{"rendered":"K\u00e1lm\u00e1n Imre &#8211; 2026. augusztus"},"content":{"rendered":"<h3 class=\"wp-block-heading\">K\u00e1lm\u00e1n Imre (1882-1953)<\/h3>\n\n\n\n<h4 class=\"wp-block-heading\">(Emmerich Kalman)<\/h4>\n\n\n\n<figure class=\"wp-block-image size-full is-resized\"><img loading=\"lazy\" decoding=\"async\" width=\"537\" height=\"721\" src=\"https:\/\/buod.de\/wp-content\/uploads\/2025\/08\/Emmerich_Kalman_1882\u20131953_1934_\u00a9_Wilhelm_Willinger_1879\u20131943.jpg\" alt=\"\" class=\"wp-image-10675\" style=\"width:257px;height:auto\" srcset=\"https:\/\/buod.de\/wp-content\/uploads\/2025\/08\/Emmerich_Kalman_1882\u20131953_1934_\u00a9_Wilhelm_Willinger_1879\u20131943.jpg 537w, https:\/\/buod.de\/wp-content\/uploads\/2025\/08\/Emmerich_Kalman_1882\u20131953_1934_\u00a9_Wilhelm_Willinger_1879\u20131943-223x300.jpg 223w, https:\/\/buod.de\/wp-content\/uploads\/2025\/08\/Emmerich_Kalman_1882\u20131953_1934_\u00a9_Wilhelm_Willinger_1879\u20131943-9x12.jpg 9w\" sizes=\"auto, (max-width: 537px) 100vw, 537px\" \/><\/figure>\n\n\n\n<p>K\u00e1lm\u00e1n Imre vil\u00e1gh\u00edr\u0171 magyar zeneszerz\u0151 volt, aki els\u0151sorban operettjeivel v\u00e1lt ismertt\u00e9. M\u0171vei, mint a Cs\u00e1rd\u00e1skir\u00e1lyn\u0151, a Marica gr\u00f3fn\u0151 vagy a Cig\u00e1nypr\u00edm\u00e1s, a 20. sz\u00e1zadi operettirodalom klasszikusaiv\u00e1 v\u00e1ltak \u00e9s ma is vil\u00e1gszerte j\u00e1tssz\u00e1k \u0151ket. A hazai \u00e9s nemzetk\u00f6zi sikereket k\u00f6vet\u0151en, az Anschluss ut\u00e1n amerikai emigr\u00e1ci\u00f3ba k\u00e9nyszer\u00fclt zsid\u00f3 sz\u00e1rmaz\u00e1sa miatt, de \u00e9lete v\u00e9g\u00e9n m\u00e9g \u00fajra ell\u00e1togatott Eur\u00f3p\u00e1ba.<\/p>\n\n\n\n<figure class=\"wp-block-image size-full is-resized\"><img loading=\"lazy\" decoding=\"async\" width=\"564\" height=\"442\" src=\"https:\/\/buod.de\/wp-content\/uploads\/2024\/11\/Lechner_odon_minta.png\" alt=\"\" class=\"wp-image-9502\" style=\"width:220px;height:auto\" srcset=\"https:\/\/buod.de\/wp-content\/uploads\/2024\/11\/Lechner_odon_minta.png 564w, https:\/\/buod.de\/wp-content\/uploads\/2024\/11\/Lechner_odon_minta-300x235.png 300w, https:\/\/buod.de\/wp-content\/uploads\/2024\/11\/Lechner_odon_minta-15x12.png 15w\" sizes=\"auto, (max-width: 564px) 100vw, 564px\" \/><\/figure>\n\n\n\n<h3 class=\"wp-block-heading\">Hallgassa meg egy zenem\u0171v\u00e9t!<\/h3>\n\n\n\n<p>Marica gr\u00f3fn\u0151: Sz\u00e9p v\u00e1ros Kolozsv\u00e1r<\/p>\n\n\n\n<figure class=\"wp-block-embed is-type-video is-provider-youtube wp-block-embed-youtube wp-embed-aspect-4-3 wp-has-aspect-ratio\"><div class=\"wp-block-embed__wrapper\">\n<iframe loading=\"lazy\" title=\"Marica gr\u00f3fn\u0151 - Sz\u00e9p v\u00e1ros Kolozsv\u00e1r\" width=\"500\" height=\"375\" src=\"https:\/\/www.youtube.com\/embed\/u53CkMWt5bw?feature=oembed\" frameborder=\"0\" allow=\"accelerometer; autoplay; clipboard-write; encrypted-media; gyroscope; picture-in-picture; web-share\" referrerpolicy=\"strict-origin-when-cross-origin\" allowfullscreen><\/iframe>\n<\/div><\/figure>\n\n\n\n<h3 class=\"wp-block-heading\">Deutsch:<\/h3>\n\n\n\n<p>Emmerich K\u00e1lm\u00e1n war ein weltber\u00fchmter ungarischer Komponist, der vor allem durch seine Operetten bekannt wurde. Seine Werke wie Die Cs\u00e1rd\u00e1sf\u00fcrstin, Gr\u00e4fin Mariza oder Der Zigeunerk\u00f6nig wurden zu Klassikern der Operettenliteratur des 20. Jahrhunderts und werden auch heute noch weltweit aufgef\u00fchrt. Nach seinen Erfolgen im In- und Ausland musste er aufgrund seiner j\u00fcdischen Herkunft nach dem Anschluss in die USA emigrieren, kehrte aber am Ende seines Lebens noch einmal nach Europa zur\u00fcck.<\/p>\n\n\n\n<h3 class=\"wp-block-heading\">A BUOD 2026-os falinapt\u00e1rj\u00e1ban szerepl\u0151 tov\u00e1bbi zeneszerz\u0151k:<\/h3>\n\n\n\n<figure class=\"wp-block-embed is-type-wp-embed is-provider-buod wp-block-embed-buod\"><div class=\"wp-block-embed__wrapper\">\n<blockquote class=\"wp-embedded-content\" data-secret=\"g1ns97mXcR\"><a href=\"https:\/\/buod.de\/de\/buod-naptar-2026\/\">BUOD napt\u00e1r 2026<\/a><\/blockquote><iframe loading=\"lazy\" class=\"wp-embedded-content\" sandbox=\"allow-scripts\" security=\"restricted\" style=\"position: absolute; visibility: hidden;\" title=\"&#8220;BUOD napt\u00e1r 2026&#8221; &#8212; BUOD\" src=\"https:\/\/buod.de\/buod-naptar-2026\/embed\/#?secret=xqT7sfBhgz#?secret=g1ns97mXcR\" data-secret=\"g1ns97mXcR\" width=\"500\" height=\"282\" frameborder=\"0\" marginwidth=\"0\" marginheight=\"0\" scrolling=\"no\"><\/iframe>\n<\/div><\/figure>","protected":false},"excerpt":{"rendered":"<p>K\u00e1lm\u00e1n Imre (1882-1953) (Emmerich Kalman) K\u00e1lm\u00e1n Imre vil\u00e1gh\u00edr\u0171 magyar zeneszerz\u0151 volt, aki els\u0151sorban operettjeivel v\u00e1lt ismertt\u00e9. M\u0171vei, mint a Cs\u00e1rd\u00e1skir\u00e1lyn\u0151, a Marica gr\u00f3fn\u0151 vagy a Cig\u00e1nypr\u00edm\u00e1s, a 20. sz\u00e1zadi operettirodalom klasszikusaiv\u00e1 v\u00e1ltak \u00e9s ma is vil\u00e1gszerte j\u00e1tssz\u00e1k \u0151ket. A hazai \u00e9s nemzetk\u00f6zi sikereket k\u00f6vet\u0151en, az Anschluss ut\u00e1n amerikai emigr\u00e1ci\u00f3ba k\u00e9nyszer\u00fclt zsid\u00f3 sz\u00e1rmaz\u00e1sa miatt, de \u00e9lete [&hellip;]<\/p>\n","protected":false},"author":7,"featured_media":0,"parent":10512,"menu_order":8,"comment_status":"closed","ping_status":"closed","template":"","meta":{"footnotes":""},"class_list":["post-10536","page","type-page","status-publish","hentry"],"yoast_head":"<!-- This site is optimized with the Yoast SEO plugin v27.4 - https:\/\/yoast.com\/product\/yoast-seo-wordpress\/ -->\n<title>K\u00e1lm\u00e1n Imre - 2026. augusztus - BUOD<\/title>\n<meta name=\"robots\" content=\"index, follow, max-snippet:-1, max-image-preview:large, max-video-preview:-1\" \/>\n<link rel=\"canonical\" href=\"https:\/\/buod.de\/de\/buod-naptar-2026\/kalman-imre\/\" \/>\n<meta property=\"og:locale\" content=\"de_DE\" \/>\n<meta property=\"og:type\" content=\"article\" \/>\n<meta property=\"og:title\" content=\"K\u00e1lm\u00e1n Imre - 2026. augusztus - BUOD\" \/>\n<meta property=\"og:description\" content=\"K\u00e1lm\u00e1n Imre (1882-1953) (Emmerich Kalman) K\u00e1lm\u00e1n Imre vil\u00e1gh\u00edr\u0171 magyar zeneszerz\u0151 volt, aki els\u0151sorban operettjeivel v\u00e1lt ismertt\u00e9. M\u0171vei, mint a Cs\u00e1rd\u00e1skir\u00e1lyn\u0151, a Marica gr\u00f3fn\u0151 vagy a Cig\u00e1nypr\u00edm\u00e1s, a 20. sz\u00e1zadi operettirodalom klasszikusaiv\u00e1 v\u00e1ltak \u00e9s ma is vil\u00e1gszerte j\u00e1tssz\u00e1k \u0151ket. A hazai \u00e9s nemzetk\u00f6zi sikereket k\u00f6vet\u0151en, az Anschluss ut\u00e1n amerikai emigr\u00e1ci\u00f3ba k\u00e9nyszer\u00fclt zsid\u00f3 sz\u00e1rmaz\u00e1sa miatt, de \u00e9lete [&hellip;]\" \/>\n<meta property=\"og:url\" content=\"https:\/\/buod.de\/de\/buod-naptar-2026\/kalman-imre\/\" \/>\n<meta property=\"og:site_name\" content=\"BUOD\" \/>\n<meta property=\"article:publisher\" content=\"https:\/\/www.facebook.com\/profile.php?id=100082185652397\" \/>\n<meta property=\"article:modified_time\" content=\"2025-10-01T07:27:07+00:00\" \/>\n<meta property=\"og:image\" content=\"https:\/\/buod.de\/wp-content\/uploads\/2024\/11\/Lechner_odon_minta.png\" \/>\n<meta name=\"twitter:card\" content=\"summary_large_image\" \/>\n<meta name=\"twitter:label1\" content=\"Est. reading time\" \/>\n\t<meta name=\"twitter:data1\" content=\"1 minute\" \/>\n<script type=\"application\/ld+json\" class=\"yoast-schema-graph\">{\"@context\":\"https:\\\/\\\/schema.org\",\"@graph\":[{\"@type\":\"WebPage\",\"@id\":\"https:\\\/\\\/buod.de\\\/buod-naptar-2026\\\/kalman-imre\\\/\",\"url\":\"https:\\\/\\\/buod.de\\\/buod-naptar-2026\\\/kalman-imre\\\/\",\"name\":\"K\u00e1lm\u00e1n Imre - 2026. augusztus - BUOD\",\"isPartOf\":{\"@id\":\"https:\\\/\\\/buod.de\\\/#website\"},\"primaryImageOfPage\":{\"@id\":\"https:\\\/\\\/buod.de\\\/buod-naptar-2026\\\/kalman-imre\\\/#primaryimage\"},\"image\":{\"@id\":\"https:\\\/\\\/buod.de\\\/buod-naptar-2026\\\/kalman-imre\\\/#primaryimage\"},\"thumbnailUrl\":\"https:\\\/\\\/buod.de\\\/wp-content\\\/uploads\\\/2024\\\/11\\\/Lechner_odon_minta.png\",\"datePublished\":\"2025-08-28T17:49:16+00:00\",\"dateModified\":\"2025-10-01T07:27:07+00:00\",\"breadcrumb\":{\"@id\":\"https:\\\/\\\/buod.de\\\/buod-naptar-2026\\\/kalman-imre\\\/#breadcrumb\"},\"inLanguage\":\"de-DE\",\"potentialAction\":[{\"@type\":\"ReadAction\",\"target\":[\"https:\\\/\\\/buod.de\\\/buod-naptar-2026\\\/kalman-imre\\\/\"]}]},{\"@type\":\"ImageObject\",\"inLanguage\":\"de-DE\",\"@id\":\"https:\\\/\\\/buod.de\\\/buod-naptar-2026\\\/kalman-imre\\\/#primaryimage\",\"url\":\"https:\\\/\\\/buod.de\\\/wp-content\\\/uploads\\\/2024\\\/11\\\/Lechner_odon_minta.png\",\"contentUrl\":\"https:\\\/\\\/buod.de\\\/wp-content\\\/uploads\\\/2024\\\/11\\\/Lechner_odon_minta.png\"},{\"@type\":\"BreadcrumbList\",\"@id\":\"https:\\\/\\\/buod.de\\\/buod-naptar-2026\\\/kalman-imre\\\/#breadcrumb\",\"itemListElement\":[{\"@type\":\"ListItem\",\"position\":1,\"name\":\"Kezd\u0151lap\",\"item\":\"https:\\\/\\\/buod.de\\\/\"},{\"@type\":\"ListItem\",\"position\":2,\"name\":\"BUOD napt\u00e1r 2026\",\"item\":\"https:\\\/\\\/buod.de\\\/buod-naptar-2026\\\/\"},{\"@type\":\"ListItem\",\"position\":3,\"name\":\"K\u00e1lm\u00e1n Imre &#8211; 2026. augusztus\"}]},{\"@type\":\"WebSite\",\"@id\":\"https:\\\/\\\/buod.de\\\/#website\",\"url\":\"https:\\\/\\\/buod.de\\\/\",\"name\":\"BUOD\",\"description\":\"Bund Ungarischer Organisationen in Deutschland\",\"publisher\":{\"@id\":\"https:\\\/\\\/buod.de\\\/#organization\"},\"potentialAction\":[{\"@type\":\"SearchAction\",\"target\":{\"@type\":\"EntryPoint\",\"urlTemplate\":\"https:\\\/\\\/buod.de\\\/?s={search_term_string}\"},\"query-input\":{\"@type\":\"PropertyValueSpecification\",\"valueRequired\":true,\"valueName\":\"search_term_string\"}}],\"inLanguage\":\"de-DE\"},{\"@type\":\"Organization\",\"@id\":\"https:\\\/\\\/buod.de\\\/#organization\",\"name\":\"BUOD\",\"url\":\"https:\\\/\\\/buod.de\\\/\",\"logo\":{\"@type\":\"ImageObject\",\"inLanguage\":\"de-DE\",\"@id\":\"https:\\\/\\\/buod.de\\\/#\\\/schema\\\/logo\\\/image\\\/\",\"url\":\"https:\\\/\\\/buod.de\\\/wp-content\\\/uploads\\\/2024\\\/03\\\/BUOD-logo.png\",\"contentUrl\":\"https:\\\/\\\/buod.de\\\/wp-content\\\/uploads\\\/2024\\\/03\\\/BUOD-logo.png\",\"width\":586,\"height\":490,\"caption\":\"BUOD\"},\"image\":{\"@id\":\"https:\\\/\\\/buod.de\\\/#\\\/schema\\\/logo\\\/image\\\/\"},\"sameAs\":[\"https:\\\/\\\/www.facebook.com\\\/profile.php?id=100082185652397\"]}]}<\/script>\n<!-- \/ Yoast SEO plugin. -->","yoast_head_json":{"title":"K\u00e1lm\u00e1n Imre - 2026. augusztus - BUOD","robots":{"index":"index","follow":"follow","max-snippet":"max-snippet:-1","max-image-preview":"max-image-preview:large","max-video-preview":"max-video-preview:-1"},"canonical":"https:\/\/buod.de\/de\/buod-naptar-2026\/kalman-imre\/","og_locale":"de_DE","og_type":"article","og_title":"K\u00e1lm\u00e1n Imre - 2026. augusztus - BUOD","og_description":"K\u00e1lm\u00e1n Imre (1882-1953) (Emmerich Kalman) K\u00e1lm\u00e1n Imre vil\u00e1gh\u00edr\u0171 magyar zeneszerz\u0151 volt, aki els\u0151sorban operettjeivel v\u00e1lt ismertt\u00e9. M\u0171vei, mint a Cs\u00e1rd\u00e1skir\u00e1lyn\u0151, a Marica gr\u00f3fn\u0151 vagy a Cig\u00e1nypr\u00edm\u00e1s, a 20. sz\u00e1zadi operettirodalom klasszikusaiv\u00e1 v\u00e1ltak \u00e9s ma is vil\u00e1gszerte j\u00e1tssz\u00e1k \u0151ket. A hazai \u00e9s nemzetk\u00f6zi sikereket k\u00f6vet\u0151en, az Anschluss ut\u00e1n amerikai emigr\u00e1ci\u00f3ba k\u00e9nyszer\u00fclt zsid\u00f3 sz\u00e1rmaz\u00e1sa miatt, de \u00e9lete [&hellip;]","og_url":"https:\/\/buod.de\/de\/buod-naptar-2026\/kalman-imre\/","og_site_name":"BUOD","article_publisher":"https:\/\/www.facebook.com\/profile.php?id=100082185652397","article_modified_time":"2025-10-01T07:27:07+00:00","og_image":[{"url":"https:\/\/buod.de\/wp-content\/uploads\/2024\/11\/Lechner_odon_minta.png","type":"","width":"","height":""}],"twitter_card":"summary_large_image","twitter_misc":{"Est. reading time":"1 minute"},"schema":{"@context":"https:\/\/schema.org","@graph":[{"@type":"WebPage","@id":"https:\/\/buod.de\/buod-naptar-2026\/kalman-imre\/","url":"https:\/\/buod.de\/buod-naptar-2026\/kalman-imre\/","name":"K\u00e1lm\u00e1n Imre - 2026. augusztus - BUOD","isPartOf":{"@id":"https:\/\/buod.de\/#website"},"primaryImageOfPage":{"@id":"https:\/\/buod.de\/buod-naptar-2026\/kalman-imre\/#primaryimage"},"image":{"@id":"https:\/\/buod.de\/buod-naptar-2026\/kalman-imre\/#primaryimage"},"thumbnailUrl":"https:\/\/buod.de\/wp-content\/uploads\/2024\/11\/Lechner_odon_minta.png","datePublished":"2025-08-28T17:49:16+00:00","dateModified":"2025-10-01T07:27:07+00:00","breadcrumb":{"@id":"https:\/\/buod.de\/buod-naptar-2026\/kalman-imre\/#breadcrumb"},"inLanguage":"de-DE","potentialAction":[{"@type":"ReadAction","target":["https:\/\/buod.de\/buod-naptar-2026\/kalman-imre\/"]}]},{"@type":"ImageObject","inLanguage":"de-DE","@id":"https:\/\/buod.de\/buod-naptar-2026\/kalman-imre\/#primaryimage","url":"https:\/\/buod.de\/wp-content\/uploads\/2024\/11\/Lechner_odon_minta.png","contentUrl":"https:\/\/buod.de\/wp-content\/uploads\/2024\/11\/Lechner_odon_minta.png"},{"@type":"BreadcrumbList","@id":"https:\/\/buod.de\/buod-naptar-2026\/kalman-imre\/#breadcrumb","itemListElement":[{"@type":"ListItem","position":1,"name":"Kezd\u0151lap","item":"https:\/\/buod.de\/"},{"@type":"ListItem","position":2,"name":"BUOD napt\u00e1r 2026","item":"https:\/\/buod.de\/buod-naptar-2026\/"},{"@type":"ListItem","position":3,"name":"K\u00e1lm\u00e1n Imre &#8211; 2026. augusztus"}]},{"@type":"WebSite","@id":"https:\/\/buod.de\/#website","url":"https:\/\/buod.de\/","name":"BUOD","description":"Bund Ungarischer Organisationen in Deutschland","publisher":{"@id":"https:\/\/buod.de\/#organization"},"potentialAction":[{"@type":"SearchAction","target":{"@type":"EntryPoint","urlTemplate":"https:\/\/buod.de\/?s={search_term_string}"},"query-input":{"@type":"PropertyValueSpecification","valueRequired":true,"valueName":"search_term_string"}}],"inLanguage":"de-DE"},{"@type":"Organization","@id":"https:\/\/buod.de\/#organization","name":"BUOD","url":"https:\/\/buod.de\/","logo":{"@type":"ImageObject","inLanguage":"de-DE","@id":"https:\/\/buod.de\/#\/schema\/logo\/image\/","url":"https:\/\/buod.de\/wp-content\/uploads\/2024\/03\/BUOD-logo.png","contentUrl":"https:\/\/buod.de\/wp-content\/uploads\/2024\/03\/BUOD-logo.png","width":586,"height":490,"caption":"BUOD"},"image":{"@id":"https:\/\/buod.de\/#\/schema\/logo\/image\/"},"sameAs":["https:\/\/www.facebook.com\/profile.php?id=100082185652397"]}]}},"_links":{"self":[{"href":"https:\/\/buod.de\/de\/wp-json\/wp\/v2\/pages\/10536","targetHints":{"allow":["GET"]}}],"collection":[{"href":"https:\/\/buod.de\/de\/wp-json\/wp\/v2\/pages"}],"about":[{"href":"https:\/\/buod.de\/de\/wp-json\/wp\/v2\/types\/page"}],"author":[{"embeddable":true,"href":"https:\/\/buod.de\/de\/wp-json\/wp\/v2\/users\/7"}],"replies":[{"embeddable":true,"href":"https:\/\/buod.de\/de\/wp-json\/wp\/v2\/comments?post=10536"}],"version-history":[{"count":10,"href":"https:\/\/buod.de\/de\/wp-json\/wp\/v2\/pages\/10536\/revisions"}],"predecessor-version":[{"id":11309,"href":"https:\/\/buod.de\/de\/wp-json\/wp\/v2\/pages\/10536\/revisions\/11309"}],"up":[{"embeddable":true,"href":"https:\/\/buod.de\/de\/wp-json\/wp\/v2\/pages\/10512"}],"wp:attachment":[{"href":"https:\/\/buod.de\/de\/wp-json\/wp\/v2\/media?parent=10536"}],"curies":[{"name":"wp","href":"https:\/\/api.w.org\/{rel}","templated":true}]}}