{"id":10540,"date":"2025-08-28T19:59:47","date_gmt":"2025-08-28T17:59:47","guid":{"rendered":"https:\/\/buod.de\/?page_id=10540"},"modified":"2025-10-01T09:28:22","modified_gmt":"2025-10-01T07:28:22","slug":"ligeti-gyorgy","status":"publish","type":"page","link":"https:\/\/buod.de\/de\/buod-naptar-2026\/ligeti-gyorgy\/","title":{"rendered":"Ligeti Gy\u00f6rgy &#8211; 2026. okt\u00f3ber"},"content":{"rendered":"<h3 class=\"wp-block-heading\">Ligeti Gy\u00f6rgy (1923-2006)<\/h3>\n\n\n\n<figure class=\"wp-block-image size-full is-resized\"><img loading=\"lazy\" decoding=\"async\" width=\"621\" height=\"739\" src=\"https:\/\/buod.de\/wp-content\/uploads\/2025\/08\/Ligeti1.jpg\" alt=\"\" class=\"wp-image-10693\" style=\"width:324px;height:auto\" srcset=\"https:\/\/buod.de\/wp-content\/uploads\/2025\/08\/Ligeti1.jpg 621w, https:\/\/buod.de\/wp-content\/uploads\/2025\/08\/Ligeti1-252x300.jpg 252w, https:\/\/buod.de\/wp-content\/uploads\/2025\/08\/Ligeti1-10x12.jpg 10w\" sizes=\"auto, (max-width: 621px) 100vw, 621px\" \/><\/figure>\n\n\n\n<p>Ligeti Gy\u00f6rgy magyar sz\u00e1rmaz\u00e1s\u00fa, vil\u00e1gh\u00edr\u0171 zeneszerz\u0151 volt, akit a 20. sz\u00e1zadi avantg\u00e1rd zene egyik legnagyobb \u00faj\u00edt\u00f3jak\u00e9nt tartanak sz\u00e1mon, de hat\u00e1ssal volt r\u00e1 korai \u00e9veiben a magyar n\u00e9pzene is. M\u0171vei, mint az Atmosph\u00e8res vagy a Lux Aeterna, a modern hangz\u00e1svil\u00e1g \u00fatt\u00f6r\u0151i. 1956-ban k\u00fclf\u00f6ldre menek\u00fclt \u00e9s el\u0151sz\u00f6r K\u00f6lnben, majd B\u00e9csben telepedett le, k\u00e9s\u0151bb Hamburgban, Berlinben is \u00e9lt, tan\u00edtott \u00e9s alkotott.<\/p>\n\n\n\n<figure class=\"wp-block-image size-full is-resized\"><img loading=\"lazy\" decoding=\"async\" width=\"564\" height=\"442\" src=\"https:\/\/buod.de\/wp-content\/uploads\/2024\/11\/Lechner_odon_minta.png\" alt=\"\" class=\"wp-image-9502\" style=\"width:219px;height:auto\" srcset=\"https:\/\/buod.de\/wp-content\/uploads\/2024\/11\/Lechner_odon_minta.png 564w, https:\/\/buod.de\/wp-content\/uploads\/2024\/11\/Lechner_odon_minta-300x235.png 300w, https:\/\/buod.de\/wp-content\/uploads\/2024\/11\/Lechner_odon_minta-15x12.png 15w\" sizes=\"auto, (max-width: 564px) 100vw, 564px\" \/><\/figure>\n\n\n\n<h3 class=\"wp-block-heading\">Hallgassa meg egy zenem\u0171v\u00e9t!<\/h3>\n\n\n\n<p>K\u00e1llai-kett\u0151s feldolgoz\u00e1s , k\u00f3rusm\u0171<\/p>\n\n\n\n<figure class=\"wp-block-embed is-type-video is-provider-youtube wp-block-embed-youtube wp-embed-aspect-16-9 wp-has-aspect-ratio\"><div class=\"wp-block-embed__wrapper\">\n<iframe loading=\"lazy\" title=\"K\u00e1llai-kett\u0151s (Ligeti Gy\u00f6rgy) | EFVK (Ferenc Erkel Mixed Choir)\" width=\"500\" height=\"281\" src=\"https:\/\/www.youtube.com\/embed\/PpgX0Pi_xmg?feature=oembed\" frameborder=\"0\" allow=\"accelerometer; autoplay; clipboard-write; encrypted-media; gyroscope; picture-in-picture; web-share\" referrerpolicy=\"strict-origin-when-cross-origin\" allowfullscreen><\/iframe>\n<\/div><\/figure>\n\n\n\n<h3 class=\"wp-block-heading\">Deutsch:<\/h3>\n\n\n\n<p>Gy\u00f6rgy Ligeti war ein weltber\u00fchmter Komponist ungarischer Herkunft, der als einer der gr\u00f6\u00dften Innovatoren der Avantgarde-Musik des 20. Jahrhunderts gilt, in seinen fr\u00fcheren Jahren wurde er jedoch auch von der ungarischen Volksmusik beeinflusst. Seine Werke wie Atmosph\u00e8res oder Lux Aeterna gelten als Pioniere des modernen Klangs. 1956 floh er und lie\u00df sich zun\u00e4chst in K\u00f6ln, dann in Wien nieder, sp\u00e4ter lebte, lehrte und komponierte er in Hamburg und Berlin.<\/p>\n\n\n\n<h3 class=\"wp-block-heading\">A BUOD 2026-os falinapt\u00e1rj\u00e1ban szerepl\u0151 tov\u00e1bbi magyar zeneszerz\u0151k:<\/h3>\n\n\n\n<figure class=\"wp-block-embed is-type-wp-embed is-provider-buod wp-block-embed-buod\"><div class=\"wp-block-embed__wrapper\">\n<blockquote class=\"wp-embedded-content\" data-secret=\"MjV8GjWeuy\"><a href=\"https:\/\/buod.de\/de\/buod-naptar-2026\/\">BUOD napt\u00e1r 2026<\/a><\/blockquote><iframe loading=\"lazy\" class=\"wp-embedded-content\" sandbox=\"allow-scripts\" security=\"restricted\" style=\"position: absolute; visibility: hidden;\" title=\"&#8220;BUOD napt\u00e1r 2026&#8221; &#8212; BUOD\" src=\"https:\/\/buod.de\/buod-naptar-2026\/embed\/#?secret=27CIBhoNRj#?secret=MjV8GjWeuy\" data-secret=\"MjV8GjWeuy\" width=\"500\" height=\"282\" frameborder=\"0\" marginwidth=\"0\" marginheight=\"0\" scrolling=\"no\"><\/iframe>\n<\/div><\/figure>","protected":false},"excerpt":{"rendered":"<p>Ligeti Gy\u00f6rgy (1923-2006) Ligeti Gy\u00f6rgy magyar sz\u00e1rmaz\u00e1s\u00fa, vil\u00e1gh\u00edr\u0171 zeneszerz\u0151 volt, akit a 20. sz\u00e1zadi avantg\u00e1rd zene egyik legnagyobb \u00faj\u00edt\u00f3jak\u00e9nt tartanak sz\u00e1mon, de hat\u00e1ssal volt r\u00e1 korai \u00e9veiben a magyar n\u00e9pzene is. M\u0171vei, mint az Atmosph\u00e8res vagy a Lux Aeterna, a modern hangz\u00e1svil\u00e1g \u00fatt\u00f6r\u0151i. 1956-ban k\u00fclf\u00f6ldre menek\u00fclt \u00e9s el\u0151sz\u00f6r K\u00f6lnben, majd B\u00e9csben telepedett le, k\u00e9s\u0151bb Hamburgban, [&hellip;]<\/p>\n","protected":false},"author":7,"featured_media":0,"parent":10512,"menu_order":10,"comment_status":"closed","ping_status":"closed","template":"","meta":{"footnotes":""},"class_list":["post-10540","page","type-page","status-publish","hentry"],"yoast_head":"<!-- This site is optimized with the Yoast SEO plugin v27.4 - https:\/\/yoast.com\/product\/yoast-seo-wordpress\/ -->\n<title>Ligeti Gy\u00f6rgy - 2026. okt\u00f3ber - BUOD<\/title>\n<meta name=\"robots\" content=\"index, follow, max-snippet:-1, max-image-preview:large, max-video-preview:-1\" \/>\n<link rel=\"canonical\" href=\"https:\/\/buod.de\/de\/buod-naptar-2026\/ligeti-gyorgy\/\" \/>\n<meta property=\"og:locale\" content=\"de_DE\" \/>\n<meta property=\"og:type\" content=\"article\" \/>\n<meta property=\"og:title\" content=\"Ligeti Gy\u00f6rgy - 2026. okt\u00f3ber - BUOD\" \/>\n<meta property=\"og:description\" content=\"Ligeti Gy\u00f6rgy (1923-2006) Ligeti Gy\u00f6rgy magyar sz\u00e1rmaz\u00e1s\u00fa, vil\u00e1gh\u00edr\u0171 zeneszerz\u0151 volt, akit a 20. sz\u00e1zadi avantg\u00e1rd zene egyik legnagyobb \u00faj\u00edt\u00f3jak\u00e9nt tartanak sz\u00e1mon, de hat\u00e1ssal volt r\u00e1 korai \u00e9veiben a magyar n\u00e9pzene is. M\u0171vei, mint az Atmosph\u00e8res vagy a Lux Aeterna, a modern hangz\u00e1svil\u00e1g \u00fatt\u00f6r\u0151i. 1956-ban k\u00fclf\u00f6ldre menek\u00fclt \u00e9s el\u0151sz\u00f6r K\u00f6lnben, majd B\u00e9csben telepedett le, k\u00e9s\u0151bb Hamburgban, [&hellip;]\" \/>\n<meta property=\"og:url\" content=\"https:\/\/buod.de\/de\/buod-naptar-2026\/ligeti-gyorgy\/\" \/>\n<meta property=\"og:site_name\" content=\"BUOD\" \/>\n<meta property=\"article:publisher\" content=\"https:\/\/www.facebook.com\/profile.php?id=100082185652397\" \/>\n<meta property=\"article:modified_time\" content=\"2025-10-01T07:28:22+00:00\" \/>\n<meta property=\"og:image\" content=\"https:\/\/buod.de\/wp-content\/uploads\/2025\/08\/Ligeti1.jpg\" \/>\n\t<meta property=\"og:image:width\" content=\"621\" \/>\n\t<meta property=\"og:image:height\" content=\"739\" \/>\n\t<meta property=\"og:image:type\" content=\"image\/jpeg\" \/>\n<meta name=\"twitter:card\" content=\"summary_large_image\" \/>\n<meta name=\"twitter:label1\" content=\"Est. reading time\" \/>\n\t<meta name=\"twitter:data1\" content=\"1 minute\" \/>\n<script type=\"application\/ld+json\" class=\"yoast-schema-graph\">{\"@context\":\"https:\\\/\\\/schema.org\",\"@graph\":[{\"@type\":\"WebPage\",\"@id\":\"https:\\\/\\\/buod.de\\\/buod-naptar-2026\\\/ligeti-gyorgy\\\/\",\"url\":\"https:\\\/\\\/buod.de\\\/buod-naptar-2026\\\/ligeti-gyorgy\\\/\",\"name\":\"Ligeti Gy\u00f6rgy - 2026. okt\u00f3ber - BUOD\",\"isPartOf\":{\"@id\":\"https:\\\/\\\/buod.de\\\/#website\"},\"primaryImageOfPage\":{\"@id\":\"https:\\\/\\\/buod.de\\\/buod-naptar-2026\\\/ligeti-gyorgy\\\/#primaryimage\"},\"image\":{\"@id\":\"https:\\\/\\\/buod.de\\\/buod-naptar-2026\\\/ligeti-gyorgy\\\/#primaryimage\"},\"thumbnailUrl\":\"https:\\\/\\\/buod.de\\\/wp-content\\\/uploads\\\/2025\\\/08\\\/Ligeti1.jpg\",\"datePublished\":\"2025-08-28T17:59:47+00:00\",\"dateModified\":\"2025-10-01T07:28:22+00:00\",\"breadcrumb\":{\"@id\":\"https:\\\/\\\/buod.de\\\/buod-naptar-2026\\\/ligeti-gyorgy\\\/#breadcrumb\"},\"inLanguage\":\"de-DE\",\"potentialAction\":[{\"@type\":\"ReadAction\",\"target\":[\"https:\\\/\\\/buod.de\\\/buod-naptar-2026\\\/ligeti-gyorgy\\\/\"]}]},{\"@type\":\"ImageObject\",\"inLanguage\":\"de-DE\",\"@id\":\"https:\\\/\\\/buod.de\\\/buod-naptar-2026\\\/ligeti-gyorgy\\\/#primaryimage\",\"url\":\"https:\\\/\\\/buod.de\\\/wp-content\\\/uploads\\\/2025\\\/08\\\/Ligeti1.jpg\",\"contentUrl\":\"https:\\\/\\\/buod.de\\\/wp-content\\\/uploads\\\/2025\\\/08\\\/Ligeti1.jpg\"},{\"@type\":\"BreadcrumbList\",\"@id\":\"https:\\\/\\\/buod.de\\\/buod-naptar-2026\\\/ligeti-gyorgy\\\/#breadcrumb\",\"itemListElement\":[{\"@type\":\"ListItem\",\"position\":1,\"name\":\"Kezd\u0151lap\",\"item\":\"https:\\\/\\\/buod.de\\\/\"},{\"@type\":\"ListItem\",\"position\":2,\"name\":\"BUOD napt\u00e1r 2026\",\"item\":\"https:\\\/\\\/buod.de\\\/buod-naptar-2026\\\/\"},{\"@type\":\"ListItem\",\"position\":3,\"name\":\"Ligeti Gy\u00f6rgy &#8211; 2026. okt\u00f3ber\"}]},{\"@type\":\"WebSite\",\"@id\":\"https:\\\/\\\/buod.de\\\/#website\",\"url\":\"https:\\\/\\\/buod.de\\\/\",\"name\":\"BUOD\",\"description\":\"Bund Ungarischer Organisationen in Deutschland\",\"publisher\":{\"@id\":\"https:\\\/\\\/buod.de\\\/#organization\"},\"potentialAction\":[{\"@type\":\"SearchAction\",\"target\":{\"@type\":\"EntryPoint\",\"urlTemplate\":\"https:\\\/\\\/buod.de\\\/?s={search_term_string}\"},\"query-input\":{\"@type\":\"PropertyValueSpecification\",\"valueRequired\":true,\"valueName\":\"search_term_string\"}}],\"inLanguage\":\"de-DE\"},{\"@type\":\"Organization\",\"@id\":\"https:\\\/\\\/buod.de\\\/#organization\",\"name\":\"BUOD\",\"url\":\"https:\\\/\\\/buod.de\\\/\",\"logo\":{\"@type\":\"ImageObject\",\"inLanguage\":\"de-DE\",\"@id\":\"https:\\\/\\\/buod.de\\\/#\\\/schema\\\/logo\\\/image\\\/\",\"url\":\"https:\\\/\\\/buod.de\\\/wp-content\\\/uploads\\\/2024\\\/03\\\/BUOD-logo.png\",\"contentUrl\":\"https:\\\/\\\/buod.de\\\/wp-content\\\/uploads\\\/2024\\\/03\\\/BUOD-logo.png\",\"width\":586,\"height\":490,\"caption\":\"BUOD\"},\"image\":{\"@id\":\"https:\\\/\\\/buod.de\\\/#\\\/schema\\\/logo\\\/image\\\/\"},\"sameAs\":[\"https:\\\/\\\/www.facebook.com\\\/profile.php?id=100082185652397\"]}]}<\/script>\n<!-- \/ Yoast SEO plugin. -->","yoast_head_json":{"title":"Ligeti Gy\u00f6rgy - 2026. okt\u00f3ber - BUOD","robots":{"index":"index","follow":"follow","max-snippet":"max-snippet:-1","max-image-preview":"max-image-preview:large","max-video-preview":"max-video-preview:-1"},"canonical":"https:\/\/buod.de\/de\/buod-naptar-2026\/ligeti-gyorgy\/","og_locale":"de_DE","og_type":"article","og_title":"Ligeti Gy\u00f6rgy - 2026. okt\u00f3ber - BUOD","og_description":"Ligeti Gy\u00f6rgy (1923-2006) Ligeti Gy\u00f6rgy magyar sz\u00e1rmaz\u00e1s\u00fa, vil\u00e1gh\u00edr\u0171 zeneszerz\u0151 volt, akit a 20. sz\u00e1zadi avantg\u00e1rd zene egyik legnagyobb \u00faj\u00edt\u00f3jak\u00e9nt tartanak sz\u00e1mon, de hat\u00e1ssal volt r\u00e1 korai \u00e9veiben a magyar n\u00e9pzene is. M\u0171vei, mint az Atmosph\u00e8res vagy a Lux Aeterna, a modern hangz\u00e1svil\u00e1g \u00fatt\u00f6r\u0151i. 1956-ban k\u00fclf\u00f6ldre menek\u00fclt \u00e9s el\u0151sz\u00f6r K\u00f6lnben, majd B\u00e9csben telepedett le, k\u00e9s\u0151bb Hamburgban, [&hellip;]","og_url":"https:\/\/buod.de\/de\/buod-naptar-2026\/ligeti-gyorgy\/","og_site_name":"BUOD","article_publisher":"https:\/\/www.facebook.com\/profile.php?id=100082185652397","article_modified_time":"2025-10-01T07:28:22+00:00","og_image":[{"width":621,"height":739,"url":"https:\/\/buod.de\/wp-content\/uploads\/2025\/08\/Ligeti1.jpg","type":"image\/jpeg"}],"twitter_card":"summary_large_image","twitter_misc":{"Est. reading time":"1 minute"},"schema":{"@context":"https:\/\/schema.org","@graph":[{"@type":"WebPage","@id":"https:\/\/buod.de\/buod-naptar-2026\/ligeti-gyorgy\/","url":"https:\/\/buod.de\/buod-naptar-2026\/ligeti-gyorgy\/","name":"Ligeti Gy\u00f6rgy - 2026. okt\u00f3ber - BUOD","isPartOf":{"@id":"https:\/\/buod.de\/#website"},"primaryImageOfPage":{"@id":"https:\/\/buod.de\/buod-naptar-2026\/ligeti-gyorgy\/#primaryimage"},"image":{"@id":"https:\/\/buod.de\/buod-naptar-2026\/ligeti-gyorgy\/#primaryimage"},"thumbnailUrl":"https:\/\/buod.de\/wp-content\/uploads\/2025\/08\/Ligeti1.jpg","datePublished":"2025-08-28T17:59:47+00:00","dateModified":"2025-10-01T07:28:22+00:00","breadcrumb":{"@id":"https:\/\/buod.de\/buod-naptar-2026\/ligeti-gyorgy\/#breadcrumb"},"inLanguage":"de-DE","potentialAction":[{"@type":"ReadAction","target":["https:\/\/buod.de\/buod-naptar-2026\/ligeti-gyorgy\/"]}]},{"@type":"ImageObject","inLanguage":"de-DE","@id":"https:\/\/buod.de\/buod-naptar-2026\/ligeti-gyorgy\/#primaryimage","url":"https:\/\/buod.de\/wp-content\/uploads\/2025\/08\/Ligeti1.jpg","contentUrl":"https:\/\/buod.de\/wp-content\/uploads\/2025\/08\/Ligeti1.jpg"},{"@type":"BreadcrumbList","@id":"https:\/\/buod.de\/buod-naptar-2026\/ligeti-gyorgy\/#breadcrumb","itemListElement":[{"@type":"ListItem","position":1,"name":"Kezd\u0151lap","item":"https:\/\/buod.de\/"},{"@type":"ListItem","position":2,"name":"BUOD napt\u00e1r 2026","item":"https:\/\/buod.de\/buod-naptar-2026\/"},{"@type":"ListItem","position":3,"name":"Ligeti Gy\u00f6rgy &#8211; 2026. okt\u00f3ber"}]},{"@type":"WebSite","@id":"https:\/\/buod.de\/#website","url":"https:\/\/buod.de\/","name":"BUOD","description":"Bund Ungarischer Organisationen in Deutschland","publisher":{"@id":"https:\/\/buod.de\/#organization"},"potentialAction":[{"@type":"SearchAction","target":{"@type":"EntryPoint","urlTemplate":"https:\/\/buod.de\/?s={search_term_string}"},"query-input":{"@type":"PropertyValueSpecification","valueRequired":true,"valueName":"search_term_string"}}],"inLanguage":"de-DE"},{"@type":"Organization","@id":"https:\/\/buod.de\/#organization","name":"BUOD","url":"https:\/\/buod.de\/","logo":{"@type":"ImageObject","inLanguage":"de-DE","@id":"https:\/\/buod.de\/#\/schema\/logo\/image\/","url":"https:\/\/buod.de\/wp-content\/uploads\/2024\/03\/BUOD-logo.png","contentUrl":"https:\/\/buod.de\/wp-content\/uploads\/2024\/03\/BUOD-logo.png","width":586,"height":490,"caption":"BUOD"},"image":{"@id":"https:\/\/buod.de\/#\/schema\/logo\/image\/"},"sameAs":["https:\/\/www.facebook.com\/profile.php?id=100082185652397"]}]}},"_links":{"self":[{"href":"https:\/\/buod.de\/de\/wp-json\/wp\/v2\/pages\/10540","targetHints":{"allow":["GET"]}}],"collection":[{"href":"https:\/\/buod.de\/de\/wp-json\/wp\/v2\/pages"}],"about":[{"href":"https:\/\/buod.de\/de\/wp-json\/wp\/v2\/types\/page"}],"author":[{"embeddable":true,"href":"https:\/\/buod.de\/de\/wp-json\/wp\/v2\/users\/7"}],"replies":[{"embeddable":true,"href":"https:\/\/buod.de\/de\/wp-json\/wp\/v2\/comments?post=10540"}],"version-history":[{"count":7,"href":"https:\/\/buod.de\/de\/wp-json\/wp\/v2\/pages\/10540\/revisions"}],"predecessor-version":[{"id":11311,"href":"https:\/\/buod.de\/de\/wp-json\/wp\/v2\/pages\/10540\/revisions\/11311"}],"up":[{"embeddable":true,"href":"https:\/\/buod.de\/de\/wp-json\/wp\/v2\/pages\/10512"}],"wp:attachment":[{"href":"https:\/\/buod.de\/de\/wp-json\/wp\/v2\/media?parent=10540"}],"curies":[{"name":"wp","href":"https:\/\/api.w.org\/{rel}","templated":true}]}}