{"id":10542,"date":"2025-08-28T20:06:11","date_gmt":"2025-08-28T18:06:11","guid":{"rendered":"https:\/\/buod.de\/?page_id=10542"},"modified":"2025-10-01T09:28:57","modified_gmt":"2025-10-01T07:28:57","slug":"kacsoh-pongrac","status":"publish","type":"page","link":"https:\/\/buod.de\/de\/buod-naptar-2026\/kacsoh-pongrac\/","title":{"rendered":"Kacs\u00f3h Pongr\u00e1c &#8211; 2026. november"},"content":{"rendered":"<h3 class=\"wp-block-heading\">Kacs\u00f3h Pongr\u00e1c (1873-1923)<\/h3>\n\n\n\n<figure class=\"wp-block-image size-full is-resized\"><img loading=\"lazy\" decoding=\"async\" width=\"444\" height=\"598\" src=\"https:\/\/buod.de\/wp-content\/uploads\/2025\/08\/Kacsoh_Pongrac.jpg\" alt=\"\" class=\"wp-image-10695\" style=\"width:308px;height:auto\" srcset=\"https:\/\/buod.de\/wp-content\/uploads\/2025\/08\/Kacsoh_Pongrac.jpg 444w, https:\/\/buod.de\/wp-content\/uploads\/2025\/08\/Kacsoh_Pongrac-223x300.jpg 223w, https:\/\/buod.de\/wp-content\/uploads\/2025\/08\/Kacsoh_Pongrac-9x12.jpg 9w\" sizes=\"auto, (max-width: 444px) 100vw, 444px\" \/><\/figure>\n\n\n\n<p>Kacs\u00f3h Pongr\u00e1c magyar zeneszerz\u0151, zenepedag\u00f3gus \u00e9s karmester volt, aki els\u0151sorban dalj\u00e1t\u00e9kair\u00f3l v\u00e1lt ismertt\u00e9. Legnagyobb sikere a J\u00e1nos vit\u00e9z c\u00edm\u0171 dalj\u00e1t\u00e9k volt, amely Pet\u0151fi S\u00e1ndor m\u0171v\u00e9t zen\u00e9s\u00edtette meg \u00e9s a magyar zen\u00e9s sz\u00ednpad klasszikus\u00e1v\u00e1 v\u00e1lt. Tan\u00e1ri \u00e9s karnagyi munk\u00e1j\u00e1val jelent\u0151s hat\u00e1st gyakorolt a magyar zenei \u00e9letre a 20. sz\u00e1zad elej\u00e9n.<\/p>\n\n\n\n<figure class=\"wp-block-image size-full is-resized\"><img loading=\"lazy\" decoding=\"async\" width=\"564\" height=\"442\" src=\"https:\/\/buod.de\/wp-content\/uploads\/2024\/11\/Lechner_odon_minta.png\" alt=\"\" class=\"wp-image-9502\" style=\"width:243px;height:auto\" srcset=\"https:\/\/buod.de\/wp-content\/uploads\/2024\/11\/Lechner_odon_minta.png 564w, https:\/\/buod.de\/wp-content\/uploads\/2024\/11\/Lechner_odon_minta-300x235.png 300w, https:\/\/buod.de\/wp-content\/uploads\/2024\/11\/Lechner_odon_minta-15x12.png 15w\" sizes=\"auto, (max-width: 564px) 100vw, 564px\" \/><\/figure>\n\n\n\n<h3 class=\"wp-block-heading\">Hallgassa meg egy zenem\u0171v\u00e9t!<\/h3>\n\n\n\n<p>J\u00e1nos vit\u00e9z c. dalj\u00e1t\u00e9k: Egy r\u00f3zsasz\u00e1l szebben besz\u00e9l<\/p>\n\n\n\n<figure class=\"wp-block-embed is-type-video is-provider-youtube wp-block-embed-youtube wp-embed-aspect-16-9 wp-has-aspect-ratio\"><div class=\"wp-block-embed__wrapper\">\n<iframe loading=\"lazy\" title=\"Egy r\u00f3zsasz\u00e1l szebben besz\u00e9l (J\u00e1nos vit\u00e9z)\" width=\"500\" height=\"281\" src=\"https:\/\/www.youtube.com\/embed\/v2M6nBm9wnA?feature=oembed\" frameborder=\"0\" allow=\"accelerometer; autoplay; clipboard-write; encrypted-media; gyroscope; picture-in-picture; web-share\" referrerpolicy=\"strict-origin-when-cross-origin\" allowfullscreen><\/iframe>\n<\/div><\/figure>\n\n\n\n<h3 class=\"wp-block-heading\">Deutsch:<\/h3>\n\n\n\n<p>Pongr\u00e1c Kacs\u00f3h war ein ungarischer Komponist, Musikp\u00e4dagoge und Dirigent, der vor allem durch seine Liederspiele bekannt wurde. Sein gr\u00f6\u00dfter Erfolg war das Liederspiel J\u00e1nos vit\u00e9z, eine Vertonung des Werks von S\u00e1ndor Pet\u0151fi, das zu einem Klassiker der ungarischen Musikb\u00fchne wurde. Mit seiner T\u00e4tigkeit als Lehrer und Dirigent pr\u00e4gte er das ungarische Musikleben im fr\u00fchen 20. Jahrhundert ma\u00dfgeblich.<\/p>\n\n\n\n<h3 class=\"wp-block-heading\">A BUOD 2026-os falinapt\u00e1rj\u00e1ban szerepl\u0151 tov\u00e1bbi magyar zeneszerz\u0151:<\/h3>\n\n\n\n<figure class=\"wp-block-embed is-type-wp-embed is-provider-buod wp-block-embed-buod\"><div class=\"wp-block-embed__wrapper\">\n<blockquote class=\"wp-embedded-content\" data-secret=\"7b5sgnWGvA\"><a href=\"https:\/\/buod.de\/de\/buod-naptar-2026\/\">BUOD napt\u00e1r 2026<\/a><\/blockquote><iframe loading=\"lazy\" class=\"wp-embedded-content\" sandbox=\"allow-scripts\" security=\"restricted\" style=\"position: absolute; visibility: hidden;\" title=\"&#8220;BUOD napt\u00e1r 2026&#8221; &#8212; BUOD\" src=\"https:\/\/buod.de\/buod-naptar-2026\/embed\/#?secret=cHLM1b9CUW#?secret=7b5sgnWGvA\" data-secret=\"7b5sgnWGvA\" width=\"500\" height=\"282\" frameborder=\"0\" marginwidth=\"0\" marginheight=\"0\" scrolling=\"no\"><\/iframe>\n<\/div><\/figure>","protected":false},"excerpt":{"rendered":"<p>Kacs\u00f3h Pongr\u00e1c (1873-1923) Kacs\u00f3h Pongr\u00e1c magyar zeneszerz\u0151, zenepedag\u00f3gus \u00e9s karmester volt, aki els\u0151sorban dalj\u00e1t\u00e9kair\u00f3l v\u00e1lt ismertt\u00e9. Legnagyobb sikere a J\u00e1nos vit\u00e9z c\u00edm\u0171 dalj\u00e1t\u00e9k volt, amely Pet\u0151fi S\u00e1ndor m\u0171v\u00e9t zen\u00e9s\u00edtette meg \u00e9s a magyar zen\u00e9s sz\u00ednpad klasszikus\u00e1v\u00e1 v\u00e1lt. Tan\u00e1ri \u00e9s karnagyi munk\u00e1j\u00e1val jelent\u0151s hat\u00e1st gyakorolt a magyar zenei \u00e9letre a 20. sz\u00e1zad elej\u00e9n. Hallgassa meg egy [&hellip;]<\/p>\n","protected":false},"author":7,"featured_media":0,"parent":10512,"menu_order":11,"comment_status":"closed","ping_status":"closed","template":"","meta":{"footnotes":""},"class_list":["post-10542","page","type-page","status-publish","hentry"],"yoast_head":"<!-- This site is optimized with the Yoast SEO plugin v27.4 - https:\/\/yoast.com\/product\/yoast-seo-wordpress\/ -->\n<title>Kacs\u00f3h Pongr\u00e1c - 2026. november - BUOD<\/title>\n<meta name=\"robots\" content=\"index, follow, max-snippet:-1, max-image-preview:large, max-video-preview:-1\" \/>\n<link rel=\"canonical\" href=\"https:\/\/buod.de\/de\/buod-naptar-2026\/kacsoh-pongrac\/\" \/>\n<meta property=\"og:locale\" content=\"de_DE\" \/>\n<meta property=\"og:type\" content=\"article\" \/>\n<meta property=\"og:title\" content=\"Kacs\u00f3h Pongr\u00e1c - 2026. november - BUOD\" \/>\n<meta property=\"og:description\" content=\"Kacs\u00f3h Pongr\u00e1c (1873-1923) Kacs\u00f3h Pongr\u00e1c magyar zeneszerz\u0151, zenepedag\u00f3gus \u00e9s karmester volt, aki els\u0151sorban dalj\u00e1t\u00e9kair\u00f3l v\u00e1lt ismertt\u00e9. Legnagyobb sikere a J\u00e1nos vit\u00e9z c\u00edm\u0171 dalj\u00e1t\u00e9k volt, amely Pet\u0151fi S\u00e1ndor m\u0171v\u00e9t zen\u00e9s\u00edtette meg \u00e9s a magyar zen\u00e9s sz\u00ednpad klasszikus\u00e1v\u00e1 v\u00e1lt. Tan\u00e1ri \u00e9s karnagyi munk\u00e1j\u00e1val jelent\u0151s hat\u00e1st gyakorolt a magyar zenei \u00e9letre a 20. sz\u00e1zad elej\u00e9n. Hallgassa meg egy [&hellip;]\" \/>\n<meta property=\"og:url\" content=\"https:\/\/buod.de\/de\/buod-naptar-2026\/kacsoh-pongrac\/\" \/>\n<meta property=\"og:site_name\" content=\"BUOD\" \/>\n<meta property=\"article:publisher\" content=\"https:\/\/www.facebook.com\/profile.php?id=100082185652397\" \/>\n<meta property=\"article:modified_time\" content=\"2025-10-01T07:28:57+00:00\" \/>\n<meta property=\"og:image\" content=\"https:\/\/buod.de\/wp-content\/uploads\/2025\/08\/Kacsoh_Pongrac.jpg\" \/>\n\t<meta property=\"og:image:width\" content=\"444\" \/>\n\t<meta property=\"og:image:height\" content=\"598\" \/>\n\t<meta property=\"og:image:type\" content=\"image\/jpeg\" \/>\n<meta name=\"twitter:card\" content=\"summary_large_image\" \/>\n<meta name=\"twitter:label1\" content=\"Est. reading time\" \/>\n\t<meta name=\"twitter:data1\" content=\"1 minute\" \/>\n<script type=\"application\/ld+json\" class=\"yoast-schema-graph\">{\"@context\":\"https:\\\/\\\/schema.org\",\"@graph\":[{\"@type\":\"WebPage\",\"@id\":\"https:\\\/\\\/buod.de\\\/buod-naptar-2026\\\/kacsoh-pongrac\\\/\",\"url\":\"https:\\\/\\\/buod.de\\\/buod-naptar-2026\\\/kacsoh-pongrac\\\/\",\"name\":\"Kacs\u00f3h Pongr\u00e1c - 2026. november - BUOD\",\"isPartOf\":{\"@id\":\"https:\\\/\\\/buod.de\\\/#website\"},\"primaryImageOfPage\":{\"@id\":\"https:\\\/\\\/buod.de\\\/buod-naptar-2026\\\/kacsoh-pongrac\\\/#primaryimage\"},\"image\":{\"@id\":\"https:\\\/\\\/buod.de\\\/buod-naptar-2026\\\/kacsoh-pongrac\\\/#primaryimage\"},\"thumbnailUrl\":\"https:\\\/\\\/buod.de\\\/wp-content\\\/uploads\\\/2025\\\/08\\\/Kacsoh_Pongrac.jpg\",\"datePublished\":\"2025-08-28T18:06:11+00:00\",\"dateModified\":\"2025-10-01T07:28:57+00:00\",\"breadcrumb\":{\"@id\":\"https:\\\/\\\/buod.de\\\/buod-naptar-2026\\\/kacsoh-pongrac\\\/#breadcrumb\"},\"inLanguage\":\"de-DE\",\"potentialAction\":[{\"@type\":\"ReadAction\",\"target\":[\"https:\\\/\\\/buod.de\\\/buod-naptar-2026\\\/kacsoh-pongrac\\\/\"]}]},{\"@type\":\"ImageObject\",\"inLanguage\":\"de-DE\",\"@id\":\"https:\\\/\\\/buod.de\\\/buod-naptar-2026\\\/kacsoh-pongrac\\\/#primaryimage\",\"url\":\"https:\\\/\\\/buod.de\\\/wp-content\\\/uploads\\\/2025\\\/08\\\/Kacsoh_Pongrac.jpg\",\"contentUrl\":\"https:\\\/\\\/buod.de\\\/wp-content\\\/uploads\\\/2025\\\/08\\\/Kacsoh_Pongrac.jpg\"},{\"@type\":\"BreadcrumbList\",\"@id\":\"https:\\\/\\\/buod.de\\\/buod-naptar-2026\\\/kacsoh-pongrac\\\/#breadcrumb\",\"itemListElement\":[{\"@type\":\"ListItem\",\"position\":1,\"name\":\"Kezd\u0151lap\",\"item\":\"https:\\\/\\\/buod.de\\\/\"},{\"@type\":\"ListItem\",\"position\":2,\"name\":\"BUOD napt\u00e1r 2026\",\"item\":\"https:\\\/\\\/buod.de\\\/buod-naptar-2026\\\/\"},{\"@type\":\"ListItem\",\"position\":3,\"name\":\"Kacs\u00f3h Pongr\u00e1c &#8211; 2026. november\"}]},{\"@type\":\"WebSite\",\"@id\":\"https:\\\/\\\/buod.de\\\/#website\",\"url\":\"https:\\\/\\\/buod.de\\\/\",\"name\":\"BUOD\",\"description\":\"Bund Ungarischer Organisationen in Deutschland\",\"publisher\":{\"@id\":\"https:\\\/\\\/buod.de\\\/#organization\"},\"potentialAction\":[{\"@type\":\"SearchAction\",\"target\":{\"@type\":\"EntryPoint\",\"urlTemplate\":\"https:\\\/\\\/buod.de\\\/?s={search_term_string}\"},\"query-input\":{\"@type\":\"PropertyValueSpecification\",\"valueRequired\":true,\"valueName\":\"search_term_string\"}}],\"inLanguage\":\"de-DE\"},{\"@type\":\"Organization\",\"@id\":\"https:\\\/\\\/buod.de\\\/#organization\",\"name\":\"BUOD\",\"url\":\"https:\\\/\\\/buod.de\\\/\",\"logo\":{\"@type\":\"ImageObject\",\"inLanguage\":\"de-DE\",\"@id\":\"https:\\\/\\\/buod.de\\\/#\\\/schema\\\/logo\\\/image\\\/\",\"url\":\"https:\\\/\\\/buod.de\\\/wp-content\\\/uploads\\\/2024\\\/03\\\/BUOD-logo.png\",\"contentUrl\":\"https:\\\/\\\/buod.de\\\/wp-content\\\/uploads\\\/2024\\\/03\\\/BUOD-logo.png\",\"width\":586,\"height\":490,\"caption\":\"BUOD\"},\"image\":{\"@id\":\"https:\\\/\\\/buod.de\\\/#\\\/schema\\\/logo\\\/image\\\/\"},\"sameAs\":[\"https:\\\/\\\/www.facebook.com\\\/profile.php?id=100082185652397\"]}]}<\/script>\n<!-- \/ Yoast SEO plugin. -->","yoast_head_json":{"title":"Kacs\u00f3h Pongr\u00e1c - 2026. november - BUOD","robots":{"index":"index","follow":"follow","max-snippet":"max-snippet:-1","max-image-preview":"max-image-preview:large","max-video-preview":"max-video-preview:-1"},"canonical":"https:\/\/buod.de\/de\/buod-naptar-2026\/kacsoh-pongrac\/","og_locale":"de_DE","og_type":"article","og_title":"Kacs\u00f3h Pongr\u00e1c - 2026. november - BUOD","og_description":"Kacs\u00f3h Pongr\u00e1c (1873-1923) Kacs\u00f3h Pongr\u00e1c magyar zeneszerz\u0151, zenepedag\u00f3gus \u00e9s karmester volt, aki els\u0151sorban dalj\u00e1t\u00e9kair\u00f3l v\u00e1lt ismertt\u00e9. Legnagyobb sikere a J\u00e1nos vit\u00e9z c\u00edm\u0171 dalj\u00e1t\u00e9k volt, amely Pet\u0151fi S\u00e1ndor m\u0171v\u00e9t zen\u00e9s\u00edtette meg \u00e9s a magyar zen\u00e9s sz\u00ednpad klasszikus\u00e1v\u00e1 v\u00e1lt. Tan\u00e1ri \u00e9s karnagyi munk\u00e1j\u00e1val jelent\u0151s hat\u00e1st gyakorolt a magyar zenei \u00e9letre a 20. sz\u00e1zad elej\u00e9n. Hallgassa meg egy [&hellip;]","og_url":"https:\/\/buod.de\/de\/buod-naptar-2026\/kacsoh-pongrac\/","og_site_name":"BUOD","article_publisher":"https:\/\/www.facebook.com\/profile.php?id=100082185652397","article_modified_time":"2025-10-01T07:28:57+00:00","og_image":[{"width":444,"height":598,"url":"https:\/\/buod.de\/wp-content\/uploads\/2025\/08\/Kacsoh_Pongrac.jpg","type":"image\/jpeg"}],"twitter_card":"summary_large_image","twitter_misc":{"Est. reading time":"1 minute"},"schema":{"@context":"https:\/\/schema.org","@graph":[{"@type":"WebPage","@id":"https:\/\/buod.de\/buod-naptar-2026\/kacsoh-pongrac\/","url":"https:\/\/buod.de\/buod-naptar-2026\/kacsoh-pongrac\/","name":"Kacs\u00f3h Pongr\u00e1c - 2026. november - BUOD","isPartOf":{"@id":"https:\/\/buod.de\/#website"},"primaryImageOfPage":{"@id":"https:\/\/buod.de\/buod-naptar-2026\/kacsoh-pongrac\/#primaryimage"},"image":{"@id":"https:\/\/buod.de\/buod-naptar-2026\/kacsoh-pongrac\/#primaryimage"},"thumbnailUrl":"https:\/\/buod.de\/wp-content\/uploads\/2025\/08\/Kacsoh_Pongrac.jpg","datePublished":"2025-08-28T18:06:11+00:00","dateModified":"2025-10-01T07:28:57+00:00","breadcrumb":{"@id":"https:\/\/buod.de\/buod-naptar-2026\/kacsoh-pongrac\/#breadcrumb"},"inLanguage":"de-DE","potentialAction":[{"@type":"ReadAction","target":["https:\/\/buod.de\/buod-naptar-2026\/kacsoh-pongrac\/"]}]},{"@type":"ImageObject","inLanguage":"de-DE","@id":"https:\/\/buod.de\/buod-naptar-2026\/kacsoh-pongrac\/#primaryimage","url":"https:\/\/buod.de\/wp-content\/uploads\/2025\/08\/Kacsoh_Pongrac.jpg","contentUrl":"https:\/\/buod.de\/wp-content\/uploads\/2025\/08\/Kacsoh_Pongrac.jpg"},{"@type":"BreadcrumbList","@id":"https:\/\/buod.de\/buod-naptar-2026\/kacsoh-pongrac\/#breadcrumb","itemListElement":[{"@type":"ListItem","position":1,"name":"Kezd\u0151lap","item":"https:\/\/buod.de\/"},{"@type":"ListItem","position":2,"name":"BUOD napt\u00e1r 2026","item":"https:\/\/buod.de\/buod-naptar-2026\/"},{"@type":"ListItem","position":3,"name":"Kacs\u00f3h Pongr\u00e1c &#8211; 2026. november"}]},{"@type":"WebSite","@id":"https:\/\/buod.de\/#website","url":"https:\/\/buod.de\/","name":"BUOD","description":"Bund Ungarischer Organisationen in Deutschland","publisher":{"@id":"https:\/\/buod.de\/#organization"},"potentialAction":[{"@type":"SearchAction","target":{"@type":"EntryPoint","urlTemplate":"https:\/\/buod.de\/?s={search_term_string}"},"query-input":{"@type":"PropertyValueSpecification","valueRequired":true,"valueName":"search_term_string"}}],"inLanguage":"de-DE"},{"@type":"Organization","@id":"https:\/\/buod.de\/#organization","name":"BUOD","url":"https:\/\/buod.de\/","logo":{"@type":"ImageObject","inLanguage":"de-DE","@id":"https:\/\/buod.de\/#\/schema\/logo\/image\/","url":"https:\/\/buod.de\/wp-content\/uploads\/2024\/03\/BUOD-logo.png","contentUrl":"https:\/\/buod.de\/wp-content\/uploads\/2024\/03\/BUOD-logo.png","width":586,"height":490,"caption":"BUOD"},"image":{"@id":"https:\/\/buod.de\/#\/schema\/logo\/image\/"},"sameAs":["https:\/\/www.facebook.com\/profile.php?id=100082185652397"]}]}},"_links":{"self":[{"href":"https:\/\/buod.de\/de\/wp-json\/wp\/v2\/pages\/10542","targetHints":{"allow":["GET"]}}],"collection":[{"href":"https:\/\/buod.de\/de\/wp-json\/wp\/v2\/pages"}],"about":[{"href":"https:\/\/buod.de\/de\/wp-json\/wp\/v2\/types\/page"}],"author":[{"embeddable":true,"href":"https:\/\/buod.de\/de\/wp-json\/wp\/v2\/users\/7"}],"replies":[{"embeddable":true,"href":"https:\/\/buod.de\/de\/wp-json\/wp\/v2\/comments?post=10542"}],"version-history":[{"count":10,"href":"https:\/\/buod.de\/de\/wp-json\/wp\/v2\/pages\/10542\/revisions"}],"predecessor-version":[{"id":11312,"href":"https:\/\/buod.de\/de\/wp-json\/wp\/v2\/pages\/10542\/revisions\/11312"}],"up":[{"embeddable":true,"href":"https:\/\/buod.de\/de\/wp-json\/wp\/v2\/pages\/10512"}],"wp:attachment":[{"href":"https:\/\/buod.de\/de\/wp-json\/wp\/v2\/media?parent=10542"}],"curies":[{"name":"wp","href":"https:\/\/api.w.org\/{rel}","templated":true}]}}