{"id":10544,"date":"2025-08-28T20:08:48","date_gmt":"2025-08-28T18:08:48","guid":{"rendered":"https:\/\/buod.de\/?page_id=10544"},"modified":"2025-10-01T09:29:27","modified_gmt":"2025-10-01T07:29:27","slug":"bardos-lajos","status":"publish","type":"page","link":"https:\/\/buod.de\/de\/buod-naptar-2026\/bardos-lajos\/","title":{"rendered":"B\u00e1rdos Lajos &#8211; 2026. december"},"content":{"rendered":"<h3 class=\"wp-block-heading\">B\u00e1rdos Lajos (1899-1986)<\/h3>\n\n\n\n<figure class=\"wp-block-image size-large is-resized\"><img loading=\"lazy\" decoding=\"async\" width=\"718\" height=\"1024\" src=\"https:\/\/buod.de\/wp-content\/uploads\/2025\/08\/Bardos_Lajos_1948-718x1024.jpg\" alt=\"\" class=\"wp-image-10701\" style=\"width:343px;height:auto\" srcset=\"https:\/\/buod.de\/wp-content\/uploads\/2025\/08\/Bardos_Lajos_1948-718x1024.jpg 718w, https:\/\/buod.de\/wp-content\/uploads\/2025\/08\/Bardos_Lajos_1948-210x300.jpg 210w, https:\/\/buod.de\/wp-content\/uploads\/2025\/08\/Bardos_Lajos_1948-768x1095.jpg 768w, https:\/\/buod.de\/wp-content\/uploads\/2025\/08\/Bardos_Lajos_1948-1077x1536.jpg 1077w, https:\/\/buod.de\/wp-content\/uploads\/2025\/08\/Bardos_Lajos_1948-1436x2048.jpg 1436w, https:\/\/buod.de\/wp-content\/uploads\/2025\/08\/Bardos_Lajos_1948-8x12.jpg 8w, https:\/\/buod.de\/wp-content\/uploads\/2025\/08\/Bardos_Lajos_1948-scaled.jpg 1795w\" sizes=\"auto, (max-width: 718px) 100vw, 718px\" \/><\/figure>\n\n\n\n<p>B\u00e1rdos Lajos magyar zeneszerz\u0151, karmester, zenepedag\u00f3gus \u00e9s zenetud\u00f3s volt, aki kiemelked\u0151 szerepet j\u00e1tszott a magyar k\u00f3rusm\u0171v\u00e9szetben. Kod\u00e1ly Zolt\u00e1n tan\u00edtv\u00e1nyak\u00e9nt, az \u00e1ltala megkezdett zenepedag\u00f3giai hagyom\u00e1nyokat folytatta. Sz\u00e1mos k\u00f3rusm\u0171vet, egyh\u00e1zi \u00e9s vil\u00e1gi darabot kompon\u00e1lt. Nagy hat\u00e1st gyakorolt az ifj\u00fas\u00e1gi zenei nevel\u00e9sre, valamint cserk\u00e9szk\u00e9nt elind\u00edtotta a n\u00e9pdal\u00e9nekl\u00e9s hagyom\u00e1ny\u00e1t.<\/p>\n\n\n\n<figure class=\"wp-block-image size-full is-resized\"><img loading=\"lazy\" decoding=\"async\" width=\"564\" height=\"442\" src=\"https:\/\/buod.de\/wp-content\/uploads\/2024\/11\/Lechner_odon_minta.png\" alt=\"\" class=\"wp-image-9502\" style=\"width:231px;height:auto\" srcset=\"https:\/\/buod.de\/wp-content\/uploads\/2024\/11\/Lechner_odon_minta.png 564w, https:\/\/buod.de\/wp-content\/uploads\/2024\/11\/Lechner_odon_minta-300x235.png 300w, https:\/\/buod.de\/wp-content\/uploads\/2024\/11\/Lechner_odon_minta-15x12.png 15w\" sizes=\"auto, (max-width: 564px) 100vw, 564px\" \/><\/figure>\n\n\n\n<h3 class=\"wp-block-heading\">Hallgassa meg egy zenem\u0171v\u00e9t!<\/h3>\n\n\n\n<p>Kar\u00e1csonyi b\u00f6lcs\u0151dal c. k\u00f3rusm\u0171<\/p>\n\n\n\n<figure class=\"wp-block-embed is-type-video is-provider-youtube wp-block-embed-youtube wp-embed-aspect-16-9 wp-has-aspect-ratio\"><div class=\"wp-block-embed__wrapper\">\n<iframe loading=\"lazy\" title=\"B\u00e1rdos Lajos: Kar\u00e1csonyi b\u00f6lcs\u00f4dal\" width=\"500\" height=\"281\" src=\"https:\/\/www.youtube.com\/embed\/NDG-9Ju8xfA?feature=oembed\" frameborder=\"0\" allow=\"accelerometer; autoplay; clipboard-write; encrypted-media; gyroscope; picture-in-picture; web-share\" referrerpolicy=\"strict-origin-when-cross-origin\" allowfullscreen><\/iframe>\n<\/div><\/figure>\n\n\n\n<h3 class=\"wp-block-heading\">Deutsch:<\/h3>\n\n\n\n<p>Lajos B\u00e1rdos war ein ungarischer Komponist, Dirigent, Musikp\u00e4dagoge und Musikwissenschaftler, der eine herausragende Rolle in der ungarischen Chorkunst spielte. Als Sch\u00fcler von Zolt\u00e1n Kod\u00e1ly f\u00fchrte er dessen musikp\u00e4dagogische Traditionen fort. Er komponierte zahlreiche Chorwerke sowie geistliche und weltliche St\u00fccke. Er hatte gro\u00dfen Einfluss auf die musikalische Erziehung der Jugend und begr\u00fcndete als Pfadfinder die Tradition des Volksliedgesangs.<\/p>\n\n\n\n<h3 class=\"wp-block-heading\">A BUOD 2026-os falinapt\u00e1rj\u00e1ban szerepl\u0151 tov\u00e1bbi magyar zeneszerz\u0151:<\/h3>\n\n\n\n<figure class=\"wp-block-embed is-type-wp-embed is-provider-buod wp-block-embed-buod\"><div class=\"wp-block-embed__wrapper\">\n<blockquote class=\"wp-embedded-content\" data-secret=\"1eeaRPp4U3\"><a href=\"https:\/\/buod.de\/de\/buod-naptar-2026\/\">BUOD napt\u00e1r 2026<\/a><\/blockquote><iframe loading=\"lazy\" class=\"wp-embedded-content\" sandbox=\"allow-scripts\" security=\"restricted\" style=\"position: absolute; visibility: hidden;\" title=\"&#8220;BUOD napt\u00e1r 2026&#8221; &#8212; BUOD\" src=\"https:\/\/buod.de\/buod-naptar-2026\/embed\/#?secret=fgSNipWMrg#?secret=1eeaRPp4U3\" data-secret=\"1eeaRPp4U3\" width=\"500\" height=\"282\" frameborder=\"0\" marginwidth=\"0\" marginheight=\"0\" scrolling=\"no\"><\/iframe>\n<\/div><\/figure>","protected":false},"excerpt":{"rendered":"<p>B\u00e1rdos Lajos (1899-1986) B\u00e1rdos Lajos magyar zeneszerz\u0151, karmester, zenepedag\u00f3gus \u00e9s zenetud\u00f3s volt, aki kiemelked\u0151 szerepet j\u00e1tszott a magyar k\u00f3rusm\u0171v\u00e9szetben. Kod\u00e1ly Zolt\u00e1n tan\u00edtv\u00e1nyak\u00e9nt, az \u00e1ltala megkezdett zenepedag\u00f3giai hagyom\u00e1nyokat folytatta. Sz\u00e1mos k\u00f3rusm\u0171vet, egyh\u00e1zi \u00e9s vil\u00e1gi darabot kompon\u00e1lt. Nagy hat\u00e1st gyakorolt az ifj\u00fas\u00e1gi zenei nevel\u00e9sre, valamint cserk\u00e9szk\u00e9nt elind\u00edtotta a n\u00e9pdal\u00e9nekl\u00e9s hagyom\u00e1ny\u00e1t. Hallgassa meg egy zenem\u0171v\u00e9t! Kar\u00e1csonyi b\u00f6lcs\u0151dal c. [&hellip;]<\/p>\n","protected":false},"author":7,"featured_media":0,"parent":10512,"menu_order":12,"comment_status":"closed","ping_status":"closed","template":"","meta":{"footnotes":""},"class_list":["post-10544","page","type-page","status-publish","hentry"],"yoast_head":"<!-- This site is optimized with the Yoast SEO plugin v27.4 - https:\/\/yoast.com\/product\/yoast-seo-wordpress\/ -->\n<title>B\u00e1rdos Lajos - 2026. december - BUOD<\/title>\n<meta name=\"robots\" content=\"index, follow, max-snippet:-1, max-image-preview:large, max-video-preview:-1\" \/>\n<link rel=\"canonical\" href=\"https:\/\/buod.de\/de\/buod-naptar-2026\/bardos-lajos\/\" \/>\n<meta property=\"og:locale\" content=\"de_DE\" \/>\n<meta property=\"og:type\" content=\"article\" \/>\n<meta property=\"og:title\" content=\"B\u00e1rdos Lajos - 2026. december - BUOD\" \/>\n<meta property=\"og:description\" content=\"B\u00e1rdos Lajos (1899-1986) B\u00e1rdos Lajos magyar zeneszerz\u0151, karmester, zenepedag\u00f3gus \u00e9s zenetud\u00f3s volt, aki kiemelked\u0151 szerepet j\u00e1tszott a magyar k\u00f3rusm\u0171v\u00e9szetben. Kod\u00e1ly Zolt\u00e1n tan\u00edtv\u00e1nyak\u00e9nt, az \u00e1ltala megkezdett zenepedag\u00f3giai hagyom\u00e1nyokat folytatta. Sz\u00e1mos k\u00f3rusm\u0171vet, egyh\u00e1zi \u00e9s vil\u00e1gi darabot kompon\u00e1lt. Nagy hat\u00e1st gyakorolt az ifj\u00fas\u00e1gi zenei nevel\u00e9sre, valamint cserk\u00e9szk\u00e9nt elind\u00edtotta a n\u00e9pdal\u00e9nekl\u00e9s hagyom\u00e1ny\u00e1t. Hallgassa meg egy zenem\u0171v\u00e9t! Kar\u00e1csonyi b\u00f6lcs\u0151dal c. [&hellip;]\" \/>\n<meta property=\"og:url\" content=\"https:\/\/buod.de\/de\/buod-naptar-2026\/bardos-lajos\/\" \/>\n<meta property=\"og:site_name\" content=\"BUOD\" \/>\n<meta property=\"article:publisher\" content=\"https:\/\/www.facebook.com\/profile.php?id=100082185652397\" \/>\n<meta property=\"article:modified_time\" content=\"2025-10-01T07:29:27+00:00\" \/>\n<meta property=\"og:image\" content=\"https:\/\/buod.de\/wp-content\/uploads\/2025\/08\/Bardos_Lajos_1948-scaled.jpg\" \/>\n\t<meta property=\"og:image:width\" content=\"1795\" \/>\n\t<meta property=\"og:image:height\" content=\"2560\" \/>\n\t<meta property=\"og:image:type\" content=\"image\/jpeg\" \/>\n<meta name=\"twitter:card\" content=\"summary_large_image\" \/>\n<meta name=\"twitter:label1\" content=\"Est. reading time\" \/>\n\t<meta name=\"twitter:data1\" content=\"1 minute\" \/>\n<script type=\"application\/ld+json\" class=\"yoast-schema-graph\">{\"@context\":\"https:\\\/\\\/schema.org\",\"@graph\":[{\"@type\":\"WebPage\",\"@id\":\"https:\\\/\\\/buod.de\\\/buod-naptar-2026\\\/bardos-lajos\\\/\",\"url\":\"https:\\\/\\\/buod.de\\\/buod-naptar-2026\\\/bardos-lajos\\\/\",\"name\":\"B\u00e1rdos Lajos - 2026. december - BUOD\",\"isPartOf\":{\"@id\":\"https:\\\/\\\/buod.de\\\/#website\"},\"primaryImageOfPage\":{\"@id\":\"https:\\\/\\\/buod.de\\\/buod-naptar-2026\\\/bardos-lajos\\\/#primaryimage\"},\"image\":{\"@id\":\"https:\\\/\\\/buod.de\\\/buod-naptar-2026\\\/bardos-lajos\\\/#primaryimage\"},\"thumbnailUrl\":\"https:\\\/\\\/buod.de\\\/wp-content\\\/uploads\\\/2025\\\/08\\\/Bardos_Lajos_1948-718x1024.jpg\",\"datePublished\":\"2025-08-28T18:08:48+00:00\",\"dateModified\":\"2025-10-01T07:29:27+00:00\",\"breadcrumb\":{\"@id\":\"https:\\\/\\\/buod.de\\\/buod-naptar-2026\\\/bardos-lajos\\\/#breadcrumb\"},\"inLanguage\":\"de-DE\",\"potentialAction\":[{\"@type\":\"ReadAction\",\"target\":[\"https:\\\/\\\/buod.de\\\/buod-naptar-2026\\\/bardos-lajos\\\/\"]}]},{\"@type\":\"ImageObject\",\"inLanguage\":\"de-DE\",\"@id\":\"https:\\\/\\\/buod.de\\\/buod-naptar-2026\\\/bardos-lajos\\\/#primaryimage\",\"url\":\"https:\\\/\\\/buod.de\\\/wp-content\\\/uploads\\\/2025\\\/08\\\/Bardos_Lajos_1948-718x1024.jpg\",\"contentUrl\":\"https:\\\/\\\/buod.de\\\/wp-content\\\/uploads\\\/2025\\\/08\\\/Bardos_Lajos_1948-718x1024.jpg\"},{\"@type\":\"BreadcrumbList\",\"@id\":\"https:\\\/\\\/buod.de\\\/buod-naptar-2026\\\/bardos-lajos\\\/#breadcrumb\",\"itemListElement\":[{\"@type\":\"ListItem\",\"position\":1,\"name\":\"Kezd\u0151lap\",\"item\":\"https:\\\/\\\/buod.de\\\/\"},{\"@type\":\"ListItem\",\"position\":2,\"name\":\"BUOD napt\u00e1r 2026\",\"item\":\"https:\\\/\\\/buod.de\\\/buod-naptar-2026\\\/\"},{\"@type\":\"ListItem\",\"position\":3,\"name\":\"B\u00e1rdos Lajos &#8211; 2026. december\"}]},{\"@type\":\"WebSite\",\"@id\":\"https:\\\/\\\/buod.de\\\/#website\",\"url\":\"https:\\\/\\\/buod.de\\\/\",\"name\":\"BUOD\",\"description\":\"Bund Ungarischer Organisationen in Deutschland\",\"publisher\":{\"@id\":\"https:\\\/\\\/buod.de\\\/#organization\"},\"potentialAction\":[{\"@type\":\"SearchAction\",\"target\":{\"@type\":\"EntryPoint\",\"urlTemplate\":\"https:\\\/\\\/buod.de\\\/?s={search_term_string}\"},\"query-input\":{\"@type\":\"PropertyValueSpecification\",\"valueRequired\":true,\"valueName\":\"search_term_string\"}}],\"inLanguage\":\"de-DE\"},{\"@type\":\"Organization\",\"@id\":\"https:\\\/\\\/buod.de\\\/#organization\",\"name\":\"BUOD\",\"url\":\"https:\\\/\\\/buod.de\\\/\",\"logo\":{\"@type\":\"ImageObject\",\"inLanguage\":\"de-DE\",\"@id\":\"https:\\\/\\\/buod.de\\\/#\\\/schema\\\/logo\\\/image\\\/\",\"url\":\"https:\\\/\\\/buod.de\\\/wp-content\\\/uploads\\\/2024\\\/03\\\/BUOD-logo.png\",\"contentUrl\":\"https:\\\/\\\/buod.de\\\/wp-content\\\/uploads\\\/2024\\\/03\\\/BUOD-logo.png\",\"width\":586,\"height\":490,\"caption\":\"BUOD\"},\"image\":{\"@id\":\"https:\\\/\\\/buod.de\\\/#\\\/schema\\\/logo\\\/image\\\/\"},\"sameAs\":[\"https:\\\/\\\/www.facebook.com\\\/profile.php?id=100082185652397\"]}]}<\/script>\n<!-- \/ Yoast SEO plugin. -->","yoast_head_json":{"title":"B\u00e1rdos Lajos - 2026. december - BUOD","robots":{"index":"index","follow":"follow","max-snippet":"max-snippet:-1","max-image-preview":"max-image-preview:large","max-video-preview":"max-video-preview:-1"},"canonical":"https:\/\/buod.de\/de\/buod-naptar-2026\/bardos-lajos\/","og_locale":"de_DE","og_type":"article","og_title":"B\u00e1rdos Lajos - 2026. december - BUOD","og_description":"B\u00e1rdos Lajos (1899-1986) B\u00e1rdos Lajos magyar zeneszerz\u0151, karmester, zenepedag\u00f3gus \u00e9s zenetud\u00f3s volt, aki kiemelked\u0151 szerepet j\u00e1tszott a magyar k\u00f3rusm\u0171v\u00e9szetben. Kod\u00e1ly Zolt\u00e1n tan\u00edtv\u00e1nyak\u00e9nt, az \u00e1ltala megkezdett zenepedag\u00f3giai hagyom\u00e1nyokat folytatta. Sz\u00e1mos k\u00f3rusm\u0171vet, egyh\u00e1zi \u00e9s vil\u00e1gi darabot kompon\u00e1lt. Nagy hat\u00e1st gyakorolt az ifj\u00fas\u00e1gi zenei nevel\u00e9sre, valamint cserk\u00e9szk\u00e9nt elind\u00edtotta a n\u00e9pdal\u00e9nekl\u00e9s hagyom\u00e1ny\u00e1t. Hallgassa meg egy zenem\u0171v\u00e9t! Kar\u00e1csonyi b\u00f6lcs\u0151dal c. [&hellip;]","og_url":"https:\/\/buod.de\/de\/buod-naptar-2026\/bardos-lajos\/","og_site_name":"BUOD","article_publisher":"https:\/\/www.facebook.com\/profile.php?id=100082185652397","article_modified_time":"2025-10-01T07:29:27+00:00","og_image":[{"width":1795,"height":2560,"url":"https:\/\/buod.de\/wp-content\/uploads\/2025\/08\/Bardos_Lajos_1948-scaled.jpg","type":"image\/jpeg"}],"twitter_card":"summary_large_image","twitter_misc":{"Est. reading time":"1 minute"},"schema":{"@context":"https:\/\/schema.org","@graph":[{"@type":"WebPage","@id":"https:\/\/buod.de\/buod-naptar-2026\/bardos-lajos\/","url":"https:\/\/buod.de\/buod-naptar-2026\/bardos-lajos\/","name":"B\u00e1rdos Lajos - 2026. december - BUOD","isPartOf":{"@id":"https:\/\/buod.de\/#website"},"primaryImageOfPage":{"@id":"https:\/\/buod.de\/buod-naptar-2026\/bardos-lajos\/#primaryimage"},"image":{"@id":"https:\/\/buod.de\/buod-naptar-2026\/bardos-lajos\/#primaryimage"},"thumbnailUrl":"https:\/\/buod.de\/wp-content\/uploads\/2025\/08\/Bardos_Lajos_1948-718x1024.jpg","datePublished":"2025-08-28T18:08:48+00:00","dateModified":"2025-10-01T07:29:27+00:00","breadcrumb":{"@id":"https:\/\/buod.de\/buod-naptar-2026\/bardos-lajos\/#breadcrumb"},"inLanguage":"de-DE","potentialAction":[{"@type":"ReadAction","target":["https:\/\/buod.de\/buod-naptar-2026\/bardos-lajos\/"]}]},{"@type":"ImageObject","inLanguage":"de-DE","@id":"https:\/\/buod.de\/buod-naptar-2026\/bardos-lajos\/#primaryimage","url":"https:\/\/buod.de\/wp-content\/uploads\/2025\/08\/Bardos_Lajos_1948-718x1024.jpg","contentUrl":"https:\/\/buod.de\/wp-content\/uploads\/2025\/08\/Bardos_Lajos_1948-718x1024.jpg"},{"@type":"BreadcrumbList","@id":"https:\/\/buod.de\/buod-naptar-2026\/bardos-lajos\/#breadcrumb","itemListElement":[{"@type":"ListItem","position":1,"name":"Kezd\u0151lap","item":"https:\/\/buod.de\/"},{"@type":"ListItem","position":2,"name":"BUOD napt\u00e1r 2026","item":"https:\/\/buod.de\/buod-naptar-2026\/"},{"@type":"ListItem","position":3,"name":"B\u00e1rdos Lajos &#8211; 2026. december"}]},{"@type":"WebSite","@id":"https:\/\/buod.de\/#website","url":"https:\/\/buod.de\/","name":"BUOD","description":"Bund Ungarischer Organisationen in Deutschland","publisher":{"@id":"https:\/\/buod.de\/#organization"},"potentialAction":[{"@type":"SearchAction","target":{"@type":"EntryPoint","urlTemplate":"https:\/\/buod.de\/?s={search_term_string}"},"query-input":{"@type":"PropertyValueSpecification","valueRequired":true,"valueName":"search_term_string"}}],"inLanguage":"de-DE"},{"@type":"Organization","@id":"https:\/\/buod.de\/#organization","name":"BUOD","url":"https:\/\/buod.de\/","logo":{"@type":"ImageObject","inLanguage":"de-DE","@id":"https:\/\/buod.de\/#\/schema\/logo\/image\/","url":"https:\/\/buod.de\/wp-content\/uploads\/2024\/03\/BUOD-logo.png","contentUrl":"https:\/\/buod.de\/wp-content\/uploads\/2024\/03\/BUOD-logo.png","width":586,"height":490,"caption":"BUOD"},"image":{"@id":"https:\/\/buod.de\/#\/schema\/logo\/image\/"},"sameAs":["https:\/\/www.facebook.com\/profile.php?id=100082185652397"]}]}},"_links":{"self":[{"href":"https:\/\/buod.de\/de\/wp-json\/wp\/v2\/pages\/10544","targetHints":{"allow":["GET"]}}],"collection":[{"href":"https:\/\/buod.de\/de\/wp-json\/wp\/v2\/pages"}],"about":[{"href":"https:\/\/buod.de\/de\/wp-json\/wp\/v2\/types\/page"}],"author":[{"embeddable":true,"href":"https:\/\/buod.de\/de\/wp-json\/wp\/v2\/users\/7"}],"replies":[{"embeddable":true,"href":"https:\/\/buod.de\/de\/wp-json\/wp\/v2\/comments?post=10544"}],"version-history":[{"count":6,"href":"https:\/\/buod.de\/de\/wp-json\/wp\/v2\/pages\/10544\/revisions"}],"predecessor-version":[{"id":11313,"href":"https:\/\/buod.de\/de\/wp-json\/wp\/v2\/pages\/10544\/revisions\/11313"}],"up":[{"embeddable":true,"href":"https:\/\/buod.de\/de\/wp-json\/wp\/v2\/pages\/10512"}],"wp:attachment":[{"href":"https:\/\/buod.de\/de\/wp-json\/wp\/v2\/media?parent=10544"}],"curies":[{"name":"wp","href":"https:\/\/api.w.org\/{rel}","templated":true}]}}