{"id":5780,"date":"2024-04-23T12:31:20","date_gmt":"2024-04-23T12:31:20","guid":{"rendered":"https:\/\/dev.buod.de\/?page_id=5780"},"modified":"2024-06-18T12:10:33","modified_gmt":"2024-06-18T12:10:33","slug":"kozgyules-langen-1999","status":"publish","type":"page","link":"https:\/\/buod.de\/de\/kepgaleriak\/kozgyules-langen-1999\/","title":{"rendered":"Mitgliederversammlung Langen 1999"},"content":{"rendered":"<div data-colibri-id=\"5780-c1\" class=\"style-1205 style-local-5780-c1 position-relative\">\n  <!---->\n  <div data-colibri-component=\"section\" data-colibri-id=\"5780-c2\" id=\"initial-content\" class=\"h-section h-section-global-spacing d-flex align-items-lg-center align-items-md-center align-items-center style-1206 style-local-5780-c2 position-relative\">\n    <!---->\n    <!---->\n    <div class=\"h-section-grid-container h-section-boxed-container\">\n      <!---->\n      <div data-colibri-id=\"5780-c3\" class=\"h-row-container gutters-row-lg-2 gutters-row-md-2 gutters-row-0 gutters-row-v-lg-2 gutters-row-v-md-2 gutters-row-v-2 style-1210 style-local-5780-c3 position-relative\">\n        <!---->\n        <div class=\"h-row justify-content-lg-center justify-content-md-center justify-content-center align-items-lg-stretch align-items-md-stretch align-items-stretch gutters-col-lg-2 gutters-col-md-2 gutters-col-0 gutters-col-v-lg-2 gutters-col-v-md-2 gutters-col-v-2\">\n          <!---->\n          <div class=\"h-column h-column-container d-flex h-col-lg-auto h-col-md-auto h-col-auto style-1211-outer style-local-5780-c4-outer\">\n            <div data-colibri-id=\"5780-c4\" class=\"d-flex h-flex-basis h-column__inner h-px-lg-2 h-px-md-2 h-px-2 v-inner-lg-2 v-inner-md-2 v-inner-2 style-1211 style-local-5780-c4 position-relative\">\n              <!---->\n              <!---->\n              <div class=\"w-100 h-y-container h-column__content h-column__v-align flex-basis-100 align-self-lg-start align-self-md-start align-self-start\">\n                <!---->\n                <div data-colibri-id=\"5780-c5\" class=\"h-x-container style-1213 style-local-5780-c5 position-relative h-element\">\n                  <!---->\n                  <div class=\"h-x-container-inner style-dynamic-5780-c5-group style-1213-spacing style-local-5780-c5-spacing\"><span class=\"h-button__outer style-1081-outer style-local-5780-c6-outer d-inline-flex h-element\"><a h-use-smooth-scroll=\"true\" href=\"https:\/\/buod.de\/de\/kepgaleriak\/\"  data-colibri-id=\"5780-c6\" class=\"d-flex w-100 align-items-center h-button justify-content-lg-center justify-content-md-center justify-content-center style-1081 style-local-5780-c6 position-relative\"><!----><!----> <span>vissza a gal\u00e9ri\u00e1khoz&#8230;<\/span><\/a>\n                    <\/span>\n                  <\/div>\n                <\/div>\n              <\/div>\n            <\/div>\n          <\/div>\n          <div class=\"h-column h-column-container d-flex h-col-lg-auto h-col-md-auto h-col-auto style-1211-outer style-local-5780-c7-outer\">\n            <div data-colibri-id=\"5780-c7\" class=\"d-flex h-flex-basis h-column__inner h-px-lg-2 h-px-md-2 h-px-2 v-inner-lg-2 v-inner-md-2 v-inner-2 style-1211 style-local-5780-c7 position-relative\">\n              <!---->\n              <!---->\n              <div class=\"w-100 h-y-container h-column__content h-column__v-align flex-basis-100 align-self-lg-start align-self-md-start align-self-start\">\n                <!---->\n                <div data-colibri-component=\"masonry\" data-colibri-id=\"5780-c8\" class=\"h-photo-gallery margin-none caption-none style-1068 style-local-5780-c8 position-relative h-element\">\n                  <!---->\n                  <div class=\"h-global-transition-all\"><div id='colibri-5780-c8' class='gallery-wrapper'>    <style type=\"text\/css\">\n\n        @media (min-width: 1023px) {        #colibri-5780-c8        dl {\n            float: left;\n            width: 20% !important;\n            max-width: 20% !important;\n            min-width: 20% !important;\n        }\n\n        #colibri-5780-c8        dl:nth-of-type(5n +1 ) {\n            clear: both;\n        }\n\n        }@media (min-width: 768px) and (max-width: 1023px) {        #colibri-5780-c8        dl {\n            float: left;\n            width: 20% !important;\n            max-width: 20% !important;\n            min-width: 20% !important;\n        }\n\n        #colibri-5780-c8        dl:nth-of-type(5n +1 ) {\n            clear: both;\n        }\n\n        }@media (max-width: 767px) {        #colibri-5780-c8        dl {\n            float: left;\n            width: 20% !important;\n            max-width: 20% !important;\n            min-width: 20% !important;\n        }\n\n        #colibri-5780-c8        dl:nth-of-type(5n +1 ) {\n            clear: both;\n        }\n\n        }\n        #colibri-5780-c8        .gallery-item {\n            position: relative;\n        }\n\n        \n    <\/style>\n    <div   class='colibri-5780-c8-dls-wrapper gallery-items-wrapper' ><dl class='gallery-item masonry-item'>\n\t\t\t<dt class='gallery-icon landscape'>\n\t\t\t\t<a data-fancybox=\"colibri-5780-c8-group\" href='https:\/\/buod.de\/wp-content\/uploads\/2024\/04\/kep1999langen_3_20160328_2082590928.jpg'><img loading=\"lazy\" decoding=\"async\"  width=\"1200\" height=\"718\" src=\"https:\/\/buod.de\/wp-content\/uploads\/2024\/04\/kep1999langen_3_20160328_2082590928.jpg\"  class='colibri-5780-c8-image' alt=\"\" srcset=\"https:\/\/buod.de\/wp-content\/uploads\/2024\/04\/kep1999langen_3_20160328_2082590928.jpg 1200w, https:\/\/buod.de\/wp-content\/uploads\/2024\/04\/kep1999langen_3_20160328_2082590928-300x180.jpg 300w, https:\/\/buod.de\/wp-content\/uploads\/2024\/04\/kep1999langen_3_20160328_2082590928-1024x613.jpg 1024w, https:\/\/buod.de\/wp-content\/uploads\/2024\/04\/kep1999langen_3_20160328_2082590928-768x460.jpg 768w, https:\/\/buod.de\/wp-content\/uploads\/2024\/04\/kep1999langen_3_20160328_2082590928-18x12.jpg 18w\" sizes=\"auto, (max-width: 1200px) 100vw, 1200px\" \/><\/a>\n\t\t\t<\/dt><\/dl><dl class='gallery-item masonry-item'>\n\t\t\t<dt class='gallery-icon landscape'>\n\t\t\t\t<a data-fancybox=\"colibri-5780-c8-group\" href='https:\/\/buod.de\/wp-content\/uploads\/2024\/04\/kep1999langen_2_20160328_1920198259.jpg'><img loading=\"lazy\" decoding=\"async\"  width=\"1200\" height=\"617\" src=\"https:\/\/buod.de\/wp-content\/uploads\/2024\/04\/kep1999langen_2_20160328_1920198259.jpg\"  class='colibri-5780-c8-image' alt=\"\" srcset=\"https:\/\/buod.de\/wp-content\/uploads\/2024\/04\/kep1999langen_2_20160328_1920198259.jpg 1200w, https:\/\/buod.de\/wp-content\/uploads\/2024\/04\/kep1999langen_2_20160328_1920198259-300x154.jpg 300w, https:\/\/buod.de\/wp-content\/uploads\/2024\/04\/kep1999langen_2_20160328_1920198259-1024x527.jpg 1024w, https:\/\/buod.de\/wp-content\/uploads\/2024\/04\/kep1999langen_2_20160328_1920198259-768x395.jpg 768w, https:\/\/buod.de\/wp-content\/uploads\/2024\/04\/kep1999langen_2_20160328_1920198259-18x9.jpg 18w\" sizes=\"auto, (max-width: 1200px) 100vw, 1200px\" \/><\/a>\n\t\t\t<\/dt><\/dl><dl class='gallery-item masonry-item'>\n\t\t\t<dt class='gallery-icon landscape'>\n\t\t\t\t<a data-fancybox=\"colibri-5780-c8-group\" href='https:\/\/buod.de\/wp-content\/uploads\/2024\/04\/kep1999langen_1_20160328_1481236504.jpg'><img loading=\"lazy\" decoding=\"async\"  width=\"1200\" height=\"703\" src=\"https:\/\/buod.de\/wp-content\/uploads\/2024\/04\/kep1999langen_1_20160328_1481236504.jpg\"  class='colibri-5780-c8-image' alt=\"\" srcset=\"https:\/\/buod.de\/wp-content\/uploads\/2024\/04\/kep1999langen_1_20160328_1481236504.jpg 1200w, https:\/\/buod.de\/wp-content\/uploads\/2024\/04\/kep1999langen_1_20160328_1481236504-300x176.jpg 300w, https:\/\/buod.de\/wp-content\/uploads\/2024\/04\/kep1999langen_1_20160328_1481236504-1024x600.jpg 1024w, https:\/\/buod.de\/wp-content\/uploads\/2024\/04\/kep1999langen_1_20160328_1481236504-768x450.jpg 768w, https:\/\/buod.de\/wp-content\/uploads\/2024\/04\/kep1999langen_1_20160328_1481236504-18x12.jpg 18w\" sizes=\"auto, (max-width: 1200px) 100vw, 1200px\" \/><\/a>\n\t\t\t<\/dt><\/dl>\n\t\t\t\n\t\t<\/div>\n<style>#colibri-5780-c8 .wp-caption-text.gallery-caption{display:none;}<\/style><\/div><\/div>\n                <\/div>\n              <\/div>\n            <\/div>\n          <\/div>\n          <div class=\"h-column h-column-container d-flex h-col-lg-auto h-col-md-auto h-col-auto style-1211-outer style-local-5780-c9-outer\">\n            <div data-colibri-id=\"5780-c9\" class=\"d-flex h-flex-basis h-column__inner h-px-lg-2 h-px-md-2 h-px-2 v-inner-lg-2 v-inner-md-2 v-inner-2 style-1211 style-local-5780-c9 position-relative\">\n              <!---->\n              <!---->\n              <div class=\"w-100 h-y-container h-column__content h-column__v-align flex-basis-100 align-self-lg-start align-self-md-start align-self-start\">\n                <!---->\n                <div data-colibri-id=\"5780-c10\" class=\"h-x-container style-1213 style-local-5780-c10 position-relative h-element\">\n                  <!---->\n                  <div class=\"h-x-container-inner style-dynamic-5780-c10-group style-1213-spacing style-local-5780-c10-spacing\"><span class=\"h-button__outer style-1081-outer style-local-5780-c11-outer d-inline-flex h-element\"><a h-use-smooth-scroll=\"true\" href=\"https:\/\/buod.de\/de\/kepgaleriak\/\"  data-colibri-id=\"5780-c11\" class=\"d-flex w-100 align-items-center h-button justify-content-lg-center justify-content-md-center justify-content-center style-1081 style-local-5780-c11 position-relative\"><!----><!----> <span>vissza a gal\u00e9ri\u00e1khoz&#8230;<\/span><\/a>\n                    <\/span>\n                  <\/div>\n                <\/div>\n              <\/div>\n            <\/div>\n          <\/div>\n        <\/div>\n      <\/div>\n    <\/div>\n  <\/div>\n<\/div>","protected":false},"excerpt":{"rendered":"<p>vissza a gal\u00e9ri\u00e1khoz&#8230; vissza a gal\u00e9ri\u00e1khoz&#8230;<\/p>","protected":false},"author":4,"featured_media":0,"parent":3612,"menu_order":0,"comment_status":"closed","ping_status":"closed","template":"page-templates\/full-width-page.php","meta":{"footnotes":""},"class_list":["post-5780","page","type-page","status-publish","hentry"],"yoast_head":"<!-- This site is optimized with the Yoast SEO plugin v27.4 - https:\/\/yoast.com\/product\/yoast-seo-wordpress\/ -->\n<title>K\u00f6zgy\u0171l\u00e9s Langen 1999 - BUOD<\/title>\n<meta name=\"robots\" content=\"index, follow, max-snippet:-1, max-image-preview:large, max-video-preview:-1\" \/>\n<link rel=\"canonical\" href=\"https:\/\/buod.de\/de\/kepgaleriak\/kozgyules-langen-1999\/\" \/>\n<meta property=\"og:locale\" content=\"de_DE\" \/>\n<meta property=\"og:type\" content=\"article\" \/>\n<meta property=\"og:title\" content=\"K\u00f6zgy\u0171l\u00e9s Langen 1999 - BUOD\" \/>\n<meta property=\"og:description\" content=\"vissza a gal\u00e9ri\u00e1khoz&#8230; vissza a gal\u00e9ri\u00e1khoz&#8230;\" \/>\n<meta property=\"og:url\" content=\"https:\/\/buod.de\/de\/kepgaleriak\/kozgyules-langen-1999\/\" \/>\n<meta property=\"og:site_name\" content=\"BUOD\" \/>\n<meta property=\"article:publisher\" content=\"https:\/\/www.facebook.com\/profile.php?id=100082185652397\" \/>\n<meta property=\"article:modified_time\" content=\"2024-06-18T12:10:33+00:00\" \/>\n<meta name=\"twitter:card\" content=\"summary_large_image\" \/>\n<script type=\"application\/ld+json\" class=\"yoast-schema-graph\">{\"@context\":\"https:\\\/\\\/schema.org\",\"@graph\":[{\"@type\":\"WebPage\",\"@id\":\"https:\\\/\\\/buod.de\\\/kepgaleriak\\\/kozgyules-langen-1999\\\/\",\"url\":\"https:\\\/\\\/buod.de\\\/kepgaleriak\\\/kozgyules-langen-1999\\\/\",\"name\":\"K\u00f6zgy\u0171l\u00e9s Langen 1999 - BUOD\",\"isPartOf\":{\"@id\":\"https:\\\/\\\/buod.de\\\/#website\"},\"datePublished\":\"2024-04-23T12:31:20+00:00\",\"dateModified\":\"2024-06-18T12:10:33+00:00\",\"breadcrumb\":{\"@id\":\"https:\\\/\\\/buod.de\\\/kepgaleriak\\\/kozgyules-langen-1999\\\/#breadcrumb\"},\"inLanguage\":\"de-DE\",\"potentialAction\":[{\"@type\":\"ReadAction\",\"target\":[\"https:\\\/\\\/buod.de\\\/kepgaleriak\\\/kozgyules-langen-1999\\\/\"]}]},{\"@type\":\"BreadcrumbList\",\"@id\":\"https:\\\/\\\/buod.de\\\/kepgaleriak\\\/kozgyules-langen-1999\\\/#breadcrumb\",\"itemListElement\":[{\"@type\":\"ListItem\",\"position\":1,\"name\":\"Kezd\u0151lap\",\"item\":\"https:\\\/\\\/buod.de\\\/\"},{\"@type\":\"ListItem\",\"position\":2,\"name\":\"K\u00e9pgal\u00e9ri\u00e1k\",\"item\":\"https:\\\/\\\/buod.de\\\/kepgaleriak\\\/\"},{\"@type\":\"ListItem\",\"position\":3,\"name\":\"K\u00f6zgy\u0171l\u00e9s Langen 1999\"}]},{\"@type\":\"WebSite\",\"@id\":\"https:\\\/\\\/buod.de\\\/#website\",\"url\":\"https:\\\/\\\/buod.de\\\/\",\"name\":\"BUOD\",\"description\":\"Bund Ungarischer Organisationen in Deutschland\",\"publisher\":{\"@id\":\"https:\\\/\\\/buod.de\\\/#organization\"},\"potentialAction\":[{\"@type\":\"SearchAction\",\"target\":{\"@type\":\"EntryPoint\",\"urlTemplate\":\"https:\\\/\\\/buod.de\\\/?s={search_term_string}\"},\"query-input\":{\"@type\":\"PropertyValueSpecification\",\"valueRequired\":true,\"valueName\":\"search_term_string\"}}],\"inLanguage\":\"de-DE\"},{\"@type\":\"Organization\",\"@id\":\"https:\\\/\\\/buod.de\\\/#organization\",\"name\":\"BUOD\",\"url\":\"https:\\\/\\\/buod.de\\\/\",\"logo\":{\"@type\":\"ImageObject\",\"inLanguage\":\"de-DE\",\"@id\":\"https:\\\/\\\/buod.de\\\/#\\\/schema\\\/logo\\\/image\\\/\",\"url\":\"https:\\\/\\\/buod.de\\\/wp-content\\\/uploads\\\/2024\\\/03\\\/BUOD-logo.png\",\"contentUrl\":\"https:\\\/\\\/buod.de\\\/wp-content\\\/uploads\\\/2024\\\/03\\\/BUOD-logo.png\",\"width\":586,\"height\":490,\"caption\":\"BUOD\"},\"image\":{\"@id\":\"https:\\\/\\\/buod.de\\\/#\\\/schema\\\/logo\\\/image\\\/\"},\"sameAs\":[\"https:\\\/\\\/www.facebook.com\\\/profile.php?id=100082185652397\"]}]}<\/script>\n<!-- \/ Yoast SEO plugin. -->","yoast_head_json":{"title":"K\u00f6zgy\u0171l\u00e9s Langen 1999 - BUOD","robots":{"index":"index","follow":"follow","max-snippet":"max-snippet:-1","max-image-preview":"max-image-preview:large","max-video-preview":"max-video-preview:-1"},"canonical":"https:\/\/buod.de\/de\/kepgaleriak\/kozgyules-langen-1999\/","og_locale":"de_DE","og_type":"article","og_title":"K\u00f6zgy\u0171l\u00e9s Langen 1999 - BUOD","og_description":"vissza a gal\u00e9ri\u00e1khoz&#8230; vissza a gal\u00e9ri\u00e1khoz&#8230;","og_url":"https:\/\/buod.de\/de\/kepgaleriak\/kozgyules-langen-1999\/","og_site_name":"BUOD","article_publisher":"https:\/\/www.facebook.com\/profile.php?id=100082185652397","article_modified_time":"2024-06-18T12:10:33+00:00","twitter_card":"summary_large_image","schema":{"@context":"https:\/\/schema.org","@graph":[{"@type":"WebPage","@id":"https:\/\/buod.de\/kepgaleriak\/kozgyules-langen-1999\/","url":"https:\/\/buod.de\/kepgaleriak\/kozgyules-langen-1999\/","name":"K\u00f6zgy\u0171l\u00e9s Langen 1999 - BUOD","isPartOf":{"@id":"https:\/\/buod.de\/#website"},"datePublished":"2024-04-23T12:31:20+00:00","dateModified":"2024-06-18T12:10:33+00:00","breadcrumb":{"@id":"https:\/\/buod.de\/kepgaleriak\/kozgyules-langen-1999\/#breadcrumb"},"inLanguage":"de-DE","potentialAction":[{"@type":"ReadAction","target":["https:\/\/buod.de\/kepgaleriak\/kozgyules-langen-1999\/"]}]},{"@type":"BreadcrumbList","@id":"https:\/\/buod.de\/kepgaleriak\/kozgyules-langen-1999\/#breadcrumb","itemListElement":[{"@type":"ListItem","position":1,"name":"Kezd\u0151lap","item":"https:\/\/buod.de\/"},{"@type":"ListItem","position":2,"name":"K\u00e9pgal\u00e9ri\u00e1k","item":"https:\/\/buod.de\/kepgaleriak\/"},{"@type":"ListItem","position":3,"name":"K\u00f6zgy\u0171l\u00e9s Langen 1999"}]},{"@type":"WebSite","@id":"https:\/\/buod.de\/#website","url":"https:\/\/buod.de\/","name":"BUOD","description":"Bund Ungarischer Organisationen in Deutschland","publisher":{"@id":"https:\/\/buod.de\/#organization"},"potentialAction":[{"@type":"SearchAction","target":{"@type":"EntryPoint","urlTemplate":"https:\/\/buod.de\/?s={search_term_string}"},"query-input":{"@type":"PropertyValueSpecification","valueRequired":true,"valueName":"search_term_string"}}],"inLanguage":"de-DE"},{"@type":"Organization","@id":"https:\/\/buod.de\/#organization","name":"BUOD","url":"https:\/\/buod.de\/","logo":{"@type":"ImageObject","inLanguage":"de-DE","@id":"https:\/\/buod.de\/#\/schema\/logo\/image\/","url":"https:\/\/buod.de\/wp-content\/uploads\/2024\/03\/BUOD-logo.png","contentUrl":"https:\/\/buod.de\/wp-content\/uploads\/2024\/03\/BUOD-logo.png","width":586,"height":490,"caption":"BUOD"},"image":{"@id":"https:\/\/buod.de\/#\/schema\/logo\/image\/"},"sameAs":["https:\/\/www.facebook.com\/profile.php?id=100082185652397"]}]}},"_links":{"self":[{"href":"https:\/\/buod.de\/de\/wp-json\/wp\/v2\/pages\/5780","targetHints":{"allow":["GET"]}}],"collection":[{"href":"https:\/\/buod.de\/de\/wp-json\/wp\/v2\/pages"}],"about":[{"href":"https:\/\/buod.de\/de\/wp-json\/wp\/v2\/types\/page"}],"author":[{"embeddable":true,"href":"https:\/\/buod.de\/de\/wp-json\/wp\/v2\/users\/4"}],"replies":[{"embeddable":true,"href":"https:\/\/buod.de\/de\/wp-json\/wp\/v2\/comments?post=5780"}],"version-history":[{"count":3,"href":"https:\/\/buod.de\/de\/wp-json\/wp\/v2\/pages\/5780\/revisions"}],"predecessor-version":[{"id":8391,"href":"https:\/\/buod.de\/de\/wp-json\/wp\/v2\/pages\/5780\/revisions\/8391"}],"up":[{"embeddable":true,"href":"https:\/\/buod.de\/de\/wp-json\/wp\/v2\/pages\/3612"}],"wp:attachment":[{"href":"https:\/\/buod.de\/de\/wp-json\/wp\/v2\/media?parent=5780"}],"curies":[{"name":"wp","href":"https:\/\/api.w.org\/{rel}","templated":true}]}}