{"id":7214,"date":"2024-05-08T10:04:55","date_gmt":"2024-05-08T10:04:55","guid":{"rendered":"https:\/\/dev.buod.de\/?page_id=7214"},"modified":"2024-08-14T13:24:17","modified_gmt":"2024-08-14T13:24:17","slug":"impressum","status":"publish","type":"page","link":"https:\/\/buod.de\/de\/impressum\/","title":{"rendered":"Impressum"},"content":{"rendered":"<div data-colibri-id=\"7214-c1\" class=\"style-1618 style-local-7214-c1 position-relative\">\n  <!---->\n  <div data-colibri-component=\"section\" data-colibri-id=\"7214-c2\" id=\"initial-content\" class=\"h-section h-section-global-spacing d-flex align-items-lg-center align-items-md-center align-items-center style-1619 style-local-7214-c2 position-relative\">\n    <!---->\n    <!---->\n    <div class=\"h-section-grid-container h-section-boxed-container\">\n      <!---->\n      <div data-colibri-id=\"7214-c3\" class=\"h-row-container gutters-row-lg-2 gutters-row-md-2 gutters-row-0 gutters-row-v-lg-2 gutters-row-v-md-2 gutters-row-v-2 style-1620 style-local-7214-c3 position-relative\">\n        <!---->\n        <div class=\"h-row justify-content-lg-center justify-content-md-center justify-content-center align-items-lg-stretch align-items-md-stretch align-items-stretch gutters-col-lg-2 gutters-col-md-2 gutters-col-0 gutters-col-v-lg-2 gutters-col-v-md-2 gutters-col-v-2\">\n          <!---->\n          <div class=\"h-column h-column-container d-flex h-col-lg-auto h-col-md-auto h-col-auto style-1621-outer style-local-7214-c4-outer\">\n            <div data-colibri-id=\"7214-c4\" class=\"d-flex h-flex-basis h-column__inner h-px-lg-2 h-px-md-2 h-px-2 v-inner-lg-2 v-inner-md-2 v-inner-2 style-1621 style-local-7214-c4 position-relative\">\n              <!---->\n              <!---->\n              <div class=\"w-100 h-y-container h-column__content h-column__v-align flex-basis-100 align-self-lg-start align-self-md-start align-self-start\">\n                <!---->\n                <div data-colibri-id=\"7214-c5\" class=\"h-text h-text-component style-1623 style-local-7214-c5 position-relative h-element\">\n                  <!---->\n                  <!---->\n                  <div class=\"\">\n                    <p><span style=\"color: rgb(8, 0, 0);\">Angaben gem. \u00a7 5 TMG<\/span><\/p>\n                    <p><span style=\"color: rgb(8, 0, 0);\">&nbsp;<\/span><\/p>\n                    <p><span style=\"color: rgb(8, 0, 0);\">BUND UNGARISCHER ORGANISATIONEN IN DEUTSCHLAND e.V. (BUOD)<\/span><\/p>\n                    <p><span style=\"color: rgb(8, 0, 0);\">Majna-Frankfurt<\/span><\/p>\n                    <p><span style=\"color: rgb(8, 0, 0);\">&nbsp;<\/span><\/p>\n                    <p><span style=\"color: rgb(8, 0, 0);\">Dr. Korn\u00e9l KLEMENT<\/span><\/p>\n                    <p><span style=\"color: rgb(8, 0, 0);\">63128 Dietzenbach, Ringstr. 16<\/span><\/p>\n                    <p><span style=\"color: rgb(8, 0, 0);\">E-Mail: kornel.klement@buod.de<\/span><\/p>\n                    <p><span style=\"color: rgb(8, 0, 0);\">&nbsp;<\/span><\/p>\n                    <p><span style=\"color: rgb(8, 0, 0);\">Umsatzsteuer-Identifikationsnummer gem\u00e4\u00df \u00a7 27a UStG: <\/span>014 255 06509<\/p>\n                    <p><span style=\"color: rgb(8, 0, 0);\">&nbsp;<\/span><\/p>\n                    <p><strong style=\"color: rgb(8, 0, 0);\">Inhaltlicher Verantwortlicher im Sinne des \u00a7 18 Abs. 2 MStV:<\/strong><\/p>\n                    <p><span style=\"color: rgb(8, 0, 0);\">Dr. Korn\u00e9l KLEMENT<\/span><\/p>\n                    <p><span style=\"color: rgb(8, 0, 0);\">63128 Dietzenbach, Ringstr. 16<\/span><\/p>\n                    <p><span style=\"color: rgb(8, 0, 0);\">E-Mail: kornel.klement@buod.de<\/span><\/p>\n                    <p>\n                      <br>\n                    <\/p>\n                    <p><strong>Bejegyz\u00e9s<\/strong>: A N\u00e9metorsz\u00e1gi Magyar Szervezetek Sz\u00f6vets\u00e9ge e.V. a Frankfurti Egyes\u00fcleti Nyilv\u00e1ntart\u00e1sban a 10456 sz\u00e1m alatt ker\u00fclt bejegyz\u00e9sre.<\/p>\n                    <p><strong>K\u00f6zhaszn\u00fas\u00e1g<\/strong>: A III. sz. Frankfurti Ad\u00f3hivatal a BUOD k\u00f6zhaszn\u00fas\u00e1g\u00e1t elismerte.<\/p>\n                    <ul>\n                      <li>Ad\u00f3sz\u00e1m: 014 255 06509<\/li>\n                      <li>Nyilv\u00e1ntart\u00e1si sz\u00e1m: K-18<\/li>\n                    <\/ul>\n                    <p><strong>Bank\u00f6sszek\u00f6ttet\u00e9s<\/strong>: Sparkasse Ulm<\/p>\n                    <ul>\n                      <li>BIC: SOLADES1ULM<\/li>\n                      <li>IBAN: DE56 6305 0000 0021 2495 27<\/li>\n                    <\/ul>\n                    <p>\n                      <br>\n                    <\/p>\n                    <p>\n                      <br>\n                    <\/p>\n                    <p>\n                      <br>\n                    <\/p>\n                    <p>\n                      <br>\n                    <\/p>\n                    <p>Bilder von pixabay und freepik.\n                      <br>\n                    <\/p>\n                  <\/div>\n                <\/div>\n              <\/div>\n            <\/div>\n          <\/div>\n        <\/div>\n      <\/div>\n    <\/div>\n  <\/div>\n<\/div>","protected":false},"excerpt":{"rendered":"<p>Angaben gem. \u00a7 5 TMG &nbsp; BUND UNGARISCHER ORGANISATIONEN IN DEUTSCHLAND e.V. (BUOD) Majna-Frankfurt &nbsp; Dr. KLEMENT Korn\u00e9l 63128 Dietzenbach, Ringstr. 16. E-Mail: kornel.klement@buod.de &nbsp; Umsatzsteuer-Identifikationsnummer gem\u00e4\u00df \u00a7 27a UStG: 014 255 06509 &nbsp; Inhaltlicher Verantwortlicher im Sinne des \u00a7 18 Abs. 2 MStV: Dr. KLEMENT Korn\u00e9l 63128 Dietzenbach, Ringstr. 16. E-Mail: kornel.klement@buod.de Bejegyz\u00e9s: A [&hellip;]<\/p>\n","protected":false},"author":4,"featured_media":0,"parent":0,"menu_order":0,"comment_status":"closed","ping_status":"closed","template":"page-templates\/full-width-page.php","meta":{"footnotes":""},"class_list":["post-7214","page","type-page","status-publish","hentry"],"yoast_head":"<!-- This site is optimized with the Yoast SEO plugin v27.3 - https:\/\/yoast.com\/product\/yoast-seo-wordpress\/ -->\n<title>Impressum - BUOD<\/title>\n<meta name=\"robots\" content=\"index, follow, max-snippet:-1, max-image-preview:large, max-video-preview:-1\" \/>\n<link rel=\"canonical\" href=\"https:\/\/buod.de\/de\/impressum\/\" \/>\n<meta property=\"og:locale\" content=\"de_DE\" \/>\n<meta property=\"og:type\" content=\"article\" \/>\n<meta property=\"og:title\" content=\"Impressum - BUOD\" \/>\n<meta property=\"og:description\" content=\"Angaben gem. \u00a7 5 TMG &nbsp; BUND UNGARISCHER ORGANISATIONEN IN DEUTSCHLAND e.V. (BUOD) Majna-Frankfurt &nbsp; Dr. KLEMENT Korn\u00e9l 63128 Dietzenbach, Ringstr. 16. E-Mail: kornel.klement@buod.de &nbsp; Umsatzsteuer-Identifikationsnummer gem\u00e4\u00df \u00a7 27a UStG: 014 255 06509 &nbsp; Inhaltlicher Verantwortlicher im Sinne des \u00a7 18 Abs. 2 MStV: Dr. KLEMENT Korn\u00e9l 63128 Dietzenbach, Ringstr. 16. E-Mail: kornel.klement@buod.de Bejegyz\u00e9s: A [&hellip;]\" \/>\n<meta property=\"og:url\" content=\"https:\/\/buod.de\/de\/impressum\/\" \/>\n<meta property=\"og:site_name\" content=\"BUOD\" \/>\n<meta property=\"article:publisher\" content=\"https:\/\/www.facebook.com\/profile.php?id=100082185652397\" \/>\n<meta property=\"article:modified_time\" content=\"2024-08-14T13:24:17+00:00\" \/>\n<meta name=\"twitter:card\" content=\"summary_large_image\" \/>\n<meta name=\"twitter:label1\" content=\"Est. reading time\" \/>\n\t<meta name=\"twitter:data1\" content=\"1 minute\" \/>\n<script type=\"application\/ld+json\" class=\"yoast-schema-graph\">{\"@context\":\"https:\\\/\\\/schema.org\",\"@graph\":[{\"@type\":\"WebPage\",\"@id\":\"https:\\\/\\\/buod.de\\\/impressum\\\/\",\"url\":\"https:\\\/\\\/buod.de\\\/impressum\\\/\",\"name\":\"Impressum - BUOD\",\"isPartOf\":{\"@id\":\"https:\\\/\\\/buod.de\\\/#website\"},\"datePublished\":\"2024-05-08T10:04:55+00:00\",\"dateModified\":\"2024-08-14T13:24:17+00:00\",\"breadcrumb\":{\"@id\":\"https:\\\/\\\/buod.de\\\/impressum\\\/#breadcrumb\"},\"inLanguage\":\"de-DE\",\"potentialAction\":[{\"@type\":\"ReadAction\",\"target\":[\"https:\\\/\\\/buod.de\\\/impressum\\\/\"]}]},{\"@type\":\"BreadcrumbList\",\"@id\":\"https:\\\/\\\/buod.de\\\/impressum\\\/#breadcrumb\",\"itemListElement\":[{\"@type\":\"ListItem\",\"position\":1,\"name\":\"Kezd\u0151lap\",\"item\":\"https:\\\/\\\/buod.de\\\/\"},{\"@type\":\"ListItem\",\"position\":2,\"name\":\"Impressum\"}]},{\"@type\":\"WebSite\",\"@id\":\"https:\\\/\\\/buod.de\\\/#website\",\"url\":\"https:\\\/\\\/buod.de\\\/\",\"name\":\"BUOD\",\"description\":\"Bund Ungarischer Organisationen in Deutschland\",\"publisher\":{\"@id\":\"https:\\\/\\\/buod.de\\\/#organization\"},\"potentialAction\":[{\"@type\":\"SearchAction\",\"target\":{\"@type\":\"EntryPoint\",\"urlTemplate\":\"https:\\\/\\\/buod.de\\\/?s={search_term_string}\"},\"query-input\":{\"@type\":\"PropertyValueSpecification\",\"valueRequired\":true,\"valueName\":\"search_term_string\"}}],\"inLanguage\":\"de-DE\"},{\"@type\":\"Organization\",\"@id\":\"https:\\\/\\\/buod.de\\\/#organization\",\"name\":\"BUOD\",\"url\":\"https:\\\/\\\/buod.de\\\/\",\"logo\":{\"@type\":\"ImageObject\",\"inLanguage\":\"de-DE\",\"@id\":\"https:\\\/\\\/buod.de\\\/#\\\/schema\\\/logo\\\/image\\\/\",\"url\":\"https:\\\/\\\/buod.de\\\/wp-content\\\/uploads\\\/2024\\\/03\\\/BUOD-logo.png\",\"contentUrl\":\"https:\\\/\\\/buod.de\\\/wp-content\\\/uploads\\\/2024\\\/03\\\/BUOD-logo.png\",\"width\":586,\"height\":490,\"caption\":\"BUOD\"},\"image\":{\"@id\":\"https:\\\/\\\/buod.de\\\/#\\\/schema\\\/logo\\\/image\\\/\"},\"sameAs\":[\"https:\\\/\\\/www.facebook.com\\\/profile.php?id=100082185652397\"]}]}<\/script>\n<!-- \/ Yoast SEO plugin. -->","yoast_head_json":{"title":"Impressum - BUOD","robots":{"index":"index","follow":"follow","max-snippet":"max-snippet:-1","max-image-preview":"max-image-preview:large","max-video-preview":"max-video-preview:-1"},"canonical":"https:\/\/buod.de\/de\/impressum\/","og_locale":"de_DE","og_type":"article","og_title":"Impressum - BUOD","og_description":"Angaben gem. \u00a7 5 TMG &nbsp; BUND UNGARISCHER ORGANISATIONEN IN DEUTSCHLAND e.V. (BUOD) Majna-Frankfurt &nbsp; Dr. KLEMENT Korn\u00e9l 63128 Dietzenbach, Ringstr. 16. E-Mail: kornel.klement@buod.de &nbsp; Umsatzsteuer-Identifikationsnummer gem\u00e4\u00df \u00a7 27a UStG: 014 255 06509 &nbsp; Inhaltlicher Verantwortlicher im Sinne des \u00a7 18 Abs. 2 MStV: Dr. KLEMENT Korn\u00e9l 63128 Dietzenbach, Ringstr. 16. E-Mail: kornel.klement@buod.de Bejegyz\u00e9s: A [&hellip;]","og_url":"https:\/\/buod.de\/de\/impressum\/","og_site_name":"BUOD","article_publisher":"https:\/\/www.facebook.com\/profile.php?id=100082185652397","article_modified_time":"2024-08-14T13:24:17+00:00","twitter_card":"summary_large_image","twitter_misc":{"Est. reading time":"1 minute"},"schema":{"@context":"https:\/\/schema.org","@graph":[{"@type":"WebPage","@id":"https:\/\/buod.de\/impressum\/","url":"https:\/\/buod.de\/impressum\/","name":"Impressum - BUOD","isPartOf":{"@id":"https:\/\/buod.de\/#website"},"datePublished":"2024-05-08T10:04:55+00:00","dateModified":"2024-08-14T13:24:17+00:00","breadcrumb":{"@id":"https:\/\/buod.de\/impressum\/#breadcrumb"},"inLanguage":"de-DE","potentialAction":[{"@type":"ReadAction","target":["https:\/\/buod.de\/impressum\/"]}]},{"@type":"BreadcrumbList","@id":"https:\/\/buod.de\/impressum\/#breadcrumb","itemListElement":[{"@type":"ListItem","position":1,"name":"Kezd\u0151lap","item":"https:\/\/buod.de\/"},{"@type":"ListItem","position":2,"name":"Impressum"}]},{"@type":"WebSite","@id":"https:\/\/buod.de\/#website","url":"https:\/\/buod.de\/","name":"BUOD","description":"Bund Ungarischer Organisationen in Deutschland","publisher":{"@id":"https:\/\/buod.de\/#organization"},"potentialAction":[{"@type":"SearchAction","target":{"@type":"EntryPoint","urlTemplate":"https:\/\/buod.de\/?s={search_term_string}"},"query-input":{"@type":"PropertyValueSpecification","valueRequired":true,"valueName":"search_term_string"}}],"inLanguage":"de-DE"},{"@type":"Organization","@id":"https:\/\/buod.de\/#organization","name":"BUOD","url":"https:\/\/buod.de\/","logo":{"@type":"ImageObject","inLanguage":"de-DE","@id":"https:\/\/buod.de\/#\/schema\/logo\/image\/","url":"https:\/\/buod.de\/wp-content\/uploads\/2024\/03\/BUOD-logo.png","contentUrl":"https:\/\/buod.de\/wp-content\/uploads\/2024\/03\/BUOD-logo.png","width":586,"height":490,"caption":"BUOD"},"image":{"@id":"https:\/\/buod.de\/#\/schema\/logo\/image\/"},"sameAs":["https:\/\/www.facebook.com\/profile.php?id=100082185652397"]}]}},"_links":{"self":[{"href":"https:\/\/buod.de\/de\/wp-json\/wp\/v2\/pages\/7214","targetHints":{"allow":["GET"]}}],"collection":[{"href":"https:\/\/buod.de\/de\/wp-json\/wp\/v2\/pages"}],"about":[{"href":"https:\/\/buod.de\/de\/wp-json\/wp\/v2\/types\/page"}],"author":[{"embeddable":true,"href":"https:\/\/buod.de\/de\/wp-json\/wp\/v2\/users\/4"}],"replies":[{"embeddable":true,"href":"https:\/\/buod.de\/de\/wp-json\/wp\/v2\/comments?post=7214"}],"version-history":[{"count":8,"href":"https:\/\/buod.de\/de\/wp-json\/wp\/v2\/pages\/7214\/revisions"}],"predecessor-version":[{"id":8975,"href":"https:\/\/buod.de\/de\/wp-json\/wp\/v2\/pages\/7214\/revisions\/8975"}],"wp:attachment":[{"href":"https:\/\/buod.de\/de\/wp-json\/wp\/v2\/media?parent=7214"}],"curies":[{"name":"wp","href":"https:\/\/api.w.org\/{rel}","templated":true}]}}