{"id":7481,"date":"2024-05-29T17:08:11","date_gmt":"2024-05-29T17:08:11","guid":{"rendered":"https:\/\/dev.buod.de\/?page_id=7481"},"modified":"2024-06-05T16:26:13","modified_gmt":"2024-06-05T16:26:13","slug":"video-es-hanganyagok-2015","status":"publish","type":"page","link":"https:\/\/buod.de\/de\/video-es-hanganyagok-2015\/","title":{"rendered":"Video- \u00e9s Hanganyagok&#8211;2015"},"content":{"rendered":"<div data-colibri-id=\"7481-c1\" class=\"style-2262 style-local-7481-c1 position-relative\">\n  <!---->\n  <div data-colibri-component=\"section\" data-colibri-id=\"7481-c16\" id=\"custom\" class=\"h-section h-section-global-spacing d-flex align-items-lg-center align-items-md-center align-items-center style-2790 style-local-7481-c16 position-relative\">\n    <!---->\n    <!---->\n    <div class=\"h-section-grid-container h-section-boxed-container\">\n      <!---->\n      <div data-colibri-id=\"7481-c17\" class=\"h-row-container gutters-row-lg-2 gutters-row-md-2 gutters-row-0 gutters-row-v-lg-2 gutters-row-v-md-2 gutters-row-v-2 style-2791 style-local-7481-c17 position-relative\">\n        <!---->\n        <div class=\"h-row justify-content-lg-center justify-content-md-center justify-content-center align-items-lg-stretch align-items-md-stretch align-items-stretch gutters-col-lg-2 gutters-col-md-2 gutters-col-0 gutters-col-v-lg-2 gutters-col-v-md-2 gutters-col-v-2\">\n          <!---->\n          <div class=\"h-column h-column-container d-flex h-col-lg-auto h-col-md-auto h-col-auto style-2792-outer style-local-7481-c18-outer\">\n            <div data-colibri-id=\"7481-c18\" class=\"d-flex h-flex-basis h-column__inner h-px-lg-2 h-px-md-2 h-px-2 v-inner-lg-2 v-inner-md-2 v-inner-2 style-2792 style-local-7481-c18 position-relative\">\n              <!---->\n              <!---->\n              <div class=\"w-100 h-y-container h-column__content h-column__v-align flex-basis-100 align-self-lg-start align-self-md-start align-self-start\">\n                <!---->\n                <div data-colibri-id=\"7481-c22\" class=\"h-text h-text-component style-2796 style-local-7481-c22 position-relative h-element\">\n                  <!---->\n                  <!---->\n                  <div class=\"\">\n                    <h4>2015.11.14: BUOD k\u00f6zgy\u0171l\u00e9s, M\u00fcnchen (3 r\u00e9szb\u0151l \u00e1ll\u00f3 lista).<\/h4>\n                    <p>\n                      <br>\n                    <\/p>\n                  <\/div>\n                <\/div>\n              <\/div>\n            <\/div>\n          <\/div>\n          <div class=\"h-column h-column-container d-flex h-col-lg-auto h-col-md-auto h-col-auto style-2793-outer style-local-7481-c19-outer\">\n            <div data-colibri-id=\"7481-c19\" class=\"d-flex h-flex-basis h-column__inner h-px-lg-2 h-px-md-2 h-px-2 v-inner-lg-2 v-inner-md-2 v-inner-2 style-2793 style-local-7481-c19 position-relative\">\n              <!---->\n              <!---->\n              <div class=\"w-100 h-y-container h-column__content h-column__v-align flex-basis-100 align-self-lg-start align-self-md-start align-self-start\">\n                <!---->\n                <div data-colibri-component=\"video\" data-colibri-id=\"7481-c20\" class=\"d-block h-video d-block h-video style-2794 style-local-7481-c20 position-relative h-element\">\n                  <!---->\n                  <!---->\n                  <div class=\"video-container position-relative\">\n                    <div class=\"h-global-transition-all ratio-inner\"><iframe src=\"https:\/\/www.youtube.com\/embed\/JRGvZ0-O2-4?autoplay=0&#038;mute=0&#038;modestbranding=0&#038;rel=0&#038;enablejsapi=1&#038;\" class='h-video-main'  allowfullscreen><\/iframe><\/div>\n                  <\/div>\n                <\/div>\n                <div data-colibri-component=\"video\" data-colibri-id=\"7481-c25\" class=\"d-block h-video d-block h-video style-2794 style-local-7481-c25 position-relative h-element\">\n                  <!---->\n                  <!---->\n                  <div class=\"video-container position-relative\">\n                    <div class=\"h-global-transition-all ratio-inner\"><iframe src=\"https:\/\/www.youtube.com\/embed\/PiHsD6yEhJk?autoplay=0&#038;mute=0&#038;modestbranding=0&#038;rel=0&#038;enablejsapi=1&#038;\" class='h-video-main'  allowfullscreen><\/iframe><\/div>\n                  <\/div>\n                <\/div>\n                <div data-colibri-component=\"video\" data-colibri-id=\"7481-c23\" class=\"d-block h-video d-block h-video style-2794 style-local-7481-c23 position-relative h-element\">\n                  <!---->\n                  <!---->\n                  <div class=\"video-container position-relative\">\n                    <div class=\"h-global-transition-all ratio-inner\"><iframe src=\"https:\/\/www.youtube.com\/embed\/8d3ehKVKaxo?autoplay=0&#038;mute=0&#038;modestbranding=0&#038;rel=0&#038;enablejsapi=1&#038;\" class='h-video-main'  allowfullscreen><\/iframe><\/div>\n                  <\/div>\n                <\/div>\n              <\/div>\n            <\/div>\n          <\/div>\n        <\/div>\n      <\/div>\n    <\/div>\n  <\/div>\n<\/div>","protected":false},"excerpt":{"rendered":"<p>2015.11.14: BUOD k\u00f6zgy\u0171l\u00e9s, M\u00fcnchen (3 r\u00e9szb\u0151l \u00e1ll\u00f3 lista).<\/p>","protected":false},"author":4,"featured_media":0,"parent":0,"menu_order":0,"comment_status":"closed","ping_status":"closed","template":"page-templates\/full-width-page.php","meta":{"footnotes":""},"class_list":["post-7481","page","type-page","status-publish","hentry"],"yoast_head":"<!-- This site is optimized with the Yoast SEO plugin v27.3 - https:\/\/yoast.com\/product\/yoast-seo-wordpress\/ -->\n<title>Video- \u00e9s Hanganyagok-2015 - BUOD<\/title>\n<meta name=\"robots\" content=\"index, follow, max-snippet:-1, max-image-preview:large, max-video-preview:-1\" \/>\n<link rel=\"canonical\" href=\"https:\/\/buod.de\/de\/video-es-hanganyagok-2015\/\" \/>\n<meta property=\"og:locale\" content=\"de_DE\" \/>\n<meta property=\"og:type\" content=\"article\" \/>\n<meta property=\"og:title\" content=\"Video- \u00e9s Hanganyagok-2015 - BUOD\" \/>\n<meta property=\"og:description\" content=\"2015.11.14: BUOD k\u00f6zgy\u0171l\u00e9s, M\u00fcnchen (3 r\u00e9szb\u0151l \u00e1ll\u00f3 lista).\" \/>\n<meta property=\"og:url\" content=\"https:\/\/buod.de\/de\/video-es-hanganyagok-2015\/\" \/>\n<meta property=\"og:site_name\" content=\"BUOD\" \/>\n<meta property=\"article:publisher\" content=\"https:\/\/www.facebook.com\/profile.php?id=100082185652397\" \/>\n<meta property=\"article:modified_time\" content=\"2024-06-05T16:26:13+00:00\" \/>\n<meta name=\"twitter:card\" content=\"summary_large_image\" \/>\n<script type=\"application\/ld+json\" class=\"yoast-schema-graph\">{\"@context\":\"https:\\\/\\\/schema.org\",\"@graph\":[{\"@type\":\"WebPage\",\"@id\":\"https:\\\/\\\/buod.de\\\/de\\\/video-es-hanganyagok-2015\\\/\",\"url\":\"https:\\\/\\\/buod.de\\\/de\\\/video-es-hanganyagok-2015\\\/\",\"name\":\"Video- \u00e9s Hanganyagok-2015 - BUOD\",\"isPartOf\":{\"@id\":\"https:\\\/\\\/buod.de\\\/#website\"},\"datePublished\":\"2024-05-29T17:08:11+00:00\",\"dateModified\":\"2024-06-05T16:26:13+00:00\",\"breadcrumb\":{\"@id\":\"https:\\\/\\\/buod.de\\\/de\\\/video-es-hanganyagok-2015\\\/#breadcrumb\"},\"inLanguage\":\"de-DE\",\"potentialAction\":[{\"@type\":\"ReadAction\",\"target\":[\"https:\\\/\\\/buod.de\\\/de\\\/video-es-hanganyagok-2015\\\/\"]}]},{\"@type\":\"BreadcrumbList\",\"@id\":\"https:\\\/\\\/buod.de\\\/de\\\/video-es-hanganyagok-2015\\\/#breadcrumb\",\"itemListElement\":[{\"@type\":\"ListItem\",\"position\":1,\"name\":\"Kezd\u0151lap\",\"item\":\"https:\\\/\\\/buod.de\\\/\"},{\"@type\":\"ListItem\",\"position\":2,\"name\":\"Video- \u00e9s Hanganyagok&#8211;2015\"}]},{\"@type\":\"WebSite\",\"@id\":\"https:\\\/\\\/buod.de\\\/#website\",\"url\":\"https:\\\/\\\/buod.de\\\/\",\"name\":\"BUOD\",\"description\":\"Bund Ungarischer Organisationen in Deutschland\",\"publisher\":{\"@id\":\"https:\\\/\\\/buod.de\\\/#organization\"},\"potentialAction\":[{\"@type\":\"SearchAction\",\"target\":{\"@type\":\"EntryPoint\",\"urlTemplate\":\"https:\\\/\\\/buod.de\\\/?s={search_term_string}\"},\"query-input\":{\"@type\":\"PropertyValueSpecification\",\"valueRequired\":true,\"valueName\":\"search_term_string\"}}],\"inLanguage\":\"de-DE\"},{\"@type\":\"Organization\",\"@id\":\"https:\\\/\\\/buod.de\\\/#organization\",\"name\":\"BUOD\",\"url\":\"https:\\\/\\\/buod.de\\\/\",\"logo\":{\"@type\":\"ImageObject\",\"inLanguage\":\"de-DE\",\"@id\":\"https:\\\/\\\/buod.de\\\/#\\\/schema\\\/logo\\\/image\\\/\",\"url\":\"https:\\\/\\\/buod.de\\\/wp-content\\\/uploads\\\/2024\\\/03\\\/BUOD-logo.png\",\"contentUrl\":\"https:\\\/\\\/buod.de\\\/wp-content\\\/uploads\\\/2024\\\/03\\\/BUOD-logo.png\",\"width\":586,\"height\":490,\"caption\":\"BUOD\"},\"image\":{\"@id\":\"https:\\\/\\\/buod.de\\\/#\\\/schema\\\/logo\\\/image\\\/\"},\"sameAs\":[\"https:\\\/\\\/www.facebook.com\\\/profile.php?id=100082185652397\"]}]}<\/script>\n<!-- \/ Yoast SEO plugin. -->","yoast_head_json":{"title":"Video- \u00e9s Hanganyagok-2015 - BUOD","robots":{"index":"index","follow":"follow","max-snippet":"max-snippet:-1","max-image-preview":"max-image-preview:large","max-video-preview":"max-video-preview:-1"},"canonical":"https:\/\/buod.de\/de\/video-es-hanganyagok-2015\/","og_locale":"de_DE","og_type":"article","og_title":"Video- \u00e9s Hanganyagok-2015 - BUOD","og_description":"2015.11.14: BUOD k\u00f6zgy\u0171l\u00e9s, M\u00fcnchen (3 r\u00e9szb\u0151l \u00e1ll\u00f3 lista).","og_url":"https:\/\/buod.de\/de\/video-es-hanganyagok-2015\/","og_site_name":"BUOD","article_publisher":"https:\/\/www.facebook.com\/profile.php?id=100082185652397","article_modified_time":"2024-06-05T16:26:13+00:00","twitter_card":"summary_large_image","schema":{"@context":"https:\/\/schema.org","@graph":[{"@type":"WebPage","@id":"https:\/\/buod.de\/de\/video-es-hanganyagok-2015\/","url":"https:\/\/buod.de\/de\/video-es-hanganyagok-2015\/","name":"Video- \u00e9s Hanganyagok-2015 - BUOD","isPartOf":{"@id":"https:\/\/buod.de\/#website"},"datePublished":"2024-05-29T17:08:11+00:00","dateModified":"2024-06-05T16:26:13+00:00","breadcrumb":{"@id":"https:\/\/buod.de\/de\/video-es-hanganyagok-2015\/#breadcrumb"},"inLanguage":"de-DE","potentialAction":[{"@type":"ReadAction","target":["https:\/\/buod.de\/de\/video-es-hanganyagok-2015\/"]}]},{"@type":"BreadcrumbList","@id":"https:\/\/buod.de\/de\/video-es-hanganyagok-2015\/#breadcrumb","itemListElement":[{"@type":"ListItem","position":1,"name":"Kezd\u0151lap","item":"https:\/\/buod.de\/"},{"@type":"ListItem","position":2,"name":"Video- \u00e9s Hanganyagok&#8211;2015"}]},{"@type":"WebSite","@id":"https:\/\/buod.de\/#website","url":"https:\/\/buod.de\/","name":"BUOD","description":"Bund Ungarischer Organisationen in Deutschland","publisher":{"@id":"https:\/\/buod.de\/#organization"},"potentialAction":[{"@type":"SearchAction","target":{"@type":"EntryPoint","urlTemplate":"https:\/\/buod.de\/?s={search_term_string}"},"query-input":{"@type":"PropertyValueSpecification","valueRequired":true,"valueName":"search_term_string"}}],"inLanguage":"de-DE"},{"@type":"Organization","@id":"https:\/\/buod.de\/#organization","name":"BUOD","url":"https:\/\/buod.de\/","logo":{"@type":"ImageObject","inLanguage":"de-DE","@id":"https:\/\/buod.de\/#\/schema\/logo\/image\/","url":"https:\/\/buod.de\/wp-content\/uploads\/2024\/03\/BUOD-logo.png","contentUrl":"https:\/\/buod.de\/wp-content\/uploads\/2024\/03\/BUOD-logo.png","width":586,"height":490,"caption":"BUOD"},"image":{"@id":"https:\/\/buod.de\/#\/schema\/logo\/image\/"},"sameAs":["https:\/\/www.facebook.com\/profile.php?id=100082185652397"]}]}},"_links":{"self":[{"href":"https:\/\/buod.de\/de\/wp-json\/wp\/v2\/pages\/7481","targetHints":{"allow":["GET"]}}],"collection":[{"href":"https:\/\/buod.de\/de\/wp-json\/wp\/v2\/pages"}],"about":[{"href":"https:\/\/buod.de\/de\/wp-json\/wp\/v2\/types\/page"}],"author":[{"embeddable":true,"href":"https:\/\/buod.de\/de\/wp-json\/wp\/v2\/users\/4"}],"replies":[{"embeddable":true,"href":"https:\/\/buod.de\/de\/wp-json\/wp\/v2\/comments?post=7481"}],"version-history":[{"count":3,"href":"https:\/\/buod.de\/de\/wp-json\/wp\/v2\/pages\/7481\/revisions"}],"predecessor-version":[{"id":8192,"href":"https:\/\/buod.de\/de\/wp-json\/wp\/v2\/pages\/7481\/revisions\/8192"}],"wp:attachment":[{"href":"https:\/\/buod.de\/de\/wp-json\/wp\/v2\/media?parent=7481"}],"curies":[{"name":"wp","href":"https:\/\/api.w.org\/{rel}","templated":true}]}}