{"id":9173,"date":"2024-10-04T17:26:42","date_gmt":"2024-10-04T15:26:42","guid":{"rendered":"https:\/\/buod.de\/?page_id=9173"},"modified":"2025-10-06T12:52:49","modified_gmt":"2025-10-06T10:52:49","slug":"kozgyules-kastl-2024-prezentaciok-2","status":"publish","type":"page","link":"https:\/\/buod.de\/de\/kozgyules-kastl-2024-prezentaciok-2\/","title":{"rendered":"K\u00f6zgy\u0171l\u00e9s Kastl 2024 &#8211; prezent\u00e1ci\u00f3k"},"content":{"rendered":"<div data-colibri-id=\"9173-c1\" class=\"style-2921 style-local-9173-c1 position-relative\">\n  <!---->\n  <div data-colibri-component=\"section\" data-colibri-id=\"9173-c2\" id=\"custom\" class=\"h-section h-section-global-spacing d-flex align-items-lg-center align-items-md-center align-items-center style-2922 style-local-9173-c2 position-relative\">\n    <!---->\n    <!---->\n    <div class=\"h-section-grid-container h-section-boxed-container\">\n      <!---->\n      <div data-colibri-id=\"9173-c3\" class=\"h-row-container gutters-row-lg-2 gutters-row-md-2 gutters-row-0 gutters-row-v-lg-2 gutters-row-v-md-2 gutters-row-v-2 style-2923 style-local-9173-c3 position-relative\">\n        <!---->\n        <div class=\"h-row justify-content-lg-center justify-content-md-center justify-content-center align-items-lg-stretch align-items-md-stretch align-items-stretch gutters-col-lg-2 gutters-col-md-2 gutters-col-0 gutters-col-v-lg-2 gutters-col-v-md-2 gutters-col-v-2\">\n          <!---->\n          <div class=\"h-column h-column-container d-flex h-col-lg-auto h-col-md-auto h-col-auto style-2924-outer style-local-9173-c4-outer\">\n            <div data-colibri-id=\"9173-c4\" class=\"d-flex h-flex-basis h-column__inner h-px-lg-2 h-px-md-2 h-px-2 v-inner-lg-2 v-inner-md-2 v-inner-2 style-2924 style-local-9173-c4 position-relative\">\n              <!---->\n              <!---->\n              <div class=\"w-100 h-y-container h-column__content h-column__v-align flex-basis-100 align-self-lg-start align-self-md-start align-self-start\">\n                <!---->\n                <div data-colibri-id=\"9173-c5\" class=\"h-global-transition-all h-heading style-2935 style-local-9173-c5 position-relative h-element\">\n                  <!---->\n                  <div class=\"h-heading__outer style-2935 style-local-9173-c5\">\n                    <!---->\n                    <!---->\n                    <h1 class=\"\">Let\u00f6lthet\u0151 prezent\u00e1ci\u00f3k<\/h1>\n                  <\/div>\n                <\/div>\n              <\/div>\n            <\/div>\n          <\/div>\n        <\/div>\n      <\/div>\n      <div data-colibri-id=\"9173-c6\" class=\"h-row-container gutters-row-lg-2 gutters-row-md-2 gutters-row-0 gutters-row-v-lg-2 gutters-row-v-md-2 gutters-row-v-2 style-2925 style-local-9173-c6 position-relative\">\n        <!---->\n        <div class=\"h-row justify-content-lg-center justify-content-md-center justify-content-center align-items-lg-stretch align-items-md-stretch align-items-stretch gutters-col-lg-2 gutters-col-md-2 gutters-col-0 gutters-col-v-lg-2 gutters-col-v-md-2 gutters-col-v-2\">\n          <!---->\n          <div class=\"h-column h-column-container d-flex h-col-lg-auto h-col-md-auto h-col-auto style-2926-outer style-local-9173-c7-outer\">\n            <div data-colibri-id=\"9173-c7\" class=\"d-flex h-flex-basis h-column__inner h-px-lg-2 h-px-md-2 h-px-2 v-inner-lg-2 v-inner-md-2 v-inner-2 style-2926 style-local-9173-c7 position-relative\">\n              <!---->\n              <!---->\n              <div class=\"w-100 h-y-container h-column__content h-column__v-align flex-basis-100 align-self-lg-start align-self-md-start align-self-start\">\n                <!---->\n                <div data-colibri-id=\"9173-c8\" class=\"h-text h-text-component style-2929 style-local-9173-c8 position-relative h-element\">\n                  <!---->\n                  <!---->\n                  <div class=\"\">\n                    <p>Egy\u00fcttm\u0171k\u00f6d\u0151 nemzet \u00e9ve&nbsp; a K\u00e1rp\u00e1t-medenc\u00e9ben \u00e9s&nbsp;a vil\u00e1gban<\/p>\n                  <\/div>\n                <\/div>\n                <div data-colibri-id=\"9173-c9\" class=\"h-x-container style-2938 style-local-9173-c9 position-relative h-element\">\n                  <!---->\n                  <div class=\"h-x-container-inner style-dynamic-9173-c9-group style-2938-spacing style-local-9173-c9-spacing\"><span class=\"h-button__outer style-2939-outer style-local-9173-c10-outer d-inline-flex h-element\"><a h-use-smooth-scroll=\"true\" href=\"https:\/\/buod.de\/wp-content\/uploads\/2024\/09\/SZP_BUOD_20240921___javitott.pptx\"  data-colibri-id=\"9173-c10\" class=\"d-flex w-100 align-items-center h-button justify-content-lg-center justify-content-md-center justify-content-center style-2939 style-local-9173-c10 position-relative\"><!----><!----> <span>let\u00f6lt\u00e9s&#8230;<\/span><\/a>\n                    <\/span>\n                  <\/div>\n                <\/div>\n              <\/div>\n            <\/div>\n          <\/div>\n          <div class=\"h-column h-column-container d-flex h-col-lg-auto h-col-md-auto h-col-auto style-2926-outer style-local-9173-c11-outer\">\n            <div data-colibri-id=\"9173-c11\" class=\"d-flex h-flex-basis h-column__inner h-px-lg-2 h-px-md-2 h-px-2 v-inner-lg-2 v-inner-md-2 v-inner-2 style-2926 style-local-9173-c11 position-relative\">\n              <!---->\n              <!---->\n              <div class=\"w-100 h-y-container h-column__content h-column__v-align flex-basis-100 align-self-lg-start align-self-md-start align-self-start\">\n                <!---->\n                <div data-colibri-id=\"9173-c12\" class=\"h-text h-text-component style-2929 style-local-9173-c12 position-relative h-element\">\n                  <!---->\n                  <!---->\n                  <div class=\"\">\n                    <p>Program \u00e9s toborz\u00e1s<\/p>\n                  <\/div>\n                <\/div>\n                <div data-colibri-id=\"9173-c13\" class=\"h-x-container style-2936 style-local-9173-c13 position-relative h-element\">\n                  <!---->\n                  <div class=\"h-x-container-inner style-dynamic-9173-c13-group style-2936-spacing style-local-9173-c13-spacing\"><span class=\"h-button__outer style-2937-outer style-local-9173-c14-outer d-inline-flex h-element\"><a h-use-smooth-scroll=\"true\" href=\"https:\/\/buod.de\/wp-content\/uploads\/2024\/09\/Program-es-toborzas-H-20240919.pdf\"  data-colibri-id=\"9173-c14\" class=\"d-flex w-100 align-items-center h-button justify-content-lg-center justify-content-md-center justify-content-center style-2937 style-local-9173-c14 position-relative\"><!----><!----> <span>let\u00f6lt\u00e9s&#8230;<\/span><\/a>\n                    <\/span>\n                  <\/div>\n                <\/div>\n              <\/div>\n            <\/div>\n          <\/div>\n          <div class=\"h-column h-column-container d-flex h-col-lg-auto h-col-md-auto h-col-auto style-2926-outer style-local-9173-c15-outer\">\n            <div data-colibri-id=\"9173-c15\" class=\"d-flex h-flex-basis h-column__inner h-px-lg-2 h-px-md-2 h-px-2 v-inner-lg-2 v-inner-md-2 v-inner-2 style-2926 style-local-9173-c15 position-relative\">\n              <!---->\n              <!---->\n              <div class=\"w-100 h-y-container h-column__content h-column__v-align flex-basis-100 align-self-lg-start align-self-md-start align-self-start\">\n                <!---->\n                <div data-colibri-id=\"9173-c16\" class=\"h-text h-text-component style-2929 style-local-9173-c16 position-relative h-element\">\n                  <!---->\n                  <!---->\n                  <div class=\"\">\n                    <p>Diaszpora iskolat\u00e1bor-besz\u00e1mol\u00f3 &#8211; 2024<\/p>\n                  <\/div>\n                <\/div>\n                <div data-colibri-id=\"9173-c17\" class=\"h-x-container style-2940 style-local-9173-c17 position-relative h-element\">\n                  <!---->\n                  <div class=\"h-x-container-inner style-dynamic-9173-c17-group style-2940-spacing style-local-9173-c17-spacing\"><span class=\"h-button__outer style-2941-outer style-local-9173-c18-outer d-inline-flex h-element\"><a h-use-smooth-scroll=\"true\" href=\"https:\/\/buod.de\/wp-content\/uploads\/2024\/09\/Diaszpora-iskolatabor-beszamolo-2024.pptx\"  data-colibri-id=\"9173-c18\" class=\"d-flex w-100 align-items-center h-button justify-content-lg-center justify-content-md-center justify-content-center style-2941 style-local-9173-c18 position-relative\"><!----><!----> <span>let\u00f6lt\u00e9s&#8230;<\/span><\/a>\n                    <\/span>\n                  <\/div>\n                <\/div>\n              <\/div>\n            <\/div>\n          <\/div>\n          <div class=\"h-column h-column-container d-flex h-col-lg-auto h-col-md-auto h-col-auto style-2926-outer style-local-9173-c19-outer\">\n            <div data-colibri-id=\"9173-c19\" class=\"d-flex h-flex-basis h-column__inner h-px-lg-2 h-px-md-2 h-px-2 v-inner-lg-2 v-inner-md-2 v-inner-2 style-2926 style-local-9173-c19 position-relative\">\n              <!---->\n              <!---->\n              <div class=\"w-100 h-y-container h-column__content h-column__v-align flex-basis-100 align-self-lg-start align-self-md-start align-self-start\">\n                <!---->\n                <div data-colibri-id=\"9173-c20\" class=\"h-text h-text-component style-2929 style-local-9173-c20 position-relative h-element\">\n                  <!---->\n                  <!---->\n                  <div class=\"\">\n                    <p>Dramatizalt Biblia BUOD prezi<\/p>\n                  <\/div>\n                <\/div>\n                <div data-colibri-id=\"9173-c21\" class=\"h-x-container style-2942 style-local-9173-c21 position-relative h-element\">\n                  <!---->\n                  <div class=\"h-x-container-inner style-dynamic-9173-c21-group style-2942-spacing style-local-9173-c21-spacing\"><span class=\"h-button__outer style-2943-outer style-local-9173-c22-outer d-inline-flex h-element\"><a h-use-smooth-scroll=\"true\" href=\"https:\/\/buod.de\/wp-content\/uploads\/2024\/10\/Dramatizalt-Biblia-BUOD-prezi.pptx\"  data-colibri-id=\"9173-c22\" class=\"d-flex w-100 align-items-center h-button justify-content-lg-center justify-content-md-center justify-content-center style-2943 style-local-9173-c22 position-relative\"><!----><!----> <span>let\u00f6lt\u00e9s&#8230;<\/span><\/a>\n                    <\/span>\n                  <\/div>\n                <\/div>\n              <\/div>\n            <\/div>\n          <\/div>\n        <\/div>\n      <\/div>\n    <\/div>\n  <\/div>\n<\/div>","protected":false},"excerpt":{"rendered":"<p>Let\u00f6lthet\u0151 prezent\u00e1ci\u00f3k Egy\u00fcttm\u0171k\u00f6d\u0151 nemzet \u00e9ve&nbsp; a K\u00e1rp\u00e1t-medenc\u00e9ben \u00e9s&nbsp;a vil\u00e1gban let\u00f6lt\u00e9s&#8230; Program \u00e9s toborz\u00e1s let\u00f6lt\u00e9s&#8230; Diaszpora iskolat\u00e1bor-besz\u00e1mol\u00f3 &#8211; 2024 let\u00f6lt\u00e9s&#8230; Dramatizalt Biblia BUOD prezi let\u00f6lt\u00e9s&#8230;<\/p>","protected":false},"author":4,"featured_media":0,"parent":0,"menu_order":0,"comment_status":"closed","ping_status":"closed","template":"page-templates\/full-width-page.php","meta":{"footnotes":""},"class_list":["post-9173","page","type-page","status-publish","hentry"],"yoast_head":"<!-- This site is optimized with the Yoast SEO plugin v27.4 - https:\/\/yoast.com\/product\/yoast-seo-wordpress\/ -->\n<title>K\u00f6zgy\u0171l\u00e9s Kastl 2024 - prezent\u00e1ci\u00f3k - BUOD<\/title>\n<meta name=\"robots\" content=\"index, follow, max-snippet:-1, max-image-preview:large, max-video-preview:-1\" \/>\n<link rel=\"canonical\" href=\"https:\/\/buod.de\/de\/kozgyules-kastl-2024-prezentaciok-2\/\" \/>\n<meta property=\"og:locale\" content=\"de_DE\" \/>\n<meta property=\"og:type\" content=\"article\" \/>\n<meta property=\"og:title\" content=\"K\u00f6zgy\u0171l\u00e9s Kastl 2024 - prezent\u00e1ci\u00f3k - BUOD\" \/>\n<meta property=\"og:description\" content=\"Let\u00f6lthet\u0151 prezent\u00e1ci\u00f3k Egy\u00fcttm\u0171k\u00f6d\u0151 nemzet \u00e9ve&nbsp; a K\u00e1rp\u00e1t-medenc\u00e9ben \u00e9s&nbsp;a vil\u00e1gban let\u00f6lt\u00e9s&#8230; Program \u00e9s toborz\u00e1s let\u00f6lt\u00e9s&#8230; Diaszpora iskolat\u00e1bor-besz\u00e1mol\u00f3 &#8211; 2024 let\u00f6lt\u00e9s&#8230; Dramatizalt Biblia BUOD prezi let\u00f6lt\u00e9s&#8230;\" \/>\n<meta property=\"og:url\" content=\"https:\/\/buod.de\/de\/kozgyules-kastl-2024-prezentaciok-2\/\" \/>\n<meta property=\"og:site_name\" content=\"BUOD\" \/>\n<meta property=\"article:publisher\" content=\"https:\/\/www.facebook.com\/profile.php?id=100082185652397\" \/>\n<meta property=\"article:modified_time\" content=\"2025-10-06T10:52:49+00:00\" \/>\n<meta name=\"twitter:card\" content=\"summary_large_image\" \/>\n<script type=\"application\/ld+json\" class=\"yoast-schema-graph\">{\"@context\":\"https:\\\/\\\/schema.org\",\"@graph\":[{\"@type\":\"WebPage\",\"@id\":\"https:\\\/\\\/buod.de\\\/kozgyules-kastl-2024-prezentaciok-2\\\/\",\"url\":\"https:\\\/\\\/buod.de\\\/kozgyules-kastl-2024-prezentaciok-2\\\/\",\"name\":\"K\u00f6zgy\u0171l\u00e9s Kastl 2024 - prezent\u00e1ci\u00f3k - BUOD\",\"isPartOf\":{\"@id\":\"https:\\\/\\\/buod.de\\\/#website\"},\"datePublished\":\"2024-10-04T15:26:42+00:00\",\"dateModified\":\"2025-10-06T10:52:49+00:00\",\"breadcrumb\":{\"@id\":\"https:\\\/\\\/buod.de\\\/kozgyules-kastl-2024-prezentaciok-2\\\/#breadcrumb\"},\"inLanguage\":\"de-DE\",\"potentialAction\":[{\"@type\":\"ReadAction\",\"target\":[\"https:\\\/\\\/buod.de\\\/kozgyules-kastl-2024-prezentaciok-2\\\/\"]}]},{\"@type\":\"BreadcrumbList\",\"@id\":\"https:\\\/\\\/buod.de\\\/kozgyules-kastl-2024-prezentaciok-2\\\/#breadcrumb\",\"itemListElement\":[{\"@type\":\"ListItem\",\"position\":1,\"name\":\"Kezd\u0151lap\",\"item\":\"https:\\\/\\\/buod.de\\\/\"},{\"@type\":\"ListItem\",\"position\":2,\"name\":\"K\u00f6zgy\u0171l\u00e9s Kastl 2024 &#8211; prezent\u00e1ci\u00f3k\"}]},{\"@type\":\"WebSite\",\"@id\":\"https:\\\/\\\/buod.de\\\/#website\",\"url\":\"https:\\\/\\\/buod.de\\\/\",\"name\":\"BUOD\",\"description\":\"Bund Ungarischer Organisationen in Deutschland\",\"publisher\":{\"@id\":\"https:\\\/\\\/buod.de\\\/#organization\"},\"potentialAction\":[{\"@type\":\"SearchAction\",\"target\":{\"@type\":\"EntryPoint\",\"urlTemplate\":\"https:\\\/\\\/buod.de\\\/?s={search_term_string}\"},\"query-input\":{\"@type\":\"PropertyValueSpecification\",\"valueRequired\":true,\"valueName\":\"search_term_string\"}}],\"inLanguage\":\"de-DE\"},{\"@type\":\"Organization\",\"@id\":\"https:\\\/\\\/buod.de\\\/#organization\",\"name\":\"BUOD\",\"url\":\"https:\\\/\\\/buod.de\\\/\",\"logo\":{\"@type\":\"ImageObject\",\"inLanguage\":\"de-DE\",\"@id\":\"https:\\\/\\\/buod.de\\\/#\\\/schema\\\/logo\\\/image\\\/\",\"url\":\"https:\\\/\\\/buod.de\\\/wp-content\\\/uploads\\\/2024\\\/03\\\/BUOD-logo.png\",\"contentUrl\":\"https:\\\/\\\/buod.de\\\/wp-content\\\/uploads\\\/2024\\\/03\\\/BUOD-logo.png\",\"width\":586,\"height\":490,\"caption\":\"BUOD\"},\"image\":{\"@id\":\"https:\\\/\\\/buod.de\\\/#\\\/schema\\\/logo\\\/image\\\/\"},\"sameAs\":[\"https:\\\/\\\/www.facebook.com\\\/profile.php?id=100082185652397\"]}]}<\/script>\n<!-- \/ Yoast SEO plugin. -->","yoast_head_json":{"title":"K\u00f6zgy\u0171l\u00e9s Kastl 2024 - prezent\u00e1ci\u00f3k - BUOD","robots":{"index":"index","follow":"follow","max-snippet":"max-snippet:-1","max-image-preview":"max-image-preview:large","max-video-preview":"max-video-preview:-1"},"canonical":"https:\/\/buod.de\/de\/kozgyules-kastl-2024-prezentaciok-2\/","og_locale":"de_DE","og_type":"article","og_title":"K\u00f6zgy\u0171l\u00e9s Kastl 2024 - prezent\u00e1ci\u00f3k - BUOD","og_description":"Let\u00f6lthet\u0151 prezent\u00e1ci\u00f3k Egy\u00fcttm\u0171k\u00f6d\u0151 nemzet \u00e9ve&nbsp; a K\u00e1rp\u00e1t-medenc\u00e9ben \u00e9s&nbsp;a vil\u00e1gban let\u00f6lt\u00e9s&#8230; Program \u00e9s toborz\u00e1s let\u00f6lt\u00e9s&#8230; Diaszpora iskolat\u00e1bor-besz\u00e1mol\u00f3 &#8211; 2024 let\u00f6lt\u00e9s&#8230; Dramatizalt Biblia BUOD prezi let\u00f6lt\u00e9s&#8230;","og_url":"https:\/\/buod.de\/de\/kozgyules-kastl-2024-prezentaciok-2\/","og_site_name":"BUOD","article_publisher":"https:\/\/www.facebook.com\/profile.php?id=100082185652397","article_modified_time":"2025-10-06T10:52:49+00:00","twitter_card":"summary_large_image","schema":{"@context":"https:\/\/schema.org","@graph":[{"@type":"WebPage","@id":"https:\/\/buod.de\/kozgyules-kastl-2024-prezentaciok-2\/","url":"https:\/\/buod.de\/kozgyules-kastl-2024-prezentaciok-2\/","name":"K\u00f6zgy\u0171l\u00e9s Kastl 2024 - prezent\u00e1ci\u00f3k - BUOD","isPartOf":{"@id":"https:\/\/buod.de\/#website"},"datePublished":"2024-10-04T15:26:42+00:00","dateModified":"2025-10-06T10:52:49+00:00","breadcrumb":{"@id":"https:\/\/buod.de\/kozgyules-kastl-2024-prezentaciok-2\/#breadcrumb"},"inLanguage":"de-DE","potentialAction":[{"@type":"ReadAction","target":["https:\/\/buod.de\/kozgyules-kastl-2024-prezentaciok-2\/"]}]},{"@type":"BreadcrumbList","@id":"https:\/\/buod.de\/kozgyules-kastl-2024-prezentaciok-2\/#breadcrumb","itemListElement":[{"@type":"ListItem","position":1,"name":"Kezd\u0151lap","item":"https:\/\/buod.de\/"},{"@type":"ListItem","position":2,"name":"K\u00f6zgy\u0171l\u00e9s Kastl 2024 &#8211; prezent\u00e1ci\u00f3k"}]},{"@type":"WebSite","@id":"https:\/\/buod.de\/#website","url":"https:\/\/buod.de\/","name":"BUOD","description":"Bund Ungarischer Organisationen in Deutschland","publisher":{"@id":"https:\/\/buod.de\/#organization"},"potentialAction":[{"@type":"SearchAction","target":{"@type":"EntryPoint","urlTemplate":"https:\/\/buod.de\/?s={search_term_string}"},"query-input":{"@type":"PropertyValueSpecification","valueRequired":true,"valueName":"search_term_string"}}],"inLanguage":"de-DE"},{"@type":"Organization","@id":"https:\/\/buod.de\/#organization","name":"BUOD","url":"https:\/\/buod.de\/","logo":{"@type":"ImageObject","inLanguage":"de-DE","@id":"https:\/\/buod.de\/#\/schema\/logo\/image\/","url":"https:\/\/buod.de\/wp-content\/uploads\/2024\/03\/BUOD-logo.png","contentUrl":"https:\/\/buod.de\/wp-content\/uploads\/2024\/03\/BUOD-logo.png","width":586,"height":490,"caption":"BUOD"},"image":{"@id":"https:\/\/buod.de\/#\/schema\/logo\/image\/"},"sameAs":["https:\/\/www.facebook.com\/profile.php?id=100082185652397"]}]}},"_links":{"self":[{"href":"https:\/\/buod.de\/de\/wp-json\/wp\/v2\/pages\/9173","targetHints":{"allow":["GET"]}}],"collection":[{"href":"https:\/\/buod.de\/de\/wp-json\/wp\/v2\/pages"}],"about":[{"href":"https:\/\/buod.de\/de\/wp-json\/wp\/v2\/types\/page"}],"author":[{"embeddable":true,"href":"https:\/\/buod.de\/de\/wp-json\/wp\/v2\/users\/4"}],"replies":[{"embeddable":true,"href":"https:\/\/buod.de\/de\/wp-json\/wp\/v2\/comments?post=9173"}],"version-history":[{"count":16,"href":"https:\/\/buod.de\/de\/wp-json\/wp\/v2\/pages\/9173\/revisions"}],"predecessor-version":[{"id":11565,"href":"https:\/\/buod.de\/de\/wp-json\/wp\/v2\/pages\/9173\/revisions\/11565"}],"wp:attachment":[{"href":"https:\/\/buod.de\/de\/wp-json\/wp\/v2\/media?parent=9173"}],"curies":[{"name":"wp","href":"https:\/\/api.w.org\/{rel}","templated":true}]}}