{"id":9242,"date":"2024-10-20T13:58:30","date_gmt":"2024-10-20T11:58:30","guid":{"rendered":"https:\/\/buod.de\/?page_id=9242"},"modified":"2025-08-28T19:17:32","modified_gmt":"2025-08-28T17:17:32","slug":"kariko-katalin","status":"publish","type":"page","link":"https:\/\/buod.de\/de\/buod-naptar-2025\/kariko-katalin\/","title":{"rendered":"Karik\u00f3 Katalin"},"content":{"rendered":"<h2 class=\"wp-block-heading\"><strong>Karik\u00f3 Katalin<\/strong> (1955-)<\/h2>\n\n\n\n<figure class=\"wp-block-image size-large is-resized\"><img loading=\"lazy\" decoding=\"async\" width=\"732\" height=\"1024\" src=\"https:\/\/buod.de\/wp-content\/uploads\/2024\/11\/Kariko_katalin_buod_naptar-732x1024.jpg\" alt=\"\" class=\"wp-image-9579\" style=\"width:auto;height:400px\" srcset=\"https:\/\/buod.de\/wp-content\/uploads\/2024\/11\/Kariko_katalin_buod_naptar-732x1024.jpg 732w, https:\/\/buod.de\/wp-content\/uploads\/2024\/11\/Kariko_katalin_buod_naptar-214x300.jpg 214w, https:\/\/buod.de\/wp-content\/uploads\/2024\/11\/Kariko_katalin_buod_naptar-768x1074.jpg 768w, https:\/\/buod.de\/wp-content\/uploads\/2024\/11\/Kariko_katalin_buod_naptar-9x12.jpg 9w, https:\/\/buod.de\/wp-content\/uploads\/2024\/11\/Kariko_katalin_buod_naptar.jpg 983w\" sizes=\"auto, (max-width: 732px) 100vw, 732px\" \/><\/figure>\n\n\n\n<p>Fiziol\u00f3giai \u00e9s orvostudom\u00e1nyi Nobel-d\u00edj a m\u00f3dos\u00edtott nukleozidokkal kapcsolatos felfedez\u00e9seik\u00e9rt, amelyek lehet\u0151v\u00e9 tett\u00e9k a Covid-19 elleni hat\u00e9kony mRNS-vakcin\u00e1k kifejleszt\u00e9s\u00e9t, 2023<\/p>\n\n\n\n<p>Karik\u00f3 Katalin a h\u00edrviv\u0151 RNS (mRNS) alap\u00fa vakcin\u00e1k kifejleszt\u00e9s\u00e9nek \u00fatt\u00f6r\u0151je. Kutat\u00e1sai alapvet\u0151 szerepet j\u00e1tszottak a COVID-19 elleni<br>vakcin\u00e1k gyors \u00e9s hat\u00e9kony kifejleszt\u00e9s\u00e9ben. Felfedez\u00e9sei \u00faj t\u00e1vlatokat nyitottak a g\u00e9nter\u00e1pi\u00e1ban \u00e9s az immunter\u00e1pi\u00e1ban is, jelent\u0151s hat\u00e1ssal az orvostudom\u00e1nyra.<\/p>\n\n\n\n<figure class=\"wp-block-image size-full is-resized\"><img loading=\"lazy\" decoding=\"async\" width=\"500\" height=\"500\" src=\"https:\/\/buod.de\/wp-content\/uploads\/2024\/11\/fizikai_nobel_dij_medal.png\" alt=\"\" class=\"wp-image-9492\" style=\"width:auto;height:200px\" srcset=\"https:\/\/buod.de\/wp-content\/uploads\/2024\/11\/fizikai_nobel_dij_medal.png 500w, https:\/\/buod.de\/wp-content\/uploads\/2024\/11\/fizikai_nobel_dij_medal-300x300.png 300w, https:\/\/buod.de\/wp-content\/uploads\/2024\/11\/fizikai_nobel_dij_medal-150x150.png 150w, https:\/\/buod.de\/wp-content\/uploads\/2024\/11\/fizikai_nobel_dij_medal-12x12.png 12w\" sizes=\"auto, (max-width: 500px) 100vw, 500px\" \/><\/figure>\n\n\n\n<h2 class=\"wp-block-heading\"><strong>Deutsch:<\/strong><\/h2>\n\n\n\n<p>Nobelpreis f\u00fcr Physiologie oder Medizin, 2023<\/p>\n\n\n\n<p>(gemeinsam mit Drew Weissman)<\/p>\n\n\n\n<p>Katalin Karik\u00f3 ist eine Pionierin in der Entwicklung von mRNA-basierten Impfstoffen. Ihre Forschungen spielten eine zentrale Rolle bei der schnellen und wirksamen Entwicklung von COVID-19-Impfstoffen. Ihre Entdeckungen er\u00f6ffneten neue Horizonte in der Gentherapie und Immuntherapie und hatten einen bedeutenden Einfluss auf die Medizin.<\/p>\n\n\n\n<figure class=\"wp-block-image size-full is-resized\"><img loading=\"lazy\" decoding=\"async\" width=\"564\" height=\"442\" src=\"https:\/\/buod.de\/wp-content\/uploads\/2024\/11\/Lechner_odon_minta.png\" alt=\"\" class=\"wp-image-9502\" style=\"width:auto;height:200px\" srcset=\"https:\/\/buod.de\/wp-content\/uploads\/2024\/11\/Lechner_odon_minta.png 564w, https:\/\/buod.de\/wp-content\/uploads\/2024\/11\/Lechner_odon_minta-300x235.png 300w, https:\/\/buod.de\/wp-content\/uploads\/2024\/11\/Lechner_odon_minta-15x12.png 15w\" sizes=\"auto, (max-width: 564px) 100vw, 564px\" \/><\/figure>\n\n\n\n<h2 class=\"wp-block-heading\"><strong>A BUOD 2025-\u00f6s falinapt\u00e1rj\u00e1ban szerepl\u0151 tov\u00e1bbi Nobel-d\u00edjasok:<\/strong><\/h2>\n\n\n\n<figure class=\"wp-block-embed is-type-wp-embed is-provider-buod wp-block-embed-buod\"><div class=\"wp-block-embed__wrapper\">\n<blockquote class=\"wp-embedded-content\" data-secret=\"D5PWeCE93x\"><a href=\"https:\/\/buod.de\/de\/buod-naptar-2025\/\">BUOD napt\u00e1r 2025<\/a><\/blockquote><iframe loading=\"lazy\" class=\"wp-embedded-content\" sandbox=\"allow-scripts\" security=\"restricted\" style=\"position: absolute; visibility: hidden;\" title=\"&#8220;BUOD napt\u00e1r 2025&#8221; &#8212; BUOD\" src=\"https:\/\/buod.de\/buod-naptar-2025\/embed\/#?secret=hzMDph3WS1#?secret=D5PWeCE93x\" data-secret=\"D5PWeCE93x\" width=\"500\" height=\"282\" frameborder=\"0\" marginwidth=\"0\" marginheight=\"0\" scrolling=\"no\"><\/iframe>\n<\/div><\/figure>\n\n\n\n<h2 class=\"wp-block-heading\"><strong>T\u00e1mogat\u00f3: <\/strong><\/h2>\n\n\n\n<figure class=\"wp-block-image size-large is-resized\"><img loading=\"lazy\" decoding=\"async\" width=\"1024\" height=\"461\" src=\"https:\/\/buod.de\/wp-content\/uploads\/2024\/11\/Screenshot_20241115_131835_Drive-1024x461.jpg\" alt=\"\" class=\"wp-image-9575\" style=\"width:auto;height:200px\" srcset=\"https:\/\/buod.de\/wp-content\/uploads\/2024\/11\/Screenshot_20241115_131835_Drive-1024x461.jpg 1024w, https:\/\/buod.de\/wp-content\/uploads\/2024\/11\/Screenshot_20241115_131835_Drive-300x135.jpg 300w, https:\/\/buod.de\/wp-content\/uploads\/2024\/11\/Screenshot_20241115_131835_Drive-768x346.jpg 768w, https:\/\/buod.de\/wp-content\/uploads\/2024\/11\/Screenshot_20241115_131835_Drive-1536x691.jpg 1536w, https:\/\/buod.de\/wp-content\/uploads\/2024\/11\/Screenshot_20241115_131835_Drive-2048x922.jpg 2048w, https:\/\/buod.de\/wp-content\/uploads\/2024\/11\/Screenshot_20241115_131835_Drive-18x8.jpg 18w\" sizes=\"auto, (max-width: 1024px) 100vw, 1024px\" \/><\/figure>","protected":false},"excerpt":{"rendered":"<p>Karik\u00f3 Katalin (1955-) Fiziol\u00f3giai \u00e9s orvostudom\u00e1nyi Nobel-d\u00edj a m\u00f3dos\u00edtott nukleozidokkal kapcsolatos felfedez\u00e9seik\u00e9rt, amelyek lehet\u0151v\u00e9 tett\u00e9k a Covid-19 elleni hat\u00e9kony mRNS-vakcin\u00e1k kifejleszt\u00e9s\u00e9t, 2023 Karik\u00f3 Katalin a h\u00edrviv\u0151 RNS (mRNS) alap\u00fa vakcin\u00e1k kifejleszt\u00e9s\u00e9nek \u00fatt\u00f6r\u0151je. Kutat\u00e1sai alapvet\u0151 szerepet j\u00e1tszottak a COVID-19 ellenivakcin\u00e1k gyors \u00e9s hat\u00e9kony kifejleszt\u00e9s\u00e9ben. Felfedez\u00e9sei \u00faj t\u00e1vlatokat nyitottak a g\u00e9nter\u00e1pi\u00e1ban \u00e9s az immunter\u00e1pi\u00e1ban is, jelent\u0151s hat\u00e1ssal [&hellip;]<\/p>\n","protected":false},"author":4,"featured_media":0,"parent":9240,"menu_order":0,"comment_status":"closed","ping_status":"closed","template":"","meta":{"footnotes":""},"class_list":["post-9242","page","type-page","status-publish","hentry"],"yoast_head":"<!-- This site is optimized with the Yoast SEO plugin v27.3 - https:\/\/yoast.com\/product\/yoast-seo-wordpress\/ -->\n<title>Karik\u00f3 Katalin - BUOD<\/title>\n<meta name=\"robots\" content=\"index, follow, max-snippet:-1, max-image-preview:large, max-video-preview:-1\" \/>\n<link rel=\"canonical\" href=\"https:\/\/buod.de\/de\/buod-naptar-2025\/kariko-katalin\/\" \/>\n<meta property=\"og:locale\" content=\"de_DE\" \/>\n<meta property=\"og:type\" content=\"article\" \/>\n<meta property=\"og:title\" content=\"Karik\u00f3 Katalin - BUOD\" \/>\n<meta property=\"og:description\" content=\"Karik\u00f3 Katalin (1955-) Fiziol\u00f3giai \u00e9s orvostudom\u00e1nyi Nobel-d\u00edj a m\u00f3dos\u00edtott nukleozidokkal kapcsolatos felfedez\u00e9seik\u00e9rt, amelyek lehet\u0151v\u00e9 tett\u00e9k a Covid-19 elleni hat\u00e9kony mRNS-vakcin\u00e1k kifejleszt\u00e9s\u00e9t, 2023 Karik\u00f3 Katalin a h\u00edrviv\u0151 RNS (mRNS) alap\u00fa vakcin\u00e1k kifejleszt\u00e9s\u00e9nek \u00fatt\u00f6r\u0151je. Kutat\u00e1sai alapvet\u0151 szerepet j\u00e1tszottak a COVID-19 ellenivakcin\u00e1k gyors \u00e9s hat\u00e9kony kifejleszt\u00e9s\u00e9ben. Felfedez\u00e9sei \u00faj t\u00e1vlatokat nyitottak a g\u00e9nter\u00e1pi\u00e1ban \u00e9s az immunter\u00e1pi\u00e1ban is, jelent\u0151s hat\u00e1ssal [&hellip;]\" \/>\n<meta property=\"og:url\" content=\"https:\/\/buod.de\/de\/buod-naptar-2025\/kariko-katalin\/\" \/>\n<meta property=\"og:site_name\" content=\"BUOD\" \/>\n<meta property=\"article:publisher\" content=\"https:\/\/www.facebook.com\/profile.php?id=100082185652397\" \/>\n<meta property=\"article:modified_time\" content=\"2025-08-28T17:17:32+00:00\" \/>\n<meta property=\"og:image\" content=\"https:\/\/buod.de\/wp-content\/uploads\/2024\/11\/Kariko_katalin_buod_naptar.jpg\" \/>\n\t<meta property=\"og:image:width\" content=\"983\" \/>\n\t<meta property=\"og:image:height\" content=\"1375\" \/>\n\t<meta property=\"og:image:type\" content=\"image\/jpeg\" \/>\n<meta name=\"twitter:card\" content=\"summary_large_image\" \/>\n<meta name=\"twitter:label1\" content=\"Est. reading time\" \/>\n\t<meta name=\"twitter:data1\" content=\"1 minute\" \/>\n<script type=\"application\/ld+json\" class=\"yoast-schema-graph\">{\"@context\":\"https:\\\/\\\/schema.org\",\"@graph\":[{\"@type\":\"WebPage\",\"@id\":\"https:\\\/\\\/buod.de\\\/buod-naptar-2025\\\/kariko-katalin\\\/\",\"url\":\"https:\\\/\\\/buod.de\\\/buod-naptar-2025\\\/kariko-katalin\\\/\",\"name\":\"Karik\u00f3 Katalin - BUOD\",\"isPartOf\":{\"@id\":\"https:\\\/\\\/buod.de\\\/#website\"},\"primaryImageOfPage\":{\"@id\":\"https:\\\/\\\/buod.de\\\/buod-naptar-2025\\\/kariko-katalin\\\/#primaryimage\"},\"image\":{\"@id\":\"https:\\\/\\\/buod.de\\\/buod-naptar-2025\\\/kariko-katalin\\\/#primaryimage\"},\"thumbnailUrl\":\"https:\\\/\\\/buod.de\\\/wp-content\\\/uploads\\\/2024\\\/11\\\/Kariko_katalin_buod_naptar-732x1024.jpg\",\"datePublished\":\"2024-10-20T11:58:30+00:00\",\"dateModified\":\"2025-08-28T17:17:32+00:00\",\"breadcrumb\":{\"@id\":\"https:\\\/\\\/buod.de\\\/buod-naptar-2025\\\/kariko-katalin\\\/#breadcrumb\"},\"inLanguage\":\"de-DE\",\"potentialAction\":[{\"@type\":\"ReadAction\",\"target\":[\"https:\\\/\\\/buod.de\\\/buod-naptar-2025\\\/kariko-katalin\\\/\"]}]},{\"@type\":\"ImageObject\",\"inLanguage\":\"de-DE\",\"@id\":\"https:\\\/\\\/buod.de\\\/buod-naptar-2025\\\/kariko-katalin\\\/#primaryimage\",\"url\":\"https:\\\/\\\/buod.de\\\/wp-content\\\/uploads\\\/2024\\\/11\\\/Kariko_katalin_buod_naptar-732x1024.jpg\",\"contentUrl\":\"https:\\\/\\\/buod.de\\\/wp-content\\\/uploads\\\/2024\\\/11\\\/Kariko_katalin_buod_naptar-732x1024.jpg\"},{\"@type\":\"BreadcrumbList\",\"@id\":\"https:\\\/\\\/buod.de\\\/buod-naptar-2025\\\/kariko-katalin\\\/#breadcrumb\",\"itemListElement\":[{\"@type\":\"ListItem\",\"position\":1,\"name\":\"Kezd\u0151lap\",\"item\":\"https:\\\/\\\/buod.de\\\/\"},{\"@type\":\"ListItem\",\"position\":2,\"name\":\"BUOD napt\u00e1r 2025\",\"item\":\"https:\\\/\\\/buod.de\\\/buod-naptar-2025\\\/\"},{\"@type\":\"ListItem\",\"position\":3,\"name\":\"Karik\u00f3 Katalin\"}]},{\"@type\":\"WebSite\",\"@id\":\"https:\\\/\\\/buod.de\\\/#website\",\"url\":\"https:\\\/\\\/buod.de\\\/\",\"name\":\"BUOD\",\"description\":\"Bund Ungarischer Organisationen in Deutschland\",\"publisher\":{\"@id\":\"https:\\\/\\\/buod.de\\\/#organization\"},\"potentialAction\":[{\"@type\":\"SearchAction\",\"target\":{\"@type\":\"EntryPoint\",\"urlTemplate\":\"https:\\\/\\\/buod.de\\\/?s={search_term_string}\"},\"query-input\":{\"@type\":\"PropertyValueSpecification\",\"valueRequired\":true,\"valueName\":\"search_term_string\"}}],\"inLanguage\":\"de-DE\"},{\"@type\":\"Organization\",\"@id\":\"https:\\\/\\\/buod.de\\\/#organization\",\"name\":\"BUOD\",\"url\":\"https:\\\/\\\/buod.de\\\/\",\"logo\":{\"@type\":\"ImageObject\",\"inLanguage\":\"de-DE\",\"@id\":\"https:\\\/\\\/buod.de\\\/#\\\/schema\\\/logo\\\/image\\\/\",\"url\":\"https:\\\/\\\/buod.de\\\/wp-content\\\/uploads\\\/2024\\\/03\\\/BUOD-logo.png\",\"contentUrl\":\"https:\\\/\\\/buod.de\\\/wp-content\\\/uploads\\\/2024\\\/03\\\/BUOD-logo.png\",\"width\":586,\"height\":490,\"caption\":\"BUOD\"},\"image\":{\"@id\":\"https:\\\/\\\/buod.de\\\/#\\\/schema\\\/logo\\\/image\\\/\"},\"sameAs\":[\"https:\\\/\\\/www.facebook.com\\\/profile.php?id=100082185652397\"]}]}<\/script>\n<!-- \/ Yoast SEO plugin. -->","yoast_head_json":{"title":"Karik\u00f3 Katalin - BUOD","robots":{"index":"index","follow":"follow","max-snippet":"max-snippet:-1","max-image-preview":"max-image-preview:large","max-video-preview":"max-video-preview:-1"},"canonical":"https:\/\/buod.de\/de\/buod-naptar-2025\/kariko-katalin\/","og_locale":"de_DE","og_type":"article","og_title":"Karik\u00f3 Katalin - BUOD","og_description":"Karik\u00f3 Katalin (1955-) Fiziol\u00f3giai \u00e9s orvostudom\u00e1nyi Nobel-d\u00edj a m\u00f3dos\u00edtott nukleozidokkal kapcsolatos felfedez\u00e9seik\u00e9rt, amelyek lehet\u0151v\u00e9 tett\u00e9k a Covid-19 elleni hat\u00e9kony mRNS-vakcin\u00e1k kifejleszt\u00e9s\u00e9t, 2023 Karik\u00f3 Katalin a h\u00edrviv\u0151 RNS (mRNS) alap\u00fa vakcin\u00e1k kifejleszt\u00e9s\u00e9nek \u00fatt\u00f6r\u0151je. Kutat\u00e1sai alapvet\u0151 szerepet j\u00e1tszottak a COVID-19 ellenivakcin\u00e1k gyors \u00e9s hat\u00e9kony kifejleszt\u00e9s\u00e9ben. Felfedez\u00e9sei \u00faj t\u00e1vlatokat nyitottak a g\u00e9nter\u00e1pi\u00e1ban \u00e9s az immunter\u00e1pi\u00e1ban is, jelent\u0151s hat\u00e1ssal [&hellip;]","og_url":"https:\/\/buod.de\/de\/buod-naptar-2025\/kariko-katalin\/","og_site_name":"BUOD","article_publisher":"https:\/\/www.facebook.com\/profile.php?id=100082185652397","article_modified_time":"2025-08-28T17:17:32+00:00","og_image":[{"width":983,"height":1375,"url":"https:\/\/buod.de\/wp-content\/uploads\/2024\/11\/Kariko_katalin_buod_naptar.jpg","type":"image\/jpeg"}],"twitter_card":"summary_large_image","twitter_misc":{"Est. reading time":"1 minute"},"schema":{"@context":"https:\/\/schema.org","@graph":[{"@type":"WebPage","@id":"https:\/\/buod.de\/buod-naptar-2025\/kariko-katalin\/","url":"https:\/\/buod.de\/buod-naptar-2025\/kariko-katalin\/","name":"Karik\u00f3 Katalin - BUOD","isPartOf":{"@id":"https:\/\/buod.de\/#website"},"primaryImageOfPage":{"@id":"https:\/\/buod.de\/buod-naptar-2025\/kariko-katalin\/#primaryimage"},"image":{"@id":"https:\/\/buod.de\/buod-naptar-2025\/kariko-katalin\/#primaryimage"},"thumbnailUrl":"https:\/\/buod.de\/wp-content\/uploads\/2024\/11\/Kariko_katalin_buod_naptar-732x1024.jpg","datePublished":"2024-10-20T11:58:30+00:00","dateModified":"2025-08-28T17:17:32+00:00","breadcrumb":{"@id":"https:\/\/buod.de\/buod-naptar-2025\/kariko-katalin\/#breadcrumb"},"inLanguage":"de-DE","potentialAction":[{"@type":"ReadAction","target":["https:\/\/buod.de\/buod-naptar-2025\/kariko-katalin\/"]}]},{"@type":"ImageObject","inLanguage":"de-DE","@id":"https:\/\/buod.de\/buod-naptar-2025\/kariko-katalin\/#primaryimage","url":"https:\/\/buod.de\/wp-content\/uploads\/2024\/11\/Kariko_katalin_buod_naptar-732x1024.jpg","contentUrl":"https:\/\/buod.de\/wp-content\/uploads\/2024\/11\/Kariko_katalin_buod_naptar-732x1024.jpg"},{"@type":"BreadcrumbList","@id":"https:\/\/buod.de\/buod-naptar-2025\/kariko-katalin\/#breadcrumb","itemListElement":[{"@type":"ListItem","position":1,"name":"Kezd\u0151lap","item":"https:\/\/buod.de\/"},{"@type":"ListItem","position":2,"name":"BUOD napt\u00e1r 2025","item":"https:\/\/buod.de\/buod-naptar-2025\/"},{"@type":"ListItem","position":3,"name":"Karik\u00f3 Katalin"}]},{"@type":"WebSite","@id":"https:\/\/buod.de\/#website","url":"https:\/\/buod.de\/","name":"BUOD","description":"Bund Ungarischer Organisationen in Deutschland","publisher":{"@id":"https:\/\/buod.de\/#organization"},"potentialAction":[{"@type":"SearchAction","target":{"@type":"EntryPoint","urlTemplate":"https:\/\/buod.de\/?s={search_term_string}"},"query-input":{"@type":"PropertyValueSpecification","valueRequired":true,"valueName":"search_term_string"}}],"inLanguage":"de-DE"},{"@type":"Organization","@id":"https:\/\/buod.de\/#organization","name":"BUOD","url":"https:\/\/buod.de\/","logo":{"@type":"ImageObject","inLanguage":"de-DE","@id":"https:\/\/buod.de\/#\/schema\/logo\/image\/","url":"https:\/\/buod.de\/wp-content\/uploads\/2024\/03\/BUOD-logo.png","contentUrl":"https:\/\/buod.de\/wp-content\/uploads\/2024\/03\/BUOD-logo.png","width":586,"height":490,"caption":"BUOD"},"image":{"@id":"https:\/\/buod.de\/#\/schema\/logo\/image\/"},"sameAs":["https:\/\/www.facebook.com\/profile.php?id=100082185652397"]}]}},"_links":{"self":[{"href":"https:\/\/buod.de\/de\/wp-json\/wp\/v2\/pages\/9242","targetHints":{"allow":["GET"]}}],"collection":[{"href":"https:\/\/buod.de\/de\/wp-json\/wp\/v2\/pages"}],"about":[{"href":"https:\/\/buod.de\/de\/wp-json\/wp\/v2\/types\/page"}],"author":[{"embeddable":true,"href":"https:\/\/buod.de\/de\/wp-json\/wp\/v2\/users\/4"}],"replies":[{"embeddable":true,"href":"https:\/\/buod.de\/de\/wp-json\/wp\/v2\/comments?post=9242"}],"version-history":[{"count":4,"href":"https:\/\/buod.de\/de\/wp-json\/wp\/v2\/pages\/9242\/revisions"}],"predecessor-version":[{"id":10646,"href":"https:\/\/buod.de\/de\/wp-json\/wp\/v2\/pages\/9242\/revisions\/10646"}],"up":[{"embeddable":true,"href":"https:\/\/buod.de\/de\/wp-json\/wp\/v2\/pages\/9240"}],"wp:attachment":[{"href":"https:\/\/buod.de\/de\/wp-json\/wp\/v2\/media?parent=9242"}],"curies":[{"name":"wp","href":"https:\/\/api.w.org\/{rel}","templated":true}]}}