{"id":9244,"date":"2024-10-20T13:59:22","date_gmt":"2024-10-20T11:59:22","guid":{"rendered":"https:\/\/buod.de\/?page_id=9244"},"modified":"2025-08-28T19:18:45","modified_gmt":"2025-08-28T17:18:45","slug":"krausz-ferenc","status":"publish","type":"page","link":"https:\/\/buod.de\/de\/buod-naptar-2025\/krausz-ferenc\/","title":{"rendered":"Krausz Ferenc"},"content":{"rendered":"<h2 class=\"wp-block-heading\"><strong>Krausz Ferenc<\/strong> (1962-)<\/h2>\n\n\n\n<figure class=\"wp-block-image size-large is-resized\"><img loading=\"lazy\" decoding=\"async\" width=\"739\" height=\"1024\" src=\"https:\/\/buod.de\/wp-content\/uploads\/2024\/11\/Screenshot_20241115_131150_Drive-739x1024.jpg\" alt=\"\" class=\"wp-image-9574\" style=\"width:auto;height:400px\" srcset=\"https:\/\/buod.de\/wp-content\/uploads\/2024\/11\/Screenshot_20241115_131150_Drive-739x1024.jpg 739w, https:\/\/buod.de\/wp-content\/uploads\/2024\/11\/Screenshot_20241115_131150_Drive-216x300.jpg 216w, https:\/\/buod.de\/wp-content\/uploads\/2024\/11\/Screenshot_20241115_131150_Drive-768x1065.jpg 768w, https:\/\/buod.de\/wp-content\/uploads\/2024\/11\/Screenshot_20241115_131150_Drive-9x12.jpg 9w, https:\/\/buod.de\/wp-content\/uploads\/2024\/11\/Screenshot_20241115_131150_Drive.jpg 878w\" sizes=\"auto, (max-width: 739px) 100vw, 739px\" \/><\/figure>\n\n\n\n<p>Fizikai Nobel-d\u00edj az elektronok atomon bel\u00fcli mozg\u00e1s\u00e1nak vizsg\u00e1lat\u00e1t szolg\u00e1l\u00f3 attoszekundumos f\u00e9nyimpulzusokat el\u0151\u00e1ll\u00edt\u00f3 k\u00eds\u00e9rleti m\u00f3dszereik\u00e9rt, 2023<\/p>\n\n\n\n<p>(megosztva Pierre Agostini \u00e9s Anne L\u2019Huillier fizikusokkal)<\/p>\n\n\n\n<p>Krausz Ferenc a vil\u00e1g leggyorsabb f\u00e9nyimpulzusainak, az attoszekundumos l\u00e9zerimpulzusoknak a kifejleszt\u00e9s\u00e9\u00e9rt kapta a<br>Nobel-d\u00edjat. Ezen ultrar\u00f6vid f\u00e9nyvillan\u00e1sok lehet\u0151v\u00e9 tett\u00e9k az elektronok mozg\u00e1s\u00e1nak vizsg\u00e1lat\u00e1t, ami \u00faj t\u00e1vlatokat nyitott a kvantumfizik\u00e1ban. Munk\u00e1ss\u00e1ga nagy hat\u00e1ssal van a tudom\u00e1nyos vil\u00e1gra, k\u00fcl\u00f6n\u00f6sen a fizika \u00e9s a k\u00e9mia ter\u00fclet\u00e9n.<\/p>\n\n\n\n<figure class=\"wp-block-image size-full is-resized\"><img loading=\"lazy\" decoding=\"async\" width=\"501\" height=\"498\" src=\"https:\/\/buod.de\/wp-content\/uploads\/2024\/11\/Kemiai-removebg-preview.png\" alt=\"\" class=\"wp-image-9571\" style=\"width:auto;height:200px\" srcset=\"https:\/\/buod.de\/wp-content\/uploads\/2024\/11\/Kemiai-removebg-preview.png 501w, https:\/\/buod.de\/wp-content\/uploads\/2024\/11\/Kemiai-removebg-preview-300x298.png 300w, https:\/\/buod.de\/wp-content\/uploads\/2024\/11\/Kemiai-removebg-preview-150x150.png 150w, https:\/\/buod.de\/wp-content\/uploads\/2024\/11\/Kemiai-removebg-preview-12x12.png 12w\" sizes=\"auto, (max-width: 501px) 100vw, 501px\" \/><\/figure>\n\n\n\n<h2 class=\"wp-block-heading\"><strong>Deutsch:<\/strong><\/h2>\n\n\n\n<p>Nobelpreis f\u00fcr Physik, 2023<\/p>\n\n\n\n<p>(gemeinsam mit Pierre Agostini Physiker und Anne L\u2019Huillier Physikerin)<\/p>\n\n\n\n<p>Ferenc Krausz wurde f\u00fcr die Entwicklung der schnellsten Lichtimpulse der Welt, der Attosekunden-Laserimpulse, mit dem Nobelpreis ausgezeichnet. Diese ultrakurzen Lichtblitze erm\u00f6glichten die Untersuchung der Elektronenbewegung und er\u00f6ffneten neue Horizonte in der Quantenphysik. Seine Arbeit hat gro\u00dfen Einfluss auf die Wissenschaft, insbesondere auf Physik und Chemie.<\/p>\n\n\n\n<figure class=\"wp-block-image size-full is-resized\"><img loading=\"lazy\" decoding=\"async\" width=\"564\" height=\"442\" src=\"https:\/\/buod.de\/wp-content\/uploads\/2024\/11\/Lechner_odon_minta.png\" alt=\"\" class=\"wp-image-9502\" style=\"width:auto;height:200px\" srcset=\"https:\/\/buod.de\/wp-content\/uploads\/2024\/11\/Lechner_odon_minta.png 564w, https:\/\/buod.de\/wp-content\/uploads\/2024\/11\/Lechner_odon_minta-300x235.png 300w, https:\/\/buod.de\/wp-content\/uploads\/2024\/11\/Lechner_odon_minta-15x12.png 15w\" sizes=\"auto, (max-width: 564px) 100vw, 564px\" \/><\/figure>\n\n\n\n<h2 class=\"wp-block-heading\"><strong>A BUOD 2025-\u00f6s falinapt\u00e1rj\u00e1ban szerepl\u0151 tov\u00e1bbi Nobel-d\u00edjasok:<\/strong><\/h2>\n\n\n\n<figure class=\"wp-block-embed is-type-wp-embed is-provider-buod wp-block-embed-buod\"><div class=\"wp-block-embed__wrapper\">\n<blockquote class=\"wp-embedded-content\" data-secret=\"fkUr5tD9Ov\"><a href=\"https:\/\/buod.de\/de\/buod-naptar-2025\/\">BUOD napt\u00e1r 2025<\/a><\/blockquote><iframe loading=\"lazy\" class=\"wp-embedded-content\" sandbox=\"allow-scripts\" security=\"restricted\" style=\"position: absolute; visibility: hidden;\" title=\"&#8220;BUOD napt\u00e1r 2025&#8221; &#8212; BUOD\" src=\"https:\/\/buod.de\/buod-naptar-2025\/embed\/#?secret=arA5A39wrd#?secret=fkUr5tD9Ov\" data-secret=\"fkUr5tD9Ov\" width=\"500\" height=\"282\" frameborder=\"0\" marginwidth=\"0\" marginheight=\"0\" scrolling=\"no\"><\/iframe>\n<\/div><\/figure>\n\n\n\n<h2 class=\"wp-block-heading\"><strong>T\u00e1mogat\u00f3<\/strong>:<\/h2>\n\n\n\n<figure class=\"wp-block-image size-large is-resized\"><img loading=\"lazy\" decoding=\"async\" width=\"1024\" height=\"461\" src=\"https:\/\/buod.de\/wp-content\/uploads\/2024\/11\/Screenshot_20241115_131835_Drive-1024x461.jpg\" alt=\"\" class=\"wp-image-9575\" style=\"width:auto;height:200px\" srcset=\"https:\/\/buod.de\/wp-content\/uploads\/2024\/11\/Screenshot_20241115_131835_Drive-1024x461.jpg 1024w, https:\/\/buod.de\/wp-content\/uploads\/2024\/11\/Screenshot_20241115_131835_Drive-300x135.jpg 300w, https:\/\/buod.de\/wp-content\/uploads\/2024\/11\/Screenshot_20241115_131835_Drive-768x346.jpg 768w, https:\/\/buod.de\/wp-content\/uploads\/2024\/11\/Screenshot_20241115_131835_Drive-1536x691.jpg 1536w, https:\/\/buod.de\/wp-content\/uploads\/2024\/11\/Screenshot_20241115_131835_Drive-2048x922.jpg 2048w, https:\/\/buod.de\/wp-content\/uploads\/2024\/11\/Screenshot_20241115_131835_Drive-18x8.jpg 18w\" sizes=\"auto, (max-width: 1024px) 100vw, 1024px\" \/><\/figure>","protected":false},"excerpt":{"rendered":"<p>Krausz Ferenc (1962-) Fizikai Nobel-d\u00edj az elektronok atomon bel\u00fcli mozg\u00e1s\u00e1nak vizsg\u00e1lat\u00e1t szolg\u00e1l\u00f3 attoszekundumos f\u00e9nyimpulzusokat el\u0151\u00e1ll\u00edt\u00f3 k\u00eds\u00e9rleti m\u00f3dszereik\u00e9rt, 2023 (megosztva Pierre Agostini \u00e9s Anne L\u2019Huillier fizikusokkal) Krausz Ferenc a vil\u00e1g leggyorsabb f\u00e9nyimpulzusainak, az attoszekundumos l\u00e9zerimpulzusoknak a kifejleszt\u00e9s\u00e9\u00e9rt kapta aNobel-d\u00edjat. Ezen ultrar\u00f6vid f\u00e9nyvillan\u00e1sok lehet\u0151v\u00e9 tett\u00e9k az elektronok mozg\u00e1s\u00e1nak vizsg\u00e1lat\u00e1t, ami \u00faj t\u00e1vlatokat nyitott a kvantumfizik\u00e1ban. Munk\u00e1ss\u00e1ga nagy [&hellip;]<\/p>\n","protected":false},"author":4,"featured_media":0,"parent":9240,"menu_order":0,"comment_status":"closed","ping_status":"closed","template":"","meta":{"footnotes":""},"class_list":["post-9244","page","type-page","status-publish","hentry"],"yoast_head":"<!-- This site is optimized with the Yoast SEO plugin v27.4 - https:\/\/yoast.com\/product\/yoast-seo-wordpress\/ -->\n<title>Krausz Ferenc - BUOD<\/title>\n<meta name=\"robots\" content=\"index, follow, max-snippet:-1, max-image-preview:large, max-video-preview:-1\" \/>\n<link rel=\"canonical\" href=\"https:\/\/buod.de\/de\/buod-naptar-2025\/krausz-ferenc\/\" \/>\n<meta property=\"og:locale\" content=\"de_DE\" \/>\n<meta property=\"og:type\" content=\"article\" \/>\n<meta property=\"og:title\" content=\"Krausz Ferenc - BUOD\" \/>\n<meta property=\"og:description\" content=\"Krausz Ferenc (1962-) Fizikai Nobel-d\u00edj az elektronok atomon bel\u00fcli mozg\u00e1s\u00e1nak vizsg\u00e1lat\u00e1t szolg\u00e1l\u00f3 attoszekundumos f\u00e9nyimpulzusokat el\u0151\u00e1ll\u00edt\u00f3 k\u00eds\u00e9rleti m\u00f3dszereik\u00e9rt, 2023 (megosztva Pierre Agostini \u00e9s Anne L\u2019Huillier fizikusokkal) Krausz Ferenc a vil\u00e1g leggyorsabb f\u00e9nyimpulzusainak, az attoszekundumos l\u00e9zerimpulzusoknak a kifejleszt\u00e9s\u00e9\u00e9rt kapta aNobel-d\u00edjat. Ezen ultrar\u00f6vid f\u00e9nyvillan\u00e1sok lehet\u0151v\u00e9 tett\u00e9k az elektronok mozg\u00e1s\u00e1nak vizsg\u00e1lat\u00e1t, ami \u00faj t\u00e1vlatokat nyitott a kvantumfizik\u00e1ban. Munk\u00e1ss\u00e1ga nagy [&hellip;]\" \/>\n<meta property=\"og:url\" content=\"https:\/\/buod.de\/de\/buod-naptar-2025\/krausz-ferenc\/\" \/>\n<meta property=\"og:site_name\" content=\"BUOD\" \/>\n<meta property=\"article:publisher\" content=\"https:\/\/www.facebook.com\/profile.php?id=100082185652397\" \/>\n<meta property=\"article:modified_time\" content=\"2025-08-28T17:18:45+00:00\" \/>\n<meta property=\"og:image\" content=\"https:\/\/buod.de\/wp-content\/uploads\/2024\/11\/Screenshot_20241115_131150_Drive.jpg\" \/>\n\t<meta property=\"og:image:width\" content=\"878\" \/>\n\t<meta property=\"og:image:height\" content=\"1217\" \/>\n\t<meta property=\"og:image:type\" content=\"image\/jpeg\" \/>\n<meta name=\"twitter:card\" content=\"summary_large_image\" \/>\n<meta name=\"twitter:label1\" content=\"Est. reading time\" \/>\n\t<meta name=\"twitter:data1\" content=\"1 minute\" \/>\n<script type=\"application\/ld+json\" class=\"yoast-schema-graph\">{\"@context\":\"https:\\\/\\\/schema.org\",\"@graph\":[{\"@type\":\"WebPage\",\"@id\":\"https:\\\/\\\/buod.de\\\/buod-naptar-2025\\\/krausz-ferenc\\\/\",\"url\":\"https:\\\/\\\/buod.de\\\/buod-naptar-2025\\\/krausz-ferenc\\\/\",\"name\":\"Krausz Ferenc - BUOD\",\"isPartOf\":{\"@id\":\"https:\\\/\\\/buod.de\\\/#website\"},\"primaryImageOfPage\":{\"@id\":\"https:\\\/\\\/buod.de\\\/buod-naptar-2025\\\/krausz-ferenc\\\/#primaryimage\"},\"image\":{\"@id\":\"https:\\\/\\\/buod.de\\\/buod-naptar-2025\\\/krausz-ferenc\\\/#primaryimage\"},\"thumbnailUrl\":\"https:\\\/\\\/buod.de\\\/wp-content\\\/uploads\\\/2024\\\/11\\\/Screenshot_20241115_131150_Drive-739x1024.jpg\",\"datePublished\":\"2024-10-20T11:59:22+00:00\",\"dateModified\":\"2025-08-28T17:18:45+00:00\",\"breadcrumb\":{\"@id\":\"https:\\\/\\\/buod.de\\\/buod-naptar-2025\\\/krausz-ferenc\\\/#breadcrumb\"},\"inLanguage\":\"de-DE\",\"potentialAction\":[{\"@type\":\"ReadAction\",\"target\":[\"https:\\\/\\\/buod.de\\\/buod-naptar-2025\\\/krausz-ferenc\\\/\"]}]},{\"@type\":\"ImageObject\",\"inLanguage\":\"de-DE\",\"@id\":\"https:\\\/\\\/buod.de\\\/buod-naptar-2025\\\/krausz-ferenc\\\/#primaryimage\",\"url\":\"https:\\\/\\\/buod.de\\\/wp-content\\\/uploads\\\/2024\\\/11\\\/Screenshot_20241115_131150_Drive-739x1024.jpg\",\"contentUrl\":\"https:\\\/\\\/buod.de\\\/wp-content\\\/uploads\\\/2024\\\/11\\\/Screenshot_20241115_131150_Drive-739x1024.jpg\"},{\"@type\":\"BreadcrumbList\",\"@id\":\"https:\\\/\\\/buod.de\\\/buod-naptar-2025\\\/krausz-ferenc\\\/#breadcrumb\",\"itemListElement\":[{\"@type\":\"ListItem\",\"position\":1,\"name\":\"Kezd\u0151lap\",\"item\":\"https:\\\/\\\/buod.de\\\/\"},{\"@type\":\"ListItem\",\"position\":2,\"name\":\"BUOD napt\u00e1r 2025\",\"item\":\"https:\\\/\\\/buod.de\\\/buod-naptar-2025\\\/\"},{\"@type\":\"ListItem\",\"position\":3,\"name\":\"Krausz Ferenc\"}]},{\"@type\":\"WebSite\",\"@id\":\"https:\\\/\\\/buod.de\\\/#website\",\"url\":\"https:\\\/\\\/buod.de\\\/\",\"name\":\"BUOD\",\"description\":\"Bund Ungarischer Organisationen in Deutschland\",\"publisher\":{\"@id\":\"https:\\\/\\\/buod.de\\\/#organization\"},\"potentialAction\":[{\"@type\":\"SearchAction\",\"target\":{\"@type\":\"EntryPoint\",\"urlTemplate\":\"https:\\\/\\\/buod.de\\\/?s={search_term_string}\"},\"query-input\":{\"@type\":\"PropertyValueSpecification\",\"valueRequired\":true,\"valueName\":\"search_term_string\"}}],\"inLanguage\":\"de-DE\"},{\"@type\":\"Organization\",\"@id\":\"https:\\\/\\\/buod.de\\\/#organization\",\"name\":\"BUOD\",\"url\":\"https:\\\/\\\/buod.de\\\/\",\"logo\":{\"@type\":\"ImageObject\",\"inLanguage\":\"de-DE\",\"@id\":\"https:\\\/\\\/buod.de\\\/#\\\/schema\\\/logo\\\/image\\\/\",\"url\":\"https:\\\/\\\/buod.de\\\/wp-content\\\/uploads\\\/2024\\\/03\\\/BUOD-logo.png\",\"contentUrl\":\"https:\\\/\\\/buod.de\\\/wp-content\\\/uploads\\\/2024\\\/03\\\/BUOD-logo.png\",\"width\":586,\"height\":490,\"caption\":\"BUOD\"},\"image\":{\"@id\":\"https:\\\/\\\/buod.de\\\/#\\\/schema\\\/logo\\\/image\\\/\"},\"sameAs\":[\"https:\\\/\\\/www.facebook.com\\\/profile.php?id=100082185652397\"]}]}<\/script>\n<!-- \/ Yoast SEO plugin. -->","yoast_head_json":{"title":"Krausz Ferenc - BUOD","robots":{"index":"index","follow":"follow","max-snippet":"max-snippet:-1","max-image-preview":"max-image-preview:large","max-video-preview":"max-video-preview:-1"},"canonical":"https:\/\/buod.de\/de\/buod-naptar-2025\/krausz-ferenc\/","og_locale":"de_DE","og_type":"article","og_title":"Krausz Ferenc - BUOD","og_description":"Krausz Ferenc (1962-) Fizikai Nobel-d\u00edj az elektronok atomon bel\u00fcli mozg\u00e1s\u00e1nak vizsg\u00e1lat\u00e1t szolg\u00e1l\u00f3 attoszekundumos f\u00e9nyimpulzusokat el\u0151\u00e1ll\u00edt\u00f3 k\u00eds\u00e9rleti m\u00f3dszereik\u00e9rt, 2023 (megosztva Pierre Agostini \u00e9s Anne L\u2019Huillier fizikusokkal) Krausz Ferenc a vil\u00e1g leggyorsabb f\u00e9nyimpulzusainak, az attoszekundumos l\u00e9zerimpulzusoknak a kifejleszt\u00e9s\u00e9\u00e9rt kapta aNobel-d\u00edjat. Ezen ultrar\u00f6vid f\u00e9nyvillan\u00e1sok lehet\u0151v\u00e9 tett\u00e9k az elektronok mozg\u00e1s\u00e1nak vizsg\u00e1lat\u00e1t, ami \u00faj t\u00e1vlatokat nyitott a kvantumfizik\u00e1ban. Munk\u00e1ss\u00e1ga nagy [&hellip;]","og_url":"https:\/\/buod.de\/de\/buod-naptar-2025\/krausz-ferenc\/","og_site_name":"BUOD","article_publisher":"https:\/\/www.facebook.com\/profile.php?id=100082185652397","article_modified_time":"2025-08-28T17:18:45+00:00","og_image":[{"width":878,"height":1217,"url":"https:\/\/buod.de\/wp-content\/uploads\/2024\/11\/Screenshot_20241115_131150_Drive.jpg","type":"image\/jpeg"}],"twitter_card":"summary_large_image","twitter_misc":{"Est. reading time":"1 minute"},"schema":{"@context":"https:\/\/schema.org","@graph":[{"@type":"WebPage","@id":"https:\/\/buod.de\/buod-naptar-2025\/krausz-ferenc\/","url":"https:\/\/buod.de\/buod-naptar-2025\/krausz-ferenc\/","name":"Krausz Ferenc - BUOD","isPartOf":{"@id":"https:\/\/buod.de\/#website"},"primaryImageOfPage":{"@id":"https:\/\/buod.de\/buod-naptar-2025\/krausz-ferenc\/#primaryimage"},"image":{"@id":"https:\/\/buod.de\/buod-naptar-2025\/krausz-ferenc\/#primaryimage"},"thumbnailUrl":"https:\/\/buod.de\/wp-content\/uploads\/2024\/11\/Screenshot_20241115_131150_Drive-739x1024.jpg","datePublished":"2024-10-20T11:59:22+00:00","dateModified":"2025-08-28T17:18:45+00:00","breadcrumb":{"@id":"https:\/\/buod.de\/buod-naptar-2025\/krausz-ferenc\/#breadcrumb"},"inLanguage":"de-DE","potentialAction":[{"@type":"ReadAction","target":["https:\/\/buod.de\/buod-naptar-2025\/krausz-ferenc\/"]}]},{"@type":"ImageObject","inLanguage":"de-DE","@id":"https:\/\/buod.de\/buod-naptar-2025\/krausz-ferenc\/#primaryimage","url":"https:\/\/buod.de\/wp-content\/uploads\/2024\/11\/Screenshot_20241115_131150_Drive-739x1024.jpg","contentUrl":"https:\/\/buod.de\/wp-content\/uploads\/2024\/11\/Screenshot_20241115_131150_Drive-739x1024.jpg"},{"@type":"BreadcrumbList","@id":"https:\/\/buod.de\/buod-naptar-2025\/krausz-ferenc\/#breadcrumb","itemListElement":[{"@type":"ListItem","position":1,"name":"Kezd\u0151lap","item":"https:\/\/buod.de\/"},{"@type":"ListItem","position":2,"name":"BUOD napt\u00e1r 2025","item":"https:\/\/buod.de\/buod-naptar-2025\/"},{"@type":"ListItem","position":3,"name":"Krausz Ferenc"}]},{"@type":"WebSite","@id":"https:\/\/buod.de\/#website","url":"https:\/\/buod.de\/","name":"BUOD","description":"Bund Ungarischer Organisationen in Deutschland","publisher":{"@id":"https:\/\/buod.de\/#organization"},"potentialAction":[{"@type":"SearchAction","target":{"@type":"EntryPoint","urlTemplate":"https:\/\/buod.de\/?s={search_term_string}"},"query-input":{"@type":"PropertyValueSpecification","valueRequired":true,"valueName":"search_term_string"}}],"inLanguage":"de-DE"},{"@type":"Organization","@id":"https:\/\/buod.de\/#organization","name":"BUOD","url":"https:\/\/buod.de\/","logo":{"@type":"ImageObject","inLanguage":"de-DE","@id":"https:\/\/buod.de\/#\/schema\/logo\/image\/","url":"https:\/\/buod.de\/wp-content\/uploads\/2024\/03\/BUOD-logo.png","contentUrl":"https:\/\/buod.de\/wp-content\/uploads\/2024\/03\/BUOD-logo.png","width":586,"height":490,"caption":"BUOD"},"image":{"@id":"https:\/\/buod.de\/#\/schema\/logo\/image\/"},"sameAs":["https:\/\/www.facebook.com\/profile.php?id=100082185652397"]}]}},"_links":{"self":[{"href":"https:\/\/buod.de\/de\/wp-json\/wp\/v2\/pages\/9244","targetHints":{"allow":["GET"]}}],"collection":[{"href":"https:\/\/buod.de\/de\/wp-json\/wp\/v2\/pages"}],"about":[{"href":"https:\/\/buod.de\/de\/wp-json\/wp\/v2\/types\/page"}],"author":[{"embeddable":true,"href":"https:\/\/buod.de\/de\/wp-json\/wp\/v2\/users\/4"}],"replies":[{"embeddable":true,"href":"https:\/\/buod.de\/de\/wp-json\/wp\/v2\/comments?post=9244"}],"version-history":[{"count":5,"href":"https:\/\/buod.de\/de\/wp-json\/wp\/v2\/pages\/9244\/revisions"}],"predecessor-version":[{"id":10648,"href":"https:\/\/buod.de\/de\/wp-json\/wp\/v2\/pages\/9244\/revisions\/10648"}],"up":[{"embeddable":true,"href":"https:\/\/buod.de\/de\/wp-json\/wp\/v2\/pages\/9240"}],"wp:attachment":[{"href":"https:\/\/buod.de\/de\/wp-json\/wp\/v2\/media?parent=9244"}],"curies":[{"name":"wp","href":"https:\/\/api.w.org\/{rel}","templated":true}]}}