{"id":9246,"date":"2024-10-20T14:00:15","date_gmt":"2024-10-20T12:00:15","guid":{"rendered":"https:\/\/buod.de\/?page_id=9246"},"modified":"2025-08-28T19:18:05","modified_gmt":"2025-08-28T17:18:05","slug":"kertesz-imre","status":"publish","type":"page","link":"https:\/\/buod.de\/de\/buod-naptar-2025\/kertesz-imre\/","title":{"rendered":"Kert\u00e9sz Imre"},"content":{"rendered":"<h2 class=\"wp-block-heading\"><strong>Kert\u00e9sz Imre<\/strong> (1929-2016)<\/h2>\n\n\n\n<figure class=\"wp-block-image size-large is-resized\"><img loading=\"lazy\" decoding=\"async\" width=\"732\" height=\"1024\" src=\"https:\/\/buod.de\/wp-content\/uploads\/2024\/11\/Screenshot_20241115_131210_Drive-732x1024.jpg\" alt=\"\" class=\"wp-image-9565\" style=\"width:auto;height:400px\" srcset=\"https:\/\/buod.de\/wp-content\/uploads\/2024\/11\/Screenshot_20241115_131210_Drive-732x1024.jpg 732w, https:\/\/buod.de\/wp-content\/uploads\/2024\/11\/Screenshot_20241115_131210_Drive-214x300.jpg 214w, https:\/\/buod.de\/wp-content\/uploads\/2024\/11\/Screenshot_20241115_131210_Drive-768x1075.jpg 768w, https:\/\/buod.de\/wp-content\/uploads\/2024\/11\/Screenshot_20241115_131210_Drive-9x12.jpg 9w, https:\/\/buod.de\/wp-content\/uploads\/2024\/11\/Screenshot_20241115_131210_Drive.jpg 936w\" sizes=\"auto, (max-width: 732px) 100vw, 732px\" \/><\/figure>\n\n\n\n<p>Irodalmi Nobel-d\u00edj \u00edr\u00f3i munk\u00e1ss\u00e1g\u00e1\u00e9rt, amely az egy\u00e9n s\u00e9r\u00fcl\u00e9keny tapasztalat\u00e1nak sz\u00f3sz\u00f3l\u00f3ja a t\u00f6rt\u00e9nelem barb\u00e1r \u00f6nk\u00e9ny\u00e9vel szemben, 2002<\/p>\n\n\n\n<p>Kert\u00e9sz Imre a holokausztr\u00f3l sz\u00f3l\u00f3 m\u0171veivel v\u00e1lt vil\u00e1gszerte ismertt\u00e9, k\u00fcl\u00f6n\u00f6sen a \u201eSorstalans\u00e1g\u201d c\u00edm\u0171 reg\u00e9nye miatt. Munk\u00e1i a totalit\u00e1rius rendszerek \u00e9s az egy\u00e9n identit\u00e1s\u00e1nak k\u00e9rd\u00e9seit boncolgatj\u00e1k. Az irodalmi Nobel-d\u00edjat a XX. sz\u00e1zadi t\u00f6rt\u00e9nelmi traum\u00e1k feldolgoz\u00e1s\u00e1\u00e9rt<br>kapta.<\/p>\n\n\n\n<figure class=\"wp-block-image size-full is-resized\"><img loading=\"lazy\" decoding=\"async\" width=\"509\" height=\"490\" src=\"https:\/\/buod.de\/wp-content\/uploads\/2024\/11\/Screenshot_20241115_132106_Drive-removebg-preview.png\" alt=\"\" class=\"wp-image-9567\" style=\"width:auto;height:200px\" srcset=\"https:\/\/buod.de\/wp-content\/uploads\/2024\/11\/Screenshot_20241115_132106_Drive-removebg-preview.png 509w, https:\/\/buod.de\/wp-content\/uploads\/2024\/11\/Screenshot_20241115_132106_Drive-removebg-preview-300x289.png 300w, https:\/\/buod.de\/wp-content\/uploads\/2024\/11\/Screenshot_20241115_132106_Drive-removebg-preview-12x12.png 12w\" sizes=\"auto, (max-width: 509px) 100vw, 509px\" \/><\/figure>\n\n\n\n<h2 class=\"wp-block-heading\"><strong>Deutsch:<\/strong><\/h2>\n\n\n\n<p>Nobelpreis f\u00fcr Literatur, 2002<\/p>\n\n\n\n<p>Imre Kert\u00e9sz wurde durch seine Werke \u00fcber den Holocaust weltweit bekannt, insbesondere durch seinen Roman \u201eRoman eines Schicksallosen\u201c. Seine Werke untersuchen Fragen der Identit\u00e4t des Individuums in totalit\u00e4ren Regimen. Er erhielt den Literaturnobelpreis f\u00fcr die Aufarbeitung der historischen Traumata des 20. Jahrhunderts.<\/p>\n\n\n\n<figure class=\"wp-block-image size-full is-resized\"><img loading=\"lazy\" decoding=\"async\" width=\"564\" height=\"442\" src=\"https:\/\/buod.de\/wp-content\/uploads\/2024\/11\/Lechner_odon_minta.png\" alt=\"\" class=\"wp-image-9502\" style=\"width:auto;height:200px\" srcset=\"https:\/\/buod.de\/wp-content\/uploads\/2024\/11\/Lechner_odon_minta.png 564w, https:\/\/buod.de\/wp-content\/uploads\/2024\/11\/Lechner_odon_minta-300x235.png 300w, https:\/\/buod.de\/wp-content\/uploads\/2024\/11\/Lechner_odon_minta-15x12.png 15w\" sizes=\"auto, (max-width: 564px) 100vw, 564px\" \/><\/figure>\n\n\n\n<h2 class=\"wp-block-heading\"><strong>A BUOD 2025-\u00f6s falinapt\u00e1rj\u00e1ban szerepl\u0151 tov\u00e1bbi Nobel-d\u00edjasok:<\/strong><\/h2>\n\n\n\n<figure class=\"wp-block-embed is-type-wp-embed is-provider-buod wp-block-embed-buod\"><div class=\"wp-block-embed__wrapper\">\n<blockquote class=\"wp-embedded-content\" data-secret=\"XHqteajUG0\"><a href=\"https:\/\/buod.de\/de\/buod-naptar-2025\/\">BUOD napt\u00e1r 2025<\/a><\/blockquote><iframe loading=\"lazy\" class=\"wp-embedded-content\" sandbox=\"allow-scripts\" security=\"restricted\" style=\"position: absolute; visibility: hidden;\" title=\"&#8220;BUOD napt\u00e1r 2025&#8221; &#8212; BUOD\" src=\"https:\/\/buod.de\/buod-naptar-2025\/embed\/#?secret=kUb0CNzgWy#?secret=XHqteajUG0\" data-secret=\"XHqteajUG0\" width=\"500\" height=\"282\" frameborder=\"0\" marginwidth=\"0\" marginheight=\"0\" scrolling=\"no\"><\/iframe>\n<\/div><\/figure>\n\n\n\n<h2 class=\"wp-block-heading\"><strong>T\u00e1mogat\u00f3:<\/strong><\/h2>\n\n\n\n<figure class=\"wp-block-image size-large is-resized\"><img loading=\"lazy\" decoding=\"async\" width=\"1024\" height=\"461\" src=\"https:\/\/buod.de\/wp-content\/uploads\/2024\/11\/Screenshot_20241115_131835_Drive-1024x461.jpg\" alt=\"\" class=\"wp-image-9575\" style=\"width:auto;height:200px\" srcset=\"https:\/\/buod.de\/wp-content\/uploads\/2024\/11\/Screenshot_20241115_131835_Drive-1024x461.jpg 1024w, https:\/\/buod.de\/wp-content\/uploads\/2024\/11\/Screenshot_20241115_131835_Drive-300x135.jpg 300w, https:\/\/buod.de\/wp-content\/uploads\/2024\/11\/Screenshot_20241115_131835_Drive-768x346.jpg 768w, https:\/\/buod.de\/wp-content\/uploads\/2024\/11\/Screenshot_20241115_131835_Drive-1536x691.jpg 1536w, https:\/\/buod.de\/wp-content\/uploads\/2024\/11\/Screenshot_20241115_131835_Drive-2048x922.jpg 2048w, https:\/\/buod.de\/wp-content\/uploads\/2024\/11\/Screenshot_20241115_131835_Drive-18x8.jpg 18w\" sizes=\"auto, (max-width: 1024px) 100vw, 1024px\" \/><\/figure>","protected":false},"excerpt":{"rendered":"<p>Kert\u00e9sz Imre (1929-2016) Irodalmi Nobel-d\u00edj \u00edr\u00f3i munk\u00e1ss\u00e1g\u00e1\u00e9rt, amely az egy\u00e9n s\u00e9r\u00fcl\u00e9keny tapasztalat\u00e1nak sz\u00f3sz\u00f3l\u00f3ja a t\u00f6rt\u00e9nelem barb\u00e1r \u00f6nk\u00e9ny\u00e9vel szemben, 2002 Kert\u00e9sz Imre a holokausztr\u00f3l sz\u00f3l\u00f3 m\u0171veivel v\u00e1lt vil\u00e1gszerte ismertt\u00e9, k\u00fcl\u00f6n\u00f6sen a \u201eSorstalans\u00e1g\u201d c\u00edm\u0171 reg\u00e9nye miatt. Munk\u00e1i a totalit\u00e1rius rendszerek \u00e9s az egy\u00e9n identit\u00e1s\u00e1nak k\u00e9rd\u00e9seit boncolgatj\u00e1k. Az irodalmi Nobel-d\u00edjat a XX. sz\u00e1zadi t\u00f6rt\u00e9nelmi traum\u00e1k feldolgoz\u00e1s\u00e1\u00e9rtkapta. Deutsch: Nobelpreis [&hellip;]<\/p>\n","protected":false},"author":4,"featured_media":0,"parent":9240,"menu_order":0,"comment_status":"closed","ping_status":"closed","template":"","meta":{"footnotes":""},"class_list":["post-9246","page","type-page","status-publish","hentry"],"yoast_head":"<!-- This site is optimized with the Yoast SEO plugin v27.4 - https:\/\/yoast.com\/product\/yoast-seo-wordpress\/ -->\n<title>Kert\u00e9sz Imre - BUOD<\/title>\n<meta name=\"robots\" content=\"index, follow, max-snippet:-1, max-image-preview:large, max-video-preview:-1\" \/>\n<link rel=\"canonical\" href=\"https:\/\/buod.de\/de\/buod-naptar-2025\/kertesz-imre\/\" \/>\n<meta property=\"og:locale\" content=\"de_DE\" \/>\n<meta property=\"og:type\" content=\"article\" \/>\n<meta property=\"og:title\" content=\"Kert\u00e9sz Imre - BUOD\" \/>\n<meta property=\"og:description\" content=\"Kert\u00e9sz Imre (1929-2016) Irodalmi Nobel-d\u00edj \u00edr\u00f3i munk\u00e1ss\u00e1g\u00e1\u00e9rt, amely az egy\u00e9n s\u00e9r\u00fcl\u00e9keny tapasztalat\u00e1nak sz\u00f3sz\u00f3l\u00f3ja a t\u00f6rt\u00e9nelem barb\u00e1r \u00f6nk\u00e9ny\u00e9vel szemben, 2002 Kert\u00e9sz Imre a holokausztr\u00f3l sz\u00f3l\u00f3 m\u0171veivel v\u00e1lt vil\u00e1gszerte ismertt\u00e9, k\u00fcl\u00f6n\u00f6sen a \u201eSorstalans\u00e1g\u201d c\u00edm\u0171 reg\u00e9nye miatt. Munk\u00e1i a totalit\u00e1rius rendszerek \u00e9s az egy\u00e9n identit\u00e1s\u00e1nak k\u00e9rd\u00e9seit boncolgatj\u00e1k. Az irodalmi Nobel-d\u00edjat a XX. sz\u00e1zadi t\u00f6rt\u00e9nelmi traum\u00e1k feldolgoz\u00e1s\u00e1\u00e9rtkapta. Deutsch: Nobelpreis [&hellip;]\" \/>\n<meta property=\"og:url\" content=\"https:\/\/buod.de\/de\/buod-naptar-2025\/kertesz-imre\/\" \/>\n<meta property=\"og:site_name\" content=\"BUOD\" \/>\n<meta property=\"article:publisher\" content=\"https:\/\/www.facebook.com\/profile.php?id=100082185652397\" \/>\n<meta property=\"article:modified_time\" content=\"2025-08-28T17:18:05+00:00\" \/>\n<meta property=\"og:image\" content=\"https:\/\/buod.de\/wp-content\/uploads\/2024\/11\/Screenshot_20241115_131210_Drive.jpg\" \/>\n\t<meta property=\"og:image:width\" content=\"936\" \/>\n\t<meta property=\"og:image:height\" content=\"1310\" \/>\n\t<meta property=\"og:image:type\" content=\"image\/jpeg\" \/>\n<meta name=\"twitter:card\" content=\"summary_large_image\" \/>\n<meta name=\"twitter:label1\" content=\"Est. reading time\" \/>\n\t<meta name=\"twitter:data1\" content=\"1 minute\" \/>\n<script type=\"application\/ld+json\" class=\"yoast-schema-graph\">{\"@context\":\"https:\\\/\\\/schema.org\",\"@graph\":[{\"@type\":\"WebPage\",\"@id\":\"https:\\\/\\\/buod.de\\\/buod-naptar-2025\\\/kertesz-imre\\\/\",\"url\":\"https:\\\/\\\/buod.de\\\/buod-naptar-2025\\\/kertesz-imre\\\/\",\"name\":\"Kert\u00e9sz Imre - BUOD\",\"isPartOf\":{\"@id\":\"https:\\\/\\\/buod.de\\\/#website\"},\"primaryImageOfPage\":{\"@id\":\"https:\\\/\\\/buod.de\\\/buod-naptar-2025\\\/kertesz-imre\\\/#primaryimage\"},\"image\":{\"@id\":\"https:\\\/\\\/buod.de\\\/buod-naptar-2025\\\/kertesz-imre\\\/#primaryimage\"},\"thumbnailUrl\":\"https:\\\/\\\/buod.de\\\/wp-content\\\/uploads\\\/2024\\\/11\\\/Screenshot_20241115_131210_Drive-732x1024.jpg\",\"datePublished\":\"2024-10-20T12:00:15+00:00\",\"dateModified\":\"2025-08-28T17:18:05+00:00\",\"breadcrumb\":{\"@id\":\"https:\\\/\\\/buod.de\\\/buod-naptar-2025\\\/kertesz-imre\\\/#breadcrumb\"},\"inLanguage\":\"de-DE\",\"potentialAction\":[{\"@type\":\"ReadAction\",\"target\":[\"https:\\\/\\\/buod.de\\\/buod-naptar-2025\\\/kertesz-imre\\\/\"]}]},{\"@type\":\"ImageObject\",\"inLanguage\":\"de-DE\",\"@id\":\"https:\\\/\\\/buod.de\\\/buod-naptar-2025\\\/kertesz-imre\\\/#primaryimage\",\"url\":\"https:\\\/\\\/buod.de\\\/wp-content\\\/uploads\\\/2024\\\/11\\\/Screenshot_20241115_131210_Drive-732x1024.jpg\",\"contentUrl\":\"https:\\\/\\\/buod.de\\\/wp-content\\\/uploads\\\/2024\\\/11\\\/Screenshot_20241115_131210_Drive-732x1024.jpg\"},{\"@type\":\"BreadcrumbList\",\"@id\":\"https:\\\/\\\/buod.de\\\/buod-naptar-2025\\\/kertesz-imre\\\/#breadcrumb\",\"itemListElement\":[{\"@type\":\"ListItem\",\"position\":1,\"name\":\"Kezd\u0151lap\",\"item\":\"https:\\\/\\\/buod.de\\\/\"},{\"@type\":\"ListItem\",\"position\":2,\"name\":\"BUOD napt\u00e1r 2025\",\"item\":\"https:\\\/\\\/buod.de\\\/buod-naptar-2025\\\/\"},{\"@type\":\"ListItem\",\"position\":3,\"name\":\"Kert\u00e9sz Imre\"}]},{\"@type\":\"WebSite\",\"@id\":\"https:\\\/\\\/buod.de\\\/#website\",\"url\":\"https:\\\/\\\/buod.de\\\/\",\"name\":\"BUOD\",\"description\":\"Bund Ungarischer Organisationen in Deutschland\",\"publisher\":{\"@id\":\"https:\\\/\\\/buod.de\\\/#organization\"},\"potentialAction\":[{\"@type\":\"SearchAction\",\"target\":{\"@type\":\"EntryPoint\",\"urlTemplate\":\"https:\\\/\\\/buod.de\\\/?s={search_term_string}\"},\"query-input\":{\"@type\":\"PropertyValueSpecification\",\"valueRequired\":true,\"valueName\":\"search_term_string\"}}],\"inLanguage\":\"de-DE\"},{\"@type\":\"Organization\",\"@id\":\"https:\\\/\\\/buod.de\\\/#organization\",\"name\":\"BUOD\",\"url\":\"https:\\\/\\\/buod.de\\\/\",\"logo\":{\"@type\":\"ImageObject\",\"inLanguage\":\"de-DE\",\"@id\":\"https:\\\/\\\/buod.de\\\/#\\\/schema\\\/logo\\\/image\\\/\",\"url\":\"https:\\\/\\\/buod.de\\\/wp-content\\\/uploads\\\/2024\\\/03\\\/BUOD-logo.png\",\"contentUrl\":\"https:\\\/\\\/buod.de\\\/wp-content\\\/uploads\\\/2024\\\/03\\\/BUOD-logo.png\",\"width\":586,\"height\":490,\"caption\":\"BUOD\"},\"image\":{\"@id\":\"https:\\\/\\\/buod.de\\\/#\\\/schema\\\/logo\\\/image\\\/\"},\"sameAs\":[\"https:\\\/\\\/www.facebook.com\\\/profile.php?id=100082185652397\"]}]}<\/script>\n<!-- \/ Yoast SEO plugin. -->","yoast_head_json":{"title":"Kert\u00e9sz Imre - BUOD","robots":{"index":"index","follow":"follow","max-snippet":"max-snippet:-1","max-image-preview":"max-image-preview:large","max-video-preview":"max-video-preview:-1"},"canonical":"https:\/\/buod.de\/de\/buod-naptar-2025\/kertesz-imre\/","og_locale":"de_DE","og_type":"article","og_title":"Kert\u00e9sz Imre - BUOD","og_description":"Kert\u00e9sz Imre (1929-2016) Irodalmi Nobel-d\u00edj \u00edr\u00f3i munk\u00e1ss\u00e1g\u00e1\u00e9rt, amely az egy\u00e9n s\u00e9r\u00fcl\u00e9keny tapasztalat\u00e1nak sz\u00f3sz\u00f3l\u00f3ja a t\u00f6rt\u00e9nelem barb\u00e1r \u00f6nk\u00e9ny\u00e9vel szemben, 2002 Kert\u00e9sz Imre a holokausztr\u00f3l sz\u00f3l\u00f3 m\u0171veivel v\u00e1lt vil\u00e1gszerte ismertt\u00e9, k\u00fcl\u00f6n\u00f6sen a \u201eSorstalans\u00e1g\u201d c\u00edm\u0171 reg\u00e9nye miatt. Munk\u00e1i a totalit\u00e1rius rendszerek \u00e9s az egy\u00e9n identit\u00e1s\u00e1nak k\u00e9rd\u00e9seit boncolgatj\u00e1k. Az irodalmi Nobel-d\u00edjat a XX. sz\u00e1zadi t\u00f6rt\u00e9nelmi traum\u00e1k feldolgoz\u00e1s\u00e1\u00e9rtkapta. Deutsch: Nobelpreis [&hellip;]","og_url":"https:\/\/buod.de\/de\/buod-naptar-2025\/kertesz-imre\/","og_site_name":"BUOD","article_publisher":"https:\/\/www.facebook.com\/profile.php?id=100082185652397","article_modified_time":"2025-08-28T17:18:05+00:00","og_image":[{"width":936,"height":1310,"url":"https:\/\/buod.de\/wp-content\/uploads\/2024\/11\/Screenshot_20241115_131210_Drive.jpg","type":"image\/jpeg"}],"twitter_card":"summary_large_image","twitter_misc":{"Est. reading time":"1 minute"},"schema":{"@context":"https:\/\/schema.org","@graph":[{"@type":"WebPage","@id":"https:\/\/buod.de\/buod-naptar-2025\/kertesz-imre\/","url":"https:\/\/buod.de\/buod-naptar-2025\/kertesz-imre\/","name":"Kert\u00e9sz Imre - BUOD","isPartOf":{"@id":"https:\/\/buod.de\/#website"},"primaryImageOfPage":{"@id":"https:\/\/buod.de\/buod-naptar-2025\/kertesz-imre\/#primaryimage"},"image":{"@id":"https:\/\/buod.de\/buod-naptar-2025\/kertesz-imre\/#primaryimage"},"thumbnailUrl":"https:\/\/buod.de\/wp-content\/uploads\/2024\/11\/Screenshot_20241115_131210_Drive-732x1024.jpg","datePublished":"2024-10-20T12:00:15+00:00","dateModified":"2025-08-28T17:18:05+00:00","breadcrumb":{"@id":"https:\/\/buod.de\/buod-naptar-2025\/kertesz-imre\/#breadcrumb"},"inLanguage":"de-DE","potentialAction":[{"@type":"ReadAction","target":["https:\/\/buod.de\/buod-naptar-2025\/kertesz-imre\/"]}]},{"@type":"ImageObject","inLanguage":"de-DE","@id":"https:\/\/buod.de\/buod-naptar-2025\/kertesz-imre\/#primaryimage","url":"https:\/\/buod.de\/wp-content\/uploads\/2024\/11\/Screenshot_20241115_131210_Drive-732x1024.jpg","contentUrl":"https:\/\/buod.de\/wp-content\/uploads\/2024\/11\/Screenshot_20241115_131210_Drive-732x1024.jpg"},{"@type":"BreadcrumbList","@id":"https:\/\/buod.de\/buod-naptar-2025\/kertesz-imre\/#breadcrumb","itemListElement":[{"@type":"ListItem","position":1,"name":"Kezd\u0151lap","item":"https:\/\/buod.de\/"},{"@type":"ListItem","position":2,"name":"BUOD napt\u00e1r 2025","item":"https:\/\/buod.de\/buod-naptar-2025\/"},{"@type":"ListItem","position":3,"name":"Kert\u00e9sz Imre"}]},{"@type":"WebSite","@id":"https:\/\/buod.de\/#website","url":"https:\/\/buod.de\/","name":"BUOD","description":"Bund Ungarischer Organisationen in Deutschland","publisher":{"@id":"https:\/\/buod.de\/#organization"},"potentialAction":[{"@type":"SearchAction","target":{"@type":"EntryPoint","urlTemplate":"https:\/\/buod.de\/?s={search_term_string}"},"query-input":{"@type":"PropertyValueSpecification","valueRequired":true,"valueName":"search_term_string"}}],"inLanguage":"de-DE"},{"@type":"Organization","@id":"https:\/\/buod.de\/#organization","name":"BUOD","url":"https:\/\/buod.de\/","logo":{"@type":"ImageObject","inLanguage":"de-DE","@id":"https:\/\/buod.de\/#\/schema\/logo\/image\/","url":"https:\/\/buod.de\/wp-content\/uploads\/2024\/03\/BUOD-logo.png","contentUrl":"https:\/\/buod.de\/wp-content\/uploads\/2024\/03\/BUOD-logo.png","width":586,"height":490,"caption":"BUOD"},"image":{"@id":"https:\/\/buod.de\/#\/schema\/logo\/image\/"},"sameAs":["https:\/\/www.facebook.com\/profile.php?id=100082185652397"]}]}},"_links":{"self":[{"href":"https:\/\/buod.de\/de\/wp-json\/wp\/v2\/pages\/9246","targetHints":{"allow":["GET"]}}],"collection":[{"href":"https:\/\/buod.de\/de\/wp-json\/wp\/v2\/pages"}],"about":[{"href":"https:\/\/buod.de\/de\/wp-json\/wp\/v2\/types\/page"}],"author":[{"embeddable":true,"href":"https:\/\/buod.de\/de\/wp-json\/wp\/v2\/users\/4"}],"replies":[{"embeddable":true,"href":"https:\/\/buod.de\/de\/wp-json\/wp\/v2\/comments?post=9246"}],"version-history":[{"count":6,"href":"https:\/\/buod.de\/de\/wp-json\/wp\/v2\/pages\/9246\/revisions"}],"predecessor-version":[{"id":10647,"href":"https:\/\/buod.de\/de\/wp-json\/wp\/v2\/pages\/9246\/revisions\/10647"}],"up":[{"embeddable":true,"href":"https:\/\/buod.de\/de\/wp-json\/wp\/v2\/pages\/9240"}],"wp:attachment":[{"href":"https:\/\/buod.de\/de\/wp-json\/wp\/v2\/media?parent=9246"}],"curies":[{"name":"wp","href":"https:\/\/api.w.org\/{rel}","templated":true}]}}