{"id":9248,"date":"2024-10-20T14:00:43","date_gmt":"2024-10-20T12:00:43","guid":{"rendered":"https:\/\/buod.de\/?page_id=9248"},"modified":"2025-08-28T19:20:07","modified_gmt":"2025-08-28T17:20:07","slug":"olah-gyorgy","status":"publish","type":"page","link":"https:\/\/buod.de\/de\/buod-naptar-2025\/olah-gyorgy\/","title":{"rendered":"Ol\u00e1h Gy\u00f6rgy"},"content":{"rendered":"<h2 class=\"wp-block-heading\"><strong>Ol\u00e1h Gy\u00f6rgy<\/strong> (1927-2017)<\/h2>\n\n\n\n<h2 class=\"wp-block-heading\">(George Andrew Olah)<\/h2>\n\n\n\n<figure class=\"wp-block-image size-large is-resized\"><img loading=\"lazy\" decoding=\"async\" width=\"737\" height=\"1024\" src=\"https:\/\/buod.de\/wp-content\/uploads\/2024\/11\/Screenshot_20241115_131217_Drive-737x1024.jpg\" alt=\"\" class=\"wp-image-9561\" style=\"width:auto;height:400px\" srcset=\"https:\/\/buod.de\/wp-content\/uploads\/2024\/11\/Screenshot_20241115_131217_Drive-737x1024.jpg 737w, https:\/\/buod.de\/wp-content\/uploads\/2024\/11\/Screenshot_20241115_131217_Drive-216x300.jpg 216w, https:\/\/buod.de\/wp-content\/uploads\/2024\/11\/Screenshot_20241115_131217_Drive-768x1067.jpg 768w, https:\/\/buod.de\/wp-content\/uploads\/2024\/11\/Screenshot_20241115_131217_Drive-9x12.jpg 9w, https:\/\/buod.de\/wp-content\/uploads\/2024\/11\/Screenshot_20241115_131217_Drive.jpg 944w\" sizes=\"auto, (max-width: 737px) 100vw, 737px\" \/><\/figure>\n\n\n\n<p>K\u00e9miai Nobel-d\u00edj a karbokation k\u00e9mi\u00e1hoz val\u00f3 hozz\u00e1j\u00e1rul\u00e1s\u00e1\u00e9rt, 1994<\/p>\n\n\n\n<p>Ol\u00e1h Gy\u00f6rgy a karbokationok k\u00e9mi\u00e1j\u00e1nak \u00fatt\u00f6r\u0151je volt, ami\u00e9rt Nobel-d\u00edjjal jutalmazt\u00e1k. Kutat\u00e1sai lehet\u0151v\u00e9 tett\u00e9k az \u00fczemanyagok \u00e9s vegyi anyagok hat\u00e9konyabb el\u0151\u00e1ll\u00edt\u00e1s\u00e1t. Felfedez\u00e9sei az ipari k\u00e9mia sz\u00e1mos ter\u00fclet\u00e9re hat\u00e1ssal voltak.<\/p>\n\n\n\n<figure class=\"wp-block-image size-full is-resized\"><img loading=\"lazy\" decoding=\"async\" width=\"501\" height=\"498\" src=\"https:\/\/buod.de\/wp-content\/uploads\/2024\/11\/Kemiai-removebg-preview.png\" alt=\"\" class=\"wp-image-9571\" style=\"width:auto;height:200px\" srcset=\"https:\/\/buod.de\/wp-content\/uploads\/2024\/11\/Kemiai-removebg-preview.png 501w, https:\/\/buod.de\/wp-content\/uploads\/2024\/11\/Kemiai-removebg-preview-300x298.png 300w, https:\/\/buod.de\/wp-content\/uploads\/2024\/11\/Kemiai-removebg-preview-150x150.png 150w, https:\/\/buod.de\/wp-content\/uploads\/2024\/11\/Kemiai-removebg-preview-12x12.png 12w\" sizes=\"auto, (max-width: 501px) 100vw, 501px\" \/><\/figure>\n\n\n\n<h2 class=\"wp-block-heading\"><strong>Deutsch:<\/strong><\/h2>\n\n\n\n<p>Nobelpreis f\u00fcr Chemie, 1994<\/p>\n\n\n\n<p>George Ol\u00e1h war ein Pionier der Chemie der Karbokationen und erhielt daf\u00fcr den Nobelpreis. Seine Forschungen erm\u00f6glichten eine effizientere Herstellung von Treibstoffen und Chemikalien. Seine Entdeckungen hatten gro\u00dfen Einfluss auf viele Bereiche der industriellen Chemie.<\/p>\n\n\n\n<figure class=\"wp-block-image size-full is-resized\"><img loading=\"lazy\" decoding=\"async\" width=\"564\" height=\"442\" src=\"https:\/\/buod.de\/wp-content\/uploads\/2024\/11\/Lechner_odon_minta.png\" alt=\"\" class=\"wp-image-9502\" style=\"width:auto;height:200px\" srcset=\"https:\/\/buod.de\/wp-content\/uploads\/2024\/11\/Lechner_odon_minta.png 564w, https:\/\/buod.de\/wp-content\/uploads\/2024\/11\/Lechner_odon_minta-300x235.png 300w, https:\/\/buod.de\/wp-content\/uploads\/2024\/11\/Lechner_odon_minta-15x12.png 15w\" sizes=\"auto, (max-width: 564px) 100vw, 564px\" \/><\/figure>\n\n\n\n<h2 class=\"wp-block-heading\"><strong>A BUOD 2025-\u00f6s falinapt\u00e1rj\u00e1ban szerepl\u0151 tov\u00e1bbi Nobel-d\u00edjasok:<\/strong><\/h2>\n\n\n\n<figure class=\"wp-block-embed is-type-wp-embed is-provider-buod wp-block-embed-buod\"><div class=\"wp-block-embed__wrapper\">\n<blockquote class=\"wp-embedded-content\" data-secret=\"jv0Cr9XKbA\"><a href=\"https:\/\/buod.de\/de\/buod-naptar-2025\/\">BUOD napt\u00e1r 2025<\/a><\/blockquote><iframe loading=\"lazy\" class=\"wp-embedded-content\" sandbox=\"allow-scripts\" security=\"restricted\" style=\"position: absolute; visibility: hidden;\" title=\"&#8220;BUOD napt\u00e1r 2025&#8221; &#8212; BUOD\" src=\"https:\/\/buod.de\/buod-naptar-2025\/embed\/#?secret=y5VSiag4Zn#?secret=jv0Cr9XKbA\" data-secret=\"jv0Cr9XKbA\" width=\"500\" height=\"282\" frameborder=\"0\" marginwidth=\"0\" marginheight=\"0\" scrolling=\"no\"><\/iframe>\n<\/div><\/figure>\n\n\n\n<h2 class=\"wp-block-heading\"><strong>T\u00e1mogat\u00f3:<\/strong><\/h2>\n\n\n\n<figure class=\"wp-block-image size-large is-resized\"><img loading=\"lazy\" decoding=\"async\" width=\"1024\" height=\"461\" src=\"https:\/\/buod.de\/wp-content\/uploads\/2024\/11\/Screenshot_20241115_131835_Drive-1024x461.jpg\" alt=\"\" class=\"wp-image-9575\" style=\"width:auto;height:200px\" srcset=\"https:\/\/buod.de\/wp-content\/uploads\/2024\/11\/Screenshot_20241115_131835_Drive-1024x461.jpg 1024w, https:\/\/buod.de\/wp-content\/uploads\/2024\/11\/Screenshot_20241115_131835_Drive-300x135.jpg 300w, https:\/\/buod.de\/wp-content\/uploads\/2024\/11\/Screenshot_20241115_131835_Drive-768x346.jpg 768w, https:\/\/buod.de\/wp-content\/uploads\/2024\/11\/Screenshot_20241115_131835_Drive-1536x691.jpg 1536w, https:\/\/buod.de\/wp-content\/uploads\/2024\/11\/Screenshot_20241115_131835_Drive-2048x922.jpg 2048w, https:\/\/buod.de\/wp-content\/uploads\/2024\/11\/Screenshot_20241115_131835_Drive-18x8.jpg 18w\" sizes=\"auto, (max-width: 1024px) 100vw, 1024px\" \/><\/figure>","protected":false},"excerpt":{"rendered":"<p>Ol\u00e1h Gy\u00f6rgy (1927-2017) (George Andrew Olah) K\u00e9miai Nobel-d\u00edj a karbokation k\u00e9mi\u00e1hoz val\u00f3 hozz\u00e1j\u00e1rul\u00e1s\u00e1\u00e9rt, 1994 Ol\u00e1h Gy\u00f6rgy a karbokationok k\u00e9mi\u00e1j\u00e1nak \u00fatt\u00f6r\u0151je volt, ami\u00e9rt Nobel-d\u00edjjal jutalmazt\u00e1k. Kutat\u00e1sai lehet\u0151v\u00e9 tett\u00e9k az \u00fczemanyagok \u00e9s vegyi anyagok hat\u00e9konyabb el\u0151\u00e1ll\u00edt\u00e1s\u00e1t. Felfedez\u00e9sei az ipari k\u00e9mia sz\u00e1mos ter\u00fclet\u00e9re hat\u00e1ssal voltak. Deutsch: Nobelpreis f\u00fcr Chemie, 1994 George Ol\u00e1h war ein Pionier der Chemie der [&hellip;]<\/p>\n","protected":false},"author":4,"featured_media":0,"parent":9240,"menu_order":0,"comment_status":"closed","ping_status":"closed","template":"","meta":{"footnotes":""},"class_list":["post-9248","page","type-page","status-publish","hentry"],"yoast_head":"<!-- This site is optimized with the Yoast SEO plugin v27.4 - https:\/\/yoast.com\/product\/yoast-seo-wordpress\/ -->\n<title>Ol\u00e1h Gy\u00f6rgy - BUOD<\/title>\n<meta name=\"robots\" content=\"index, follow, max-snippet:-1, max-image-preview:large, max-video-preview:-1\" \/>\n<link rel=\"canonical\" href=\"https:\/\/buod.de\/de\/buod-naptar-2025\/olah-gyorgy\/\" \/>\n<meta property=\"og:locale\" content=\"de_DE\" \/>\n<meta property=\"og:type\" content=\"article\" \/>\n<meta property=\"og:title\" content=\"Ol\u00e1h Gy\u00f6rgy - BUOD\" \/>\n<meta property=\"og:description\" content=\"Ol\u00e1h Gy\u00f6rgy (1927-2017) (George Andrew Olah) K\u00e9miai Nobel-d\u00edj a karbokation k\u00e9mi\u00e1hoz val\u00f3 hozz\u00e1j\u00e1rul\u00e1s\u00e1\u00e9rt, 1994 Ol\u00e1h Gy\u00f6rgy a karbokationok k\u00e9mi\u00e1j\u00e1nak \u00fatt\u00f6r\u0151je volt, ami\u00e9rt Nobel-d\u00edjjal jutalmazt\u00e1k. Kutat\u00e1sai lehet\u0151v\u00e9 tett\u00e9k az \u00fczemanyagok \u00e9s vegyi anyagok hat\u00e9konyabb el\u0151\u00e1ll\u00edt\u00e1s\u00e1t. Felfedez\u00e9sei az ipari k\u00e9mia sz\u00e1mos ter\u00fclet\u00e9re hat\u00e1ssal voltak. Deutsch: Nobelpreis f\u00fcr Chemie, 1994 George Ol\u00e1h war ein Pionier der Chemie der [&hellip;]\" \/>\n<meta property=\"og:url\" content=\"https:\/\/buod.de\/de\/buod-naptar-2025\/olah-gyorgy\/\" \/>\n<meta property=\"og:site_name\" content=\"BUOD\" \/>\n<meta property=\"article:publisher\" content=\"https:\/\/www.facebook.com\/profile.php?id=100082185652397\" \/>\n<meta property=\"article:modified_time\" content=\"2025-08-28T17:20:07+00:00\" \/>\n<meta property=\"og:image\" content=\"https:\/\/buod.de\/wp-content\/uploads\/2024\/11\/Screenshot_20241115_131217_Drive.jpg\" \/>\n\t<meta property=\"og:image:width\" content=\"944\" \/>\n\t<meta property=\"og:image:height\" content=\"1311\" \/>\n\t<meta property=\"og:image:type\" content=\"image\/jpeg\" \/>\n<meta name=\"twitter:card\" content=\"summary_large_image\" \/>\n<meta name=\"twitter:label1\" content=\"Est. reading time\" \/>\n\t<meta name=\"twitter:data1\" content=\"1 minute\" \/>\n<script type=\"application\/ld+json\" class=\"yoast-schema-graph\">{\"@context\":\"https:\\\/\\\/schema.org\",\"@graph\":[{\"@type\":\"WebPage\",\"@id\":\"https:\\\/\\\/buod.de\\\/buod-naptar-2025\\\/olah-gyorgy\\\/\",\"url\":\"https:\\\/\\\/buod.de\\\/buod-naptar-2025\\\/olah-gyorgy\\\/\",\"name\":\"Ol\u00e1h Gy\u00f6rgy - BUOD\",\"isPartOf\":{\"@id\":\"https:\\\/\\\/buod.de\\\/#website\"},\"primaryImageOfPage\":{\"@id\":\"https:\\\/\\\/buod.de\\\/buod-naptar-2025\\\/olah-gyorgy\\\/#primaryimage\"},\"image\":{\"@id\":\"https:\\\/\\\/buod.de\\\/buod-naptar-2025\\\/olah-gyorgy\\\/#primaryimage\"},\"thumbnailUrl\":\"https:\\\/\\\/buod.de\\\/wp-content\\\/uploads\\\/2024\\\/11\\\/Screenshot_20241115_131217_Drive-737x1024.jpg\",\"datePublished\":\"2024-10-20T12:00:43+00:00\",\"dateModified\":\"2025-08-28T17:20:07+00:00\",\"breadcrumb\":{\"@id\":\"https:\\\/\\\/buod.de\\\/buod-naptar-2025\\\/olah-gyorgy\\\/#breadcrumb\"},\"inLanguage\":\"de-DE\",\"potentialAction\":[{\"@type\":\"ReadAction\",\"target\":[\"https:\\\/\\\/buod.de\\\/buod-naptar-2025\\\/olah-gyorgy\\\/\"]}]},{\"@type\":\"ImageObject\",\"inLanguage\":\"de-DE\",\"@id\":\"https:\\\/\\\/buod.de\\\/buod-naptar-2025\\\/olah-gyorgy\\\/#primaryimage\",\"url\":\"https:\\\/\\\/buod.de\\\/wp-content\\\/uploads\\\/2024\\\/11\\\/Screenshot_20241115_131217_Drive-737x1024.jpg\",\"contentUrl\":\"https:\\\/\\\/buod.de\\\/wp-content\\\/uploads\\\/2024\\\/11\\\/Screenshot_20241115_131217_Drive-737x1024.jpg\"},{\"@type\":\"BreadcrumbList\",\"@id\":\"https:\\\/\\\/buod.de\\\/buod-naptar-2025\\\/olah-gyorgy\\\/#breadcrumb\",\"itemListElement\":[{\"@type\":\"ListItem\",\"position\":1,\"name\":\"Kezd\u0151lap\",\"item\":\"https:\\\/\\\/buod.de\\\/\"},{\"@type\":\"ListItem\",\"position\":2,\"name\":\"BUOD napt\u00e1r 2025\",\"item\":\"https:\\\/\\\/buod.de\\\/buod-naptar-2025\\\/\"},{\"@type\":\"ListItem\",\"position\":3,\"name\":\"Ol\u00e1h Gy\u00f6rgy\"}]},{\"@type\":\"WebSite\",\"@id\":\"https:\\\/\\\/buod.de\\\/#website\",\"url\":\"https:\\\/\\\/buod.de\\\/\",\"name\":\"BUOD\",\"description\":\"Bund Ungarischer Organisationen in Deutschland\",\"publisher\":{\"@id\":\"https:\\\/\\\/buod.de\\\/#organization\"},\"potentialAction\":[{\"@type\":\"SearchAction\",\"target\":{\"@type\":\"EntryPoint\",\"urlTemplate\":\"https:\\\/\\\/buod.de\\\/?s={search_term_string}\"},\"query-input\":{\"@type\":\"PropertyValueSpecification\",\"valueRequired\":true,\"valueName\":\"search_term_string\"}}],\"inLanguage\":\"de-DE\"},{\"@type\":\"Organization\",\"@id\":\"https:\\\/\\\/buod.de\\\/#organization\",\"name\":\"BUOD\",\"url\":\"https:\\\/\\\/buod.de\\\/\",\"logo\":{\"@type\":\"ImageObject\",\"inLanguage\":\"de-DE\",\"@id\":\"https:\\\/\\\/buod.de\\\/#\\\/schema\\\/logo\\\/image\\\/\",\"url\":\"https:\\\/\\\/buod.de\\\/wp-content\\\/uploads\\\/2024\\\/03\\\/BUOD-logo.png\",\"contentUrl\":\"https:\\\/\\\/buod.de\\\/wp-content\\\/uploads\\\/2024\\\/03\\\/BUOD-logo.png\",\"width\":586,\"height\":490,\"caption\":\"BUOD\"},\"image\":{\"@id\":\"https:\\\/\\\/buod.de\\\/#\\\/schema\\\/logo\\\/image\\\/\"},\"sameAs\":[\"https:\\\/\\\/www.facebook.com\\\/profile.php?id=100082185652397\"]}]}<\/script>\n<!-- \/ Yoast SEO plugin. -->","yoast_head_json":{"title":"Ol\u00e1h Gy\u00f6rgy - BUOD","robots":{"index":"index","follow":"follow","max-snippet":"max-snippet:-1","max-image-preview":"max-image-preview:large","max-video-preview":"max-video-preview:-1"},"canonical":"https:\/\/buod.de\/de\/buod-naptar-2025\/olah-gyorgy\/","og_locale":"de_DE","og_type":"article","og_title":"Ol\u00e1h Gy\u00f6rgy - BUOD","og_description":"Ol\u00e1h Gy\u00f6rgy (1927-2017) (George Andrew Olah) K\u00e9miai Nobel-d\u00edj a karbokation k\u00e9mi\u00e1hoz val\u00f3 hozz\u00e1j\u00e1rul\u00e1s\u00e1\u00e9rt, 1994 Ol\u00e1h Gy\u00f6rgy a karbokationok k\u00e9mi\u00e1j\u00e1nak \u00fatt\u00f6r\u0151je volt, ami\u00e9rt Nobel-d\u00edjjal jutalmazt\u00e1k. Kutat\u00e1sai lehet\u0151v\u00e9 tett\u00e9k az \u00fczemanyagok \u00e9s vegyi anyagok hat\u00e9konyabb el\u0151\u00e1ll\u00edt\u00e1s\u00e1t. Felfedez\u00e9sei az ipari k\u00e9mia sz\u00e1mos ter\u00fclet\u00e9re hat\u00e1ssal voltak. Deutsch: Nobelpreis f\u00fcr Chemie, 1994 George Ol\u00e1h war ein Pionier der Chemie der [&hellip;]","og_url":"https:\/\/buod.de\/de\/buod-naptar-2025\/olah-gyorgy\/","og_site_name":"BUOD","article_publisher":"https:\/\/www.facebook.com\/profile.php?id=100082185652397","article_modified_time":"2025-08-28T17:20:07+00:00","og_image":[{"width":944,"height":1311,"url":"https:\/\/buod.de\/wp-content\/uploads\/2024\/11\/Screenshot_20241115_131217_Drive.jpg","type":"image\/jpeg"}],"twitter_card":"summary_large_image","twitter_misc":{"Est. reading time":"1 minute"},"schema":{"@context":"https:\/\/schema.org","@graph":[{"@type":"WebPage","@id":"https:\/\/buod.de\/buod-naptar-2025\/olah-gyorgy\/","url":"https:\/\/buod.de\/buod-naptar-2025\/olah-gyorgy\/","name":"Ol\u00e1h Gy\u00f6rgy - BUOD","isPartOf":{"@id":"https:\/\/buod.de\/#website"},"primaryImageOfPage":{"@id":"https:\/\/buod.de\/buod-naptar-2025\/olah-gyorgy\/#primaryimage"},"image":{"@id":"https:\/\/buod.de\/buod-naptar-2025\/olah-gyorgy\/#primaryimage"},"thumbnailUrl":"https:\/\/buod.de\/wp-content\/uploads\/2024\/11\/Screenshot_20241115_131217_Drive-737x1024.jpg","datePublished":"2024-10-20T12:00:43+00:00","dateModified":"2025-08-28T17:20:07+00:00","breadcrumb":{"@id":"https:\/\/buod.de\/buod-naptar-2025\/olah-gyorgy\/#breadcrumb"},"inLanguage":"de-DE","potentialAction":[{"@type":"ReadAction","target":["https:\/\/buod.de\/buod-naptar-2025\/olah-gyorgy\/"]}]},{"@type":"ImageObject","inLanguage":"de-DE","@id":"https:\/\/buod.de\/buod-naptar-2025\/olah-gyorgy\/#primaryimage","url":"https:\/\/buod.de\/wp-content\/uploads\/2024\/11\/Screenshot_20241115_131217_Drive-737x1024.jpg","contentUrl":"https:\/\/buod.de\/wp-content\/uploads\/2024\/11\/Screenshot_20241115_131217_Drive-737x1024.jpg"},{"@type":"BreadcrumbList","@id":"https:\/\/buod.de\/buod-naptar-2025\/olah-gyorgy\/#breadcrumb","itemListElement":[{"@type":"ListItem","position":1,"name":"Kezd\u0151lap","item":"https:\/\/buod.de\/"},{"@type":"ListItem","position":2,"name":"BUOD napt\u00e1r 2025","item":"https:\/\/buod.de\/buod-naptar-2025\/"},{"@type":"ListItem","position":3,"name":"Ol\u00e1h Gy\u00f6rgy"}]},{"@type":"WebSite","@id":"https:\/\/buod.de\/#website","url":"https:\/\/buod.de\/","name":"BUOD","description":"Bund Ungarischer Organisationen in Deutschland","publisher":{"@id":"https:\/\/buod.de\/#organization"},"potentialAction":[{"@type":"SearchAction","target":{"@type":"EntryPoint","urlTemplate":"https:\/\/buod.de\/?s={search_term_string}"},"query-input":{"@type":"PropertyValueSpecification","valueRequired":true,"valueName":"search_term_string"}}],"inLanguage":"de-DE"},{"@type":"Organization","@id":"https:\/\/buod.de\/#organization","name":"BUOD","url":"https:\/\/buod.de\/","logo":{"@type":"ImageObject","inLanguage":"de-DE","@id":"https:\/\/buod.de\/#\/schema\/logo\/image\/","url":"https:\/\/buod.de\/wp-content\/uploads\/2024\/03\/BUOD-logo.png","contentUrl":"https:\/\/buod.de\/wp-content\/uploads\/2024\/03\/BUOD-logo.png","width":586,"height":490,"caption":"BUOD"},"image":{"@id":"https:\/\/buod.de\/#\/schema\/logo\/image\/"},"sameAs":["https:\/\/www.facebook.com\/profile.php?id=100082185652397"]}]}},"_links":{"self":[{"href":"https:\/\/buod.de\/de\/wp-json\/wp\/v2\/pages\/9248","targetHints":{"allow":["GET"]}}],"collection":[{"href":"https:\/\/buod.de\/de\/wp-json\/wp\/v2\/pages"}],"about":[{"href":"https:\/\/buod.de\/de\/wp-json\/wp\/v2\/types\/page"}],"author":[{"embeddable":true,"href":"https:\/\/buod.de\/de\/wp-json\/wp\/v2\/users\/4"}],"replies":[{"embeddable":true,"href":"https:\/\/buod.de\/de\/wp-json\/wp\/v2\/comments?post=9248"}],"version-history":[{"count":6,"href":"https:\/\/buod.de\/de\/wp-json\/wp\/v2\/pages\/9248\/revisions"}],"predecessor-version":[{"id":10650,"href":"https:\/\/buod.de\/de\/wp-json\/wp\/v2\/pages\/9248\/revisions\/10650"}],"up":[{"embeddable":true,"href":"https:\/\/buod.de\/de\/wp-json\/wp\/v2\/pages\/9240"}],"wp:attachment":[{"href":"https:\/\/buod.de\/de\/wp-json\/wp\/v2\/media?parent=9248"}],"curies":[{"name":"wp","href":"https:\/\/api.w.org\/{rel}","templated":true}]}}