{"id":9250,"date":"2024-10-20T14:01:13","date_gmt":"2024-10-20T12:01:13","guid":{"rendered":"https:\/\/buod.de\/?page_id=9250"},"modified":"2025-08-28T18:03:01","modified_gmt":"2025-08-28T16:03:01","slug":"harsanyi-janos","status":"publish","type":"page","link":"https:\/\/buod.de\/de\/buod-naptar-2025\/harsanyi-janos\/","title":{"rendered":"Hars\u00e1nyi J\u00e1nos"},"content":{"rendered":"<h2 class=\"wp-block-heading\"><strong>Hars\u00e1nyi J\u00e1nos<\/strong> (1920-2000)<\/h2>\n\n\n\n<h2 class=\"wp-block-heading\">(John Harsanyi)<\/h2>\n\n\n\n<figure class=\"wp-block-image size-large is-resized\"><img loading=\"lazy\" decoding=\"async\" width=\"732\" height=\"1024\" src=\"https:\/\/buod.de\/wp-content\/uploads\/2024\/11\/Screenshot_20241115_131225_Drive-732x1024.jpg\" alt=\"\" class=\"wp-image-9557\" style=\"width:auto;height:400px\" srcset=\"https:\/\/buod.de\/wp-content\/uploads\/2024\/11\/Screenshot_20241115_131225_Drive-732x1024.jpg 732w, https:\/\/buod.de\/wp-content\/uploads\/2024\/11\/Screenshot_20241115_131225_Drive-215x300.jpg 215w, https:\/\/buod.de\/wp-content\/uploads\/2024\/11\/Screenshot_20241115_131225_Drive-768x1074.jpg 768w, https:\/\/buod.de\/wp-content\/uploads\/2024\/11\/Screenshot_20241115_131225_Drive-9x12.jpg 9w, https:\/\/buod.de\/wp-content\/uploads\/2024\/11\/Screenshot_20241115_131225_Drive.jpg 939w\" sizes=\"auto, (max-width: 732px) 100vw, 732px\" \/><\/figure>\n\n\n\n<p>K\u00f6zgazdas\u00e1gi Nobel-d\u00edj a nemkooperat\u00edv j\u00e1t\u00e9kelm\u00e9let egyens\u00falyainak \u00fatt\u00f6r\u0151 elemz\u00e9s\u00e9\u00e9rt, 1994<br>(megosztva&nbsp; John Forbes Nash Jr. \u00e9s Reinhard Selten matematikusokkal)<\/p>\n\n\n\n<p>Hars\u00e1nyi J\u00e1nos a j\u00e1t\u00e9kelm\u00e9let ter\u00e9n v\u00e9gzett \u00fatt\u00f6r\u0151 munk\u00e1j\u00e1\u00e9rt kapta a Nobel-d\u00edjat. K\u00fcl\u00f6n\u00f6sen az egyens\u00falyi strat\u00e9gi\u00e1k kidolgoz\u00e1s\u00e1ban volt jelent\u0151s szerepe. Eredm\u00e9nyei m\u00e1ra alapvet\u0151 fontoss\u00e1g\u00faak a gazdas\u00e1gtan \u00e9s a politikatudom\u00e1ny ter\u00fclet\u00e9n.<\/p>\n\n\n\n<figure class=\"wp-block-image size-full is-resized\"><img loading=\"lazy\" decoding=\"async\" width=\"527\" height=\"473\" src=\"https:\/\/buod.de\/wp-content\/uploads\/2024\/11\/Screenshot_20241115_132124_Drive-removebg-preview.png\" alt=\"\" class=\"wp-image-9591\" style=\"width:auto;height:200px\" srcset=\"https:\/\/buod.de\/wp-content\/uploads\/2024\/11\/Screenshot_20241115_132124_Drive-removebg-preview.png 527w, https:\/\/buod.de\/wp-content\/uploads\/2024\/11\/Screenshot_20241115_132124_Drive-removebg-preview-300x269.png 300w, https:\/\/buod.de\/wp-content\/uploads\/2024\/11\/Screenshot_20241115_132124_Drive-removebg-preview-13x12.png 13w\" sizes=\"auto, (max-width: 527px) 100vw, 527px\" \/><\/figure>\n\n\n\n<h2 class=\"wp-block-heading\"><strong>Deutsch:<\/strong><\/h2>\n\n\n\n<p>Nobelpreis f\u00fcr Wirtschaftswissenschaften, 1994<br>(gemeinsam mit John Forbes Nash Jr. und Reinhard Selten Mathematiker)<\/p>\n\n\n\n<p>John Harsanyi wurde f\u00fcr seine Pionierarbeit im Bereich der Spieltheorie mit dem Nobelpreis ausgezeichnet. Besonders seine Arbeit an Gleichgewichtsstrategien war von gro\u00dfer Bedeutung. Seine Ergebnisse sind heute von zentraler Bedeutung in der Wirtschaftswissenschaft und Politikwissenschaft.<\/p>\n\n\n\n<figure class=\"wp-block-image size-full is-resized\"><img loading=\"lazy\" decoding=\"async\" width=\"564\" height=\"442\" src=\"https:\/\/buod.de\/wp-content\/uploads\/2024\/11\/Lechner_odon_minta.png\" alt=\"\" class=\"wp-image-9502\" style=\"width:auto;height:200px\" srcset=\"https:\/\/buod.de\/wp-content\/uploads\/2024\/11\/Lechner_odon_minta.png 564w, https:\/\/buod.de\/wp-content\/uploads\/2024\/11\/Lechner_odon_minta-300x235.png 300w, https:\/\/buod.de\/wp-content\/uploads\/2024\/11\/Lechner_odon_minta-15x12.png 15w\" sizes=\"auto, (max-width: 564px) 100vw, 564px\" \/><\/figure>\n\n\n\n<h2 class=\"wp-block-heading\"><strong>A BUOD 2025-\u00f6s falinapt\u00e1rj\u00e1ban szerepl\u0151 tov\u00e1bbi Nobel-d\u00edjasok:<\/strong><\/h2>\n\n\n\n<figure class=\"wp-block-embed is-type-wp-embed is-provider-buod wp-block-embed-buod\"><div class=\"wp-block-embed__wrapper\">\n<blockquote class=\"wp-embedded-content\" data-secret=\"6SH6WpoyZ9\"><a href=\"https:\/\/buod.de\/de\/buod-naptar-2025\/\">BUOD napt\u00e1r 2025<\/a><\/blockquote><iframe loading=\"lazy\" class=\"wp-embedded-content\" sandbox=\"allow-scripts\" security=\"restricted\" style=\"position: absolute; visibility: hidden;\" title=\"&#8220;BUOD napt\u00e1r 2025&#8221; &#8212; BUOD\" src=\"https:\/\/buod.de\/buod-naptar-2025\/embed\/#?secret=6cngGnuLid#?secret=6SH6WpoyZ9\" data-secret=\"6SH6WpoyZ9\" width=\"500\" height=\"282\" frameborder=\"0\" marginwidth=\"0\" marginheight=\"0\" scrolling=\"no\"><\/iframe>\n<\/div><\/figure>\n\n\n\n<h2 class=\"wp-block-heading\"><strong>T\u00e1mogat\u00f3:<\/strong><\/h2>\n\n\n\n<figure class=\"wp-block-image size-large is-resized\"><img loading=\"lazy\" decoding=\"async\" width=\"1024\" height=\"461\" src=\"https:\/\/buod.de\/wp-content\/uploads\/2024\/11\/Screenshot_20241115_131835_Drive-1024x461.jpg\" alt=\"\" class=\"wp-image-9575\" style=\"width:auto;height:200px\" srcset=\"https:\/\/buod.de\/wp-content\/uploads\/2024\/11\/Screenshot_20241115_131835_Drive-1024x461.jpg 1024w, https:\/\/buod.de\/wp-content\/uploads\/2024\/11\/Screenshot_20241115_131835_Drive-300x135.jpg 300w, https:\/\/buod.de\/wp-content\/uploads\/2024\/11\/Screenshot_20241115_131835_Drive-768x346.jpg 768w, https:\/\/buod.de\/wp-content\/uploads\/2024\/11\/Screenshot_20241115_131835_Drive-1536x691.jpg 1536w, https:\/\/buod.de\/wp-content\/uploads\/2024\/11\/Screenshot_20241115_131835_Drive-2048x922.jpg 2048w, https:\/\/buod.de\/wp-content\/uploads\/2024\/11\/Screenshot_20241115_131835_Drive-18x8.jpg 18w\" sizes=\"auto, (max-width: 1024px) 100vw, 1024px\" \/><\/figure>\n\n\n\n<p><br><\/p>","protected":false},"excerpt":{"rendered":"<p>Hars\u00e1nyi J\u00e1nos (1920-2000) (John Harsanyi) K\u00f6zgazdas\u00e1gi Nobel-d\u00edj a nemkooperat\u00edv j\u00e1t\u00e9kelm\u00e9let egyens\u00falyainak \u00fatt\u00f6r\u0151 elemz\u00e9s\u00e9\u00e9rt, 1994(megosztva&nbsp; John Forbes Nash Jr. \u00e9s Reinhard Selten matematikusokkal) Hars\u00e1nyi J\u00e1nos a j\u00e1t\u00e9kelm\u00e9let ter\u00e9n v\u00e9gzett \u00fatt\u00f6r\u0151 munk\u00e1j\u00e1\u00e9rt kapta a Nobel-d\u00edjat. K\u00fcl\u00f6n\u00f6sen az egyens\u00falyi strat\u00e9gi\u00e1k kidolgoz\u00e1s\u00e1ban volt jelent\u0151s szerepe. Eredm\u00e9nyei m\u00e1ra alapvet\u0151 fontoss\u00e1g\u00faak a gazdas\u00e1gtan \u00e9s a politikatudom\u00e1ny ter\u00fclet\u00e9n. Deutsch: Nobelpreis f\u00fcr Wirtschaftswissenschaften, [&hellip;]<\/p>\n","protected":false},"author":4,"featured_media":0,"parent":9240,"menu_order":0,"comment_status":"closed","ping_status":"closed","template":"","meta":{"footnotes":""},"class_list":["post-9250","page","type-page","status-publish","hentry"],"yoast_head":"<!-- This site is optimized with the Yoast SEO plugin v27.3 - https:\/\/yoast.com\/product\/yoast-seo-wordpress\/ -->\n<title>Hars\u00e1nyi J\u00e1nos - BUOD<\/title>\n<meta name=\"robots\" content=\"index, follow, max-snippet:-1, max-image-preview:large, max-video-preview:-1\" \/>\n<link rel=\"canonical\" href=\"https:\/\/buod.de\/de\/buod-naptar-2025\/harsanyi-janos\/\" \/>\n<meta property=\"og:locale\" content=\"de_DE\" \/>\n<meta property=\"og:type\" content=\"article\" \/>\n<meta property=\"og:title\" content=\"Hars\u00e1nyi J\u00e1nos - BUOD\" \/>\n<meta property=\"og:description\" content=\"Hars\u00e1nyi J\u00e1nos (1920-2000) (John Harsanyi) K\u00f6zgazdas\u00e1gi Nobel-d\u00edj a nemkooperat\u00edv j\u00e1t\u00e9kelm\u00e9let egyens\u00falyainak \u00fatt\u00f6r\u0151 elemz\u00e9s\u00e9\u00e9rt, 1994(megosztva&nbsp; John Forbes Nash Jr. \u00e9s Reinhard Selten matematikusokkal) Hars\u00e1nyi J\u00e1nos a j\u00e1t\u00e9kelm\u00e9let ter\u00e9n v\u00e9gzett \u00fatt\u00f6r\u0151 munk\u00e1j\u00e1\u00e9rt kapta a Nobel-d\u00edjat. K\u00fcl\u00f6n\u00f6sen az egyens\u00falyi strat\u00e9gi\u00e1k kidolgoz\u00e1s\u00e1ban volt jelent\u0151s szerepe. Eredm\u00e9nyei m\u00e1ra alapvet\u0151 fontoss\u00e1g\u00faak a gazdas\u00e1gtan \u00e9s a politikatudom\u00e1ny ter\u00fclet\u00e9n. Deutsch: Nobelpreis f\u00fcr Wirtschaftswissenschaften, [&hellip;]\" \/>\n<meta property=\"og:url\" content=\"https:\/\/buod.de\/de\/buod-naptar-2025\/harsanyi-janos\/\" \/>\n<meta property=\"og:site_name\" content=\"BUOD\" \/>\n<meta property=\"article:publisher\" content=\"https:\/\/www.facebook.com\/profile.php?id=100082185652397\" \/>\n<meta property=\"article:modified_time\" content=\"2025-08-28T16:03:01+00:00\" \/>\n<meta property=\"og:image\" content=\"https:\/\/buod.de\/wp-content\/uploads\/2024\/11\/Screenshot_20241115_131225_Drive.jpg\" \/>\n\t<meta property=\"og:image:width\" content=\"939\" \/>\n\t<meta property=\"og:image:height\" content=\"1313\" \/>\n\t<meta property=\"og:image:type\" content=\"image\/jpeg\" \/>\n<meta name=\"twitter:card\" content=\"summary_large_image\" \/>\n<meta name=\"twitter:label1\" content=\"Est. reading time\" \/>\n\t<meta name=\"twitter:data1\" content=\"1 minute\" \/>\n<script type=\"application\/ld+json\" class=\"yoast-schema-graph\">{\"@context\":\"https:\\\/\\\/schema.org\",\"@graph\":[{\"@type\":\"WebPage\",\"@id\":\"https:\\\/\\\/buod.de\\\/buod-naptar-2025\\\/harsanyi-janos\\\/\",\"url\":\"https:\\\/\\\/buod.de\\\/buod-naptar-2025\\\/harsanyi-janos\\\/\",\"name\":\"Hars\u00e1nyi J\u00e1nos - BUOD\",\"isPartOf\":{\"@id\":\"https:\\\/\\\/buod.de\\\/#website\"},\"primaryImageOfPage\":{\"@id\":\"https:\\\/\\\/buod.de\\\/buod-naptar-2025\\\/harsanyi-janos\\\/#primaryimage\"},\"image\":{\"@id\":\"https:\\\/\\\/buod.de\\\/buod-naptar-2025\\\/harsanyi-janos\\\/#primaryimage\"},\"thumbnailUrl\":\"https:\\\/\\\/buod.de\\\/wp-content\\\/uploads\\\/2024\\\/11\\\/Screenshot_20241115_131225_Drive-732x1024.jpg\",\"datePublished\":\"2024-10-20T12:01:13+00:00\",\"dateModified\":\"2025-08-28T16:03:01+00:00\",\"breadcrumb\":{\"@id\":\"https:\\\/\\\/buod.de\\\/buod-naptar-2025\\\/harsanyi-janos\\\/#breadcrumb\"},\"inLanguage\":\"de-DE\",\"potentialAction\":[{\"@type\":\"ReadAction\",\"target\":[\"https:\\\/\\\/buod.de\\\/buod-naptar-2025\\\/harsanyi-janos\\\/\"]}]},{\"@type\":\"ImageObject\",\"inLanguage\":\"de-DE\",\"@id\":\"https:\\\/\\\/buod.de\\\/buod-naptar-2025\\\/harsanyi-janos\\\/#primaryimage\",\"url\":\"https:\\\/\\\/buod.de\\\/wp-content\\\/uploads\\\/2024\\\/11\\\/Screenshot_20241115_131225_Drive-732x1024.jpg\",\"contentUrl\":\"https:\\\/\\\/buod.de\\\/wp-content\\\/uploads\\\/2024\\\/11\\\/Screenshot_20241115_131225_Drive-732x1024.jpg\"},{\"@type\":\"BreadcrumbList\",\"@id\":\"https:\\\/\\\/buod.de\\\/buod-naptar-2025\\\/harsanyi-janos\\\/#breadcrumb\",\"itemListElement\":[{\"@type\":\"ListItem\",\"position\":1,\"name\":\"Kezd\u0151lap\",\"item\":\"https:\\\/\\\/buod.de\\\/\"},{\"@type\":\"ListItem\",\"position\":2,\"name\":\"BUOD napt\u00e1r 2025\",\"item\":\"https:\\\/\\\/buod.de\\\/buod-naptar-2025\\\/\"},{\"@type\":\"ListItem\",\"position\":3,\"name\":\"Hars\u00e1nyi J\u00e1nos\"}]},{\"@type\":\"WebSite\",\"@id\":\"https:\\\/\\\/buod.de\\\/#website\",\"url\":\"https:\\\/\\\/buod.de\\\/\",\"name\":\"BUOD\",\"description\":\"Bund Ungarischer Organisationen in Deutschland\",\"publisher\":{\"@id\":\"https:\\\/\\\/buod.de\\\/#organization\"},\"potentialAction\":[{\"@type\":\"SearchAction\",\"target\":{\"@type\":\"EntryPoint\",\"urlTemplate\":\"https:\\\/\\\/buod.de\\\/?s={search_term_string}\"},\"query-input\":{\"@type\":\"PropertyValueSpecification\",\"valueRequired\":true,\"valueName\":\"search_term_string\"}}],\"inLanguage\":\"de-DE\"},{\"@type\":\"Organization\",\"@id\":\"https:\\\/\\\/buod.de\\\/#organization\",\"name\":\"BUOD\",\"url\":\"https:\\\/\\\/buod.de\\\/\",\"logo\":{\"@type\":\"ImageObject\",\"inLanguage\":\"de-DE\",\"@id\":\"https:\\\/\\\/buod.de\\\/#\\\/schema\\\/logo\\\/image\\\/\",\"url\":\"https:\\\/\\\/buod.de\\\/wp-content\\\/uploads\\\/2024\\\/03\\\/BUOD-logo.png\",\"contentUrl\":\"https:\\\/\\\/buod.de\\\/wp-content\\\/uploads\\\/2024\\\/03\\\/BUOD-logo.png\",\"width\":586,\"height\":490,\"caption\":\"BUOD\"},\"image\":{\"@id\":\"https:\\\/\\\/buod.de\\\/#\\\/schema\\\/logo\\\/image\\\/\"},\"sameAs\":[\"https:\\\/\\\/www.facebook.com\\\/profile.php?id=100082185652397\"]}]}<\/script>\n<!-- \/ Yoast SEO plugin. -->","yoast_head_json":{"title":"Hars\u00e1nyi J\u00e1nos - BUOD","robots":{"index":"index","follow":"follow","max-snippet":"max-snippet:-1","max-image-preview":"max-image-preview:large","max-video-preview":"max-video-preview:-1"},"canonical":"https:\/\/buod.de\/de\/buod-naptar-2025\/harsanyi-janos\/","og_locale":"de_DE","og_type":"article","og_title":"Hars\u00e1nyi J\u00e1nos - BUOD","og_description":"Hars\u00e1nyi J\u00e1nos (1920-2000) (John Harsanyi) K\u00f6zgazdas\u00e1gi Nobel-d\u00edj a nemkooperat\u00edv j\u00e1t\u00e9kelm\u00e9let egyens\u00falyainak \u00fatt\u00f6r\u0151 elemz\u00e9s\u00e9\u00e9rt, 1994(megosztva&nbsp; John Forbes Nash Jr. \u00e9s Reinhard Selten matematikusokkal) Hars\u00e1nyi J\u00e1nos a j\u00e1t\u00e9kelm\u00e9let ter\u00e9n v\u00e9gzett \u00fatt\u00f6r\u0151 munk\u00e1j\u00e1\u00e9rt kapta a Nobel-d\u00edjat. K\u00fcl\u00f6n\u00f6sen az egyens\u00falyi strat\u00e9gi\u00e1k kidolgoz\u00e1s\u00e1ban volt jelent\u0151s szerepe. Eredm\u00e9nyei m\u00e1ra alapvet\u0151 fontoss\u00e1g\u00faak a gazdas\u00e1gtan \u00e9s a politikatudom\u00e1ny ter\u00fclet\u00e9n. Deutsch: Nobelpreis f\u00fcr Wirtschaftswissenschaften, [&hellip;]","og_url":"https:\/\/buod.de\/de\/buod-naptar-2025\/harsanyi-janos\/","og_site_name":"BUOD","article_publisher":"https:\/\/www.facebook.com\/profile.php?id=100082185652397","article_modified_time":"2025-08-28T16:03:01+00:00","og_image":[{"width":939,"height":1313,"url":"https:\/\/buod.de\/wp-content\/uploads\/2024\/11\/Screenshot_20241115_131225_Drive.jpg","type":"image\/jpeg"}],"twitter_card":"summary_large_image","twitter_misc":{"Est. reading time":"1 minute"},"schema":{"@context":"https:\/\/schema.org","@graph":[{"@type":"WebPage","@id":"https:\/\/buod.de\/buod-naptar-2025\/harsanyi-janos\/","url":"https:\/\/buod.de\/buod-naptar-2025\/harsanyi-janos\/","name":"Hars\u00e1nyi J\u00e1nos - BUOD","isPartOf":{"@id":"https:\/\/buod.de\/#website"},"primaryImageOfPage":{"@id":"https:\/\/buod.de\/buod-naptar-2025\/harsanyi-janos\/#primaryimage"},"image":{"@id":"https:\/\/buod.de\/buod-naptar-2025\/harsanyi-janos\/#primaryimage"},"thumbnailUrl":"https:\/\/buod.de\/wp-content\/uploads\/2024\/11\/Screenshot_20241115_131225_Drive-732x1024.jpg","datePublished":"2024-10-20T12:01:13+00:00","dateModified":"2025-08-28T16:03:01+00:00","breadcrumb":{"@id":"https:\/\/buod.de\/buod-naptar-2025\/harsanyi-janos\/#breadcrumb"},"inLanguage":"de-DE","potentialAction":[{"@type":"ReadAction","target":["https:\/\/buod.de\/buod-naptar-2025\/harsanyi-janos\/"]}]},{"@type":"ImageObject","inLanguage":"de-DE","@id":"https:\/\/buod.de\/buod-naptar-2025\/harsanyi-janos\/#primaryimage","url":"https:\/\/buod.de\/wp-content\/uploads\/2024\/11\/Screenshot_20241115_131225_Drive-732x1024.jpg","contentUrl":"https:\/\/buod.de\/wp-content\/uploads\/2024\/11\/Screenshot_20241115_131225_Drive-732x1024.jpg"},{"@type":"BreadcrumbList","@id":"https:\/\/buod.de\/buod-naptar-2025\/harsanyi-janos\/#breadcrumb","itemListElement":[{"@type":"ListItem","position":1,"name":"Kezd\u0151lap","item":"https:\/\/buod.de\/"},{"@type":"ListItem","position":2,"name":"BUOD napt\u00e1r 2025","item":"https:\/\/buod.de\/buod-naptar-2025\/"},{"@type":"ListItem","position":3,"name":"Hars\u00e1nyi J\u00e1nos"}]},{"@type":"WebSite","@id":"https:\/\/buod.de\/#website","url":"https:\/\/buod.de\/","name":"BUOD","description":"Bund Ungarischer Organisationen in Deutschland","publisher":{"@id":"https:\/\/buod.de\/#organization"},"potentialAction":[{"@type":"SearchAction","target":{"@type":"EntryPoint","urlTemplate":"https:\/\/buod.de\/?s={search_term_string}"},"query-input":{"@type":"PropertyValueSpecification","valueRequired":true,"valueName":"search_term_string"}}],"inLanguage":"de-DE"},{"@type":"Organization","@id":"https:\/\/buod.de\/#organization","name":"BUOD","url":"https:\/\/buod.de\/","logo":{"@type":"ImageObject","inLanguage":"de-DE","@id":"https:\/\/buod.de\/#\/schema\/logo\/image\/","url":"https:\/\/buod.de\/wp-content\/uploads\/2024\/03\/BUOD-logo.png","contentUrl":"https:\/\/buod.de\/wp-content\/uploads\/2024\/03\/BUOD-logo.png","width":586,"height":490,"caption":"BUOD"},"image":{"@id":"https:\/\/buod.de\/#\/schema\/logo\/image\/"},"sameAs":["https:\/\/www.facebook.com\/profile.php?id=100082185652397"]}]}},"_links":{"self":[{"href":"https:\/\/buod.de\/de\/wp-json\/wp\/v2\/pages\/9250","targetHints":{"allow":["GET"]}}],"collection":[{"href":"https:\/\/buod.de\/de\/wp-json\/wp\/v2\/pages"}],"about":[{"href":"https:\/\/buod.de\/de\/wp-json\/wp\/v2\/types\/page"}],"author":[{"embeddable":true,"href":"https:\/\/buod.de\/de\/wp-json\/wp\/v2\/users\/4"}],"replies":[{"embeddable":true,"href":"https:\/\/buod.de\/de\/wp-json\/wp\/v2\/comments?post=9250"}],"version-history":[{"count":7,"href":"https:\/\/buod.de\/de\/wp-json\/wp\/v2\/pages\/9250\/revisions"}],"predecessor-version":[{"id":10600,"href":"https:\/\/buod.de\/de\/wp-json\/wp\/v2\/pages\/9250\/revisions\/10600"}],"up":[{"embeddable":true,"href":"https:\/\/buod.de\/de\/wp-json\/wp\/v2\/pages\/9240"}],"wp:attachment":[{"href":"https:\/\/buod.de\/de\/wp-json\/wp\/v2\/media?parent=9250"}],"curies":[{"name":"wp","href":"https:\/\/api.w.org\/{rel}","templated":true}]}}