{"id":9252,"date":"2024-10-20T14:01:38","date_gmt":"2024-10-20T12:01:38","guid":{"rendered":"https:\/\/buod.de\/?page_id=9252"},"modified":"2025-08-28T19:19:38","modified_gmt":"2025-08-28T17:19:38","slug":"milton-friedman","status":"publish","type":"page","link":"https:\/\/buod.de\/de\/buod-naptar-2025\/milton-friedman\/","title":{"rendered":"Milton Friedman"},"content":{"rendered":"<h2 class=\"wp-block-heading\"><strong>Milton Friedman<\/strong> (1912-2006)<\/h2>\n\n\n\n<figure class=\"wp-block-image size-large is-resized\"><img loading=\"lazy\" decoding=\"async\" width=\"732\" height=\"1024\" src=\"https:\/\/buod.de\/wp-content\/uploads\/2024\/11\/Screenshot_20241115_131233_Drive-732x1024.jpg\" alt=\"\" class=\"wp-image-9553\" style=\"width:auto;height:400px\" srcset=\"https:\/\/buod.de\/wp-content\/uploads\/2024\/11\/Screenshot_20241115_131233_Drive-732x1024.jpg 732w, https:\/\/buod.de\/wp-content\/uploads\/2024\/11\/Screenshot_20241115_131233_Drive-215x300.jpg 215w, https:\/\/buod.de\/wp-content\/uploads\/2024\/11\/Screenshot_20241115_131233_Drive-768x1074.jpg 768w, https:\/\/buod.de\/wp-content\/uploads\/2024\/11\/Screenshot_20241115_131233_Drive-9x12.jpg 9w, https:\/\/buod.de\/wp-content\/uploads\/2024\/11\/Screenshot_20241115_131233_Drive.jpg 941w\" sizes=\"auto, (max-width: 732px) 100vw, 732px\" \/><\/figure>\n\n\n\n<p>K\u00f6zgazdas\u00e1gi Nobel-d\u00edj a fogyaszt\u00e1selemz\u00e9shez, a p\u00e9nzt\u00f6rt\u00e9nethez \u00e9s -elm\u00e9lethez val\u00f3 hozz\u00e1j\u00e1rul\u00e1s\u00e1\u00e9rt, valamint a stabiliz\u00e1ci\u00f3s politika \u00f6sszetetts\u00e9g\u00e9nek bemutat\u00e1s\u00e1\u00e9rt, 1976<\/p>\n\n\n\n<p>Milton Friedman a modern monetarizmus egyik legkiemelked\u0151bb alakja, akinek gazdas\u00e1gi elm\u00e9letei jelent\u0151sen befoly\u00e1solt\u00e1k a 20. sz\u00e1zad k\u00f6zep\u00e9nek gazdas\u00e1gpolitik\u00e1j\u00e1t. Munk\u00e1ss\u00e1g\u00e1nak k\u00f6z\u00e9ppontj\u00e1ban az infl\u00e1ci\u00f3 \u00e9s a p\u00e9nzk\u00edn\u00e1lat kapcsolata \u00e1llt, amely alapvet\u0151 reformokat hozott a makrogazdas\u00e1gi gondolkod\u00e1sban. Az \u00e1llami beavatkoz\u00e1s minimaliz\u00e1l\u00e1s\u00e1t \u00e9s a piac szabads\u00e1g\u00e1t hirdet\u0151 n\u00e9zetei ma is meghat\u00e1roz\u00f3ak a gazdas\u00e1gi vit\u00e1kban.<\/p>\n\n\n\n<figure class=\"wp-block-image size-full is-resized\"><img loading=\"lazy\" decoding=\"async\" width=\"527\" height=\"473\" src=\"https:\/\/buod.de\/wp-content\/uploads\/2024\/11\/Screenshot_20241115_132124_Drive-removebg-preview.png\" alt=\"\" class=\"wp-image-9591\" style=\"width:auto;height:200px\" srcset=\"https:\/\/buod.de\/wp-content\/uploads\/2024\/11\/Screenshot_20241115_132124_Drive-removebg-preview.png 527w, https:\/\/buod.de\/wp-content\/uploads\/2024\/11\/Screenshot_20241115_132124_Drive-removebg-preview-300x269.png 300w, https:\/\/buod.de\/wp-content\/uploads\/2024\/11\/Screenshot_20241115_132124_Drive-removebg-preview-13x12.png 13w\" sizes=\"auto, (max-width: 527px) 100vw, 527px\" \/><\/figure>\n\n\n\n<h2 class=\"wp-block-heading\"><strong>Deutsch:<\/strong><\/h2>\n\n\n\n<p>Nobelpreis f\u00fcr Wirtschaftswissenschaften, 1976<\/p>\n\n\n\n<p>Milton Friedman war eine der herausragenden Figuren des modernen Monetarismus, dessen \u00f6konomische Theorien die Wirtschaftspolitik der Mitte des 20. Jahrhunderts stark beeinflussten. Im Mittelpunkt seiner Arbeit stand die Beziehung zwischen Inflation und Geldangebot, die zu grundlegenden Reformen im makro\u00f6konomischen Denken f\u00fchrte. Seine Ideen \u00fcber die Minimierung staatlicher Eingriffe und die Freiheit des Marktes sind bis heute in den wirtschaftlichen Debatten von Bedeutung.<\/p>\n\n\n\n<figure class=\"wp-block-image size-full is-resized\"><img loading=\"lazy\" decoding=\"async\" width=\"564\" height=\"442\" src=\"https:\/\/buod.de\/wp-content\/uploads\/2024\/11\/Lechner_odon_minta.png\" alt=\"\" class=\"wp-image-9502\" style=\"width:auto;height:200px\" srcset=\"https:\/\/buod.de\/wp-content\/uploads\/2024\/11\/Lechner_odon_minta.png 564w, https:\/\/buod.de\/wp-content\/uploads\/2024\/11\/Lechner_odon_minta-300x235.png 300w, https:\/\/buod.de\/wp-content\/uploads\/2024\/11\/Lechner_odon_minta-15x12.png 15w\" sizes=\"auto, (max-width: 564px) 100vw, 564px\" \/><\/figure>\n\n\n\n<h2 class=\"wp-block-heading\"><strong>A BUOD 2025-\u00f6s falinapt\u00e1rj\u00e1ban szerepl\u0151 tov\u00e1bbi Nobel-d\u00edjasok:<\/strong><\/h2>\n\n\n\n<figure class=\"wp-block-embed is-type-wp-embed is-provider-buod wp-block-embed-buod\"><div class=\"wp-block-embed__wrapper\">\n<blockquote class=\"wp-embedded-content\" data-secret=\"fbvskbvQo5\"><a href=\"https:\/\/buod.de\/de\/buod-naptar-2025\/\">BUOD napt\u00e1r 2025<\/a><\/blockquote><iframe loading=\"lazy\" class=\"wp-embedded-content\" sandbox=\"allow-scripts\" security=\"restricted\" style=\"position: absolute; visibility: hidden;\" title=\"&#8220;BUOD napt\u00e1r 2025&#8221; &#8212; BUOD\" src=\"https:\/\/buod.de\/buod-naptar-2025\/embed\/#?secret=HwS0BVZYNB#?secret=fbvskbvQo5\" data-secret=\"fbvskbvQo5\" width=\"500\" height=\"282\" frameborder=\"0\" marginwidth=\"0\" marginheight=\"0\" scrolling=\"no\"><\/iframe>\n<\/div><\/figure>\n\n\n\n<h2 class=\"wp-block-heading\"><strong>T\u00e1mogat\u00f3:<\/strong><\/h2>\n\n\n\n<figure class=\"wp-block-image size-large is-resized\"><img loading=\"lazy\" decoding=\"async\" width=\"1024\" height=\"461\" src=\"https:\/\/buod.de\/wp-content\/uploads\/2024\/11\/Screenshot_20241115_131835_Drive-1024x461.jpg\" alt=\"\" class=\"wp-image-9575\" style=\"width:auto;height:200px\" srcset=\"https:\/\/buod.de\/wp-content\/uploads\/2024\/11\/Screenshot_20241115_131835_Drive-1024x461.jpg 1024w, https:\/\/buod.de\/wp-content\/uploads\/2024\/11\/Screenshot_20241115_131835_Drive-300x135.jpg 300w, https:\/\/buod.de\/wp-content\/uploads\/2024\/11\/Screenshot_20241115_131835_Drive-768x346.jpg 768w, https:\/\/buod.de\/wp-content\/uploads\/2024\/11\/Screenshot_20241115_131835_Drive-1536x691.jpg 1536w, https:\/\/buod.de\/wp-content\/uploads\/2024\/11\/Screenshot_20241115_131835_Drive-2048x922.jpg 2048w, https:\/\/buod.de\/wp-content\/uploads\/2024\/11\/Screenshot_20241115_131835_Drive-18x8.jpg 18w\" sizes=\"auto, (max-width: 1024px) 100vw, 1024px\" \/><\/figure>","protected":false},"excerpt":{"rendered":"<p>Milton Friedman (1912-2006) K\u00f6zgazdas\u00e1gi Nobel-d\u00edj a fogyaszt\u00e1selemz\u00e9shez, a p\u00e9nzt\u00f6rt\u00e9nethez \u00e9s -elm\u00e9lethez val\u00f3 hozz\u00e1j\u00e1rul\u00e1s\u00e1\u00e9rt, valamint a stabiliz\u00e1ci\u00f3s politika \u00f6sszetetts\u00e9g\u00e9nek bemutat\u00e1s\u00e1\u00e9rt, 1976 Milton Friedman a modern monetarizmus egyik legkiemelked\u0151bb alakja, akinek gazdas\u00e1gi elm\u00e9letei jelent\u0151sen befoly\u00e1solt\u00e1k a 20. sz\u00e1zad k\u00f6zep\u00e9nek gazdas\u00e1gpolitik\u00e1j\u00e1t. Munk\u00e1ss\u00e1g\u00e1nak k\u00f6z\u00e9ppontj\u00e1ban az infl\u00e1ci\u00f3 \u00e9s a p\u00e9nzk\u00edn\u00e1lat kapcsolata \u00e1llt, amely alapvet\u0151 reformokat hozott a makrogazdas\u00e1gi gondolkod\u00e1sban. Az [&hellip;]<\/p>\n","protected":false},"author":4,"featured_media":0,"parent":9240,"menu_order":0,"comment_status":"closed","ping_status":"closed","template":"","meta":{"footnotes":""},"class_list":["post-9252","page","type-page","status-publish","hentry"],"yoast_head":"<!-- This site is optimized with the Yoast SEO plugin v27.3 - https:\/\/yoast.com\/product\/yoast-seo-wordpress\/ -->\n<title>Milton Friedman - BUOD<\/title>\n<meta name=\"robots\" content=\"index, follow, max-snippet:-1, max-image-preview:large, max-video-preview:-1\" \/>\n<link rel=\"canonical\" href=\"https:\/\/buod.de\/de\/buod-naptar-2025\/milton-friedman\/\" \/>\n<meta property=\"og:locale\" content=\"de_DE\" \/>\n<meta property=\"og:type\" content=\"article\" \/>\n<meta property=\"og:title\" content=\"Milton Friedman - BUOD\" \/>\n<meta property=\"og:description\" content=\"Milton Friedman (1912-2006) K\u00f6zgazdas\u00e1gi Nobel-d\u00edj a fogyaszt\u00e1selemz\u00e9shez, a p\u00e9nzt\u00f6rt\u00e9nethez \u00e9s -elm\u00e9lethez val\u00f3 hozz\u00e1j\u00e1rul\u00e1s\u00e1\u00e9rt, valamint a stabiliz\u00e1ci\u00f3s politika \u00f6sszetetts\u00e9g\u00e9nek bemutat\u00e1s\u00e1\u00e9rt, 1976 Milton Friedman a modern monetarizmus egyik legkiemelked\u0151bb alakja, akinek gazdas\u00e1gi elm\u00e9letei jelent\u0151sen befoly\u00e1solt\u00e1k a 20. sz\u00e1zad k\u00f6zep\u00e9nek gazdas\u00e1gpolitik\u00e1j\u00e1t. Munk\u00e1ss\u00e1g\u00e1nak k\u00f6z\u00e9ppontj\u00e1ban az infl\u00e1ci\u00f3 \u00e9s a p\u00e9nzk\u00edn\u00e1lat kapcsolata \u00e1llt, amely alapvet\u0151 reformokat hozott a makrogazdas\u00e1gi gondolkod\u00e1sban. Az [&hellip;]\" \/>\n<meta property=\"og:url\" content=\"https:\/\/buod.de\/de\/buod-naptar-2025\/milton-friedman\/\" \/>\n<meta property=\"og:site_name\" content=\"BUOD\" \/>\n<meta property=\"article:publisher\" content=\"https:\/\/www.facebook.com\/profile.php?id=100082185652397\" \/>\n<meta property=\"article:modified_time\" content=\"2025-08-28T17:19:38+00:00\" \/>\n<meta property=\"og:image\" content=\"https:\/\/buod.de\/wp-content\/uploads\/2024\/11\/Screenshot_20241115_131233_Drive.jpg\" \/>\n\t<meta property=\"og:image:width\" content=\"941\" \/>\n\t<meta property=\"og:image:height\" content=\"1316\" \/>\n\t<meta property=\"og:image:type\" content=\"image\/jpeg\" \/>\n<meta name=\"twitter:card\" content=\"summary_large_image\" \/>\n<meta name=\"twitter:label1\" content=\"Est. reading time\" \/>\n\t<meta name=\"twitter:data1\" content=\"1 minute\" \/>\n<script type=\"application\/ld+json\" class=\"yoast-schema-graph\">{\"@context\":\"https:\\\/\\\/schema.org\",\"@graph\":[{\"@type\":\"WebPage\",\"@id\":\"https:\\\/\\\/buod.de\\\/buod-naptar-2025\\\/milton-friedman\\\/\",\"url\":\"https:\\\/\\\/buod.de\\\/buod-naptar-2025\\\/milton-friedman\\\/\",\"name\":\"Milton Friedman - BUOD\",\"isPartOf\":{\"@id\":\"https:\\\/\\\/buod.de\\\/#website\"},\"primaryImageOfPage\":{\"@id\":\"https:\\\/\\\/buod.de\\\/buod-naptar-2025\\\/milton-friedman\\\/#primaryimage\"},\"image\":{\"@id\":\"https:\\\/\\\/buod.de\\\/buod-naptar-2025\\\/milton-friedman\\\/#primaryimage\"},\"thumbnailUrl\":\"https:\\\/\\\/buod.de\\\/wp-content\\\/uploads\\\/2024\\\/11\\\/Screenshot_20241115_131233_Drive-732x1024.jpg\",\"datePublished\":\"2024-10-20T12:01:38+00:00\",\"dateModified\":\"2025-08-28T17:19:38+00:00\",\"breadcrumb\":{\"@id\":\"https:\\\/\\\/buod.de\\\/buod-naptar-2025\\\/milton-friedman\\\/#breadcrumb\"},\"inLanguage\":\"de-DE\",\"potentialAction\":[{\"@type\":\"ReadAction\",\"target\":[\"https:\\\/\\\/buod.de\\\/buod-naptar-2025\\\/milton-friedman\\\/\"]}]},{\"@type\":\"ImageObject\",\"inLanguage\":\"de-DE\",\"@id\":\"https:\\\/\\\/buod.de\\\/buod-naptar-2025\\\/milton-friedman\\\/#primaryimage\",\"url\":\"https:\\\/\\\/buod.de\\\/wp-content\\\/uploads\\\/2024\\\/11\\\/Screenshot_20241115_131233_Drive-732x1024.jpg\",\"contentUrl\":\"https:\\\/\\\/buod.de\\\/wp-content\\\/uploads\\\/2024\\\/11\\\/Screenshot_20241115_131233_Drive-732x1024.jpg\"},{\"@type\":\"BreadcrumbList\",\"@id\":\"https:\\\/\\\/buod.de\\\/buod-naptar-2025\\\/milton-friedman\\\/#breadcrumb\",\"itemListElement\":[{\"@type\":\"ListItem\",\"position\":1,\"name\":\"Kezd\u0151lap\",\"item\":\"https:\\\/\\\/buod.de\\\/\"},{\"@type\":\"ListItem\",\"position\":2,\"name\":\"BUOD napt\u00e1r 2025\",\"item\":\"https:\\\/\\\/buod.de\\\/buod-naptar-2025\\\/\"},{\"@type\":\"ListItem\",\"position\":3,\"name\":\"Milton Friedman\"}]},{\"@type\":\"WebSite\",\"@id\":\"https:\\\/\\\/buod.de\\\/#website\",\"url\":\"https:\\\/\\\/buod.de\\\/\",\"name\":\"BUOD\",\"description\":\"Bund Ungarischer Organisationen in Deutschland\",\"publisher\":{\"@id\":\"https:\\\/\\\/buod.de\\\/#organization\"},\"potentialAction\":[{\"@type\":\"SearchAction\",\"target\":{\"@type\":\"EntryPoint\",\"urlTemplate\":\"https:\\\/\\\/buod.de\\\/?s={search_term_string}\"},\"query-input\":{\"@type\":\"PropertyValueSpecification\",\"valueRequired\":true,\"valueName\":\"search_term_string\"}}],\"inLanguage\":\"de-DE\"},{\"@type\":\"Organization\",\"@id\":\"https:\\\/\\\/buod.de\\\/#organization\",\"name\":\"BUOD\",\"url\":\"https:\\\/\\\/buod.de\\\/\",\"logo\":{\"@type\":\"ImageObject\",\"inLanguage\":\"de-DE\",\"@id\":\"https:\\\/\\\/buod.de\\\/#\\\/schema\\\/logo\\\/image\\\/\",\"url\":\"https:\\\/\\\/buod.de\\\/wp-content\\\/uploads\\\/2024\\\/03\\\/BUOD-logo.png\",\"contentUrl\":\"https:\\\/\\\/buod.de\\\/wp-content\\\/uploads\\\/2024\\\/03\\\/BUOD-logo.png\",\"width\":586,\"height\":490,\"caption\":\"BUOD\"},\"image\":{\"@id\":\"https:\\\/\\\/buod.de\\\/#\\\/schema\\\/logo\\\/image\\\/\"},\"sameAs\":[\"https:\\\/\\\/www.facebook.com\\\/profile.php?id=100082185652397\"]}]}<\/script>\n<!-- \/ Yoast SEO plugin. -->","yoast_head_json":{"title":"Milton Friedman - BUOD","robots":{"index":"index","follow":"follow","max-snippet":"max-snippet:-1","max-image-preview":"max-image-preview:large","max-video-preview":"max-video-preview:-1"},"canonical":"https:\/\/buod.de\/de\/buod-naptar-2025\/milton-friedman\/","og_locale":"de_DE","og_type":"article","og_title":"Milton Friedman - BUOD","og_description":"Milton Friedman (1912-2006) K\u00f6zgazdas\u00e1gi Nobel-d\u00edj a fogyaszt\u00e1selemz\u00e9shez, a p\u00e9nzt\u00f6rt\u00e9nethez \u00e9s -elm\u00e9lethez val\u00f3 hozz\u00e1j\u00e1rul\u00e1s\u00e1\u00e9rt, valamint a stabiliz\u00e1ci\u00f3s politika \u00f6sszetetts\u00e9g\u00e9nek bemutat\u00e1s\u00e1\u00e9rt, 1976 Milton Friedman a modern monetarizmus egyik legkiemelked\u0151bb alakja, akinek gazdas\u00e1gi elm\u00e9letei jelent\u0151sen befoly\u00e1solt\u00e1k a 20. sz\u00e1zad k\u00f6zep\u00e9nek gazdas\u00e1gpolitik\u00e1j\u00e1t. Munk\u00e1ss\u00e1g\u00e1nak k\u00f6z\u00e9ppontj\u00e1ban az infl\u00e1ci\u00f3 \u00e9s a p\u00e9nzk\u00edn\u00e1lat kapcsolata \u00e1llt, amely alapvet\u0151 reformokat hozott a makrogazdas\u00e1gi gondolkod\u00e1sban. Az [&hellip;]","og_url":"https:\/\/buod.de\/de\/buod-naptar-2025\/milton-friedman\/","og_site_name":"BUOD","article_publisher":"https:\/\/www.facebook.com\/profile.php?id=100082185652397","article_modified_time":"2025-08-28T17:19:38+00:00","og_image":[{"width":941,"height":1316,"url":"https:\/\/buod.de\/wp-content\/uploads\/2024\/11\/Screenshot_20241115_131233_Drive.jpg","type":"image\/jpeg"}],"twitter_card":"summary_large_image","twitter_misc":{"Est. reading time":"1 minute"},"schema":{"@context":"https:\/\/schema.org","@graph":[{"@type":"WebPage","@id":"https:\/\/buod.de\/buod-naptar-2025\/milton-friedman\/","url":"https:\/\/buod.de\/buod-naptar-2025\/milton-friedman\/","name":"Milton Friedman - BUOD","isPartOf":{"@id":"https:\/\/buod.de\/#website"},"primaryImageOfPage":{"@id":"https:\/\/buod.de\/buod-naptar-2025\/milton-friedman\/#primaryimage"},"image":{"@id":"https:\/\/buod.de\/buod-naptar-2025\/milton-friedman\/#primaryimage"},"thumbnailUrl":"https:\/\/buod.de\/wp-content\/uploads\/2024\/11\/Screenshot_20241115_131233_Drive-732x1024.jpg","datePublished":"2024-10-20T12:01:38+00:00","dateModified":"2025-08-28T17:19:38+00:00","breadcrumb":{"@id":"https:\/\/buod.de\/buod-naptar-2025\/milton-friedman\/#breadcrumb"},"inLanguage":"de-DE","potentialAction":[{"@type":"ReadAction","target":["https:\/\/buod.de\/buod-naptar-2025\/milton-friedman\/"]}]},{"@type":"ImageObject","inLanguage":"de-DE","@id":"https:\/\/buod.de\/buod-naptar-2025\/milton-friedman\/#primaryimage","url":"https:\/\/buod.de\/wp-content\/uploads\/2024\/11\/Screenshot_20241115_131233_Drive-732x1024.jpg","contentUrl":"https:\/\/buod.de\/wp-content\/uploads\/2024\/11\/Screenshot_20241115_131233_Drive-732x1024.jpg"},{"@type":"BreadcrumbList","@id":"https:\/\/buod.de\/buod-naptar-2025\/milton-friedman\/#breadcrumb","itemListElement":[{"@type":"ListItem","position":1,"name":"Kezd\u0151lap","item":"https:\/\/buod.de\/"},{"@type":"ListItem","position":2,"name":"BUOD napt\u00e1r 2025","item":"https:\/\/buod.de\/buod-naptar-2025\/"},{"@type":"ListItem","position":3,"name":"Milton Friedman"}]},{"@type":"WebSite","@id":"https:\/\/buod.de\/#website","url":"https:\/\/buod.de\/","name":"BUOD","description":"Bund Ungarischer Organisationen in Deutschland","publisher":{"@id":"https:\/\/buod.de\/#organization"},"potentialAction":[{"@type":"SearchAction","target":{"@type":"EntryPoint","urlTemplate":"https:\/\/buod.de\/?s={search_term_string}"},"query-input":{"@type":"PropertyValueSpecification","valueRequired":true,"valueName":"search_term_string"}}],"inLanguage":"de-DE"},{"@type":"Organization","@id":"https:\/\/buod.de\/#organization","name":"BUOD","url":"https:\/\/buod.de\/","logo":{"@type":"ImageObject","inLanguage":"de-DE","@id":"https:\/\/buod.de\/#\/schema\/logo\/image\/","url":"https:\/\/buod.de\/wp-content\/uploads\/2024\/03\/BUOD-logo.png","contentUrl":"https:\/\/buod.de\/wp-content\/uploads\/2024\/03\/BUOD-logo.png","width":586,"height":490,"caption":"BUOD"},"image":{"@id":"https:\/\/buod.de\/#\/schema\/logo\/image\/"},"sameAs":["https:\/\/www.facebook.com\/profile.php?id=100082185652397"]}]}},"_links":{"self":[{"href":"https:\/\/buod.de\/de\/wp-json\/wp\/v2\/pages\/9252","targetHints":{"allow":["GET"]}}],"collection":[{"href":"https:\/\/buod.de\/de\/wp-json\/wp\/v2\/pages"}],"about":[{"href":"https:\/\/buod.de\/de\/wp-json\/wp\/v2\/types\/page"}],"author":[{"embeddable":true,"href":"https:\/\/buod.de\/de\/wp-json\/wp\/v2\/users\/4"}],"replies":[{"embeddable":true,"href":"https:\/\/buod.de\/de\/wp-json\/wp\/v2\/comments?post=9252"}],"version-history":[{"count":6,"href":"https:\/\/buod.de\/de\/wp-json\/wp\/v2\/pages\/9252\/revisions"}],"predecessor-version":[{"id":10649,"href":"https:\/\/buod.de\/de\/wp-json\/wp\/v2\/pages\/9252\/revisions\/10649"}],"up":[{"embeddable":true,"href":"https:\/\/buod.de\/de\/wp-json\/wp\/v2\/pages\/9240"}],"wp:attachment":[{"href":"https:\/\/buod.de\/de\/wp-json\/wp\/v2\/media?parent=9252"}],"curies":[{"name":"wp","href":"https:\/\/api.w.org\/{rel}","templated":true}]}}