{"id":9256,"date":"2024-10-20T14:02:31","date_gmt":"2024-10-20T12:02:31","guid":{"rendered":"https:\/\/buod.de\/?page_id=9256"},"modified":"2025-08-28T19:21:18","modified_gmt":"2025-08-28T17:21:18","slug":"wigner-jeno-pal","status":"publish","type":"page","link":"https:\/\/buod.de\/de\/buod-naptar-2025\/wigner-jeno-pal\/","title":{"rendered":"Wigner Jen\u0151 P\u00e1l"},"content":{"rendered":"<h2 class=\"wp-block-heading\"><strong>Wigner Jen\u0151 P\u00e1l<\/strong> (1902-1995)<\/h2>\n\n\n\n<h2 class=\"wp-block-heading\">(Eugene Paul &#8222;E. P.&#8221; Wigner)<\/h2>\n\n\n\n<figure class=\"wp-block-image size-large is-resized\"><img loading=\"lazy\" decoding=\"async\" width=\"732\" height=\"1024\" src=\"https:\/\/buod.de\/wp-content\/uploads\/2024\/11\/Screenshot_20241115_131248_Drive-732x1024.jpg\" alt=\"\" class=\"wp-image-9546\" style=\"width:auto;height:400px\" srcset=\"https:\/\/buod.de\/wp-content\/uploads\/2024\/11\/Screenshot_20241115_131248_Drive-732x1024.jpg 732w, https:\/\/buod.de\/wp-content\/uploads\/2024\/11\/Screenshot_20241115_131248_Drive-214x300.jpg 214w, https:\/\/buod.de\/wp-content\/uploads\/2024\/11\/Screenshot_20241115_131248_Drive-768x1074.jpg 768w, https:\/\/buod.de\/wp-content\/uploads\/2024\/11\/Screenshot_20241115_131248_Drive-9x12.jpg 9w, https:\/\/buod.de\/wp-content\/uploads\/2024\/11\/Screenshot_20241115_131248_Drive.jpg 945w\" sizes=\"auto, (max-width: 732px) 100vw, 732px\" \/><\/figure>\n\n\n\n<p>Fizikai Nobel-d\u00edj az&nbsp;atommagok&nbsp;\u00e9s az&nbsp;elemi r\u00e9szecsk\u00e9k&nbsp;elm\u00e9let\u00e9nek tov\u00e1bbfejleszt\u00e9s\u00e9\u00e9rt, k\u00fcl\u00f6n\u00f6s tekintettel az alapvet\u0151 szimmetriaelvek&nbsp;felfedez\u00e9s\u00e9\u00e9rt \u00e9s alkalmaz\u00e1s\u00e1\u00e9rt, 1963<\/p>\n\n\n\n<p>Wigner Jen\u0151 a kvantummechanika \u00e9s az atommagfizika ter\u00fclet\u00e9n v\u00e9gzett \u00fatt\u00f6r\u0151 munk\u00e1ja r\u00e9v\u00e9n kapta a Nobel-d\u00edjat. K\u00fcl\u00f6n\u00f6sen jelent\u0151s szerepet j\u00e1tszott az atomenergia b\u00e9k\u00e9s felhaszn\u00e1l\u00e1s\u00e1nak kifejleszt\u00e9s\u00e9ben. Elm\u00e9leti fizikai kutat\u00e1sai a szimmetri\u00e1k \u00e9s a konzerv\u00e1ci\u00f3s t\u00f6rv\u00e9nyek kapcsolat\u00e1ban is jelent\u0151sek.<\/p>\n\n\n\n<figure class=\"wp-block-image size-full is-resized\"><img loading=\"lazy\" decoding=\"async\" width=\"501\" height=\"498\" src=\"https:\/\/buod.de\/wp-content\/uploads\/2024\/11\/Kemiai-removebg-preview.png\" alt=\"\" class=\"wp-image-9571\" style=\"width:auto;height:200px\" srcset=\"https:\/\/buod.de\/wp-content\/uploads\/2024\/11\/Kemiai-removebg-preview.png 501w, https:\/\/buod.de\/wp-content\/uploads\/2024\/11\/Kemiai-removebg-preview-300x298.png 300w, https:\/\/buod.de\/wp-content\/uploads\/2024\/11\/Kemiai-removebg-preview-150x150.png 150w, https:\/\/buod.de\/wp-content\/uploads\/2024\/11\/Kemiai-removebg-preview-12x12.png 12w\" sizes=\"auto, (max-width: 501px) 100vw, 501px\" \/><\/figure>\n\n\n\n<h2 class=\"wp-block-heading\"><strong>Deutsch:<\/strong><\/h2>\n\n\n\n<p>Nobelpreis f\u00fcr Physik, 1963<\/p>\n\n\n\n<p>Eugene Wigner wurde f\u00fcr seine Pionierarbeit auf dem Gebiet der Quantenmechanik und der Kernphysik mit dem Nobelpreis ausgezeichnet. Er spielte eine bedeutende Rolle bei der Entwicklung der friedlichen Nutzung der Atomenergie. Seine theoretischen Forschungen \u00fcber Symmetrien und Erhaltungsgesetze sind ebenfalls<br>von gro\u00dfer Bedeutung.<\/p>\n\n\n\n<figure class=\"wp-block-gallery has-nested-images columns-default is-cropped wp-block-gallery-1 is-layout-flex wp-block-gallery-is-layout-flex\">\n<figure class=\"wp-block-image size-full\"><img loading=\"lazy\" decoding=\"async\" width=\"564\" height=\"442\" data-id=\"9502\" src=\"https:\/\/buod.de\/wp-content\/uploads\/2024\/11\/Lechner_odon_minta.png\" alt=\"\" class=\"wp-image-9502\" srcset=\"https:\/\/buod.de\/wp-content\/uploads\/2024\/11\/Lechner_odon_minta.png 564w, https:\/\/buod.de\/wp-content\/uploads\/2024\/11\/Lechner_odon_minta-300x235.png 300w, https:\/\/buod.de\/wp-content\/uploads\/2024\/11\/Lechner_odon_minta-15x12.png 15w\" sizes=\"auto, (max-width: 564px) 100vw, 564px\" \/><\/figure>\n<\/figure>\n\n\n\n<h2 class=\"wp-block-heading\"><strong>A BUOD 2025-\u00f6s falinapt\u00e1rj\u00e1ban szerepl\u0151 tov\u00e1bbi Nobel-d\u00edjasok:<\/strong><\/h2>\n\n\n\n<figure class=\"wp-block-embed is-type-wp-embed is-provider-buod wp-block-embed-buod\"><div class=\"wp-block-embed__wrapper\">\n<blockquote class=\"wp-embedded-content\" data-secret=\"m9f0DZBseH\"><a href=\"https:\/\/buod.de\/de\/buod-naptar-2025\/\">BUOD napt\u00e1r 2025<\/a><\/blockquote><iframe loading=\"lazy\" class=\"wp-embedded-content\" sandbox=\"allow-scripts\" security=\"restricted\" style=\"position: absolute; visibility: hidden;\" title=\"&#8220;BUOD napt\u00e1r 2025&#8221; &#8212; BUOD\" src=\"https:\/\/buod.de\/buod-naptar-2025\/embed\/#?secret=Gj57f4QCVL#?secret=m9f0DZBseH\" data-secret=\"m9f0DZBseH\" width=\"500\" height=\"282\" frameborder=\"0\" marginwidth=\"0\" marginheight=\"0\" scrolling=\"no\"><\/iframe>\n<\/div><\/figure>\n\n\n\n<h2 class=\"wp-block-heading\"><strong>T\u00e1mogat\u00f3:<\/strong><\/h2>\n\n\n\n<figure class=\"wp-block-image size-large\"><img loading=\"lazy\" decoding=\"async\" width=\"1024\" height=\"461\" src=\"https:\/\/buod.de\/wp-content\/uploads\/2024\/11\/Screenshot_20241115_131835_Drive-1024x461.jpg\" alt=\"\" class=\"wp-image-9575\" srcset=\"https:\/\/buod.de\/wp-content\/uploads\/2024\/11\/Screenshot_20241115_131835_Drive-1024x461.jpg 1024w, https:\/\/buod.de\/wp-content\/uploads\/2024\/11\/Screenshot_20241115_131835_Drive-300x135.jpg 300w, https:\/\/buod.de\/wp-content\/uploads\/2024\/11\/Screenshot_20241115_131835_Drive-768x346.jpg 768w, https:\/\/buod.de\/wp-content\/uploads\/2024\/11\/Screenshot_20241115_131835_Drive-1536x691.jpg 1536w, https:\/\/buod.de\/wp-content\/uploads\/2024\/11\/Screenshot_20241115_131835_Drive-2048x922.jpg 2048w, https:\/\/buod.de\/wp-content\/uploads\/2024\/11\/Screenshot_20241115_131835_Drive-18x8.jpg 18w\" sizes=\"auto, (max-width: 1024px) 100vw, 1024px\" \/><\/figure>","protected":false},"excerpt":{"rendered":"<p>Wigner Jen\u0151 P\u00e1l (1902-1995) (Eugene Paul &#8222;E. P.&#8221; Wigner) Fizikai Nobel-d\u00edj az&nbsp;atommagok&nbsp;\u00e9s az&nbsp;elemi r\u00e9szecsk\u00e9k&nbsp;elm\u00e9let\u00e9nek tov\u00e1bbfejleszt\u00e9s\u00e9\u00e9rt, k\u00fcl\u00f6n\u00f6s tekintettel az alapvet\u0151 szimmetriaelvek&nbsp;felfedez\u00e9s\u00e9\u00e9rt \u00e9s alkalmaz\u00e1s\u00e1\u00e9rt, 1963 Wigner Jen\u0151 a kvantummechanika \u00e9s az atommagfizika ter\u00fclet\u00e9n v\u00e9gzett \u00fatt\u00f6r\u0151 munk\u00e1ja r\u00e9v\u00e9n kapta a Nobel-d\u00edjat. K\u00fcl\u00f6n\u00f6sen jelent\u0151s szerepet j\u00e1tszott az atomenergia b\u00e9k\u00e9s felhaszn\u00e1l\u00e1s\u00e1nak kifejleszt\u00e9s\u00e9ben. Elm\u00e9leti fizikai kutat\u00e1sai a szimmetri\u00e1k \u00e9s a konzerv\u00e1ci\u00f3s [&hellip;]<\/p>\n","protected":false},"author":4,"featured_media":0,"parent":9240,"menu_order":0,"comment_status":"closed","ping_status":"closed","template":"","meta":{"footnotes":""},"class_list":["post-9256","page","type-page","status-publish","hentry"],"yoast_head":"<!-- This site is optimized with the Yoast SEO plugin v27.3 - https:\/\/yoast.com\/product\/yoast-seo-wordpress\/ -->\n<title>Wigner Jen\u0151 P\u00e1l - BUOD<\/title>\n<meta name=\"robots\" content=\"index, follow, max-snippet:-1, max-image-preview:large, max-video-preview:-1\" \/>\n<link rel=\"canonical\" href=\"https:\/\/buod.de\/de\/buod-naptar-2025\/wigner-jeno-pal\/\" \/>\n<meta property=\"og:locale\" content=\"de_DE\" \/>\n<meta property=\"og:type\" content=\"article\" \/>\n<meta property=\"og:title\" content=\"Wigner Jen\u0151 P\u00e1l - BUOD\" \/>\n<meta property=\"og:description\" content=\"Wigner Jen\u0151 P\u00e1l (1902-1995) (Eugene Paul &#8222;E. P.&#8221; Wigner) Fizikai Nobel-d\u00edj az&nbsp;atommagok&nbsp;\u00e9s az&nbsp;elemi r\u00e9szecsk\u00e9k&nbsp;elm\u00e9let\u00e9nek tov\u00e1bbfejleszt\u00e9s\u00e9\u00e9rt, k\u00fcl\u00f6n\u00f6s tekintettel az alapvet\u0151 szimmetriaelvek&nbsp;felfedez\u00e9s\u00e9\u00e9rt \u00e9s alkalmaz\u00e1s\u00e1\u00e9rt, 1963 Wigner Jen\u0151 a kvantummechanika \u00e9s az atommagfizika ter\u00fclet\u00e9n v\u00e9gzett \u00fatt\u00f6r\u0151 munk\u00e1ja r\u00e9v\u00e9n kapta a Nobel-d\u00edjat. K\u00fcl\u00f6n\u00f6sen jelent\u0151s szerepet j\u00e1tszott az atomenergia b\u00e9k\u00e9s felhaszn\u00e1l\u00e1s\u00e1nak kifejleszt\u00e9s\u00e9ben. Elm\u00e9leti fizikai kutat\u00e1sai a szimmetri\u00e1k \u00e9s a konzerv\u00e1ci\u00f3s [&hellip;]\" \/>\n<meta property=\"og:url\" content=\"https:\/\/buod.de\/de\/buod-naptar-2025\/wigner-jeno-pal\/\" \/>\n<meta property=\"og:site_name\" content=\"BUOD\" \/>\n<meta property=\"article:publisher\" content=\"https:\/\/www.facebook.com\/profile.php?id=100082185652397\" \/>\n<meta property=\"article:modified_time\" content=\"2025-08-28T17:21:18+00:00\" \/>\n<meta property=\"og:image\" content=\"https:\/\/buod.de\/wp-content\/uploads\/2024\/11\/Screenshot_20241115_131248_Drive.jpg\" \/>\n\t<meta property=\"og:image:width\" content=\"945\" \/>\n\t<meta property=\"og:image:height\" content=\"1322\" \/>\n\t<meta property=\"og:image:type\" content=\"image\/jpeg\" \/>\n<meta name=\"twitter:card\" content=\"summary_large_image\" \/>\n<meta name=\"twitter:label1\" content=\"Est. reading time\" \/>\n\t<meta name=\"twitter:data1\" content=\"1 minute\" \/>\n<script type=\"application\/ld+json\" class=\"yoast-schema-graph\">{\"@context\":\"https:\\\/\\\/schema.org\",\"@graph\":[{\"@type\":\"WebPage\",\"@id\":\"https:\\\/\\\/buod.de\\\/buod-naptar-2025\\\/wigner-jeno-pal\\\/\",\"url\":\"https:\\\/\\\/buod.de\\\/buod-naptar-2025\\\/wigner-jeno-pal\\\/\",\"name\":\"Wigner Jen\u0151 P\u00e1l - BUOD\",\"isPartOf\":{\"@id\":\"https:\\\/\\\/buod.de\\\/#website\"},\"primaryImageOfPage\":{\"@id\":\"https:\\\/\\\/buod.de\\\/buod-naptar-2025\\\/wigner-jeno-pal\\\/#primaryimage\"},\"image\":{\"@id\":\"https:\\\/\\\/buod.de\\\/buod-naptar-2025\\\/wigner-jeno-pal\\\/#primaryimage\"},\"thumbnailUrl\":\"https:\\\/\\\/buod.de\\\/wp-content\\\/uploads\\\/2024\\\/11\\\/Screenshot_20241115_131248_Drive-732x1024.jpg\",\"datePublished\":\"2024-10-20T12:02:31+00:00\",\"dateModified\":\"2025-08-28T17:21:18+00:00\",\"breadcrumb\":{\"@id\":\"https:\\\/\\\/buod.de\\\/buod-naptar-2025\\\/wigner-jeno-pal\\\/#breadcrumb\"},\"inLanguage\":\"de-DE\",\"potentialAction\":[{\"@type\":\"ReadAction\",\"target\":[\"https:\\\/\\\/buod.de\\\/buod-naptar-2025\\\/wigner-jeno-pal\\\/\"]}]},{\"@type\":\"ImageObject\",\"inLanguage\":\"de-DE\",\"@id\":\"https:\\\/\\\/buod.de\\\/buod-naptar-2025\\\/wigner-jeno-pal\\\/#primaryimage\",\"url\":\"https:\\\/\\\/buod.de\\\/wp-content\\\/uploads\\\/2024\\\/11\\\/Screenshot_20241115_131248_Drive-732x1024.jpg\",\"contentUrl\":\"https:\\\/\\\/buod.de\\\/wp-content\\\/uploads\\\/2024\\\/11\\\/Screenshot_20241115_131248_Drive-732x1024.jpg\"},{\"@type\":\"BreadcrumbList\",\"@id\":\"https:\\\/\\\/buod.de\\\/buod-naptar-2025\\\/wigner-jeno-pal\\\/#breadcrumb\",\"itemListElement\":[{\"@type\":\"ListItem\",\"position\":1,\"name\":\"Kezd\u0151lap\",\"item\":\"https:\\\/\\\/buod.de\\\/\"},{\"@type\":\"ListItem\",\"position\":2,\"name\":\"BUOD napt\u00e1r 2025\",\"item\":\"https:\\\/\\\/buod.de\\\/buod-naptar-2025\\\/\"},{\"@type\":\"ListItem\",\"position\":3,\"name\":\"Wigner Jen\u0151 P\u00e1l\"}]},{\"@type\":\"WebSite\",\"@id\":\"https:\\\/\\\/buod.de\\\/#website\",\"url\":\"https:\\\/\\\/buod.de\\\/\",\"name\":\"BUOD\",\"description\":\"Bund Ungarischer Organisationen in Deutschland\",\"publisher\":{\"@id\":\"https:\\\/\\\/buod.de\\\/#organization\"},\"potentialAction\":[{\"@type\":\"SearchAction\",\"target\":{\"@type\":\"EntryPoint\",\"urlTemplate\":\"https:\\\/\\\/buod.de\\\/?s={search_term_string}\"},\"query-input\":{\"@type\":\"PropertyValueSpecification\",\"valueRequired\":true,\"valueName\":\"search_term_string\"}}],\"inLanguage\":\"de-DE\"},{\"@type\":\"Organization\",\"@id\":\"https:\\\/\\\/buod.de\\\/#organization\",\"name\":\"BUOD\",\"url\":\"https:\\\/\\\/buod.de\\\/\",\"logo\":{\"@type\":\"ImageObject\",\"inLanguage\":\"de-DE\",\"@id\":\"https:\\\/\\\/buod.de\\\/#\\\/schema\\\/logo\\\/image\\\/\",\"url\":\"https:\\\/\\\/buod.de\\\/wp-content\\\/uploads\\\/2024\\\/03\\\/BUOD-logo.png\",\"contentUrl\":\"https:\\\/\\\/buod.de\\\/wp-content\\\/uploads\\\/2024\\\/03\\\/BUOD-logo.png\",\"width\":586,\"height\":490,\"caption\":\"BUOD\"},\"image\":{\"@id\":\"https:\\\/\\\/buod.de\\\/#\\\/schema\\\/logo\\\/image\\\/\"},\"sameAs\":[\"https:\\\/\\\/www.facebook.com\\\/profile.php?id=100082185652397\"]}]}<\/script>\n<!-- \/ Yoast SEO plugin. -->","yoast_head_json":{"title":"Wigner Jen\u0151 P\u00e1l - BUOD","robots":{"index":"index","follow":"follow","max-snippet":"max-snippet:-1","max-image-preview":"max-image-preview:large","max-video-preview":"max-video-preview:-1"},"canonical":"https:\/\/buod.de\/de\/buod-naptar-2025\/wigner-jeno-pal\/","og_locale":"de_DE","og_type":"article","og_title":"Wigner Jen\u0151 P\u00e1l - BUOD","og_description":"Wigner Jen\u0151 P\u00e1l (1902-1995) (Eugene Paul &#8222;E. P.&#8221; Wigner) Fizikai Nobel-d\u00edj az&nbsp;atommagok&nbsp;\u00e9s az&nbsp;elemi r\u00e9szecsk\u00e9k&nbsp;elm\u00e9let\u00e9nek tov\u00e1bbfejleszt\u00e9s\u00e9\u00e9rt, k\u00fcl\u00f6n\u00f6s tekintettel az alapvet\u0151 szimmetriaelvek&nbsp;felfedez\u00e9s\u00e9\u00e9rt \u00e9s alkalmaz\u00e1s\u00e1\u00e9rt, 1963 Wigner Jen\u0151 a kvantummechanika \u00e9s az atommagfizika ter\u00fclet\u00e9n v\u00e9gzett \u00fatt\u00f6r\u0151 munk\u00e1ja r\u00e9v\u00e9n kapta a Nobel-d\u00edjat. K\u00fcl\u00f6n\u00f6sen jelent\u0151s szerepet j\u00e1tszott az atomenergia b\u00e9k\u00e9s felhaszn\u00e1l\u00e1s\u00e1nak kifejleszt\u00e9s\u00e9ben. Elm\u00e9leti fizikai kutat\u00e1sai a szimmetri\u00e1k \u00e9s a konzerv\u00e1ci\u00f3s [&hellip;]","og_url":"https:\/\/buod.de\/de\/buod-naptar-2025\/wigner-jeno-pal\/","og_site_name":"BUOD","article_publisher":"https:\/\/www.facebook.com\/profile.php?id=100082185652397","article_modified_time":"2025-08-28T17:21:18+00:00","og_image":[{"width":945,"height":1322,"url":"https:\/\/buod.de\/wp-content\/uploads\/2024\/11\/Screenshot_20241115_131248_Drive.jpg","type":"image\/jpeg"}],"twitter_card":"summary_large_image","twitter_misc":{"Est. reading time":"1 minute"},"schema":{"@context":"https:\/\/schema.org","@graph":[{"@type":"WebPage","@id":"https:\/\/buod.de\/buod-naptar-2025\/wigner-jeno-pal\/","url":"https:\/\/buod.de\/buod-naptar-2025\/wigner-jeno-pal\/","name":"Wigner Jen\u0151 P\u00e1l - BUOD","isPartOf":{"@id":"https:\/\/buod.de\/#website"},"primaryImageOfPage":{"@id":"https:\/\/buod.de\/buod-naptar-2025\/wigner-jeno-pal\/#primaryimage"},"image":{"@id":"https:\/\/buod.de\/buod-naptar-2025\/wigner-jeno-pal\/#primaryimage"},"thumbnailUrl":"https:\/\/buod.de\/wp-content\/uploads\/2024\/11\/Screenshot_20241115_131248_Drive-732x1024.jpg","datePublished":"2024-10-20T12:02:31+00:00","dateModified":"2025-08-28T17:21:18+00:00","breadcrumb":{"@id":"https:\/\/buod.de\/buod-naptar-2025\/wigner-jeno-pal\/#breadcrumb"},"inLanguage":"de-DE","potentialAction":[{"@type":"ReadAction","target":["https:\/\/buod.de\/buod-naptar-2025\/wigner-jeno-pal\/"]}]},{"@type":"ImageObject","inLanguage":"de-DE","@id":"https:\/\/buod.de\/buod-naptar-2025\/wigner-jeno-pal\/#primaryimage","url":"https:\/\/buod.de\/wp-content\/uploads\/2024\/11\/Screenshot_20241115_131248_Drive-732x1024.jpg","contentUrl":"https:\/\/buod.de\/wp-content\/uploads\/2024\/11\/Screenshot_20241115_131248_Drive-732x1024.jpg"},{"@type":"BreadcrumbList","@id":"https:\/\/buod.de\/buod-naptar-2025\/wigner-jeno-pal\/#breadcrumb","itemListElement":[{"@type":"ListItem","position":1,"name":"Kezd\u0151lap","item":"https:\/\/buod.de\/"},{"@type":"ListItem","position":2,"name":"BUOD napt\u00e1r 2025","item":"https:\/\/buod.de\/buod-naptar-2025\/"},{"@type":"ListItem","position":3,"name":"Wigner Jen\u0151 P\u00e1l"}]},{"@type":"WebSite","@id":"https:\/\/buod.de\/#website","url":"https:\/\/buod.de\/","name":"BUOD","description":"Bund Ungarischer Organisationen in Deutschland","publisher":{"@id":"https:\/\/buod.de\/#organization"},"potentialAction":[{"@type":"SearchAction","target":{"@type":"EntryPoint","urlTemplate":"https:\/\/buod.de\/?s={search_term_string}"},"query-input":{"@type":"PropertyValueSpecification","valueRequired":true,"valueName":"search_term_string"}}],"inLanguage":"de-DE"},{"@type":"Organization","@id":"https:\/\/buod.de\/#organization","name":"BUOD","url":"https:\/\/buod.de\/","logo":{"@type":"ImageObject","inLanguage":"de-DE","@id":"https:\/\/buod.de\/#\/schema\/logo\/image\/","url":"https:\/\/buod.de\/wp-content\/uploads\/2024\/03\/BUOD-logo.png","contentUrl":"https:\/\/buod.de\/wp-content\/uploads\/2024\/03\/BUOD-logo.png","width":586,"height":490,"caption":"BUOD"},"image":{"@id":"https:\/\/buod.de\/#\/schema\/logo\/image\/"},"sameAs":["https:\/\/www.facebook.com\/profile.php?id=100082185652397"]}]}},"_links":{"self":[{"href":"https:\/\/buod.de\/de\/wp-json\/wp\/v2\/pages\/9256","targetHints":{"allow":["GET"]}}],"collection":[{"href":"https:\/\/buod.de\/de\/wp-json\/wp\/v2\/pages"}],"about":[{"href":"https:\/\/buod.de\/de\/wp-json\/wp\/v2\/types\/page"}],"author":[{"embeddable":true,"href":"https:\/\/buod.de\/de\/wp-json\/wp\/v2\/users\/4"}],"replies":[{"embeddable":true,"href":"https:\/\/buod.de\/de\/wp-json\/wp\/v2\/comments?post=9256"}],"version-history":[{"count":6,"href":"https:\/\/buod.de\/de\/wp-json\/wp\/v2\/pages\/9256\/revisions"}],"predecessor-version":[{"id":10651,"href":"https:\/\/buod.de\/de\/wp-json\/wp\/v2\/pages\/9256\/revisions\/10651"}],"up":[{"embeddable":true,"href":"https:\/\/buod.de\/de\/wp-json\/wp\/v2\/pages\/9240"}],"wp:attachment":[{"href":"https:\/\/buod.de\/de\/wp-json\/wp\/v2\/media?parent=9256"}],"curies":[{"name":"wp","href":"https:\/\/api.w.org\/{rel}","templated":true}]}}