{"id":9258,"date":"2024-10-20T14:02:57","date_gmt":"2024-10-20T12:02:57","guid":{"rendered":"https:\/\/buod.de\/?page_id=9258"},"modified":"2025-08-28T17:49:38","modified_gmt":"2025-08-28T15:49:38","slug":"bekesy-gyorgy","status":"publish","type":"page","link":"https:\/\/buod.de\/de\/buod-naptar-2025\/bekesy-gyorgy\/","title":{"rendered":"B\u00e9k\u00e9sy Gy\u00f6rgy"},"content":{"rendered":"<h2 class=\"wp-block-heading\"><strong>B\u00e9k\u00e9sy Gy\u00f6rgy<\/strong> (1899-1972)<\/h2>\n\n\n\n<h2 class=\"wp-block-heading\">(Georg von B\u00e9k\u00e9sy)<\/h2>\n\n\n\n<figure class=\"wp-block-image size-large is-resized\"><img loading=\"lazy\" decoding=\"async\" width=\"732\" height=\"1024\" src=\"https:\/\/buod.de\/wp-content\/uploads\/2024\/11\/Screenshot_20241115_131254_Drive-732x1024.jpg\" alt=\"\" class=\"wp-image-9530\" style=\"width:auto;height:400px\" srcset=\"https:\/\/buod.de\/wp-content\/uploads\/2024\/11\/Screenshot_20241115_131254_Drive-732x1024.jpg 732w, https:\/\/buod.de\/wp-content\/uploads\/2024\/11\/Screenshot_20241115_131254_Drive-214x300.jpg 214w, https:\/\/buod.de\/wp-content\/uploads\/2024\/11\/Screenshot_20241115_131254_Drive-768x1075.jpg 768w, https:\/\/buod.de\/wp-content\/uploads\/2024\/11\/Screenshot_20241115_131254_Drive-9x12.jpg 9w, https:\/\/buod.de\/wp-content\/uploads\/2024\/11\/Screenshot_20241115_131254_Drive.jpg 944w\" sizes=\"auto, (max-width: 732px) 100vw, 732px\" \/><\/figure>\n\n\n\n<p>Fiziol\u00f3giai \u00e9s orvostudom\u00e1nyi Nobel-d\u00edj a bels\u0151&nbsp;f\u00fcl, a csiga ingerl\u00e9s\u00e9nek fizikai mechanizmus\u00e1val kapcsolatos felfedez\u00e9sei\u00e9rt, 1961<\/p>\n\n\n\n<p>B\u00e9k\u00e9sy Gy\u00f6rgy kutat\u00e1sai a hall\u00e1s mechanizmus\u00e1nak l meg\u00e9rt\u00e9s\u00e9hez vezettek, \u00e9s felfedez\u00e9sei\u00e9rt kapott Nobel-d\u00edjat. K\u00fcl\u00f6n\u00f6sen a bels\u0151 f\u00fcl, a csiga m\u0171k\u00f6d\u00e9s\u00e9nek tanulm\u00e1nyoz\u00e1sa hozta meg neki az elismer\u00e9st. Munk\u00e1ss\u00e1ga alapvet\u0151 fontoss\u00e1g\u00fa a hall\u00e1sk\u00e1rosultak seg\u00edt\u00e9s\u00e9ben.<\/p>\n\n\n\n<h2 class=\"wp-block-heading\">Helyreigaz\u00edt\u00e1s a napt\u00e1r sajt\u00f3hib\u00e1ja miatt<\/h2>\n\n\n\n<p>A napt\u00e1r jav\u00edtott v\u00e1ltozata let\u00f6lthet\u0151 az al\u00e1bbi linkre kattintva:<\/p>\n\n\n\n<div data-wp-interactive=\"core\/file\" class=\"wp-block-file\"><object data-wp-bind--hidden=\"!state.hasPdfPreview\" hidden class=\"wp-block-file__embed\" data=\"https:\/\/buod.de\/wp-content\/uploads\/2025\/08\/BUOD_naptar_2025_10_korrekcio.pdf\" type=\"application\/pdf\" style=\"width:100%;height:600px\" aria-label=\"Embed of BUOD_naptar_2025_10_korrekcio.\"><\/object><a id=\"wp-block-file--media-6c0dbaf0-37c5-4868-b84a-a9d530f942ca\" href=\"https:\/\/buod.de\/wp-content\/uploads\/2025\/08\/BUOD_naptar_2025_10_korrekcio.pdf\">BUOD_naptar_2025_10_korrekcio<\/a><a href=\"https:\/\/buod.de\/wp-content\/uploads\/2025\/08\/BUOD_naptar_2025_10_korrekcio.pdf\" class=\"wp-block-file__button wp-element-button\" download aria-describedby=\"wp-block-file--media-6c0dbaf0-37c5-4868-b84a-a9d530f942ca\">Herunterladen<\/a><\/div>\n\n\n\n<figure class=\"wp-block-image size-full is-resized\"><img loading=\"lazy\" decoding=\"async\" width=\"500\" height=\"500\" src=\"https:\/\/buod.de\/wp-content\/uploads\/2024\/11\/fizikai_nobel_dij_medal.png\" alt=\"\" class=\"wp-image-9492\" style=\"width:auto;height:200px\" srcset=\"https:\/\/buod.de\/wp-content\/uploads\/2024\/11\/fizikai_nobel_dij_medal.png 500w, https:\/\/buod.de\/wp-content\/uploads\/2024\/11\/fizikai_nobel_dij_medal-300x300.png 300w, https:\/\/buod.de\/wp-content\/uploads\/2024\/11\/fizikai_nobel_dij_medal-150x150.png 150w, https:\/\/buod.de\/wp-content\/uploads\/2024\/11\/fizikai_nobel_dij_medal-12x12.png 12w\" sizes=\"auto, (max-width: 500px) 100vw, 500px\" \/><\/figure>\n\n\n\n<h2 class=\"wp-block-heading\"><strong>Deutsch:<\/strong><\/h2>\n\n\n\n<p>Nobelpreis f\u00fcr Physiologie oder Medizin, 1961<\/p>\n\n\n\n<p>Georg von B\u00e9k\u00e9sy\u2019s Forschungen f\u00fchrten zum Verst\u00e4ndnis des H\u00f6rmechanismus, wof\u00fcr er den Nobelpreis erhielt. Besonders die Untersuchung der Funktionsweise der Cochlea im Innenohr brachte ihm Anerkennung. Seine Arbeit ist von grundlegender Bedeutung f\u00fcr die Unterst\u00fctzung von Menschen mit H\u00f6rsch\u00e4den.<\/p>\n\n\n\n<figure class=\"wp-block-gallery has-nested-images columns-default is-cropped wp-block-gallery-1 is-layout-flex wp-block-gallery-is-layout-flex\">\n<figure class=\"wp-block-image size-full\"><img loading=\"lazy\" decoding=\"async\" width=\"564\" height=\"442\" data-id=\"9502\" src=\"https:\/\/buod.de\/wp-content\/uploads\/2024\/11\/Lechner_odon_minta.png\" alt=\"\" class=\"wp-image-9502\" srcset=\"https:\/\/buod.de\/wp-content\/uploads\/2024\/11\/Lechner_odon_minta.png 564w, https:\/\/buod.de\/wp-content\/uploads\/2024\/11\/Lechner_odon_minta-300x235.png 300w, https:\/\/buod.de\/wp-content\/uploads\/2024\/11\/Lechner_odon_minta-15x12.png 15w\" sizes=\"auto, (max-width: 564px) 100vw, 564px\" \/><\/figure>\n<\/figure>\n\n\n\n<h2 class=\"wp-block-heading\"><strong>A BUOD 2025-\u00f6s falinapt\u00e1rj\u00e1ban szerepl\u0151 tov\u00e1bbi Nobel-d\u00edjasok:<\/strong><\/h2>\n\n\n\n<figure class=\"wp-block-embed is-type-wp-embed is-provider-buod wp-block-embed-buod\"><div class=\"wp-block-embed__wrapper\">\n<blockquote class=\"wp-embedded-content\" data-secret=\"DkKx3eG6Jc\"><a href=\"https:\/\/buod.de\/de\/buod-naptar-2025\/\">BUOD napt\u00e1r 2025<\/a><\/blockquote><iframe loading=\"lazy\" class=\"wp-embedded-content\" sandbox=\"allow-scripts\" security=\"restricted\" style=\"position: absolute; visibility: hidden;\" title=\"&#8220;BUOD napt\u00e1r 2025&#8221; &#8212; BUOD\" src=\"https:\/\/buod.de\/buod-naptar-2025\/embed\/#?secret=dqs0Flam04#?secret=DkKx3eG6Jc\" data-secret=\"DkKx3eG6Jc\" width=\"500\" height=\"282\" frameborder=\"0\" marginwidth=\"0\" marginheight=\"0\" scrolling=\"no\"><\/iframe>\n<\/div><\/figure>\n\n\n\n<h2 class=\"wp-block-heading\"><strong>T\u00e1mogat\u00f3:<\/strong><\/h2>\n\n\n\n<figure class=\"wp-block-image size-large\"><img loading=\"lazy\" decoding=\"async\" width=\"1024\" height=\"461\" src=\"https:\/\/buod.de\/wp-content\/uploads\/2024\/11\/Screenshot_20241115_131835_Drive-1024x461.jpg\" alt=\"\" class=\"wp-image-9575\" srcset=\"https:\/\/buod.de\/wp-content\/uploads\/2024\/11\/Screenshot_20241115_131835_Drive-1024x461.jpg 1024w, https:\/\/buod.de\/wp-content\/uploads\/2024\/11\/Screenshot_20241115_131835_Drive-300x135.jpg 300w, https:\/\/buod.de\/wp-content\/uploads\/2024\/11\/Screenshot_20241115_131835_Drive-768x346.jpg 768w, https:\/\/buod.de\/wp-content\/uploads\/2024\/11\/Screenshot_20241115_131835_Drive-1536x691.jpg 1536w, https:\/\/buod.de\/wp-content\/uploads\/2024\/11\/Screenshot_20241115_131835_Drive-2048x922.jpg 2048w, https:\/\/buod.de\/wp-content\/uploads\/2024\/11\/Screenshot_20241115_131835_Drive-18x8.jpg 18w\" sizes=\"auto, (max-width: 1024px) 100vw, 1024px\" \/><\/figure>","protected":false},"excerpt":{"rendered":"<p>B\u00e9k\u00e9sy Gy\u00f6rgy (1899-1972) (Georg von B\u00e9k\u00e9sy) Fiziol\u00f3giai \u00e9s orvostudom\u00e1nyi Nobel-d\u00edj a bels\u0151&nbsp;f\u00fcl, a csiga ingerl\u00e9s\u00e9nek fizikai mechanizmus\u00e1val kapcsolatos felfedez\u00e9sei\u00e9rt, 1961 B\u00e9k\u00e9sy Gy\u00f6rgy kutat\u00e1sai a hall\u00e1s mechanizmus\u00e1nak l meg\u00e9rt\u00e9s\u00e9hez vezettek, \u00e9s felfedez\u00e9sei\u00e9rt kapott Nobel-d\u00edjat. K\u00fcl\u00f6n\u00f6sen a bels\u0151 f\u00fcl, a csiga m\u0171k\u00f6d\u00e9s\u00e9nek tanulm\u00e1nyoz\u00e1sa hozta meg neki az elismer\u00e9st. Munk\u00e1ss\u00e1ga alapvet\u0151 fontoss\u00e1g\u00fa a hall\u00e1sk\u00e1rosultak seg\u00edt\u00e9s\u00e9ben. Helyreigaz\u00edt\u00e1s a napt\u00e1r [&hellip;]<\/p>\n","protected":false},"author":4,"featured_media":0,"parent":9240,"menu_order":0,"comment_status":"closed","ping_status":"closed","template":"","meta":{"footnotes":""},"class_list":["post-9258","page","type-page","status-publish","hentry"],"yoast_head":"<!-- This site is optimized with the Yoast SEO plugin v27.4 - https:\/\/yoast.com\/product\/yoast-seo-wordpress\/ -->\n<title>B\u00e9k\u00e9sy Gy\u00f6rgy - BUOD<\/title>\n<meta name=\"robots\" content=\"index, follow, max-snippet:-1, max-image-preview:large, max-video-preview:-1\" \/>\n<link rel=\"canonical\" href=\"https:\/\/buod.de\/de\/buod-naptar-2025\/bekesy-gyorgy\/\" \/>\n<meta property=\"og:locale\" content=\"de_DE\" \/>\n<meta property=\"og:type\" content=\"article\" \/>\n<meta property=\"og:title\" content=\"B\u00e9k\u00e9sy Gy\u00f6rgy - BUOD\" \/>\n<meta property=\"og:description\" content=\"B\u00e9k\u00e9sy Gy\u00f6rgy (1899-1972) (Georg von B\u00e9k\u00e9sy) Fiziol\u00f3giai \u00e9s orvostudom\u00e1nyi Nobel-d\u00edj a bels\u0151&nbsp;f\u00fcl, a csiga ingerl\u00e9s\u00e9nek fizikai mechanizmus\u00e1val kapcsolatos felfedez\u00e9sei\u00e9rt, 1961 B\u00e9k\u00e9sy Gy\u00f6rgy kutat\u00e1sai a hall\u00e1s mechanizmus\u00e1nak l meg\u00e9rt\u00e9s\u00e9hez vezettek, \u00e9s felfedez\u00e9sei\u00e9rt kapott Nobel-d\u00edjat. K\u00fcl\u00f6n\u00f6sen a bels\u0151 f\u00fcl, a csiga m\u0171k\u00f6d\u00e9s\u00e9nek tanulm\u00e1nyoz\u00e1sa hozta meg neki az elismer\u00e9st. Munk\u00e1ss\u00e1ga alapvet\u0151 fontoss\u00e1g\u00fa a hall\u00e1sk\u00e1rosultak seg\u00edt\u00e9s\u00e9ben. Helyreigaz\u00edt\u00e1s a napt\u00e1r [&hellip;]\" \/>\n<meta property=\"og:url\" content=\"https:\/\/buod.de\/de\/buod-naptar-2025\/bekesy-gyorgy\/\" \/>\n<meta property=\"og:site_name\" content=\"BUOD\" \/>\n<meta property=\"article:publisher\" content=\"https:\/\/www.facebook.com\/profile.php?id=100082185652397\" \/>\n<meta property=\"article:modified_time\" content=\"2025-08-28T15:49:38+00:00\" \/>\n<meta property=\"og:image\" content=\"https:\/\/buod.de\/wp-content\/uploads\/2024\/11\/Screenshot_20241115_131254_Drive.jpg\" \/>\n\t<meta property=\"og:image:width\" content=\"944\" \/>\n\t<meta property=\"og:image:height\" content=\"1321\" \/>\n\t<meta property=\"og:image:type\" content=\"image\/jpeg\" \/>\n<meta name=\"twitter:card\" content=\"summary_large_image\" \/>\n<meta name=\"twitter:label1\" content=\"Est. reading time\" \/>\n\t<meta name=\"twitter:data1\" content=\"1 minute\" \/>\n<script type=\"application\/ld+json\" class=\"yoast-schema-graph\">{\"@context\":\"https:\\\/\\\/schema.org\",\"@graph\":[{\"@type\":\"WebPage\",\"@id\":\"https:\\\/\\\/buod.de\\\/buod-naptar-2025\\\/bekesy-gyorgy\\\/\",\"url\":\"https:\\\/\\\/buod.de\\\/buod-naptar-2025\\\/bekesy-gyorgy\\\/\",\"name\":\"B\u00e9k\u00e9sy Gy\u00f6rgy - BUOD\",\"isPartOf\":{\"@id\":\"https:\\\/\\\/buod.de\\\/#website\"},\"primaryImageOfPage\":{\"@id\":\"https:\\\/\\\/buod.de\\\/buod-naptar-2025\\\/bekesy-gyorgy\\\/#primaryimage\"},\"image\":{\"@id\":\"https:\\\/\\\/buod.de\\\/buod-naptar-2025\\\/bekesy-gyorgy\\\/#primaryimage\"},\"thumbnailUrl\":\"https:\\\/\\\/buod.de\\\/wp-content\\\/uploads\\\/2024\\\/11\\\/Screenshot_20241115_131254_Drive-732x1024.jpg\",\"datePublished\":\"2024-10-20T12:02:57+00:00\",\"dateModified\":\"2025-08-28T15:49:38+00:00\",\"breadcrumb\":{\"@id\":\"https:\\\/\\\/buod.de\\\/buod-naptar-2025\\\/bekesy-gyorgy\\\/#breadcrumb\"},\"inLanguage\":\"de-DE\",\"potentialAction\":[{\"@type\":\"ReadAction\",\"target\":[\"https:\\\/\\\/buod.de\\\/buod-naptar-2025\\\/bekesy-gyorgy\\\/\"]}]},{\"@type\":\"ImageObject\",\"inLanguage\":\"de-DE\",\"@id\":\"https:\\\/\\\/buod.de\\\/buod-naptar-2025\\\/bekesy-gyorgy\\\/#primaryimage\",\"url\":\"https:\\\/\\\/buod.de\\\/wp-content\\\/uploads\\\/2024\\\/11\\\/Screenshot_20241115_131254_Drive-732x1024.jpg\",\"contentUrl\":\"https:\\\/\\\/buod.de\\\/wp-content\\\/uploads\\\/2024\\\/11\\\/Screenshot_20241115_131254_Drive-732x1024.jpg\"},{\"@type\":\"BreadcrumbList\",\"@id\":\"https:\\\/\\\/buod.de\\\/buod-naptar-2025\\\/bekesy-gyorgy\\\/#breadcrumb\",\"itemListElement\":[{\"@type\":\"ListItem\",\"position\":1,\"name\":\"Kezd\u0151lap\",\"item\":\"https:\\\/\\\/buod.de\\\/\"},{\"@type\":\"ListItem\",\"position\":2,\"name\":\"BUOD napt\u00e1r 2025\",\"item\":\"https:\\\/\\\/buod.de\\\/buod-naptar-2025\\\/\"},{\"@type\":\"ListItem\",\"position\":3,\"name\":\"B\u00e9k\u00e9sy Gy\u00f6rgy\"}]},{\"@type\":\"WebSite\",\"@id\":\"https:\\\/\\\/buod.de\\\/#website\",\"url\":\"https:\\\/\\\/buod.de\\\/\",\"name\":\"BUOD\",\"description\":\"Bund Ungarischer Organisationen in Deutschland\",\"publisher\":{\"@id\":\"https:\\\/\\\/buod.de\\\/#organization\"},\"potentialAction\":[{\"@type\":\"SearchAction\",\"target\":{\"@type\":\"EntryPoint\",\"urlTemplate\":\"https:\\\/\\\/buod.de\\\/?s={search_term_string}\"},\"query-input\":{\"@type\":\"PropertyValueSpecification\",\"valueRequired\":true,\"valueName\":\"search_term_string\"}}],\"inLanguage\":\"de-DE\"},{\"@type\":\"Organization\",\"@id\":\"https:\\\/\\\/buod.de\\\/#organization\",\"name\":\"BUOD\",\"url\":\"https:\\\/\\\/buod.de\\\/\",\"logo\":{\"@type\":\"ImageObject\",\"inLanguage\":\"de-DE\",\"@id\":\"https:\\\/\\\/buod.de\\\/#\\\/schema\\\/logo\\\/image\\\/\",\"url\":\"https:\\\/\\\/buod.de\\\/wp-content\\\/uploads\\\/2024\\\/03\\\/BUOD-logo.png\",\"contentUrl\":\"https:\\\/\\\/buod.de\\\/wp-content\\\/uploads\\\/2024\\\/03\\\/BUOD-logo.png\",\"width\":586,\"height\":490,\"caption\":\"BUOD\"},\"image\":{\"@id\":\"https:\\\/\\\/buod.de\\\/#\\\/schema\\\/logo\\\/image\\\/\"},\"sameAs\":[\"https:\\\/\\\/www.facebook.com\\\/profile.php?id=100082185652397\"]}]}<\/script>\n<!-- \/ Yoast SEO plugin. -->","yoast_head_json":{"title":"B\u00e9k\u00e9sy Gy\u00f6rgy - BUOD","robots":{"index":"index","follow":"follow","max-snippet":"max-snippet:-1","max-image-preview":"max-image-preview:large","max-video-preview":"max-video-preview:-1"},"canonical":"https:\/\/buod.de\/de\/buod-naptar-2025\/bekesy-gyorgy\/","og_locale":"de_DE","og_type":"article","og_title":"B\u00e9k\u00e9sy Gy\u00f6rgy - BUOD","og_description":"B\u00e9k\u00e9sy Gy\u00f6rgy (1899-1972) (Georg von B\u00e9k\u00e9sy) Fiziol\u00f3giai \u00e9s orvostudom\u00e1nyi Nobel-d\u00edj a bels\u0151&nbsp;f\u00fcl, a csiga ingerl\u00e9s\u00e9nek fizikai mechanizmus\u00e1val kapcsolatos felfedez\u00e9sei\u00e9rt, 1961 B\u00e9k\u00e9sy Gy\u00f6rgy kutat\u00e1sai a hall\u00e1s mechanizmus\u00e1nak l meg\u00e9rt\u00e9s\u00e9hez vezettek, \u00e9s felfedez\u00e9sei\u00e9rt kapott Nobel-d\u00edjat. K\u00fcl\u00f6n\u00f6sen a bels\u0151 f\u00fcl, a csiga m\u0171k\u00f6d\u00e9s\u00e9nek tanulm\u00e1nyoz\u00e1sa hozta meg neki az elismer\u00e9st. Munk\u00e1ss\u00e1ga alapvet\u0151 fontoss\u00e1g\u00fa a hall\u00e1sk\u00e1rosultak seg\u00edt\u00e9s\u00e9ben. Helyreigaz\u00edt\u00e1s a napt\u00e1r [&hellip;]","og_url":"https:\/\/buod.de\/de\/buod-naptar-2025\/bekesy-gyorgy\/","og_site_name":"BUOD","article_publisher":"https:\/\/www.facebook.com\/profile.php?id=100082185652397","article_modified_time":"2025-08-28T15:49:38+00:00","og_image":[{"width":944,"height":1321,"url":"https:\/\/buod.de\/wp-content\/uploads\/2024\/11\/Screenshot_20241115_131254_Drive.jpg","type":"image\/jpeg"}],"twitter_card":"summary_large_image","twitter_misc":{"Est. reading time":"1 minute"},"schema":{"@context":"https:\/\/schema.org","@graph":[{"@type":"WebPage","@id":"https:\/\/buod.de\/buod-naptar-2025\/bekesy-gyorgy\/","url":"https:\/\/buod.de\/buod-naptar-2025\/bekesy-gyorgy\/","name":"B\u00e9k\u00e9sy Gy\u00f6rgy - BUOD","isPartOf":{"@id":"https:\/\/buod.de\/#website"},"primaryImageOfPage":{"@id":"https:\/\/buod.de\/buod-naptar-2025\/bekesy-gyorgy\/#primaryimage"},"image":{"@id":"https:\/\/buod.de\/buod-naptar-2025\/bekesy-gyorgy\/#primaryimage"},"thumbnailUrl":"https:\/\/buod.de\/wp-content\/uploads\/2024\/11\/Screenshot_20241115_131254_Drive-732x1024.jpg","datePublished":"2024-10-20T12:02:57+00:00","dateModified":"2025-08-28T15:49:38+00:00","breadcrumb":{"@id":"https:\/\/buod.de\/buod-naptar-2025\/bekesy-gyorgy\/#breadcrumb"},"inLanguage":"de-DE","potentialAction":[{"@type":"ReadAction","target":["https:\/\/buod.de\/buod-naptar-2025\/bekesy-gyorgy\/"]}]},{"@type":"ImageObject","inLanguage":"de-DE","@id":"https:\/\/buod.de\/buod-naptar-2025\/bekesy-gyorgy\/#primaryimage","url":"https:\/\/buod.de\/wp-content\/uploads\/2024\/11\/Screenshot_20241115_131254_Drive-732x1024.jpg","contentUrl":"https:\/\/buod.de\/wp-content\/uploads\/2024\/11\/Screenshot_20241115_131254_Drive-732x1024.jpg"},{"@type":"BreadcrumbList","@id":"https:\/\/buod.de\/buod-naptar-2025\/bekesy-gyorgy\/#breadcrumb","itemListElement":[{"@type":"ListItem","position":1,"name":"Kezd\u0151lap","item":"https:\/\/buod.de\/"},{"@type":"ListItem","position":2,"name":"BUOD napt\u00e1r 2025","item":"https:\/\/buod.de\/buod-naptar-2025\/"},{"@type":"ListItem","position":3,"name":"B\u00e9k\u00e9sy Gy\u00f6rgy"}]},{"@type":"WebSite","@id":"https:\/\/buod.de\/#website","url":"https:\/\/buod.de\/","name":"BUOD","description":"Bund Ungarischer Organisationen in Deutschland","publisher":{"@id":"https:\/\/buod.de\/#organization"},"potentialAction":[{"@type":"SearchAction","target":{"@type":"EntryPoint","urlTemplate":"https:\/\/buod.de\/?s={search_term_string}"},"query-input":{"@type":"PropertyValueSpecification","valueRequired":true,"valueName":"search_term_string"}}],"inLanguage":"de-DE"},{"@type":"Organization","@id":"https:\/\/buod.de\/#organization","name":"BUOD","url":"https:\/\/buod.de\/","logo":{"@type":"ImageObject","inLanguage":"de-DE","@id":"https:\/\/buod.de\/#\/schema\/logo\/image\/","url":"https:\/\/buod.de\/wp-content\/uploads\/2024\/03\/BUOD-logo.png","contentUrl":"https:\/\/buod.de\/wp-content\/uploads\/2024\/03\/BUOD-logo.png","width":586,"height":490,"caption":"BUOD"},"image":{"@id":"https:\/\/buod.de\/#\/schema\/logo\/image\/"},"sameAs":["https:\/\/www.facebook.com\/profile.php?id=100082185652397"]}]}},"_links":{"self":[{"href":"https:\/\/buod.de\/de\/wp-json\/wp\/v2\/pages\/9258","targetHints":{"allow":["GET"]}}],"collection":[{"href":"https:\/\/buod.de\/de\/wp-json\/wp\/v2\/pages"}],"about":[{"href":"https:\/\/buod.de\/de\/wp-json\/wp\/v2\/types\/page"}],"author":[{"embeddable":true,"href":"https:\/\/buod.de\/de\/wp-json\/wp\/v2\/users\/4"}],"replies":[{"embeddable":true,"href":"https:\/\/buod.de\/de\/wp-json\/wp\/v2\/comments?post=9258"}],"version-history":[{"count":8,"href":"https:\/\/buod.de\/de\/wp-json\/wp\/v2\/pages\/9258\/revisions"}],"predecessor-version":[{"id":10595,"href":"https:\/\/buod.de\/de\/wp-json\/wp\/v2\/pages\/9258\/revisions\/10595"}],"up":[{"embeddable":true,"href":"https:\/\/buod.de\/de\/wp-json\/wp\/v2\/pages\/9240"}],"wp:attachment":[{"href":"https:\/\/buod.de\/de\/wp-json\/wp\/v2\/media?parent=9258"}],"curies":[{"name":"wp","href":"https:\/\/api.w.org\/{rel}","templated":true}]}}