{"id":9260,"date":"2024-10-20T14:03:25","date_gmt":"2024-10-20T12:03:25","guid":{"rendered":"https:\/\/buod.de\/?page_id=9260"},"modified":"2025-08-28T19:16:20","modified_gmt":"2025-08-28T17:16:20","slug":"hersko-ferenc","status":"publish","type":"page","link":"https:\/\/buod.de\/de\/buod-naptar-2025\/hersko-ferenc\/","title":{"rendered":"Hersk\u00f3 Ferenc"},"content":{"rendered":"<h2 class=\"wp-block-heading\"><strong>Hersk\u00f3 Ferenc<\/strong> (1937-)<\/h2>\n\n\n\n<h2 class=\"wp-block-heading\">(Avram Hersko)<\/h2>\n\n\n\n<figure class=\"wp-block-image size-large is-resized\"><img loading=\"lazy\" decoding=\"async\" width=\"727\" height=\"1024\" src=\"https:\/\/buod.de\/wp-content\/uploads\/2024\/11\/Screenshot_20241115_131201_Drive-727x1024.jpg\" alt=\"\" class=\"wp-image-9570\" style=\"width:auto;height:400px\" srcset=\"https:\/\/buod.de\/wp-content\/uploads\/2024\/11\/Screenshot_20241115_131201_Drive-727x1024.jpg 727w, https:\/\/buod.de\/wp-content\/uploads\/2024\/11\/Screenshot_20241115_131201_Drive-213x300.jpg 213w, https:\/\/buod.de\/wp-content\/uploads\/2024\/11\/Screenshot_20241115_131201_Drive-768x1081.jpg 768w, https:\/\/buod.de\/wp-content\/uploads\/2024\/11\/Screenshot_20241115_131201_Drive-9x12.jpg 9w, https:\/\/buod.de\/wp-content\/uploads\/2024\/11\/Screenshot_20241115_131201_Drive.jpg 941w\" sizes=\"auto, (max-width: 727px) 100vw, 727px\" \/><\/figure>\n\n\n\n<p>K\u00e9miai Nobel-d\u00edj az&nbsp;ubikvitin-k\u00f6zvet\u00edtette&nbsp;feh\u00e9rjebont\u00e1s&nbsp;felfedez\u00e9s\u00e9\u00e9rt, 2004<\/p>\n\n\n\n<p>(megosztva Aaron Ciechanover \u00e9s Irwin Rose biok\u00e9mikusokkal)<\/p>\n\n\n\n<p>Hersk\u00f3 Ferenc a sejtek feh\u00e9rjelebont\u00f3 mechanizmusainak kutat\u00e1s\u00e1\u00e9rt kapta a Nobel-d\u00edjat. Felfedez\u00e9sei seg\u00edtettek meg\u00e9rteni, hogyan t\u00e1vol\u00edtj\u00e1k el a sejtek a hib\u00e1s vagy felesleges feh\u00e9rj\u00e9ket. Kutat\u00e1sai fontosak az orvostudom\u00e1ny \u00e9s a biotechnol\u00f3gia sz\u00e1m\u00e1ra is.<\/p>\n\n\n\n<figure class=\"wp-block-image size-full is-resized\"><img loading=\"lazy\" decoding=\"async\" width=\"501\" height=\"498\" src=\"https:\/\/buod.de\/wp-content\/uploads\/2024\/11\/Kemiai-removebg-preview.png\" alt=\"\" class=\"wp-image-9571\" style=\"width:auto;height:200px\" srcset=\"https:\/\/buod.de\/wp-content\/uploads\/2024\/11\/Kemiai-removebg-preview.png 501w, https:\/\/buod.de\/wp-content\/uploads\/2024\/11\/Kemiai-removebg-preview-300x298.png 300w, https:\/\/buod.de\/wp-content\/uploads\/2024\/11\/Kemiai-removebg-preview-150x150.png 150w, https:\/\/buod.de\/wp-content\/uploads\/2024\/11\/Kemiai-removebg-preview-12x12.png 12w\" sizes=\"auto, (max-width: 501px) 100vw, 501px\" \/><\/figure>\n\n\n\n<h2 class=\"wp-block-heading\"><strong>Deutsch:<\/strong><\/h2>\n\n\n\n<p>Nobelpreis f\u00fcr Chemie, 2004<br>(gemeinsam mit Aaron Ciechanover und Irwin Rose Biochemiker)<\/p>\n\n\n\n<p>Avram Hershko wurde f\u00fcr seine Forschung \u00fcber die Proteinabbau-Mechanismen in Zellen mit dem Nobelpreis ausgezeichnet. Seine Entdeckungen halfen zu verstehen, wie Zellen fehlerhafte oder \u00fcberfl\u00fcssige Proteine entfernen. Seine Forschungen sind sowohl f\u00fcr die Medizin als auch f\u00fcr die Biotechnologie von gro\u00dfer Bedeutung.<\/p>\n\n\n\n<figure class=\"wp-block-image size-full is-resized\"><img loading=\"lazy\" decoding=\"async\" width=\"564\" height=\"442\" src=\"https:\/\/buod.de\/wp-content\/uploads\/2024\/11\/Lechner_odon_minta.png\" alt=\"\" class=\"wp-image-9502\" style=\"width:auto;height:200px\" srcset=\"https:\/\/buod.de\/wp-content\/uploads\/2024\/11\/Lechner_odon_minta.png 564w, https:\/\/buod.de\/wp-content\/uploads\/2024\/11\/Lechner_odon_minta-300x235.png 300w, https:\/\/buod.de\/wp-content\/uploads\/2024\/11\/Lechner_odon_minta-15x12.png 15w\" sizes=\"auto, (max-width: 564px) 100vw, 564px\" \/><\/figure>\n\n\n\n<h2 class=\"wp-block-heading\"><strong>A BUOD 2025-\u00f6s falinapt\u00e1rj\u00e1ban szerepl\u0151 tov\u00e1bbi Nobel-d\u00edjasok:<\/strong><\/h2>\n\n\n\n<figure class=\"wp-block-embed is-type-wp-embed is-provider-buod wp-block-embed-buod\"><div class=\"wp-block-embed__wrapper\">\n<blockquote class=\"wp-embedded-content\" data-secret=\"do9USmUGKA\"><a href=\"https:\/\/buod.de\/de\/buod-naptar-2025\/\">BUOD napt\u00e1r 2025<\/a><\/blockquote><iframe loading=\"lazy\" class=\"wp-embedded-content\" sandbox=\"allow-scripts\" security=\"restricted\" style=\"position: absolute; visibility: hidden;\" title=\"&#8220;BUOD napt\u00e1r 2025&#8221; &#8212; BUOD\" src=\"https:\/\/buod.de\/buod-naptar-2025\/embed\/#?secret=O22ICyN4fv#?secret=do9USmUGKA\" data-secret=\"do9USmUGKA\" width=\"500\" height=\"282\" frameborder=\"0\" marginwidth=\"0\" marginheight=\"0\" scrolling=\"no\"><\/iframe>\n<\/div><\/figure>\n\n\n\n<h2 class=\"wp-block-heading\"><strong>T\u00e1mogat\u00f3:<\/strong><\/h2>\n\n\n\n<figure class=\"wp-block-image size-large is-resized\"><img loading=\"lazy\" decoding=\"async\" width=\"1024\" height=\"461\" src=\"https:\/\/buod.de\/wp-content\/uploads\/2024\/11\/Screenshot_20241115_131835_Drive-1024x461.jpg\" alt=\"\" class=\"wp-image-9575\" style=\"width:auto;height:200px\" srcset=\"https:\/\/buod.de\/wp-content\/uploads\/2024\/11\/Screenshot_20241115_131835_Drive-1024x461.jpg 1024w, https:\/\/buod.de\/wp-content\/uploads\/2024\/11\/Screenshot_20241115_131835_Drive-300x135.jpg 300w, https:\/\/buod.de\/wp-content\/uploads\/2024\/11\/Screenshot_20241115_131835_Drive-768x346.jpg 768w, https:\/\/buod.de\/wp-content\/uploads\/2024\/11\/Screenshot_20241115_131835_Drive-1536x691.jpg 1536w, https:\/\/buod.de\/wp-content\/uploads\/2024\/11\/Screenshot_20241115_131835_Drive-2048x922.jpg 2048w, https:\/\/buod.de\/wp-content\/uploads\/2024\/11\/Screenshot_20241115_131835_Drive-18x8.jpg 18w\" sizes=\"auto, (max-width: 1024px) 100vw, 1024px\" \/><\/figure>","protected":false},"excerpt":{"rendered":"<p>Hersk\u00f3 Ferenc (1937-) (Avram Hersko) K\u00e9miai Nobel-d\u00edj az&nbsp;ubikvitin-k\u00f6zvet\u00edtette&nbsp;feh\u00e9rjebont\u00e1s&nbsp;felfedez\u00e9s\u00e9\u00e9rt, 2004 (megosztva Aaron Ciechanover \u00e9s Irwin Rose biok\u00e9mikusokkal) Hersk\u00f3 Ferenc a sejtek feh\u00e9rjelebont\u00f3 mechanizmusainak kutat\u00e1s\u00e1\u00e9rt kapta a Nobel-d\u00edjat. Felfedez\u00e9sei seg\u00edtettek meg\u00e9rteni, hogyan t\u00e1vol\u00edtj\u00e1k el a sejtek a hib\u00e1s vagy felesleges feh\u00e9rj\u00e9ket. Kutat\u00e1sai fontosak az orvostudom\u00e1ny \u00e9s a biotechnol\u00f3gia sz\u00e1m\u00e1ra is. Deutsch: Nobelpreis f\u00fcr Chemie, 2004(gemeinsam mit Aaron [&hellip;]<\/p>\n","protected":false},"author":4,"featured_media":0,"parent":9240,"menu_order":0,"comment_status":"closed","ping_status":"closed","template":"","meta":{"footnotes":""},"class_list":["post-9260","page","type-page","status-publish","hentry"],"yoast_head":"<!-- This site is optimized with the Yoast SEO plugin v27.4 - https:\/\/yoast.com\/product\/yoast-seo-wordpress\/ -->\n<title>Hersk\u00f3 Ferenc - BUOD<\/title>\n<meta name=\"robots\" content=\"index, follow, max-snippet:-1, max-image-preview:large, max-video-preview:-1\" \/>\n<link rel=\"canonical\" href=\"https:\/\/buod.de\/de\/buod-naptar-2025\/hersko-ferenc\/\" \/>\n<meta property=\"og:locale\" content=\"de_DE\" \/>\n<meta property=\"og:type\" content=\"article\" \/>\n<meta property=\"og:title\" content=\"Hersk\u00f3 Ferenc - BUOD\" \/>\n<meta property=\"og:description\" content=\"Hersk\u00f3 Ferenc (1937-) (Avram Hersko) K\u00e9miai Nobel-d\u00edj az&nbsp;ubikvitin-k\u00f6zvet\u00edtette&nbsp;feh\u00e9rjebont\u00e1s&nbsp;felfedez\u00e9s\u00e9\u00e9rt, 2004 (megosztva Aaron Ciechanover \u00e9s Irwin Rose biok\u00e9mikusokkal) Hersk\u00f3 Ferenc a sejtek feh\u00e9rjelebont\u00f3 mechanizmusainak kutat\u00e1s\u00e1\u00e9rt kapta a Nobel-d\u00edjat. Felfedez\u00e9sei seg\u00edtettek meg\u00e9rteni, hogyan t\u00e1vol\u00edtj\u00e1k el a sejtek a hib\u00e1s vagy felesleges feh\u00e9rj\u00e9ket. Kutat\u00e1sai fontosak az orvostudom\u00e1ny \u00e9s a biotechnol\u00f3gia sz\u00e1m\u00e1ra is. Deutsch: Nobelpreis f\u00fcr Chemie, 2004(gemeinsam mit Aaron [&hellip;]\" \/>\n<meta property=\"og:url\" content=\"https:\/\/buod.de\/de\/buod-naptar-2025\/hersko-ferenc\/\" \/>\n<meta property=\"og:site_name\" content=\"BUOD\" \/>\n<meta property=\"article:publisher\" content=\"https:\/\/www.facebook.com\/profile.php?id=100082185652397\" \/>\n<meta property=\"article:modified_time\" content=\"2025-08-28T17:16:20+00:00\" \/>\n<meta property=\"og:image\" content=\"https:\/\/buod.de\/wp-content\/uploads\/2024\/11\/Screenshot_20241115_131201_Drive.jpg\" \/>\n\t<meta property=\"og:image:width\" content=\"941\" \/>\n\t<meta property=\"og:image:height\" content=\"1325\" \/>\n\t<meta property=\"og:image:type\" content=\"image\/jpeg\" \/>\n<meta name=\"twitter:card\" content=\"summary_large_image\" \/>\n<meta name=\"twitter:label1\" content=\"Est. reading time\" \/>\n\t<meta name=\"twitter:data1\" content=\"1 minute\" \/>\n<script type=\"application\/ld+json\" class=\"yoast-schema-graph\">{\"@context\":\"https:\\\/\\\/schema.org\",\"@graph\":[{\"@type\":\"WebPage\",\"@id\":\"https:\\\/\\\/buod.de\\\/buod-naptar-2025\\\/hersko-ferenc\\\/\",\"url\":\"https:\\\/\\\/buod.de\\\/buod-naptar-2025\\\/hersko-ferenc\\\/\",\"name\":\"Hersk\u00f3 Ferenc - BUOD\",\"isPartOf\":{\"@id\":\"https:\\\/\\\/buod.de\\\/#website\"},\"primaryImageOfPage\":{\"@id\":\"https:\\\/\\\/buod.de\\\/buod-naptar-2025\\\/hersko-ferenc\\\/#primaryimage\"},\"image\":{\"@id\":\"https:\\\/\\\/buod.de\\\/buod-naptar-2025\\\/hersko-ferenc\\\/#primaryimage\"},\"thumbnailUrl\":\"https:\\\/\\\/buod.de\\\/wp-content\\\/uploads\\\/2024\\\/11\\\/Screenshot_20241115_131201_Drive-727x1024.jpg\",\"datePublished\":\"2024-10-20T12:03:25+00:00\",\"dateModified\":\"2025-08-28T17:16:20+00:00\",\"breadcrumb\":{\"@id\":\"https:\\\/\\\/buod.de\\\/buod-naptar-2025\\\/hersko-ferenc\\\/#breadcrumb\"},\"inLanguage\":\"de-DE\",\"potentialAction\":[{\"@type\":\"ReadAction\",\"target\":[\"https:\\\/\\\/buod.de\\\/buod-naptar-2025\\\/hersko-ferenc\\\/\"]}]},{\"@type\":\"ImageObject\",\"inLanguage\":\"de-DE\",\"@id\":\"https:\\\/\\\/buod.de\\\/buod-naptar-2025\\\/hersko-ferenc\\\/#primaryimage\",\"url\":\"https:\\\/\\\/buod.de\\\/wp-content\\\/uploads\\\/2024\\\/11\\\/Screenshot_20241115_131201_Drive-727x1024.jpg\",\"contentUrl\":\"https:\\\/\\\/buod.de\\\/wp-content\\\/uploads\\\/2024\\\/11\\\/Screenshot_20241115_131201_Drive-727x1024.jpg\"},{\"@type\":\"BreadcrumbList\",\"@id\":\"https:\\\/\\\/buod.de\\\/buod-naptar-2025\\\/hersko-ferenc\\\/#breadcrumb\",\"itemListElement\":[{\"@type\":\"ListItem\",\"position\":1,\"name\":\"Kezd\u0151lap\",\"item\":\"https:\\\/\\\/buod.de\\\/\"},{\"@type\":\"ListItem\",\"position\":2,\"name\":\"BUOD napt\u00e1r 2025\",\"item\":\"https:\\\/\\\/buod.de\\\/buod-naptar-2025\\\/\"},{\"@type\":\"ListItem\",\"position\":3,\"name\":\"Hersk\u00f3 Ferenc\"}]},{\"@type\":\"WebSite\",\"@id\":\"https:\\\/\\\/buod.de\\\/#website\",\"url\":\"https:\\\/\\\/buod.de\\\/\",\"name\":\"BUOD\",\"description\":\"Bund Ungarischer Organisationen in Deutschland\",\"publisher\":{\"@id\":\"https:\\\/\\\/buod.de\\\/#organization\"},\"potentialAction\":[{\"@type\":\"SearchAction\",\"target\":{\"@type\":\"EntryPoint\",\"urlTemplate\":\"https:\\\/\\\/buod.de\\\/?s={search_term_string}\"},\"query-input\":{\"@type\":\"PropertyValueSpecification\",\"valueRequired\":true,\"valueName\":\"search_term_string\"}}],\"inLanguage\":\"de-DE\"},{\"@type\":\"Organization\",\"@id\":\"https:\\\/\\\/buod.de\\\/#organization\",\"name\":\"BUOD\",\"url\":\"https:\\\/\\\/buod.de\\\/\",\"logo\":{\"@type\":\"ImageObject\",\"inLanguage\":\"de-DE\",\"@id\":\"https:\\\/\\\/buod.de\\\/#\\\/schema\\\/logo\\\/image\\\/\",\"url\":\"https:\\\/\\\/buod.de\\\/wp-content\\\/uploads\\\/2024\\\/03\\\/BUOD-logo.png\",\"contentUrl\":\"https:\\\/\\\/buod.de\\\/wp-content\\\/uploads\\\/2024\\\/03\\\/BUOD-logo.png\",\"width\":586,\"height\":490,\"caption\":\"BUOD\"},\"image\":{\"@id\":\"https:\\\/\\\/buod.de\\\/#\\\/schema\\\/logo\\\/image\\\/\"},\"sameAs\":[\"https:\\\/\\\/www.facebook.com\\\/profile.php?id=100082185652397\"]}]}<\/script>\n<!-- \/ Yoast SEO plugin. -->","yoast_head_json":{"title":"Hersk\u00f3 Ferenc - BUOD","robots":{"index":"index","follow":"follow","max-snippet":"max-snippet:-1","max-image-preview":"max-image-preview:large","max-video-preview":"max-video-preview:-1"},"canonical":"https:\/\/buod.de\/de\/buod-naptar-2025\/hersko-ferenc\/","og_locale":"de_DE","og_type":"article","og_title":"Hersk\u00f3 Ferenc - BUOD","og_description":"Hersk\u00f3 Ferenc (1937-) (Avram Hersko) K\u00e9miai Nobel-d\u00edj az&nbsp;ubikvitin-k\u00f6zvet\u00edtette&nbsp;feh\u00e9rjebont\u00e1s&nbsp;felfedez\u00e9s\u00e9\u00e9rt, 2004 (megosztva Aaron Ciechanover \u00e9s Irwin Rose biok\u00e9mikusokkal) Hersk\u00f3 Ferenc a sejtek feh\u00e9rjelebont\u00f3 mechanizmusainak kutat\u00e1s\u00e1\u00e9rt kapta a Nobel-d\u00edjat. Felfedez\u00e9sei seg\u00edtettek meg\u00e9rteni, hogyan t\u00e1vol\u00edtj\u00e1k el a sejtek a hib\u00e1s vagy felesleges feh\u00e9rj\u00e9ket. Kutat\u00e1sai fontosak az orvostudom\u00e1ny \u00e9s a biotechnol\u00f3gia sz\u00e1m\u00e1ra is. Deutsch: Nobelpreis f\u00fcr Chemie, 2004(gemeinsam mit Aaron [&hellip;]","og_url":"https:\/\/buod.de\/de\/buod-naptar-2025\/hersko-ferenc\/","og_site_name":"BUOD","article_publisher":"https:\/\/www.facebook.com\/profile.php?id=100082185652397","article_modified_time":"2025-08-28T17:16:20+00:00","og_image":[{"width":941,"height":1325,"url":"https:\/\/buod.de\/wp-content\/uploads\/2024\/11\/Screenshot_20241115_131201_Drive.jpg","type":"image\/jpeg"}],"twitter_card":"summary_large_image","twitter_misc":{"Est. reading time":"1 minute"},"schema":{"@context":"https:\/\/schema.org","@graph":[{"@type":"WebPage","@id":"https:\/\/buod.de\/buod-naptar-2025\/hersko-ferenc\/","url":"https:\/\/buod.de\/buod-naptar-2025\/hersko-ferenc\/","name":"Hersk\u00f3 Ferenc - BUOD","isPartOf":{"@id":"https:\/\/buod.de\/#website"},"primaryImageOfPage":{"@id":"https:\/\/buod.de\/buod-naptar-2025\/hersko-ferenc\/#primaryimage"},"image":{"@id":"https:\/\/buod.de\/buod-naptar-2025\/hersko-ferenc\/#primaryimage"},"thumbnailUrl":"https:\/\/buod.de\/wp-content\/uploads\/2024\/11\/Screenshot_20241115_131201_Drive-727x1024.jpg","datePublished":"2024-10-20T12:03:25+00:00","dateModified":"2025-08-28T17:16:20+00:00","breadcrumb":{"@id":"https:\/\/buod.de\/buod-naptar-2025\/hersko-ferenc\/#breadcrumb"},"inLanguage":"de-DE","potentialAction":[{"@type":"ReadAction","target":["https:\/\/buod.de\/buod-naptar-2025\/hersko-ferenc\/"]}]},{"@type":"ImageObject","inLanguage":"de-DE","@id":"https:\/\/buod.de\/buod-naptar-2025\/hersko-ferenc\/#primaryimage","url":"https:\/\/buod.de\/wp-content\/uploads\/2024\/11\/Screenshot_20241115_131201_Drive-727x1024.jpg","contentUrl":"https:\/\/buod.de\/wp-content\/uploads\/2024\/11\/Screenshot_20241115_131201_Drive-727x1024.jpg"},{"@type":"BreadcrumbList","@id":"https:\/\/buod.de\/buod-naptar-2025\/hersko-ferenc\/#breadcrumb","itemListElement":[{"@type":"ListItem","position":1,"name":"Kezd\u0151lap","item":"https:\/\/buod.de\/"},{"@type":"ListItem","position":2,"name":"BUOD napt\u00e1r 2025","item":"https:\/\/buod.de\/buod-naptar-2025\/"},{"@type":"ListItem","position":3,"name":"Hersk\u00f3 Ferenc"}]},{"@type":"WebSite","@id":"https:\/\/buod.de\/#website","url":"https:\/\/buod.de\/","name":"BUOD","description":"Bund Ungarischer Organisationen in Deutschland","publisher":{"@id":"https:\/\/buod.de\/#organization"},"potentialAction":[{"@type":"SearchAction","target":{"@type":"EntryPoint","urlTemplate":"https:\/\/buod.de\/?s={search_term_string}"},"query-input":{"@type":"PropertyValueSpecification","valueRequired":true,"valueName":"search_term_string"}}],"inLanguage":"de-DE"},{"@type":"Organization","@id":"https:\/\/buod.de\/#organization","name":"BUOD","url":"https:\/\/buod.de\/","logo":{"@type":"ImageObject","inLanguage":"de-DE","@id":"https:\/\/buod.de\/#\/schema\/logo\/image\/","url":"https:\/\/buod.de\/wp-content\/uploads\/2024\/03\/BUOD-logo.png","contentUrl":"https:\/\/buod.de\/wp-content\/uploads\/2024\/03\/BUOD-logo.png","width":586,"height":490,"caption":"BUOD"},"image":{"@id":"https:\/\/buod.de\/#\/schema\/logo\/image\/"},"sameAs":["https:\/\/www.facebook.com\/profile.php?id=100082185652397"]}]}},"_links":{"self":[{"href":"https:\/\/buod.de\/de\/wp-json\/wp\/v2\/pages\/9260","targetHints":{"allow":["GET"]}}],"collection":[{"href":"https:\/\/buod.de\/de\/wp-json\/wp\/v2\/pages"}],"about":[{"href":"https:\/\/buod.de\/de\/wp-json\/wp\/v2\/types\/page"}],"author":[{"embeddable":true,"href":"https:\/\/buod.de\/de\/wp-json\/wp\/v2\/users\/4"}],"replies":[{"embeddable":true,"href":"https:\/\/buod.de\/de\/wp-json\/wp\/v2\/comments?post=9260"}],"version-history":[{"count":5,"href":"https:\/\/buod.de\/de\/wp-json\/wp\/v2\/pages\/9260\/revisions"}],"predecessor-version":[{"id":10644,"href":"https:\/\/buod.de\/de\/wp-json\/wp\/v2\/pages\/9260\/revisions\/10644"}],"up":[{"embeddable":true,"href":"https:\/\/buod.de\/de\/wp-json\/wp\/v2\/pages\/9240"}],"wp:attachment":[{"href":"https:\/\/buod.de\/de\/wp-json\/wp\/v2\/media?parent=9260"}],"curies":[{"name":"wp","href":"https:\/\/api.w.org\/{rel}","templated":true}]}}