{"id":9262,"date":"2024-10-20T14:03:54","date_gmt":"2024-10-20T12:03:54","guid":{"rendered":"https:\/\/buod.de\/?page_id=9262"},"modified":"2025-08-28T17:43:20","modified_gmt":"2025-08-28T15:43:20","slug":"szent-gyorgyi-albert","status":"publish","type":"page","link":"https:\/\/buod.de\/de\/buod-naptar-2025\/szent-gyorgyi-albert\/","title":{"rendered":"Szent-Gy\u00f6rgyi Albert"},"content":{"rendered":"<h2 class=\"wp-block-heading\"><strong>Szent-Gy\u00f6rgyi Albert<\/strong> (1893-1986)<\/h2>\n\n\n\n<figure class=\"wp-block-image size-large is-resized\"><img loading=\"lazy\" decoding=\"async\" width=\"722\" height=\"1024\" src=\"https:\/\/buod.de\/wp-content\/uploads\/2024\/11\/Screenshot_20241115_131308_Drive-722x1024.jpg\" alt=\"\" class=\"wp-image-9535\" style=\"width:auto;height:400px\" srcset=\"https:\/\/buod.de\/wp-content\/uploads\/2024\/11\/Screenshot_20241115_131308_Drive-722x1024.jpg 722w, https:\/\/buod.de\/wp-content\/uploads\/2024\/11\/Screenshot_20241115_131308_Drive-211x300.jpg 211w, https:\/\/buod.de\/wp-content\/uploads\/2024\/11\/Screenshot_20241115_131308_Drive-768x1090.jpg 768w, https:\/\/buod.de\/wp-content\/uploads\/2024\/11\/Screenshot_20241115_131308_Drive-8x12.jpg 8w, https:\/\/buod.de\/wp-content\/uploads\/2024\/11\/Screenshot_20241115_131308_Drive.jpg 938w\" sizes=\"auto, (max-width: 722px) 100vw, 722px\" \/><\/figure>\n\n\n\n<p>Fiziol\u00f3giai \u00e9s orvostudom\u00e1nyi Nobel-d\u00edj a biol\u00f3giai \u00e9g\u00e9sfolyamatok, k\u00fcl\u00f6n\u00f6sk\u00e9ppen a C-vitamin&nbsp;\u00e9s a fum\u00e1rsavkatal\u00edzis szerep\u00e9nek ter\u00e9n tett felfedez\u00e9sei\u00e9rt, 1937<\/p>\n\n\n\n<p>Szent-Gy\u00f6rgyi Albert a C-vitamin felfedez\u0151je. Kutat\u00e1sai r\u00e9v\u00e9n alapvet\u0151en j\u00e1rult hozz\u00e1 a biok\u00e9mia fejl\u0151d\u00e9s\u00e9hez. Munk\u00e1ss\u00e1g\u00e1t a sejtek oxid\u00e1ci\u00f3s folyamataival kapcsolatos felfedez\u00e9sei\u00e9rt ismert\u00e9k el. Felfedez\u00e9se a skorbut elleni k\u00fczdelemben is jelent\u0151s szerepet j\u00e1tszott.<\/p>\n\n\n\n<h2 class=\"wp-block-heading\">Helyreigaz\u00edt\u00e1s a napt\u00e1r sajt\u00f3hib\u00e1ja miatt<\/h2>\n\n\n\n<p>A napt\u00e1r jav\u00edtott v\u00e1ltozata let\u00f6lthet\u0151 az al\u00e1bbi linkre kattintva:<\/p>\n\n\n\n<div data-wp-interactive=\"core\/file\" class=\"wp-block-file\"><object data-wp-bind--hidden=\"!state.hasPdfPreview\" hidden class=\"wp-block-file__embed\" data=\"https:\/\/buod.de\/wp-content\/uploads\/2025\/08\/BUOD_naptar_2025_12_korrekcio.pdf\" type=\"application\/pdf\" style=\"width:100%;height:600px\" aria-label=\"Embed of BUOD_naptar_2025_12_korrekcio.\"><\/object><a id=\"wp-block-file--media-18dbf3bd-93bb-482b-a6eb-d98361cf658e\" href=\"https:\/\/buod.de\/wp-content\/uploads\/2025\/08\/BUOD_naptar_2025_12_korrekcio.pdf\">BUOD_naptar_2025_12_korrekcio<\/a><a href=\"https:\/\/buod.de\/wp-content\/uploads\/2025\/08\/BUOD_naptar_2025_12_korrekcio.pdf\" class=\"wp-block-file__button wp-element-button\" download aria-describedby=\"wp-block-file--media-18dbf3bd-93bb-482b-a6eb-d98361cf658e\">Herunterladen<\/a><\/div>\n\n\n\n<figure class=\"wp-block-image size-full is-resized\"><img loading=\"lazy\" decoding=\"async\" width=\"500\" height=\"500\" src=\"https:\/\/buod.de\/wp-content\/uploads\/2024\/11\/fizikai_nobel_dij_medal.png\" alt=\"\" class=\"wp-image-9492\" style=\"width:auto;height:200px\" srcset=\"https:\/\/buod.de\/wp-content\/uploads\/2024\/11\/fizikai_nobel_dij_medal.png 500w, https:\/\/buod.de\/wp-content\/uploads\/2024\/11\/fizikai_nobel_dij_medal-300x300.png 300w, https:\/\/buod.de\/wp-content\/uploads\/2024\/11\/fizikai_nobel_dij_medal-150x150.png 150w, https:\/\/buod.de\/wp-content\/uploads\/2024\/11\/fizikai_nobel_dij_medal-12x12.png 12w\" sizes=\"auto, (max-width: 500px) 100vw, 500px\" \/><\/figure>\n\n\n\n<h2 class=\"wp-block-heading\"><strong>Deutsch:<\/strong><\/h2>\n\n\n\n<p>Nobelpreis f\u00fcr Physiologie oder Medizin, 1937<\/p>\n\n\n\n<p>Albert Szent-Gy\u00f6rgyi entdeckte das Vitamin C und trug durch seine Forschungen wesentlich zur Entwicklung der Biochemie bei. Seine Arbeit wurde f\u00fcr seine Entdeckungen \u00fcber die Oxidationsprozesse in Zellen anerkannt. Seine Entdeckung spielte auch eine wichtige Rolle im Kampf gegen Skorbut.<\/p>\n\n\n\n<figure class=\"wp-block-image size-full is-resized\"><img loading=\"lazy\" decoding=\"async\" width=\"564\" height=\"442\" src=\"https:\/\/buod.de\/wp-content\/uploads\/2024\/11\/Lechner_odon_minta.png\" alt=\"\" class=\"wp-image-9502\" style=\"width:auto;height:200px\" srcset=\"https:\/\/buod.de\/wp-content\/uploads\/2024\/11\/Lechner_odon_minta.png 564w, https:\/\/buod.de\/wp-content\/uploads\/2024\/11\/Lechner_odon_minta-300x235.png 300w, https:\/\/buod.de\/wp-content\/uploads\/2024\/11\/Lechner_odon_minta-15x12.png 15w\" sizes=\"auto, (max-width: 564px) 100vw, 564px\" \/><\/figure>\n\n\n\n<h2 class=\"wp-block-heading\"><strong>A BUOD 2025-\u00f6s falinapt\u00e1rj\u00e1ban szerepl\u0151 tov\u00e1bbi Nobel-d\u00edjasok:<\/strong><\/h2>\n\n\n\n<figure class=\"wp-block-embed is-type-wp-embed is-provider-buod wp-block-embed-buod\"><div class=\"wp-block-embed__wrapper\">\n<blockquote class=\"wp-embedded-content\" data-secret=\"8U7TBiKZ1Y\"><a href=\"https:\/\/buod.de\/de\/buod-naptar-2025\/\">BUOD napt\u00e1r 2025<\/a><\/blockquote><iframe loading=\"lazy\" class=\"wp-embedded-content\" sandbox=\"allow-scripts\" security=\"restricted\" style=\"position: absolute; visibility: hidden;\" title=\"&#8220;BUOD napt\u00e1r 2025&#8221; &#8212; BUOD\" src=\"https:\/\/buod.de\/buod-naptar-2025\/embed\/#?secret=66miTbRAa9#?secret=8U7TBiKZ1Y\" data-secret=\"8U7TBiKZ1Y\" width=\"500\" height=\"282\" frameborder=\"0\" marginwidth=\"0\" marginheight=\"0\" scrolling=\"no\"><\/iframe>\n<\/div><\/figure>\n\n\n\n<h2 class=\"wp-block-heading\"><strong>T\u00e1mogat\u00f3:<\/strong><\/h2>\n\n\n\n<figure class=\"wp-block-image size-large is-resized\"><img loading=\"lazy\" decoding=\"async\" width=\"1024\" height=\"461\" src=\"https:\/\/buod.de\/wp-content\/uploads\/2024\/11\/Screenshot_20241115_131835_Drive-1024x461.jpg\" alt=\"\" class=\"wp-image-9575\" style=\"width:auto;height:200px\" srcset=\"https:\/\/buod.de\/wp-content\/uploads\/2024\/11\/Screenshot_20241115_131835_Drive-1024x461.jpg 1024w, https:\/\/buod.de\/wp-content\/uploads\/2024\/11\/Screenshot_20241115_131835_Drive-300x135.jpg 300w, https:\/\/buod.de\/wp-content\/uploads\/2024\/11\/Screenshot_20241115_131835_Drive-768x346.jpg 768w, https:\/\/buod.de\/wp-content\/uploads\/2024\/11\/Screenshot_20241115_131835_Drive-1536x691.jpg 1536w, https:\/\/buod.de\/wp-content\/uploads\/2024\/11\/Screenshot_20241115_131835_Drive-2048x922.jpg 2048w, https:\/\/buod.de\/wp-content\/uploads\/2024\/11\/Screenshot_20241115_131835_Drive-18x8.jpg 18w\" sizes=\"auto, (max-width: 1024px) 100vw, 1024px\" \/><\/figure>","protected":false},"excerpt":{"rendered":"<p>Szent-Gy\u00f6rgyi Albert (1893-1986) Fiziol\u00f3giai \u00e9s orvostudom\u00e1nyi Nobel-d\u00edj a biol\u00f3giai \u00e9g\u00e9sfolyamatok, k\u00fcl\u00f6n\u00f6sk\u00e9ppen a C-vitamin&nbsp;\u00e9s a fum\u00e1rsavkatal\u00edzis szerep\u00e9nek ter\u00e9n tett felfedez\u00e9sei\u00e9rt, 1937 Szent-Gy\u00f6rgyi Albert a C-vitamin felfedez\u0151je. Kutat\u00e1sai r\u00e9v\u00e9n alapvet\u0151en j\u00e1rult hozz\u00e1 a biok\u00e9mia fejl\u0151d\u00e9s\u00e9hez. Munk\u00e1ss\u00e1g\u00e1t a sejtek oxid\u00e1ci\u00f3s folyamataival kapcsolatos felfedez\u00e9sei\u00e9rt ismert\u00e9k el. Felfedez\u00e9se a skorbut elleni k\u00fczdelemben is jelent\u0151s szerepet j\u00e1tszott. Helyreigaz\u00edt\u00e1s a napt\u00e1r sajt\u00f3hib\u00e1ja [&hellip;]<\/p>\n","protected":false},"author":4,"featured_media":0,"parent":9240,"menu_order":0,"comment_status":"closed","ping_status":"closed","template":"","meta":{"footnotes":""},"class_list":["post-9262","page","type-page","status-publish","hentry"],"yoast_head":"<!-- This site is optimized with the Yoast SEO plugin v27.4 - https:\/\/yoast.com\/product\/yoast-seo-wordpress\/ -->\n<title>Szent-Gy\u00f6rgyi Albert - BUOD<\/title>\n<meta name=\"robots\" content=\"index, follow, max-snippet:-1, max-image-preview:large, max-video-preview:-1\" \/>\n<link rel=\"canonical\" href=\"https:\/\/buod.de\/de\/buod-naptar-2025\/szent-gyorgyi-albert\/\" \/>\n<meta property=\"og:locale\" content=\"de_DE\" \/>\n<meta property=\"og:type\" content=\"article\" \/>\n<meta property=\"og:title\" content=\"Szent-Gy\u00f6rgyi Albert - BUOD\" \/>\n<meta property=\"og:description\" content=\"Szent-Gy\u00f6rgyi Albert (1893-1986) Fiziol\u00f3giai \u00e9s orvostudom\u00e1nyi Nobel-d\u00edj a biol\u00f3giai \u00e9g\u00e9sfolyamatok, k\u00fcl\u00f6n\u00f6sk\u00e9ppen a C-vitamin&nbsp;\u00e9s a fum\u00e1rsavkatal\u00edzis szerep\u00e9nek ter\u00e9n tett felfedez\u00e9sei\u00e9rt, 1937 Szent-Gy\u00f6rgyi Albert a C-vitamin felfedez\u0151je. Kutat\u00e1sai r\u00e9v\u00e9n alapvet\u0151en j\u00e1rult hozz\u00e1 a biok\u00e9mia fejl\u0151d\u00e9s\u00e9hez. Munk\u00e1ss\u00e1g\u00e1t a sejtek oxid\u00e1ci\u00f3s folyamataival kapcsolatos felfedez\u00e9sei\u00e9rt ismert\u00e9k el. Felfedez\u00e9se a skorbut elleni k\u00fczdelemben is jelent\u0151s szerepet j\u00e1tszott. Helyreigaz\u00edt\u00e1s a napt\u00e1r sajt\u00f3hib\u00e1ja [&hellip;]\" \/>\n<meta property=\"og:url\" content=\"https:\/\/buod.de\/de\/buod-naptar-2025\/szent-gyorgyi-albert\/\" \/>\n<meta property=\"og:site_name\" content=\"BUOD\" \/>\n<meta property=\"article:publisher\" content=\"https:\/\/www.facebook.com\/profile.php?id=100082185652397\" \/>\n<meta property=\"article:modified_time\" content=\"2025-08-28T15:43:20+00:00\" \/>\n<meta property=\"og:image\" content=\"https:\/\/buod.de\/wp-content\/uploads\/2024\/11\/Screenshot_20241115_131308_Drive.jpg\" \/>\n\t<meta property=\"og:image:width\" content=\"938\" \/>\n\t<meta property=\"og:image:height\" content=\"1331\" \/>\n\t<meta property=\"og:image:type\" content=\"image\/jpeg\" \/>\n<meta name=\"twitter:card\" content=\"summary_large_image\" \/>\n<meta name=\"twitter:label1\" content=\"Est. reading time\" \/>\n\t<meta name=\"twitter:data1\" content=\"1 minute\" \/>\n<script type=\"application\/ld+json\" class=\"yoast-schema-graph\">{\"@context\":\"https:\\\/\\\/schema.org\",\"@graph\":[{\"@type\":\"WebPage\",\"@id\":\"https:\\\/\\\/buod.de\\\/buod-naptar-2025\\\/szent-gyorgyi-albert\\\/\",\"url\":\"https:\\\/\\\/buod.de\\\/buod-naptar-2025\\\/szent-gyorgyi-albert\\\/\",\"name\":\"Szent-Gy\u00f6rgyi Albert - BUOD\",\"isPartOf\":{\"@id\":\"https:\\\/\\\/buod.de\\\/#website\"},\"primaryImageOfPage\":{\"@id\":\"https:\\\/\\\/buod.de\\\/buod-naptar-2025\\\/szent-gyorgyi-albert\\\/#primaryimage\"},\"image\":{\"@id\":\"https:\\\/\\\/buod.de\\\/buod-naptar-2025\\\/szent-gyorgyi-albert\\\/#primaryimage\"},\"thumbnailUrl\":\"https:\\\/\\\/buod.de\\\/wp-content\\\/uploads\\\/2024\\\/11\\\/Screenshot_20241115_131308_Drive-722x1024.jpg\",\"datePublished\":\"2024-10-20T12:03:54+00:00\",\"dateModified\":\"2025-08-28T15:43:20+00:00\",\"breadcrumb\":{\"@id\":\"https:\\\/\\\/buod.de\\\/buod-naptar-2025\\\/szent-gyorgyi-albert\\\/#breadcrumb\"},\"inLanguage\":\"de-DE\",\"potentialAction\":[{\"@type\":\"ReadAction\",\"target\":[\"https:\\\/\\\/buod.de\\\/buod-naptar-2025\\\/szent-gyorgyi-albert\\\/\"]}]},{\"@type\":\"ImageObject\",\"inLanguage\":\"de-DE\",\"@id\":\"https:\\\/\\\/buod.de\\\/buod-naptar-2025\\\/szent-gyorgyi-albert\\\/#primaryimage\",\"url\":\"https:\\\/\\\/buod.de\\\/wp-content\\\/uploads\\\/2024\\\/11\\\/Screenshot_20241115_131308_Drive-722x1024.jpg\",\"contentUrl\":\"https:\\\/\\\/buod.de\\\/wp-content\\\/uploads\\\/2024\\\/11\\\/Screenshot_20241115_131308_Drive-722x1024.jpg\"},{\"@type\":\"BreadcrumbList\",\"@id\":\"https:\\\/\\\/buod.de\\\/buod-naptar-2025\\\/szent-gyorgyi-albert\\\/#breadcrumb\",\"itemListElement\":[{\"@type\":\"ListItem\",\"position\":1,\"name\":\"Kezd\u0151lap\",\"item\":\"https:\\\/\\\/buod.de\\\/\"},{\"@type\":\"ListItem\",\"position\":2,\"name\":\"BUOD napt\u00e1r 2025\",\"item\":\"https:\\\/\\\/buod.de\\\/buod-naptar-2025\\\/\"},{\"@type\":\"ListItem\",\"position\":3,\"name\":\"Szent-Gy\u00f6rgyi Albert\"}]},{\"@type\":\"WebSite\",\"@id\":\"https:\\\/\\\/buod.de\\\/#website\",\"url\":\"https:\\\/\\\/buod.de\\\/\",\"name\":\"BUOD\",\"description\":\"Bund Ungarischer Organisationen in Deutschland\",\"publisher\":{\"@id\":\"https:\\\/\\\/buod.de\\\/#organization\"},\"potentialAction\":[{\"@type\":\"SearchAction\",\"target\":{\"@type\":\"EntryPoint\",\"urlTemplate\":\"https:\\\/\\\/buod.de\\\/?s={search_term_string}\"},\"query-input\":{\"@type\":\"PropertyValueSpecification\",\"valueRequired\":true,\"valueName\":\"search_term_string\"}}],\"inLanguage\":\"de-DE\"},{\"@type\":\"Organization\",\"@id\":\"https:\\\/\\\/buod.de\\\/#organization\",\"name\":\"BUOD\",\"url\":\"https:\\\/\\\/buod.de\\\/\",\"logo\":{\"@type\":\"ImageObject\",\"inLanguage\":\"de-DE\",\"@id\":\"https:\\\/\\\/buod.de\\\/#\\\/schema\\\/logo\\\/image\\\/\",\"url\":\"https:\\\/\\\/buod.de\\\/wp-content\\\/uploads\\\/2024\\\/03\\\/BUOD-logo.png\",\"contentUrl\":\"https:\\\/\\\/buod.de\\\/wp-content\\\/uploads\\\/2024\\\/03\\\/BUOD-logo.png\",\"width\":586,\"height\":490,\"caption\":\"BUOD\"},\"image\":{\"@id\":\"https:\\\/\\\/buod.de\\\/#\\\/schema\\\/logo\\\/image\\\/\"},\"sameAs\":[\"https:\\\/\\\/www.facebook.com\\\/profile.php?id=100082185652397\"]}]}<\/script>\n<!-- \/ Yoast SEO plugin. -->","yoast_head_json":{"title":"Szent-Gy\u00f6rgyi Albert - BUOD","robots":{"index":"index","follow":"follow","max-snippet":"max-snippet:-1","max-image-preview":"max-image-preview:large","max-video-preview":"max-video-preview:-1"},"canonical":"https:\/\/buod.de\/de\/buod-naptar-2025\/szent-gyorgyi-albert\/","og_locale":"de_DE","og_type":"article","og_title":"Szent-Gy\u00f6rgyi Albert - BUOD","og_description":"Szent-Gy\u00f6rgyi Albert (1893-1986) Fiziol\u00f3giai \u00e9s orvostudom\u00e1nyi Nobel-d\u00edj a biol\u00f3giai \u00e9g\u00e9sfolyamatok, k\u00fcl\u00f6n\u00f6sk\u00e9ppen a C-vitamin&nbsp;\u00e9s a fum\u00e1rsavkatal\u00edzis szerep\u00e9nek ter\u00e9n tett felfedez\u00e9sei\u00e9rt, 1937 Szent-Gy\u00f6rgyi Albert a C-vitamin felfedez\u0151je. Kutat\u00e1sai r\u00e9v\u00e9n alapvet\u0151en j\u00e1rult hozz\u00e1 a biok\u00e9mia fejl\u0151d\u00e9s\u00e9hez. Munk\u00e1ss\u00e1g\u00e1t a sejtek oxid\u00e1ci\u00f3s folyamataival kapcsolatos felfedez\u00e9sei\u00e9rt ismert\u00e9k el. Felfedez\u00e9se a skorbut elleni k\u00fczdelemben is jelent\u0151s szerepet j\u00e1tszott. Helyreigaz\u00edt\u00e1s a napt\u00e1r sajt\u00f3hib\u00e1ja [&hellip;]","og_url":"https:\/\/buod.de\/de\/buod-naptar-2025\/szent-gyorgyi-albert\/","og_site_name":"BUOD","article_publisher":"https:\/\/www.facebook.com\/profile.php?id=100082185652397","article_modified_time":"2025-08-28T15:43:20+00:00","og_image":[{"width":938,"height":1331,"url":"https:\/\/buod.de\/wp-content\/uploads\/2024\/11\/Screenshot_20241115_131308_Drive.jpg","type":"image\/jpeg"}],"twitter_card":"summary_large_image","twitter_misc":{"Est. reading time":"1 minute"},"schema":{"@context":"https:\/\/schema.org","@graph":[{"@type":"WebPage","@id":"https:\/\/buod.de\/buod-naptar-2025\/szent-gyorgyi-albert\/","url":"https:\/\/buod.de\/buod-naptar-2025\/szent-gyorgyi-albert\/","name":"Szent-Gy\u00f6rgyi Albert - BUOD","isPartOf":{"@id":"https:\/\/buod.de\/#website"},"primaryImageOfPage":{"@id":"https:\/\/buod.de\/buod-naptar-2025\/szent-gyorgyi-albert\/#primaryimage"},"image":{"@id":"https:\/\/buod.de\/buod-naptar-2025\/szent-gyorgyi-albert\/#primaryimage"},"thumbnailUrl":"https:\/\/buod.de\/wp-content\/uploads\/2024\/11\/Screenshot_20241115_131308_Drive-722x1024.jpg","datePublished":"2024-10-20T12:03:54+00:00","dateModified":"2025-08-28T15:43:20+00:00","breadcrumb":{"@id":"https:\/\/buod.de\/buod-naptar-2025\/szent-gyorgyi-albert\/#breadcrumb"},"inLanguage":"de-DE","potentialAction":[{"@type":"ReadAction","target":["https:\/\/buod.de\/buod-naptar-2025\/szent-gyorgyi-albert\/"]}]},{"@type":"ImageObject","inLanguage":"de-DE","@id":"https:\/\/buod.de\/buod-naptar-2025\/szent-gyorgyi-albert\/#primaryimage","url":"https:\/\/buod.de\/wp-content\/uploads\/2024\/11\/Screenshot_20241115_131308_Drive-722x1024.jpg","contentUrl":"https:\/\/buod.de\/wp-content\/uploads\/2024\/11\/Screenshot_20241115_131308_Drive-722x1024.jpg"},{"@type":"BreadcrumbList","@id":"https:\/\/buod.de\/buod-naptar-2025\/szent-gyorgyi-albert\/#breadcrumb","itemListElement":[{"@type":"ListItem","position":1,"name":"Kezd\u0151lap","item":"https:\/\/buod.de\/"},{"@type":"ListItem","position":2,"name":"BUOD napt\u00e1r 2025","item":"https:\/\/buod.de\/buod-naptar-2025\/"},{"@type":"ListItem","position":3,"name":"Szent-Gy\u00f6rgyi Albert"}]},{"@type":"WebSite","@id":"https:\/\/buod.de\/#website","url":"https:\/\/buod.de\/","name":"BUOD","description":"Bund Ungarischer Organisationen in Deutschland","publisher":{"@id":"https:\/\/buod.de\/#organization"},"potentialAction":[{"@type":"SearchAction","target":{"@type":"EntryPoint","urlTemplate":"https:\/\/buod.de\/?s={search_term_string}"},"query-input":{"@type":"PropertyValueSpecification","valueRequired":true,"valueName":"search_term_string"}}],"inLanguage":"de-DE"},{"@type":"Organization","@id":"https:\/\/buod.de\/#organization","name":"BUOD","url":"https:\/\/buod.de\/","logo":{"@type":"ImageObject","inLanguage":"de-DE","@id":"https:\/\/buod.de\/#\/schema\/logo\/image\/","url":"https:\/\/buod.de\/wp-content\/uploads\/2024\/03\/BUOD-logo.png","contentUrl":"https:\/\/buod.de\/wp-content\/uploads\/2024\/03\/BUOD-logo.png","width":586,"height":490,"caption":"BUOD"},"image":{"@id":"https:\/\/buod.de\/#\/schema\/logo\/image\/"},"sameAs":["https:\/\/www.facebook.com\/profile.php?id=100082185652397"]}]}},"_links":{"self":[{"href":"https:\/\/buod.de\/de\/wp-json\/wp\/v2\/pages\/9262","targetHints":{"allow":["GET"]}}],"collection":[{"href":"https:\/\/buod.de\/de\/wp-json\/wp\/v2\/pages"}],"about":[{"href":"https:\/\/buod.de\/de\/wp-json\/wp\/v2\/types\/page"}],"author":[{"embeddable":true,"href":"https:\/\/buod.de\/de\/wp-json\/wp\/v2\/users\/4"}],"replies":[{"embeddable":true,"href":"https:\/\/buod.de\/de\/wp-json\/wp\/v2\/comments?post=9262"}],"version-history":[{"count":10,"href":"https:\/\/buod.de\/de\/wp-json\/wp\/v2\/pages\/9262\/revisions"}],"predecessor-version":[{"id":10591,"href":"https:\/\/buod.de\/de\/wp-json\/wp\/v2\/pages\/9262\/revisions\/10591"}],"up":[{"embeddable":true,"href":"https:\/\/buod.de\/de\/wp-json\/wp\/v2\/pages\/9240"}],"wp:attachment":[{"href":"https:\/\/buod.de\/de\/wp-json\/wp\/v2\/media?parent=9262"}],"curies":[{"name":"wp","href":"https:\/\/api.w.org\/{rel}","templated":true}]}}