{"id":9426,"date":"2024-11-05T18:32:02","date_gmt":"2024-11-05T16:32:02","guid":{"rendered":"https:\/\/buod.de\/?page_id=9426"},"modified":"2025-08-28T19:16:58","modified_gmt":"2025-08-28T17:16:58","slug":"hevesy-gyorgy","status":"publish","type":"page","link":"https:\/\/buod.de\/de\/buod-naptar-2025\/hevesy-gyorgy\/","title":{"rendered":"Hevesy Gy\u00f6rgy"},"content":{"rendered":"<h2 class=\"wp-block-heading\"><strong>Hevesy Gy\u00f6rgy<\/strong> (1885-1966)<\/h2>\n\n\n\n<figure class=\"wp-block-image size-large is-resized\"><img loading=\"lazy\" decoding=\"async\" width=\"732\" height=\"1024\" src=\"https:\/\/buod.de\/wp-content\/uploads\/2024\/11\/Screenshot_20241115_131302_Drive-732x1024.jpg\" alt=\"\" class=\"wp-image-9543\" style=\"width:auto;height:400px\" srcset=\"https:\/\/buod.de\/wp-content\/uploads\/2024\/11\/Screenshot_20241115_131302_Drive-732x1024.jpg 732w, https:\/\/buod.de\/wp-content\/uploads\/2024\/11\/Screenshot_20241115_131302_Drive-214x300.jpg 214w, https:\/\/buod.de\/wp-content\/uploads\/2024\/11\/Screenshot_20241115_131302_Drive-768x1075.jpg 768w, https:\/\/buod.de\/wp-content\/uploads\/2024\/11\/Screenshot_20241115_131302_Drive-9x12.jpg 9w, https:\/\/buod.de\/wp-content\/uploads\/2024\/11\/Screenshot_20241115_131302_Drive.jpg 944w\" sizes=\"auto, (max-width: 732px) 100vw, 732px\" \/><\/figure>\n\n\n\n<p>K\u00e9miai Nobel-d\u00edj az&nbsp;izot\u00f3pok&nbsp;nyomjelz\u0151k\u00e9nt t\u00f6rt\u00e9n\u0151 alkalmaz\u00e1s\u00e1\u00e9rt a k\u00e9miai folyamatok vizsg\u00e1lat\u00e1ban, 1943<\/p>\n\n\n\n<p>Hevesy Gy\u00f6rgy a radioakt\u00edv nyomjelz\u00e9s technik\u00e1j\u00e1nak kidolgoz\u00f3ja, amely forradalmas\u00edtotta az orvostudom\u00e1nyt \u00e9s a biol\u00f3giai kutat\u00e1sokat. M\u00f3dszer\u00e9nek seg\u00edts\u00e9g\u00e9vel a tud\u00f3sok pontosan nyomon tudt\u00e1k k\u00f6vetni a k\u00fcl\u00f6nf\u00e9le anyagok \u00fatj\u00e1t az \u00e9l\u0151 szervezetekben. Felfedez\u00e9sei nagy hat\u00e1ssal voltak a modern orvosi diagnosztik\u00e1ra, \u00e9s a nyomelemek szerep\u00e9nek meg\u00e9rt\u00e9s\u00e9re.<\/p>\n\n\n\n<figure class=\"wp-block-image size-full is-resized\"><img loading=\"lazy\" decoding=\"async\" width=\"501\" height=\"498\" src=\"https:\/\/buod.de\/wp-content\/uploads\/2024\/11\/Kemiai-removebg-preview.png\" alt=\"\" class=\"wp-image-9571\" style=\"width:auto;height:200px\" srcset=\"https:\/\/buod.de\/wp-content\/uploads\/2024\/11\/Kemiai-removebg-preview.png 501w, https:\/\/buod.de\/wp-content\/uploads\/2024\/11\/Kemiai-removebg-preview-300x298.png 300w, https:\/\/buod.de\/wp-content\/uploads\/2024\/11\/Kemiai-removebg-preview-150x150.png 150w, https:\/\/buod.de\/wp-content\/uploads\/2024\/11\/Kemiai-removebg-preview-12x12.png 12w\" sizes=\"auto, (max-width: 501px) 100vw, 501px\" \/><\/figure>\n\n\n\n<h2 class=\"wp-block-heading\"><strong>Deutsch:<\/strong><\/h2>\n\n\n\n<p>Nobelpreis f\u00fcr Chemie, 1943<\/p>\n\n\n\n<p>Georg von Hevesy entwickelte die Technik der radioaktiven Markierung, die die Medizin und die biologische Forschung revolutionierte. Mit dieser Methode konnten Wissenschaftler den Weg verschiedener Stoffe in lebenden Organismen pr\u00e4zise verfolgen. Seine Entdeckungen hatten gro\u00dfen Einfluss auf die moderne medizinische Diagnostik und das<br>Verst\u00e4ndnis der Rolle von Spurenelementen.<\/p>\n\n\n\n<figure class=\"wp-block-image size-full is-resized\"><img loading=\"lazy\" decoding=\"async\" width=\"564\" height=\"442\" src=\"https:\/\/buod.de\/wp-content\/uploads\/2024\/11\/Lechner_odon_minta.png\" alt=\"\" class=\"wp-image-9502\" style=\"width:auto;height:200px\" srcset=\"https:\/\/buod.de\/wp-content\/uploads\/2024\/11\/Lechner_odon_minta.png 564w, https:\/\/buod.de\/wp-content\/uploads\/2024\/11\/Lechner_odon_minta-300x235.png 300w, https:\/\/buod.de\/wp-content\/uploads\/2024\/11\/Lechner_odon_minta-15x12.png 15w\" sizes=\"auto, (max-width: 564px) 100vw, 564px\" \/><\/figure>\n\n\n\n<h2 class=\"wp-block-heading\"><strong>A BUOD 2025-\u00f6s falinapt\u00e1rj\u00e1ban szerepl\u0151 tov\u00e1bbi Nobel-d\u00edjasok:<\/strong><\/h2>\n\n\n\n<figure class=\"wp-block-embed is-type-wp-embed is-provider-buod wp-block-embed-buod\"><div class=\"wp-block-embed__wrapper\">\n<blockquote class=\"wp-embedded-content\" data-secret=\"Ce6KVhygXH\"><a href=\"https:\/\/buod.de\/de\/buod-naptar-2025\/\">BUOD napt\u00e1r 2025<\/a><\/blockquote><iframe loading=\"lazy\" class=\"wp-embedded-content\" sandbox=\"allow-scripts\" security=\"restricted\" style=\"position: absolute; visibility: hidden;\" title=\"&#8220;BUOD napt\u00e1r 2025&#8221; &#8212; BUOD\" src=\"https:\/\/buod.de\/buod-naptar-2025\/embed\/#?secret=icwhVLSfOt#?secret=Ce6KVhygXH\" data-secret=\"Ce6KVhygXH\" width=\"500\" height=\"282\" frameborder=\"0\" marginwidth=\"0\" marginheight=\"0\" scrolling=\"no\"><\/iframe>\n<\/div><\/figure>\n\n\n\n<h2 class=\"wp-block-heading\"><strong>T\u00e1mogat\u00f3:<\/strong><\/h2>\n\n\n\n<figure class=\"wp-block-image size-large is-resized\"><img loading=\"lazy\" decoding=\"async\" width=\"1024\" height=\"461\" src=\"https:\/\/buod.de\/wp-content\/uploads\/2024\/11\/Screenshot_20241115_131835_Drive-1024x461.jpg\" alt=\"\" class=\"wp-image-9575\" style=\"width:auto;height:200px\" srcset=\"https:\/\/buod.de\/wp-content\/uploads\/2024\/11\/Screenshot_20241115_131835_Drive-1024x461.jpg 1024w, https:\/\/buod.de\/wp-content\/uploads\/2024\/11\/Screenshot_20241115_131835_Drive-300x135.jpg 300w, https:\/\/buod.de\/wp-content\/uploads\/2024\/11\/Screenshot_20241115_131835_Drive-768x346.jpg 768w, https:\/\/buod.de\/wp-content\/uploads\/2024\/11\/Screenshot_20241115_131835_Drive-1536x691.jpg 1536w, https:\/\/buod.de\/wp-content\/uploads\/2024\/11\/Screenshot_20241115_131835_Drive-2048x922.jpg 2048w, https:\/\/buod.de\/wp-content\/uploads\/2024\/11\/Screenshot_20241115_131835_Drive-18x8.jpg 18w\" sizes=\"auto, (max-width: 1024px) 100vw, 1024px\" \/><\/figure>","protected":false},"excerpt":{"rendered":"<p>Hevesy Gy\u00f6rgy (1885-1966) K\u00e9miai Nobel-d\u00edj az&nbsp;izot\u00f3pok&nbsp;nyomjelz\u0151k\u00e9nt t\u00f6rt\u00e9n\u0151 alkalmaz\u00e1s\u00e1\u00e9rt a k\u00e9miai folyamatok vizsg\u00e1lat\u00e1ban, 1943 Hevesy Gy\u00f6rgy a radioakt\u00edv nyomjelz\u00e9s technik\u00e1j\u00e1nak kidolgoz\u00f3ja, amely forradalmas\u00edtotta az orvostudom\u00e1nyt \u00e9s a biol\u00f3giai kutat\u00e1sokat. M\u00f3dszer\u00e9nek seg\u00edts\u00e9g\u00e9vel a tud\u00f3sok pontosan nyomon tudt\u00e1k k\u00f6vetni a k\u00fcl\u00f6nf\u00e9le anyagok \u00fatj\u00e1t az \u00e9l\u0151 szervezetekben. Felfedez\u00e9sei nagy hat\u00e1ssal voltak a modern orvosi diagnosztik\u00e1ra, \u00e9s a nyomelemek szerep\u00e9nek [&hellip;]<\/p>\n","protected":false},"author":4,"featured_media":0,"parent":9240,"menu_order":0,"comment_status":"closed","ping_status":"closed","template":"","meta":{"footnotes":""},"class_list":["post-9426","page","type-page","status-publish","hentry"],"yoast_head":"<!-- This site is optimized with the Yoast SEO plugin v27.4 - https:\/\/yoast.com\/product\/yoast-seo-wordpress\/ -->\n<title>Hevesy Gy\u00f6rgy - BUOD<\/title>\n<meta name=\"robots\" content=\"index, follow, max-snippet:-1, max-image-preview:large, max-video-preview:-1\" \/>\n<link rel=\"canonical\" href=\"https:\/\/buod.de\/de\/buod-naptar-2025\/hevesy-gyorgy\/\" \/>\n<meta property=\"og:locale\" content=\"de_DE\" \/>\n<meta property=\"og:type\" content=\"article\" \/>\n<meta property=\"og:title\" content=\"Hevesy Gy\u00f6rgy - BUOD\" \/>\n<meta property=\"og:description\" content=\"Hevesy Gy\u00f6rgy (1885-1966) K\u00e9miai Nobel-d\u00edj az&nbsp;izot\u00f3pok&nbsp;nyomjelz\u0151k\u00e9nt t\u00f6rt\u00e9n\u0151 alkalmaz\u00e1s\u00e1\u00e9rt a k\u00e9miai folyamatok vizsg\u00e1lat\u00e1ban, 1943 Hevesy Gy\u00f6rgy a radioakt\u00edv nyomjelz\u00e9s technik\u00e1j\u00e1nak kidolgoz\u00f3ja, amely forradalmas\u00edtotta az orvostudom\u00e1nyt \u00e9s a biol\u00f3giai kutat\u00e1sokat. M\u00f3dszer\u00e9nek seg\u00edts\u00e9g\u00e9vel a tud\u00f3sok pontosan nyomon tudt\u00e1k k\u00f6vetni a k\u00fcl\u00f6nf\u00e9le anyagok \u00fatj\u00e1t az \u00e9l\u0151 szervezetekben. Felfedez\u00e9sei nagy hat\u00e1ssal voltak a modern orvosi diagnosztik\u00e1ra, \u00e9s a nyomelemek szerep\u00e9nek [&hellip;]\" \/>\n<meta property=\"og:url\" content=\"https:\/\/buod.de\/de\/buod-naptar-2025\/hevesy-gyorgy\/\" \/>\n<meta property=\"og:site_name\" content=\"BUOD\" \/>\n<meta property=\"article:publisher\" content=\"https:\/\/www.facebook.com\/profile.php?id=100082185652397\" \/>\n<meta property=\"article:modified_time\" content=\"2025-08-28T17:16:58+00:00\" \/>\n<meta property=\"og:image\" content=\"https:\/\/buod.de\/wp-content\/uploads\/2024\/11\/Screenshot_20241115_131302_Drive.jpg\" \/>\n\t<meta property=\"og:image:width\" content=\"944\" \/>\n\t<meta property=\"og:image:height\" content=\"1321\" \/>\n\t<meta property=\"og:image:type\" content=\"image\/jpeg\" \/>\n<meta name=\"twitter:card\" content=\"summary_large_image\" \/>\n<meta name=\"twitter:label1\" content=\"Est. reading time\" \/>\n\t<meta name=\"twitter:data1\" content=\"1 minute\" \/>\n<script type=\"application\/ld+json\" class=\"yoast-schema-graph\">{\"@context\":\"https:\\\/\\\/schema.org\",\"@graph\":[{\"@type\":\"WebPage\",\"@id\":\"https:\\\/\\\/buod.de\\\/buod-naptar-2025\\\/hevesy-gyorgy\\\/\",\"url\":\"https:\\\/\\\/buod.de\\\/buod-naptar-2025\\\/hevesy-gyorgy\\\/\",\"name\":\"Hevesy Gy\u00f6rgy - BUOD\",\"isPartOf\":{\"@id\":\"https:\\\/\\\/buod.de\\\/#website\"},\"primaryImageOfPage\":{\"@id\":\"https:\\\/\\\/buod.de\\\/buod-naptar-2025\\\/hevesy-gyorgy\\\/#primaryimage\"},\"image\":{\"@id\":\"https:\\\/\\\/buod.de\\\/buod-naptar-2025\\\/hevesy-gyorgy\\\/#primaryimage\"},\"thumbnailUrl\":\"https:\\\/\\\/buod.de\\\/wp-content\\\/uploads\\\/2024\\\/11\\\/Screenshot_20241115_131302_Drive-732x1024.jpg\",\"datePublished\":\"2024-11-05T16:32:02+00:00\",\"dateModified\":\"2025-08-28T17:16:58+00:00\",\"breadcrumb\":{\"@id\":\"https:\\\/\\\/buod.de\\\/buod-naptar-2025\\\/hevesy-gyorgy\\\/#breadcrumb\"},\"inLanguage\":\"de-DE\",\"potentialAction\":[{\"@type\":\"ReadAction\",\"target\":[\"https:\\\/\\\/buod.de\\\/buod-naptar-2025\\\/hevesy-gyorgy\\\/\"]}]},{\"@type\":\"ImageObject\",\"inLanguage\":\"de-DE\",\"@id\":\"https:\\\/\\\/buod.de\\\/buod-naptar-2025\\\/hevesy-gyorgy\\\/#primaryimage\",\"url\":\"https:\\\/\\\/buod.de\\\/wp-content\\\/uploads\\\/2024\\\/11\\\/Screenshot_20241115_131302_Drive-732x1024.jpg\",\"contentUrl\":\"https:\\\/\\\/buod.de\\\/wp-content\\\/uploads\\\/2024\\\/11\\\/Screenshot_20241115_131302_Drive-732x1024.jpg\"},{\"@type\":\"BreadcrumbList\",\"@id\":\"https:\\\/\\\/buod.de\\\/buod-naptar-2025\\\/hevesy-gyorgy\\\/#breadcrumb\",\"itemListElement\":[{\"@type\":\"ListItem\",\"position\":1,\"name\":\"Kezd\u0151lap\",\"item\":\"https:\\\/\\\/buod.de\\\/\"},{\"@type\":\"ListItem\",\"position\":2,\"name\":\"BUOD napt\u00e1r 2025\",\"item\":\"https:\\\/\\\/buod.de\\\/buod-naptar-2025\\\/\"},{\"@type\":\"ListItem\",\"position\":3,\"name\":\"Hevesy Gy\u00f6rgy\"}]},{\"@type\":\"WebSite\",\"@id\":\"https:\\\/\\\/buod.de\\\/#website\",\"url\":\"https:\\\/\\\/buod.de\\\/\",\"name\":\"BUOD\",\"description\":\"Bund Ungarischer Organisationen in Deutschland\",\"publisher\":{\"@id\":\"https:\\\/\\\/buod.de\\\/#organization\"},\"potentialAction\":[{\"@type\":\"SearchAction\",\"target\":{\"@type\":\"EntryPoint\",\"urlTemplate\":\"https:\\\/\\\/buod.de\\\/?s={search_term_string}\"},\"query-input\":{\"@type\":\"PropertyValueSpecification\",\"valueRequired\":true,\"valueName\":\"search_term_string\"}}],\"inLanguage\":\"de-DE\"},{\"@type\":\"Organization\",\"@id\":\"https:\\\/\\\/buod.de\\\/#organization\",\"name\":\"BUOD\",\"url\":\"https:\\\/\\\/buod.de\\\/\",\"logo\":{\"@type\":\"ImageObject\",\"inLanguage\":\"de-DE\",\"@id\":\"https:\\\/\\\/buod.de\\\/#\\\/schema\\\/logo\\\/image\\\/\",\"url\":\"https:\\\/\\\/buod.de\\\/wp-content\\\/uploads\\\/2024\\\/03\\\/BUOD-logo.png\",\"contentUrl\":\"https:\\\/\\\/buod.de\\\/wp-content\\\/uploads\\\/2024\\\/03\\\/BUOD-logo.png\",\"width\":586,\"height\":490,\"caption\":\"BUOD\"},\"image\":{\"@id\":\"https:\\\/\\\/buod.de\\\/#\\\/schema\\\/logo\\\/image\\\/\"},\"sameAs\":[\"https:\\\/\\\/www.facebook.com\\\/profile.php?id=100082185652397\"]}]}<\/script>\n<!-- \/ Yoast SEO plugin. -->","yoast_head_json":{"title":"Hevesy Gy\u00f6rgy - BUOD","robots":{"index":"index","follow":"follow","max-snippet":"max-snippet:-1","max-image-preview":"max-image-preview:large","max-video-preview":"max-video-preview:-1"},"canonical":"https:\/\/buod.de\/de\/buod-naptar-2025\/hevesy-gyorgy\/","og_locale":"de_DE","og_type":"article","og_title":"Hevesy Gy\u00f6rgy - BUOD","og_description":"Hevesy Gy\u00f6rgy (1885-1966) K\u00e9miai Nobel-d\u00edj az&nbsp;izot\u00f3pok&nbsp;nyomjelz\u0151k\u00e9nt t\u00f6rt\u00e9n\u0151 alkalmaz\u00e1s\u00e1\u00e9rt a k\u00e9miai folyamatok vizsg\u00e1lat\u00e1ban, 1943 Hevesy Gy\u00f6rgy a radioakt\u00edv nyomjelz\u00e9s technik\u00e1j\u00e1nak kidolgoz\u00f3ja, amely forradalmas\u00edtotta az orvostudom\u00e1nyt \u00e9s a biol\u00f3giai kutat\u00e1sokat. M\u00f3dszer\u00e9nek seg\u00edts\u00e9g\u00e9vel a tud\u00f3sok pontosan nyomon tudt\u00e1k k\u00f6vetni a k\u00fcl\u00f6nf\u00e9le anyagok \u00fatj\u00e1t az \u00e9l\u0151 szervezetekben. Felfedez\u00e9sei nagy hat\u00e1ssal voltak a modern orvosi diagnosztik\u00e1ra, \u00e9s a nyomelemek szerep\u00e9nek [&hellip;]","og_url":"https:\/\/buod.de\/de\/buod-naptar-2025\/hevesy-gyorgy\/","og_site_name":"BUOD","article_publisher":"https:\/\/www.facebook.com\/profile.php?id=100082185652397","article_modified_time":"2025-08-28T17:16:58+00:00","og_image":[{"width":944,"height":1321,"url":"https:\/\/buod.de\/wp-content\/uploads\/2024\/11\/Screenshot_20241115_131302_Drive.jpg","type":"image\/jpeg"}],"twitter_card":"summary_large_image","twitter_misc":{"Est. reading time":"1 minute"},"schema":{"@context":"https:\/\/schema.org","@graph":[{"@type":"WebPage","@id":"https:\/\/buod.de\/buod-naptar-2025\/hevesy-gyorgy\/","url":"https:\/\/buod.de\/buod-naptar-2025\/hevesy-gyorgy\/","name":"Hevesy Gy\u00f6rgy - BUOD","isPartOf":{"@id":"https:\/\/buod.de\/#website"},"primaryImageOfPage":{"@id":"https:\/\/buod.de\/buod-naptar-2025\/hevesy-gyorgy\/#primaryimage"},"image":{"@id":"https:\/\/buod.de\/buod-naptar-2025\/hevesy-gyorgy\/#primaryimage"},"thumbnailUrl":"https:\/\/buod.de\/wp-content\/uploads\/2024\/11\/Screenshot_20241115_131302_Drive-732x1024.jpg","datePublished":"2024-11-05T16:32:02+00:00","dateModified":"2025-08-28T17:16:58+00:00","breadcrumb":{"@id":"https:\/\/buod.de\/buod-naptar-2025\/hevesy-gyorgy\/#breadcrumb"},"inLanguage":"de-DE","potentialAction":[{"@type":"ReadAction","target":["https:\/\/buod.de\/buod-naptar-2025\/hevesy-gyorgy\/"]}]},{"@type":"ImageObject","inLanguage":"de-DE","@id":"https:\/\/buod.de\/buod-naptar-2025\/hevesy-gyorgy\/#primaryimage","url":"https:\/\/buod.de\/wp-content\/uploads\/2024\/11\/Screenshot_20241115_131302_Drive-732x1024.jpg","contentUrl":"https:\/\/buod.de\/wp-content\/uploads\/2024\/11\/Screenshot_20241115_131302_Drive-732x1024.jpg"},{"@type":"BreadcrumbList","@id":"https:\/\/buod.de\/buod-naptar-2025\/hevesy-gyorgy\/#breadcrumb","itemListElement":[{"@type":"ListItem","position":1,"name":"Kezd\u0151lap","item":"https:\/\/buod.de\/"},{"@type":"ListItem","position":2,"name":"BUOD napt\u00e1r 2025","item":"https:\/\/buod.de\/buod-naptar-2025\/"},{"@type":"ListItem","position":3,"name":"Hevesy Gy\u00f6rgy"}]},{"@type":"WebSite","@id":"https:\/\/buod.de\/#website","url":"https:\/\/buod.de\/","name":"BUOD","description":"Bund Ungarischer Organisationen in Deutschland","publisher":{"@id":"https:\/\/buod.de\/#organization"},"potentialAction":[{"@type":"SearchAction","target":{"@type":"EntryPoint","urlTemplate":"https:\/\/buod.de\/?s={search_term_string}"},"query-input":{"@type":"PropertyValueSpecification","valueRequired":true,"valueName":"search_term_string"}}],"inLanguage":"de-DE"},{"@type":"Organization","@id":"https:\/\/buod.de\/#organization","name":"BUOD","url":"https:\/\/buod.de\/","logo":{"@type":"ImageObject","inLanguage":"de-DE","@id":"https:\/\/buod.de\/#\/schema\/logo\/image\/","url":"https:\/\/buod.de\/wp-content\/uploads\/2024\/03\/BUOD-logo.png","contentUrl":"https:\/\/buod.de\/wp-content\/uploads\/2024\/03\/BUOD-logo.png","width":586,"height":490,"caption":"BUOD"},"image":{"@id":"https:\/\/buod.de\/#\/schema\/logo\/image\/"},"sameAs":["https:\/\/www.facebook.com\/profile.php?id=100082185652397"]}]}},"_links":{"self":[{"href":"https:\/\/buod.de\/de\/wp-json\/wp\/v2\/pages\/9426","targetHints":{"allow":["GET"]}}],"collection":[{"href":"https:\/\/buod.de\/de\/wp-json\/wp\/v2\/pages"}],"about":[{"href":"https:\/\/buod.de\/de\/wp-json\/wp\/v2\/types\/page"}],"author":[{"embeddable":true,"href":"https:\/\/buod.de\/de\/wp-json\/wp\/v2\/users\/4"}],"replies":[{"embeddable":true,"href":"https:\/\/buod.de\/de\/wp-json\/wp\/v2\/comments?post=9426"}],"version-history":[{"count":5,"href":"https:\/\/buod.de\/de\/wp-json\/wp\/v2\/pages\/9426\/revisions"}],"predecessor-version":[{"id":10645,"href":"https:\/\/buod.de\/de\/wp-json\/wp\/v2\/pages\/9426\/revisions\/10645"}],"up":[{"embeddable":true,"href":"https:\/\/buod.de\/de\/wp-json\/wp\/v2\/pages\/9240"}],"wp:attachment":[{"href":"https:\/\/buod.de\/de\/wp-json\/wp\/v2\/media?parent=9426"}],"curies":[{"name":"wp","href":"https:\/\/api.w.org\/{rel}","templated":true}]}}