{"id":9509,"date":"2024-11-18T13:04:34","date_gmt":"2024-11-18T11:04:34","guid":{"rendered":"https:\/\/buod.de\/?page_id=9509"},"modified":"2025-09-23T16:44:15","modified_gmt":"2025-09-23T14:44:15","slug":"gabor-denes","status":"publish","type":"page","link":"https:\/\/buod.de\/de\/buod-naptar-2025\/gabor-denes\/","title":{"rendered":"G\u00e1bor D\u00e9nes"},"content":{"rendered":"<h2 class=\"wp-block-heading\"><strong>G\u00e1bor D\u00e9nes (1900-1979)<\/strong><\/h2>\n\n\n\n<h2 class=\"wp-block-heading\">(Dennis Gabor)<\/h2>\n\n\n\n<figure class=\"wp-block-image size-large is-resized is-style-default\"><img loading=\"lazy\" decoding=\"async\" width=\"836\" height=\"1024\" src=\"https:\/\/buod.de\/wp-content\/uploads\/2024\/11\/gabor_denes_buod_naptar_2025-836x1024.jpg\" alt=\"\" class=\"wp-image-9480\" style=\"width:200px\" srcset=\"https:\/\/buod.de\/wp-content\/uploads\/2024\/11\/gabor_denes_buod_naptar_2025-836x1024.jpg 836w, https:\/\/buod.de\/wp-content\/uploads\/2024\/11\/gabor_denes_buod_naptar_2025-245x300.jpg 245w, https:\/\/buod.de\/wp-content\/uploads\/2024\/11\/gabor_denes_buod_naptar_2025-768x940.jpg 768w, https:\/\/buod.de\/wp-content\/uploads\/2024\/11\/gabor_denes_buod_naptar_2025-10x12.jpg 10w, https:\/\/buod.de\/wp-content\/uploads\/2024\/11\/gabor_denes_buod_naptar_2025.jpg 891w\" sizes=\"auto, (max-width: 836px) 100vw, 836px\" \/><figcaption class=\"wp-element-caption\">G\u00e1bor D\u00e9nes (Dennis Gabor)<\/figcaption><\/figure>\n\n\n\n<p>Fizikai Nobel-d\u00edj a&nbsp;hologr\u00e1fia&nbsp;m\u00f3dszer\u00e9nek kifejleszt\u00e9s\u00e9\u00e9rt, 1971<\/p>\n\n\n\n<p>G\u00e1bor D\u00e9nes a hologr\u00e1fia feltal\u00e1l\u00f3ja, amely technol\u00f3gia forradalmas\u00edtotta a k\u00e9palkot\u00e1st. Tal\u00e1lm\u00e1nya \u00faj t\u00e1vlatokat nyitott az optikai \u00e9s kvantumelektronikai kutat\u00e1sok ter\u00e9n. Felfedez\u00e9se a h\u00e1romdimenzi\u00f3s k\u00e9pek l\u00e9trehoz\u00e1s\u00e1nak alapj\u00e1ul szolg\u00e1lt.<\/p>\n\n\n\n<h2 class=\"wp-block-heading\">Helyreigaz\u00edt\u00e1s a napt\u00e1r sajt\u00f3hib\u00e1ja miatt<\/h2>\n\n\n\n<p>A napt\u00e1r jav\u00edtott v\u00e1ltozata let\u00f6lthet\u0151 az al\u00e1bbi linkre kattintva:<\/p>\n\n\n\n<div data-wp-interactive=\"core\/file\" class=\"wp-block-file\"><object data-wp-bind--hidden=\"!state.hasPdfPreview\" hidden class=\"wp-block-file__embed\" data=\"https:\/\/buod.de\/wp-content\/uploads\/2025\/08\/BUOD_naptar_2025_08_korrekcio.pdf\" type=\"application\/pdf\" style=\"width:100%;height:600px\" aria-label=\"Embed of BUOD_naptar_2025_08_korrekcio.\"><\/object><a id=\"wp-block-file--media-aad08c13-3255-4d3d-b0c9-70708600b72e\" href=\"https:\/\/buod.de\/wp-content\/uploads\/2025\/08\/BUOD_naptar_2025_08_korrekcio.pdf\">BUOD_naptar_2025_08_korrekcio<\/a><a href=\"https:\/\/buod.de\/wp-content\/uploads\/2025\/08\/BUOD_naptar_2025_08_korrekcio.pdf\" class=\"wp-block-file__button wp-element-button\" download aria-describedby=\"wp-block-file--media-aad08c13-3255-4d3d-b0c9-70708600b72e\">Herunterladen<\/a><\/div>\n\n\n\n<p>F\u00fcr den deutschsprachigen Text scrollen Sie Bitte nach unten.<\/p>\n\n\n\n<figure class=\"wp-block-image size-medium is-resized\"><img loading=\"lazy\" decoding=\"async\" width=\"300\" height=\"300\" src=\"https:\/\/buod.de\/wp-content\/uploads\/2024\/11\/fizikai_nobel_dij_medal-300x300.png\" alt=\"\" class=\"wp-image-9492\" style=\"width:200px\" srcset=\"https:\/\/buod.de\/wp-content\/uploads\/2024\/11\/fizikai_nobel_dij_medal-300x300.png 300w, https:\/\/buod.de\/wp-content\/uploads\/2024\/11\/fizikai_nobel_dij_medal-150x150.png 150w, https:\/\/buod.de\/wp-content\/uploads\/2024\/11\/fizikai_nobel_dij_medal-12x12.png 12w, https:\/\/buod.de\/wp-content\/uploads\/2024\/11\/fizikai_nobel_dij_medal.png 500w\" sizes=\"auto, (max-width: 300px) 100vw, 300px\" \/><figcaption class=\"wp-element-caption\">A Fizikai Nobel-d\u00edj med\u00e1lj\u00e1nak h\u00e1toldala<\/figcaption><\/figure>\n\n\n\n<h2 class=\"wp-block-heading\"><strong>Deutsch<\/strong><\/h2>\n\n\n\n<p>Nobelpreis f\u00fcr Physik, 1971<\/p>\n\n\n\n<p>Dennis Gabor war der Erfinder der Holographie, einer Technologie, die die Bildgebung revolutionierte. Seine Erfindung er\u00f6ffnete neue Horizonte in der optischen und quantenelektronischen Forschung. Seine Entdeckung bildete die Grundlage f\u00fcr die Erzeugung von dreidimensionalen Bildern.<\/p>\n\n\n\n<h2 class=\"wp-block-heading\"><strong>A BUOD 2025-\u00f6s falinapt\u00e1rj\u00e1ban szerepl\u0151 tov\u00e1bbi Nobel-d\u00edjasok:<\/strong><\/h2>\n\n\n\n<figure class=\"wp-block-embed is-type-wp-embed is-provider-buod wp-block-embed-buod\"><div class=\"wp-block-embed__wrapper\">\n<blockquote class=\"wp-embedded-content\" data-secret=\"SPNVBeaWDu\"><a href=\"https:\/\/buod.de\/de\/buod-naptar-2025\/\">BUOD napt\u00e1r 2025<\/a><\/blockquote><iframe loading=\"lazy\" class=\"wp-embedded-content\" sandbox=\"allow-scripts\" security=\"restricted\" style=\"position: absolute; visibility: hidden;\" title=\"&#8220;BUOD napt\u00e1r 2025&#8221; &#8212; BUOD\" src=\"https:\/\/buod.de\/buod-naptar-2025\/embed\/#?secret=nGfnLf1Ils#?secret=SPNVBeaWDu\" data-secret=\"SPNVBeaWDu\" width=\"500\" height=\"282\" frameborder=\"0\" marginwidth=\"0\" marginheight=\"0\" scrolling=\"no\"><\/iframe>\n<\/div><\/figure>\n\n\n\n<p><\/p>","protected":false},"excerpt":{"rendered":"<p>G\u00e1bor D\u00e9nes (1900-1979) (Dennis Gabor) Fizikai Nobel-d\u00edj a&nbsp;hologr\u00e1fia&nbsp;m\u00f3dszer\u00e9nek kifejleszt\u00e9s\u00e9\u00e9rt, 1971 G\u00e1bor D\u00e9nes a hologr\u00e1fia feltal\u00e1l\u00f3ja, amely technol\u00f3gia forradalmas\u00edtotta a k\u00e9palkot\u00e1st. Tal\u00e1lm\u00e1nya \u00faj t\u00e1vlatokat nyitott az optikai \u00e9s kvantumelektronikai kutat\u00e1sok ter\u00e9n. Felfedez\u00e9se a h\u00e1romdimenzi\u00f3s k\u00e9pek l\u00e9trehoz\u00e1s\u00e1nak alapj\u00e1ul szolg\u00e1lt. Helyreigaz\u00edt\u00e1s a napt\u00e1r sajt\u00f3hib\u00e1ja miatt A napt\u00e1r jav\u00edtott v\u00e1ltozata let\u00f6lthet\u0151 az al\u00e1bbi linkre kattintva: F\u00fcr den deutschsprachigen Text [&hellip;]<\/p>\n","protected":false},"author":4,"featured_media":0,"parent":9240,"menu_order":0,"comment_status":"closed","ping_status":"closed","template":"","meta":{"footnotes":""},"class_list":["post-9509","page","type-page","status-publish","hentry"],"yoast_head":"<!-- This site is optimized with the Yoast SEO plugin v27.4 - https:\/\/yoast.com\/product\/yoast-seo-wordpress\/ -->\n<title>G\u00e1bor D\u00e9nes - BUOD<\/title>\n<meta name=\"robots\" content=\"index, follow, max-snippet:-1, max-image-preview:large, max-video-preview:-1\" \/>\n<link rel=\"canonical\" href=\"https:\/\/buod.de\/de\/buod-naptar-2025\/gabor-denes\/\" \/>\n<meta property=\"og:locale\" content=\"de_DE\" \/>\n<meta property=\"og:type\" content=\"article\" \/>\n<meta property=\"og:title\" content=\"G\u00e1bor D\u00e9nes - BUOD\" \/>\n<meta property=\"og:description\" content=\"G\u00e1bor D\u00e9nes (1900-1979) (Dennis Gabor) Fizikai Nobel-d\u00edj a&nbsp;hologr\u00e1fia&nbsp;m\u00f3dszer\u00e9nek kifejleszt\u00e9s\u00e9\u00e9rt, 1971 G\u00e1bor D\u00e9nes a hologr\u00e1fia feltal\u00e1l\u00f3ja, amely technol\u00f3gia forradalmas\u00edtotta a k\u00e9palkot\u00e1st. Tal\u00e1lm\u00e1nya \u00faj t\u00e1vlatokat nyitott az optikai \u00e9s kvantumelektronikai kutat\u00e1sok ter\u00e9n. Felfedez\u00e9se a h\u00e1romdimenzi\u00f3s k\u00e9pek l\u00e9trehoz\u00e1s\u00e1nak alapj\u00e1ul szolg\u00e1lt. Helyreigaz\u00edt\u00e1s a napt\u00e1r sajt\u00f3hib\u00e1ja miatt A napt\u00e1r jav\u00edtott v\u00e1ltozata let\u00f6lthet\u0151 az al\u00e1bbi linkre kattintva: F\u00fcr den deutschsprachigen Text [&hellip;]\" \/>\n<meta property=\"og:url\" content=\"https:\/\/buod.de\/de\/buod-naptar-2025\/gabor-denes\/\" \/>\n<meta property=\"og:site_name\" content=\"BUOD\" \/>\n<meta property=\"article:publisher\" content=\"https:\/\/www.facebook.com\/profile.php?id=100082185652397\" \/>\n<meta property=\"article:modified_time\" content=\"2025-09-23T14:44:15+00:00\" \/>\n<meta property=\"og:image\" content=\"https:\/\/buod.de\/wp-content\/uploads\/2024\/11\/gabor_denes_buod_naptar_2025.jpg\" \/>\n\t<meta property=\"og:image:width\" content=\"891\" \/>\n\t<meta property=\"og:image:height\" content=\"1091\" \/>\n\t<meta property=\"og:image:type\" content=\"image\/jpeg\" \/>\n<meta name=\"twitter:card\" content=\"summary_large_image\" \/>\n<meta name=\"twitter:label1\" content=\"Est. reading time\" \/>\n\t<meta name=\"twitter:data1\" content=\"1 minute\" \/>\n<script type=\"application\/ld+json\" class=\"yoast-schema-graph\">{\"@context\":\"https:\\\/\\\/schema.org\",\"@graph\":[{\"@type\":\"WebPage\",\"@id\":\"https:\\\/\\\/buod.de\\\/buod-naptar-2025\\\/gabor-denes\\\/\",\"url\":\"https:\\\/\\\/buod.de\\\/buod-naptar-2025\\\/gabor-denes\\\/\",\"name\":\"G\u00e1bor D\u00e9nes - BUOD\",\"isPartOf\":{\"@id\":\"https:\\\/\\\/buod.de\\\/#website\"},\"primaryImageOfPage\":{\"@id\":\"https:\\\/\\\/buod.de\\\/buod-naptar-2025\\\/gabor-denes\\\/#primaryimage\"},\"image\":{\"@id\":\"https:\\\/\\\/buod.de\\\/buod-naptar-2025\\\/gabor-denes\\\/#primaryimage\"},\"thumbnailUrl\":\"https:\\\/\\\/buod.de\\\/wp-content\\\/uploads\\\/2024\\\/11\\\/gabor_denes_buod_naptar_2025-836x1024.jpg\",\"datePublished\":\"2024-11-18T11:04:34+00:00\",\"dateModified\":\"2025-09-23T14:44:15+00:00\",\"breadcrumb\":{\"@id\":\"https:\\\/\\\/buod.de\\\/buod-naptar-2025\\\/gabor-denes\\\/#breadcrumb\"},\"inLanguage\":\"de-DE\",\"potentialAction\":[{\"@type\":\"ReadAction\",\"target\":[\"https:\\\/\\\/buod.de\\\/buod-naptar-2025\\\/gabor-denes\\\/\"]}]},{\"@type\":\"ImageObject\",\"inLanguage\":\"de-DE\",\"@id\":\"https:\\\/\\\/buod.de\\\/buod-naptar-2025\\\/gabor-denes\\\/#primaryimage\",\"url\":\"https:\\\/\\\/buod.de\\\/wp-content\\\/uploads\\\/2024\\\/11\\\/gabor_denes_buod_naptar_2025-836x1024.jpg\",\"contentUrl\":\"https:\\\/\\\/buod.de\\\/wp-content\\\/uploads\\\/2024\\\/11\\\/gabor_denes_buod_naptar_2025-836x1024.jpg\"},{\"@type\":\"BreadcrumbList\",\"@id\":\"https:\\\/\\\/buod.de\\\/buod-naptar-2025\\\/gabor-denes\\\/#breadcrumb\",\"itemListElement\":[{\"@type\":\"ListItem\",\"position\":1,\"name\":\"Kezd\u0151lap\",\"item\":\"https:\\\/\\\/buod.de\\\/\"},{\"@type\":\"ListItem\",\"position\":2,\"name\":\"BUOD napt\u00e1r 2025\",\"item\":\"https:\\\/\\\/buod.de\\\/buod-naptar-2025\\\/\"},{\"@type\":\"ListItem\",\"position\":3,\"name\":\"G\u00e1bor D\u00e9nes\"}]},{\"@type\":\"WebSite\",\"@id\":\"https:\\\/\\\/buod.de\\\/#website\",\"url\":\"https:\\\/\\\/buod.de\\\/\",\"name\":\"BUOD\",\"description\":\"Bund Ungarischer Organisationen in Deutschland\",\"publisher\":{\"@id\":\"https:\\\/\\\/buod.de\\\/#organization\"},\"potentialAction\":[{\"@type\":\"SearchAction\",\"target\":{\"@type\":\"EntryPoint\",\"urlTemplate\":\"https:\\\/\\\/buod.de\\\/?s={search_term_string}\"},\"query-input\":{\"@type\":\"PropertyValueSpecification\",\"valueRequired\":true,\"valueName\":\"search_term_string\"}}],\"inLanguage\":\"de-DE\"},{\"@type\":\"Organization\",\"@id\":\"https:\\\/\\\/buod.de\\\/#organization\",\"name\":\"BUOD\",\"url\":\"https:\\\/\\\/buod.de\\\/\",\"logo\":{\"@type\":\"ImageObject\",\"inLanguage\":\"de-DE\",\"@id\":\"https:\\\/\\\/buod.de\\\/#\\\/schema\\\/logo\\\/image\\\/\",\"url\":\"https:\\\/\\\/buod.de\\\/wp-content\\\/uploads\\\/2024\\\/03\\\/BUOD-logo.png\",\"contentUrl\":\"https:\\\/\\\/buod.de\\\/wp-content\\\/uploads\\\/2024\\\/03\\\/BUOD-logo.png\",\"width\":586,\"height\":490,\"caption\":\"BUOD\"},\"image\":{\"@id\":\"https:\\\/\\\/buod.de\\\/#\\\/schema\\\/logo\\\/image\\\/\"},\"sameAs\":[\"https:\\\/\\\/www.facebook.com\\\/profile.php?id=100082185652397\"]}]}<\/script>\n<!-- \/ Yoast SEO plugin. -->","yoast_head_json":{"title":"G\u00e1bor D\u00e9nes - BUOD","robots":{"index":"index","follow":"follow","max-snippet":"max-snippet:-1","max-image-preview":"max-image-preview:large","max-video-preview":"max-video-preview:-1"},"canonical":"https:\/\/buod.de\/de\/buod-naptar-2025\/gabor-denes\/","og_locale":"de_DE","og_type":"article","og_title":"G\u00e1bor D\u00e9nes - BUOD","og_description":"G\u00e1bor D\u00e9nes (1900-1979) (Dennis Gabor) Fizikai Nobel-d\u00edj a&nbsp;hologr\u00e1fia&nbsp;m\u00f3dszer\u00e9nek kifejleszt\u00e9s\u00e9\u00e9rt, 1971 G\u00e1bor D\u00e9nes a hologr\u00e1fia feltal\u00e1l\u00f3ja, amely technol\u00f3gia forradalmas\u00edtotta a k\u00e9palkot\u00e1st. Tal\u00e1lm\u00e1nya \u00faj t\u00e1vlatokat nyitott az optikai \u00e9s kvantumelektronikai kutat\u00e1sok ter\u00e9n. Felfedez\u00e9se a h\u00e1romdimenzi\u00f3s k\u00e9pek l\u00e9trehoz\u00e1s\u00e1nak alapj\u00e1ul szolg\u00e1lt. Helyreigaz\u00edt\u00e1s a napt\u00e1r sajt\u00f3hib\u00e1ja miatt A napt\u00e1r jav\u00edtott v\u00e1ltozata let\u00f6lthet\u0151 az al\u00e1bbi linkre kattintva: F\u00fcr den deutschsprachigen Text [&hellip;]","og_url":"https:\/\/buod.de\/de\/buod-naptar-2025\/gabor-denes\/","og_site_name":"BUOD","article_publisher":"https:\/\/www.facebook.com\/profile.php?id=100082185652397","article_modified_time":"2025-09-23T14:44:15+00:00","og_image":[{"width":891,"height":1091,"url":"https:\/\/buod.de\/wp-content\/uploads\/2024\/11\/gabor_denes_buod_naptar_2025.jpg","type":"image\/jpeg"}],"twitter_card":"summary_large_image","twitter_misc":{"Est. reading time":"1 minute"},"schema":{"@context":"https:\/\/schema.org","@graph":[{"@type":"WebPage","@id":"https:\/\/buod.de\/buod-naptar-2025\/gabor-denes\/","url":"https:\/\/buod.de\/buod-naptar-2025\/gabor-denes\/","name":"G\u00e1bor D\u00e9nes - BUOD","isPartOf":{"@id":"https:\/\/buod.de\/#website"},"primaryImageOfPage":{"@id":"https:\/\/buod.de\/buod-naptar-2025\/gabor-denes\/#primaryimage"},"image":{"@id":"https:\/\/buod.de\/buod-naptar-2025\/gabor-denes\/#primaryimage"},"thumbnailUrl":"https:\/\/buod.de\/wp-content\/uploads\/2024\/11\/gabor_denes_buod_naptar_2025-836x1024.jpg","datePublished":"2024-11-18T11:04:34+00:00","dateModified":"2025-09-23T14:44:15+00:00","breadcrumb":{"@id":"https:\/\/buod.de\/buod-naptar-2025\/gabor-denes\/#breadcrumb"},"inLanguage":"de-DE","potentialAction":[{"@type":"ReadAction","target":["https:\/\/buod.de\/buod-naptar-2025\/gabor-denes\/"]}]},{"@type":"ImageObject","inLanguage":"de-DE","@id":"https:\/\/buod.de\/buod-naptar-2025\/gabor-denes\/#primaryimage","url":"https:\/\/buod.de\/wp-content\/uploads\/2024\/11\/gabor_denes_buod_naptar_2025-836x1024.jpg","contentUrl":"https:\/\/buod.de\/wp-content\/uploads\/2024\/11\/gabor_denes_buod_naptar_2025-836x1024.jpg"},{"@type":"BreadcrumbList","@id":"https:\/\/buod.de\/buod-naptar-2025\/gabor-denes\/#breadcrumb","itemListElement":[{"@type":"ListItem","position":1,"name":"Kezd\u0151lap","item":"https:\/\/buod.de\/"},{"@type":"ListItem","position":2,"name":"BUOD napt\u00e1r 2025","item":"https:\/\/buod.de\/buod-naptar-2025\/"},{"@type":"ListItem","position":3,"name":"G\u00e1bor D\u00e9nes"}]},{"@type":"WebSite","@id":"https:\/\/buod.de\/#website","url":"https:\/\/buod.de\/","name":"BUOD","description":"Bund Ungarischer Organisationen in Deutschland","publisher":{"@id":"https:\/\/buod.de\/#organization"},"potentialAction":[{"@type":"SearchAction","target":{"@type":"EntryPoint","urlTemplate":"https:\/\/buod.de\/?s={search_term_string}"},"query-input":{"@type":"PropertyValueSpecification","valueRequired":true,"valueName":"search_term_string"}}],"inLanguage":"de-DE"},{"@type":"Organization","@id":"https:\/\/buod.de\/#organization","name":"BUOD","url":"https:\/\/buod.de\/","logo":{"@type":"ImageObject","inLanguage":"de-DE","@id":"https:\/\/buod.de\/#\/schema\/logo\/image\/","url":"https:\/\/buod.de\/wp-content\/uploads\/2024\/03\/BUOD-logo.png","contentUrl":"https:\/\/buod.de\/wp-content\/uploads\/2024\/03\/BUOD-logo.png","width":586,"height":490,"caption":"BUOD"},"image":{"@id":"https:\/\/buod.de\/#\/schema\/logo\/image\/"},"sameAs":["https:\/\/www.facebook.com\/profile.php?id=100082185652397"]}]}},"_links":{"self":[{"href":"https:\/\/buod.de\/de\/wp-json\/wp\/v2\/pages\/9509","targetHints":{"allow":["GET"]}}],"collection":[{"href":"https:\/\/buod.de\/de\/wp-json\/wp\/v2\/pages"}],"about":[{"href":"https:\/\/buod.de\/de\/wp-json\/wp\/v2\/types\/page"}],"author":[{"embeddable":true,"href":"https:\/\/buod.de\/de\/wp-json\/wp\/v2\/users\/4"}],"replies":[{"embeddable":true,"href":"https:\/\/buod.de\/de\/wp-json\/wp\/v2\/comments?post=9509"}],"version-history":[{"count":8,"href":"https:\/\/buod.de\/de\/wp-json\/wp\/v2\/pages\/9509\/revisions"}],"predecessor-version":[{"id":11204,"href":"https:\/\/buod.de\/de\/wp-json\/wp\/v2\/pages\/9509\/revisions\/11204"}],"up":[{"embeddable":true,"href":"https:\/\/buod.de\/de\/wp-json\/wp\/v2\/pages\/9240"}],"wp:attachment":[{"href":"https:\/\/buod.de\/de\/wp-json\/wp\/v2\/media?parent=9509"}],"curies":[{"name":"wp","href":"https:\/\/api.w.org\/{rel}","templated":true}]}}